{"id":5887,"date":"2026-04-22T15:58:23","date_gmt":"2026-04-22T07:58:23","guid":{"rendered":"https:\/\/txjpcba.com\/?page_id=5887"},"modified":"2026-04-22T16:32:41","modified_gmt":"2026-04-22T08:32:41","slug":"halojensiz-pcb","status":"publish","type":"page","link":"https:\/\/txjpcba.com\/tr\/halojensiz-pcb\/","title":{"rendered":"Halojensiz PCB \u00dcretimi | \u00c7evre Dostu ve RoHS Uyumlu \u00c7\u00f6z\u00fcmler"},"content":{"rendered":"<div data-elementor-type=\"wp-page\" data-elementor-id=\"5887\" class=\"elementor elementor-5887\" data-elementor-post-type=\"page\">\n\t\t\t\t<div class=\"elementor-element elementor-element-24d0b2e1 e-con-full e-flex e-con e-parent\" data-id=\"24d0b2e1\" data-element_type=\"container\" data-settings=\"{&quot;background_background&quot;:&quot;classic&quot;}\">\n\t\t\t\t<\/div>\n\t\t<div class=\"elementor-element elementor-element-596061a8 e-flex e-con-boxed e-con e-parent\" data-id=\"596061a8\" data-element_type=\"container\">\n\t\t\t\t\t<div class=\"e-con-inner\">\n\t\t\t\t<div class=\"elementor-element elementor-element-7a25b2bc elementor-widget elementor-widget-text-editor\" data-id=\"7a25b2bc\" data-element_type=\"widget\" data-widget_type=\"text-editor.default\">\n\t\t\t\t<div class=\"elementor-widget-container\">\n\t\t\t\t\t\t\t\t\t<h2>Halojensiz PCB \u00dcretimi<\/h2><p class=\"ds-markdown-paragraph\">\u00c7evresel sorumlulu\u011fa ve mevzuata uygunlu\u011fa \u00f6ncelik veren elektronik \u00fcreticileri i\u00e7in,\u00a0<strong>Halojensiz PCB'ler<\/strong>\u00a0kritik bir \u00f6zellik haline gelmi\u015ftir. Bu kartlar halojenli bile\u015fikler (klor, brom, flor, iyot ve astatin) olmadan \u00fcretilir ve performanstan \u00f6d\u00fcn vermeden geleneksel PCB malzemelerine daha g\u00fcvenli bir alternatif sunar.<\/p><p align=\"center\"><a href=\"\/tr\/pcb-uretim-teklifi-alin\/\"><button style=\"background: black; color: white; padding: 10px 20px; border: none; cursor: pointer;\">PCB \u00dcretim Teklifi Al\u0131n<\/button><\/a><\/p><h4>Halojensiz Olmak Neden \u00d6nemlidir? Uyumlulu\u011fun \u00d6tesinde<\/h4><p class=\"ds-markdown-paragraph\">Geleneksel PCB'ler halojenli alev geciktiriciler i\u00e7erebilirken, bu malzemeler kullan\u0131m \u00f6mr\u00fc sonunda bertaraf edilirken \u00e7evre ve sa\u011fl\u0131k riskleri olu\u015fturmaktad\u0131r. Yak\u0131ld\u0131klar\u0131nda, halojenli malzemeler a\u015fa\u011f\u0131dakileri a\u00e7\u0131\u011fa \u00e7\u0131karabilir\u00a0<strong>dioksi\u0307nler<\/strong>\u00a0ve di\u011fer zehirli yan \u00fcr\u00fcnler - EPA'n\u0131n bilinen en tehlikeli kimyasallar aras\u0131nda s\u0131n\u0131fland\u0131rd\u0131\u011f\u0131 maddeler.<\/p><p class=\"ds-markdown-paragraph\"><strong>Halojen i\u00e7ermeyen PCB'lere ge\u00e7i\u015fin temel faydalar\u0131 \u015funlard\u0131r:<\/strong><\/p><ul><li><p class=\"ds-markdown-paragraph\"><strong>Azalt\u0131lm\u0131\u015f \u00c7evresel Etki:<\/strong>\u00a0Toksik gaz \u00e7\u0131k\u0131\u015f\u0131 olmadan daha temiz bertaraf ve geri d\u00f6n\u00fc\u015f\u00fcm s\u00fcre\u00e7leri.<\/p><\/li><li><p class=\"ds-markdown-paragraph\"><strong>Geli\u015ftirilmi\u015f \u0130\u015f\u00e7i G\u00fcvenli\u011fi:<\/strong> \u00dcretim ve geri d\u00f6n\u00fc\u015f\u00fcm s\u0131ras\u0131nda zararl\u0131 dumanlara maruz kalma riski daha d\u00fc\u015f\u00fckt\u00fcr.<\/p><\/li><li><p class=\"ds-markdown-paragraph\"><strong>Mevzuat Uyumu:<\/strong>\u00a0RoHS, WEEE ve tehlikeli maddelerle ilgili AB direktifleri dahil olmak \u00fczere kat\u0131 k\u00fcresel standartlar\u0131 kar\u015f\u0131lar.<\/p><\/li><li><p class=\"ds-markdown-paragraph\"><strong>Kurumsal Sosyal Sorumluluk (KSS) Deste\u011fi:<\/strong>\u00a0\u00c7evresel taahh\u00fctleri veya ye\u015fil \u00fcr\u00fcn serileri olan \u015firketler i\u00e7in somut eylem.<\/p><\/li><\/ul><p class=\"ds-markdown-paragraph\">Halojensiz PCB'lerin, dielektrik ve termal \u00f6zelliklerde sadece k\u00fc\u00e7\u00fck farkl\u0131l\u0131klar ile t\u00fcketici elektroni\u011finden end\u00fcstriyel kontrollere kadar standart FR-4 kartlar\u0131n kullan\u0131ld\u0131\u011f\u0131 hemen hemen her uygulama i\u00e7in uygun oldu\u011funu belirtmek \u00f6nemlidir.<\/p><h4>Halojensiz Malzeme \u00d6zellikleri<\/h4><p class=\"ds-markdown-paragraph\">Sertifikal\u0131 \u00e7evre dostu malzemeler kullanarak halojen i\u00e7ermeyen PCB'ler \u00fcretiyoruz. Standart alt tabakalar\u0131m\u0131z \u015funlar\u0131 i\u00e7erir:<\/p><div class=\"ds-scroll-area ds-scroll-area--show-on-focus-within _1210dd7 c03cafe9\"><div class=\"ds-scroll-area__gutters\"><div class=\"ds-scroll-area__horizontal-gutter\">\u00a0<\/div><div class=\"ds-scroll-area__vertical-gutter\">\u00a0<\/div><\/div><table><thead><tr><th>Malzeme<\/th><th>Tg (DSC, \u00b0C)<\/th><th>Td (A\u011f\u0131rl\u0131k, \u00b0C)<\/th><th>CTE-z (ppm\/\u00b0C)<\/th><th>T260 (dak)<\/th><th>T288 (dak)<\/th><\/tr><\/thead><tbody><tr><td><strong>S1155 (FR-4)<\/strong><\/td><td>140<\/td><td>380<\/td><td>41<\/td><td>60<\/td><td>60<\/td><\/tr><tr><td><strong>S1165 (FR-4)<\/strong><\/td><td>170<\/td><td>360<\/td><td>40<\/td><td>60<\/td><td>15<\/td><\/tr><\/tbody><\/table><\/div><ul><li><p class=\"ds-markdown-paragraph\"><strong>Tg (Cam Ge\u00e7i\u015f S\u0131cakl\u0131\u011f\u0131):<\/strong>\u00a0Is\u0131 gerektiren uygulamalar i\u00e7in daha y\u00fcksek de\u011ferler (170\u00b0C).<\/p><\/li><li><p class=\"ds-markdown-paragraph\"><strong>Td (Ayr\u0131\u015fma S\u0131cakl\u0131\u011f\u0131):<\/strong>\u00a0A\u015f\u0131r\u0131 \u0131s\u0131 alt\u0131nda malzeme stabilitesini g\u00f6sterir.<\/p><\/li><li><p class=\"ds-markdown-paragraph\"><strong>CTE-z (Z ekseni Geni\u015flemesi):<\/strong>\u00a0Kaplamal\u0131 delik i\u00e7i g\u00fcvenilirlik i\u00e7in kritiktir.<\/p><\/li><\/ul><h4>Halojensiz PCB \u00dcretim Yetenekleri<\/h4><div class=\"ds-scroll-area ds-scroll-area--show-on-focus-within _1210dd7 c03cafe9\"><div class=\"ds-scroll-area__gutters\"><div class=\"ds-scroll-area__horizontal-gutter\">\u00a0<\/div><div class=\"ds-scroll-area__vertical-gutter\">\u00a0<\/div><\/div><table><thead><tr><th>\u00d6zellik<\/th><th>Yetenek<\/th><\/tr><\/thead><tbody><tr><td><strong>Kalite S\u0131n\u0131f\u0131<\/strong><\/td><td>IPC S\u0131n\u0131f 2 (Y\u00fcksek g\u00fcvenilirlik i\u00e7in S\u0131n\u0131f 3 mevcuttur)<\/td><\/tr><tr><td><strong>Katman Say\u0131s\u0131<\/strong><\/td><td>2 - 24 katman<\/td><\/tr><tr><td><strong>Sipari\u015f Miktar\u0131<\/strong><\/td><td>1 par\u00e7a (prototip) ila 10.000+ par\u00e7a (hacim)<\/td><\/tr><tr><td><strong>Teslim S\u00fcresi<\/strong><\/td><td>2 g\u00fcn (h\u0131zl\u0131 d\u00f6n\u00fc\u015f) ila 5 hafta (karma\u015f\u0131k yap\u0131lar)<\/td><\/tr><tr><td><strong>Malzeme Se\u00e7enekleri<\/strong><\/td><td>S1150G, S1165 (Halojensiz FR-4)<\/td><\/tr><tr><td><strong>Tahta Boyutu<\/strong><\/td><td>Min 6mm x 6mm<\/td><td>Maksimum 457mm x 610mm<\/td><\/tr><tr><td><strong>Levha Kal\u0131nl\u0131\u011f\u0131<\/strong><\/td><td>0,4 mm - 6,5 mm<\/td><\/tr><tr><td><strong>Bitmi\u015f Bak\u0131r A\u011f\u0131rl\u0131\u011f\u0131<\/strong><\/td><td>0.5oz - 2.0oz<\/td><\/tr><tr><td><strong>Min \u0130z\/Aral\u0131k<\/strong><\/td><td>3mil \/ 3mil<\/td><\/tr><tr><td><strong>Lehim Maskesi Renkleri<\/strong><\/td><td>Ye\u015fil, Beyaz, Mavi, Siyah, K\u0131rm\u0131z\u0131, Sar\u0131<\/td><\/tr><tr><td><strong>Serigrafi Renkler<\/strong><\/td><td>Beyaz, Siyah, Sar\u0131<\/td><\/tr><tr><td><strong>Y\u00fczey \u0130\u015flemleri (RoHS)<\/strong><\/td><td>HASL, Kur\u015funsuz HASL, ENIG, Dald\u0131rma G\u00fcm\u00fc\u015f, Dald\u0131rma Kalay, OSP<\/td><\/tr><tr><td><strong>Min Dairesel Halka<\/strong><\/td><td>4milyon<\/td><\/tr><tr><td><strong>Min Delme \u00c7ap\u0131<\/strong><\/td><td>6 milyon<\/td><\/tr><tr><td><strong>\u0130leri Teknikler<\/strong><\/td><td>Alt\u0131n Parmaklar, K\u00f6r\/G\u00f6m\u00fcl\u00fc Viyad\u00fckler<\/td><\/tr><\/tbody><\/table><\/div><h4>Ye\u015fil Tasar\u0131m\u0131n\u0131z i\u00e7in M\u00fchendislik Deste\u011fi<\/h4><p class=\"ds-markdown-paragraph\">Halojen i\u00e7ermeyen malzemelere ge\u00e7i\u015f, termal ve mekanik \u00f6zelliklerin dikkatle de\u011ferlendirilmesini gerektirir. M\u00fchendislik ekibimiz \u015funlar\u0131 sa\u011flar:<\/p><ol start=\"1\"><li><p class=\"ds-markdown-paragraph\"><strong>Malzeme Se\u00e7im K\u0131lavuzu:<\/strong>\u00a0\u00c7al\u0131\u015fma ortam\u0131n\u0131z i\u00e7in S1155'in mi yoksa S1165'in mi do\u011fru oldu\u011fundan emin de\u011fil misiniz? Net, kar\u015f\u0131la\u015ft\u0131rmal\u0131 \u00f6neriler sunuyoruz.<\/p><\/li><li><p class=\"ds-markdown-paragraph\"><strong>Halojensiz Laminatlar i\u00e7in DFM:<\/strong>\u00a0Ak\u0131\u015f, yap\u0131\u015fma ve delinebilirlik a\u00e7\u0131s\u0131ndan standartlara k\u0131yasla farkl\u0131l\u0131klar\u0131 hesaba katmak i\u00e7in \u00fcretim parametrelerini ayarl\u0131yoruz <a href=\"https:\/\/txjpcba.com\/tr\/fr4-pcb\/\">FR-4<\/a>.<\/p><\/li><li><p class=\"ds-markdown-paragraph\"><strong>Tam \u0130zlenebilirlik Dok\u00fcmantasyonu:<\/strong>\u00a0Uygunluk kay\u0131tlar\u0131n\u0131z i\u00e7in halojen i\u00e7ermeyen bile\u015fimi do\u011frulayan uygunluk sertifikalar\u0131.<\/p><\/li><\/ol><h4>Halojensiz PCB Teklifinizi Al\u0131n<\/h4><p class=\"ds-markdown-paragraph\">Halojen i\u00e7ermeyen PCB'ler standart \u00e7evrimi\u00e7i sipari\u015f sistemimiz arac\u0131l\u0131\u011f\u0131yla al\u0131nt\u0131lanabilir. Gerber dosyalar\u0131n\u0131z\u0131 ve teknik \u00f6zelliklerinizi g\u00f6ndermeniz yeterlidir; sistemimiz fiyatland\u0131rmay\u0131 an\u0131nda hesaplayacakt\u0131r. Listede yer almayan benzersiz malzeme veya performans gereksinimleri olan projeler i\u00e7in, h\u0131zl\u0131 bir dan\u0131\u015fma i\u00e7in do\u011frudan m\u00fchendislik ekibimizle ileti\u015fime ge\u00e7in.<\/p><p align=\"center\"><a href=\"\/tr\/pcb-uretim-teklifi-alin\/\"><button style=\"background: black; color: white; padding: 8px 20px; border: none; cursor: pointer;\">PCB \u00dcretim Teklifi Al\u0131n<\/button><\/a><\/p><p style=\"text-align: center;\">Otomotiv, end\u00fcstriyel, IoT veya t\u00fcketici elektroni\u011fi projeleri \u00fczerinde mi \u00e7al\u0131\u015f\u0131yorsunuz?<br \/>Profesyonel hizmet veriyoruz <a href=\"https:\/\/txjpcba.com\/tr\/pcb-montaji\/\">PCB montaj hizmetleri<\/a> dahil olmak \u00fczere <a href=\"https:\/\/txjpcba.com\/tr\/smt-montaj-hi%cc%87zmetleri%cc%87\/\">SMT<\/a>, DIP ve tam anahtar teslim \u00e7\u00f6z\u00fcmler.<\/p><p style=\"text-align: center;\">BOM, Gerber dosyalar\u0131n\u0131z\u0131 veya proje gereksinimlerinizi bize g\u00f6nderin ve m\u00fchendislik ekibimizden h\u0131zl\u0131 ve do\u011fru bir fiyat teklifi al\u0131n.<\/p><p style=\"text-align: center;\">NDA Mevcut \u2714 24 Saat \u0130\u00e7inde H\u0131zl\u0131 Teklif \u2714 ISO Sertifikal\u0131 Fabrika \u2714 Tek Noktadan PCB ve PCBA Hizmeti<\/p>\t\t\t\t\t\t\t\t<\/div>\n\t\t\t\t<\/div>\n\t\t\t\t\t<\/div>\n\t\t\t\t<\/div>\n\t\t\t\t<\/div>","protected":false},"excerpt":{"rendered":"<p>Halogen-Free PCB Manufacturing For electronics manufacturers prioritizing environmental responsibility and regulatory compliance,\u00a0Halogen-Free PCBs\u00a0have become a critical specification. These boards are [&hellip;]<\/p>","protected":false},"author":1,"featured_media":0,"parent":0,"menu_order":0,"comment_status":"closed","ping_status":"closed","template":"","meta":{"site-sidebar-layout":"default","site-content-layout":"","ast-site-content-layout":"default","site-content-style":"default","site-sidebar-style":"default","ast-global-header-display":"","ast-banner-title-visibility":"","ast-main-header-display":"","ast-hfb-above-header-display":"","ast-hfb-below-header-display":"","ast-hfb-mobile-header-display":"","site-post-title":"","ast-breadcrumbs-content":"","ast-featured-img":"","footer-sml-layout":"","theme-transparent-header-meta":"default","adv-header-id-meta":"","stick-header-meta":"","header-above-stick-meta":"","header-main-stick-meta":"","header-below-stick-meta":"","astra-migrate-meta-layouts":"set","ast-page-background-enabled":"default","ast-page-background-meta":{"desktop":{"background-color":"var(--ast-global-color-5)","background-image":"","background-repeat":"repeat","background-position":"center center","background-size":"auto","background-attachment":"scroll","background-type":"","background-media":"","overlay-type":"","overlay-color":"","overlay-opacity":"","overlay-gradient":""},"tablet":{"background-color":"","background-image":"","background-repeat":"repeat","background-position":"center center","background-size":"auto","background-attachment":"scroll","background-type":"","background-media":"","overlay-type":"","overlay-color":"","overlay-opacity":"","overlay-gradient":""},"mobile":{"background-color":"","background-image":"","background-repeat":"repeat","background-position":"center center","background-size":"auto","background-attachment":"scroll","background-type":"","background-media":"","overlay-type":"","overlay-color":"","overlay-opacity":"","overlay-gradient":""}},"ast-content-background-meta":{"desktop":{"background-color":"var(--ast-global-color-4)","background-image":"","background-repeat":"repeat","background-position":"center center","background-size":"auto","background-attachment":"scroll","background-type":"","background-media":"","overlay-type":"","overlay-color":"","overlay-opacity":"","overlay-gradient":""},"tablet":{"background-color":"var(--ast-global-color-4)","background-image":"","background-repeat":"repeat","background-position":"center center","background-size":"auto","background-attachment":"scroll","background-type":"","background-media":"","overlay-type":"","overlay-color":"","overlay-opacity":"","overlay-gradient":""},"mobile":{"background-color":"var(--ast-global-color-4)","background-image":"","background-repeat":"repeat","background-position":"center center","background-size":"auto","background-attachment":"scroll","background-type":"","background-media":"","overlay-type":"","overlay-color":"","overlay-opacity":"","overlay-gradient":""}},"footnotes":""},"class_list":["post-5887","page","type-page","status-publish","hentry"],"_links":{"self":[{"href":"https:\/\/txjpcba.com\/tr\/wp-json\/wp\/v2\/pages\/5887","targetHints":{"allow":["GET"]}}],"collection":[{"href":"https:\/\/txjpcba.com\/tr\/wp-json\/wp\/v2\/pages"}],"about":[{"href":"https:\/\/txjpcba.com\/tr\/wp-json\/wp\/v2\/types\/page"}],"author":[{"embeddable":true,"href":"https:\/\/txjpcba.com\/tr\/wp-json\/wp\/v2\/users\/1"}],"replies":[{"embeddable":true,"href":"https:\/\/txjpcba.com\/tr\/wp-json\/wp\/v2\/comments?post=5887"}],"version-history":[{"count":10,"href":"https:\/\/txjpcba.com\/tr\/wp-json\/wp\/v2\/pages\/5887\/revisions"}],"predecessor-version":[{"id":5903,"href":"https:\/\/txjpcba.com\/tr\/wp-json\/wp\/v2\/pages\/5887\/revisions\/5903"}],"wp:attachment":[{"href":"https:\/\/txjpcba.com\/tr\/wp-json\/wp\/v2\/media?parent=5887"}],"curies":[{"name":"wp","href":"https:\/\/api.w.org\/{rel}","templated":true}]}}