{"id":5864,"date":"2026-04-22T15:45:48","date_gmt":"2026-04-22T07:45:48","guid":{"rendered":"https:\/\/txjpcba.com\/?page_id=5864"},"modified":"2026-04-22T15:51:56","modified_gmt":"2026-04-22T07:51:56","slug":"agir-bakir-pcb","status":"publish","type":"page","link":"https:\/\/txjpcba.com\/tr\/agir-bakir-pcb\/","title":{"rendered":"A\u011f\u0131r Bak\u0131r PCB"},"content":{"rendered":"<div data-elementor-type=\"wp-page\" data-elementor-id=\"5864\" class=\"elementor elementor-5864\" data-elementor-post-type=\"page\">\n\t\t\t\t<div class=\"elementor-element elementor-element-61ef4834 e-con-full e-flex e-con e-parent\" data-id=\"61ef4834\" data-element_type=\"container\" data-settings=\"{&quot;background_background&quot;:&quot;classic&quot;}\">\n\t\t\t\t<\/div>\n\t\t<div class=\"elementor-element elementor-element-2b5ec2ee e-flex e-con-boxed e-con e-parent\" data-id=\"2b5ec2ee\" data-element_type=\"container\">\n\t\t\t\t\t<div class=\"e-con-inner\">\n\t\t\t\t<div class=\"elementor-element elementor-element-3ec3b021 elementor-widget elementor-widget-text-editor\" data-id=\"3ec3b021\" data-element_type=\"widget\" data-widget_type=\"text-editor.default\">\n\t\t\t\t<div class=\"elementor-widget-container\">\n\t\t\t\t\t\t\t\t\t<h2>A\u011f\u0131r Bak\u0131r PCB \u00dcretimi | Y\u00fcksek Ak\u0131m ve Termal Y\u00f6netim \u00c7\u00f6z\u00fcmleri<\/h2>\n<p class=\"ds-markdown-paragraph\">G\u00fc\u00e7 elektroni\u011fi, y\u00fcksek ak\u0131m da\u011f\u0131t\u0131m\u0131 ve termal yo\u011fun uygulamalar i\u00e7in standart 1oz veya 2oz bak\u0131r PCB'ler genellikle yetersizdir.\u00a0<strong>A\u011f\u0131r Bak\u0131r PCB'ler<\/strong>\u00a0(kal\u0131n bak\u0131r PCB'ler olarak da bilinir), tipik olarak a\u015fa\u011f\u0131dakilere sahip olarak tan\u0131mlan\u0131r\u00a0<strong>4oz (140\u00b5m) veya daha fazla bitmi\u015f bak\u0131r a\u011f\u0131rl\u0131klar\u0131<\/strong>, zorlu ortamlar i\u00e7in gereken sa\u011flam \u00e7\u00f6z\u00fcm\u00fc sa\u011flar.<\/p>\n<p align=\"center\"><a href=\"\/tr\/pcb-uretim-teklifi-alin\/\"><button style=\"background: black; color: white; padding: 10px 20px; border: none; cursor: pointer;\">PCB \u00dcretim Teklifi Al\u0131n<\/button><\/a><\/p>\n\n<h4>G\u00fc\u00e7 Tasar\u0131m\u0131n\u0131z i\u00e7in Neden A\u011f\u0131r Bak\u0131r Se\u00e7melisiniz?<\/h4>\n<p class=\"ds-markdown-paragraph\">A\u011f\u0131r bak\u0131r PCB'ye y\u00fckseltme, belirli performans ihtiya\u00e7lar\u0131 taraf\u0131ndan y\u00f6nlendirilen bir m\u00fchendislik karar\u0131d\u0131r. Artan bak\u0131r kesiti do\u011frudan birka\u00e7 \u00f6nemli avantaja d\u00f6n\u00fc\u015f\u00fcr:<\/p>\n\n<ul>\n \t<li>\n<p class=\"ds-markdown-paragraph\"><strong>Daha Y\u00fcksek Mevcut Ta\u015f\u0131ma Kapasitesi:<\/strong>\u00a0Birincil fayda. Daha kal\u0131n bir bak\u0131r iz, a\u015f\u0131r\u0131 \u0131s\u0131nma olmadan \u00f6nemli \u00f6l\u00e7\u00fcde daha fazla ak\u0131m\u0131 g\u00fcvenli bir \u015fekilde iletebilir, bu da onu g\u00fc\u00e7 kaynaklar\u0131, invert\u00f6rler ve end\u00fcstriyel kontroller i\u00e7in gerekli k\u0131lar.<\/p>\n<\/li>\n \t<li>\n<p class=\"ds-markdown-paragraph\"><strong>\u00dcst\u00fcn Termal Y\u00f6netim:<\/strong>\u00a0A\u011f\u0131r bak\u0131r, entegre bir \u0131s\u0131 da\u011f\u0131t\u0131c\u0131 g\u00f6revi g\u00f6rerek \u0131s\u0131y\u0131 kritik bile\u015fenlerden verimli bir \u015fekilde uzakla\u015ft\u0131r\u0131r. Bu da ayr\u0131, hantal so\u011futucu ihtiyac\u0131n\u0131 azalt\u0131r ve uzun vadeli g\u00fcvenilirli\u011fi art\u0131r\u0131r.<\/p>\n<\/li>\n \t<li>\n<p class=\"ds-markdown-paragraph\"><strong>Art\u0131r\u0131lm\u0131\u015f Mekanik Mukavemet:<\/strong>\u00a0Ba\u011flant\u0131 noktalar\u0131 ve y\u00fcksek gerilimli alanlar ilave bak\u0131rdan faydalanarak montaj ve saha kullan\u0131m\u0131 s\u0131ras\u0131nda \u00e7atlama veya hasara kar\u015f\u0131 daha fazla diren\u00e7 sa\u011flar.<\/p>\n<\/li>\n \t<li>\n<p class=\"ds-markdown-paragraph\"><strong>Kompakt, \u00c7ok A\u011f\u0131rl\u0131kl\u0131 Tasar\u0131mlar:<\/strong>\u00a0Geli\u015fmi\u015f \u00fcretim, tek bir katman \u00fczerinde birden fazla bak\u0131r a\u011f\u0131rl\u0131\u011f\u0131na izin verir. Bu da tasar\u0131mc\u0131lar\u0131n y\u00fcksek ak\u0131m hatlar\u0131n\u0131 d\u00fc\u015f\u00fck g\u00fc\u00e7 sinyal hatlar\u0131yla birlikte daha k\u00fc\u00e7\u00fck bir toplam ayak izine yerle\u015ftirerek \u00fcr\u00fcn boyutunu k\u00fc\u00e7\u00fcltmelerini sa\u011flar.<\/p>\n<\/li>\n<\/ul>\n<h4>A\u011f\u0131r Bak\u0131r PCB \u00dcretim Yetenekleri<\/h4>\n<p class=\"ds-markdown-paragraph\">A\u011f\u0131r bak\u0131r levhalar\u0131n imalat\u0131, \u00f6zel a\u015f\u0131nd\u0131rma ve laminasyon i\u015flemleri gerektirir. Standart PCB \u00fcreticileri genellikle daha kal\u0131n bak\u0131r i\u00e7in gerekli iz \/ bo\u015fluk toleranslar\u0131n\u0131 elde edemezler. A\u011f\u0131r bak\u0131r i\u00e7in kan\u0131tlanm\u0131\u015f yeteneklerimiz a\u015fa\u011f\u0131da ayr\u0131nt\u0131l\u0131 olarak a\u00e7\u0131klanm\u0131\u015ft\u0131r:<\/p>\n\n<div class=\"ds-scroll-area ds-scroll-area--show-on-focus-within _1210dd7 c03cafe9\">\n<div class=\"ds-scroll-area__gutters\">\n<div class=\"ds-scroll-area__horizontal-gutter\"><\/div>\n<div class=\"ds-scroll-area__vertical-gutter\"><\/div>\n<\/div>\n<table>\n<thead>\n<tr>\n<th>\u00d6zellik<\/th>\n<th>Yetenek<\/th>\n<\/tr>\n<\/thead>\n<tbody>\n<tr>\n<td><strong>Kalite S\u0131n\u0131f\u0131<\/strong><\/td>\n<td>IPC S\u0131n\u0131f 2 (Y\u00fcksek g\u00fcvenilirlikli uygulamalar i\u00e7in S\u0131n\u0131f 3 mevcuttur)<\/td>\n<\/tr>\n<tr>\n<td><strong>Katman Say\u0131s\u0131<\/strong><\/td>\n<td>2 - 24 katman<\/td>\n<\/tr>\n<tr>\n<td><strong>Sipari\u015f Miktar\u0131<\/strong><\/td>\n<td>1 prototip par\u00e7adan 10.000+ \u00fcretim birimine kadar<\/td>\n<\/tr>\n<tr>\n<td><strong>Teslim S\u00fcresi<\/strong><\/td>\n<td>2 g\u00fcn (h\u0131zl\u0131 d\u00f6n\u00fc\u015f) ila 5 hafta (karma\u015f\u0131k yap\u0131lar)<\/td>\n<\/tr>\n<tr>\n<td><strong>Malzeme<\/strong><\/td>\n<td>FR-4 Standart (Tg 140\u00b0C) &amp; FR-4 Y\u00fcksek Tg (170\u00b0C)<\/td>\n<\/tr>\n<tr>\n<td><strong>Tahta Boyutu<\/strong><\/td>\n<td>Min 6mm x 6mm<\/td>\n<td>Maksimum 457mm x 610mm<\/td>\n<\/tr>\n<tr>\n<td><strong>Levha Kal\u0131nl\u0131\u011f\u0131<\/strong><\/td>\n<td>0,6 mm - 6,5 mm<\/td>\n<\/tr>\n<tr>\n<td><strong>Maksimum D\u0131\u015f Katman Bak\u0131r<\/strong><\/td>\n<td><strong>15oz (525\u00b5m)<\/strong>\u00a0bitmi\u015f<\/td>\n<\/tr>\n<tr>\n<td><strong>Maksimum \u0130\u00e7 Katman Bak\u0131r<\/strong><\/td>\n<td><strong>12oz (420\u00b5m)<\/strong><\/td>\n<\/tr>\n<tr>\n<td><strong>Y\u00fczey \u0130\u015flemleri<\/strong><\/td>\n<td>HASL, Kur\u015funsuz HASL, ENIG (t\u00fcm\u00fc RoHS)<\/td>\n<\/tr>\n<\/tbody>\n<\/table>\n<\/div>\n<p class=\"ds-markdown-paragraph\"><strong>A\u011f\u0131r Bak\u0131r i\u00e7in Kritik \u0130z Geni\u015fli\u011fi ve Aral\u0131\u011f\u0131:<\/strong><\/p>\n<p class=\"ds-markdown-paragraph\">\u00dcretilebilirli\u011fi sa\u011flamak i\u00e7in iz geometrisi bak\u0131r a\u011f\u0131rl\u0131\u011f\u0131 ile \u00f6l\u00e7eklendirilmelidir. A\u015fa\u011f\u0131da standart tasar\u0131m kurallar\u0131m\u0131z yer almaktad\u0131r:<\/p>\n\n<div class=\"ds-scroll-area ds-scroll-area--show-on-focus-within _1210dd7 c03cafe9\">\n<div class=\"ds-scroll-area__gutters\">\n<div class=\"ds-scroll-area__horizontal-gutter\"><\/div>\n<div class=\"ds-scroll-area__vertical-gutter\"><\/div>\n<\/div>\n<table>\n<thead>\n<tr>\n<th>Bak\u0131r A\u011f\u0131rl\u0131k<\/th>\n<th><strong>D\u0131\u015f Katmanlar<\/strong>\u00a0(\u0130z\/Uzay)<\/th>\n<th><strong>\u0130\u00e7 Katmanlar<\/strong>\u00a0(\u0130z\/Uzay)<\/th>\n<\/tr>\n<\/thead>\n<tbody>\n<tr>\n<td>4 oz<\/td>\n<td>9 milyon \/ 9 milyon<\/td>\n<td>8 mil \/ 12 mil<\/td>\n<\/tr>\n<tr>\n<td>5 oz<\/td>\n<td>11 mil \/ 11 mil<\/td>\n<td>10 mil \/ 14 mil<\/td>\n<\/tr>\n<tr>\n<td>6 oz<\/td>\n<td>13 milyon \/ 13 milyon<\/td>\n<td>12 mil \/ 16 mil<\/td>\n<\/tr>\n<tr>\n<td>12 oz<\/td>\n<td>20 mil \/ 32 mil<\/td>\n<td>20 mil \/ 32 mil<\/td>\n<\/tr>\n<tr>\n<td>15 oz<\/td>\n<td>32 mil \/ 40 mil<\/td>\n<td>(\u0130leti\u015fim m\u00fchendisli\u011fi)<\/td>\n<\/tr>\n<\/tbody>\n<\/table>\n<\/div>\n<h4>A\u011f\u0131r Bak\u0131r Projeniz i\u00e7in M\u00fchendislik Deste\u011fi<\/h4>\n<p class=\"ds-markdown-paragraph\">Bir tasar\u0131m\u0131 ba\u015far\u0131l\u0131 bir \u015fekilde a\u011f\u0131r bak\u0131ra d\u00f6n\u00fc\u015ft\u00fcrmek uzmanl\u0131k gerektirir. Maliyetli yeniden tasar\u0131mlardan ka\u00e7\u0131nman\u0131za yard\u0131mc\u0131 olmak i\u00e7in do\u011frudan m\u00fchendislik deste\u011fi sa\u011fl\u0131yoruz:<\/p>\n\n<ol start=\"1\">\n \t<li>\n<p class=\"ds-markdown-paragraph\"><strong>\u00dcretim i\u00e7in Tasar\u0131m (DFM) \u0130ncelemesi:<\/strong>\u00a0M\u00fchendislerimiz, \u00f6zellikle a\u011f\u0131r bak\u0131r tasar\u0131m kurallar\u0131na (iz\/bo\u015fluk, dairesel halkalar, matkap oranlar\u0131) odaklanarak dosyalar\u0131n\u0131z \u00fczerinde kapsaml\u0131 bir DFM kontrol\u00fc ger\u00e7ekle\u015ftirecektir.<\/p>\n<\/li>\n \t<li>\n<p class=\"ds-markdown-paragraph\"><strong>Malzeme Se\u00e7im K\u0131lavuzu:<\/strong>\u00a0Termal gereksinimleriniz i\u00e7in standart FR-4 m\u00fc yoksa Y\u00fcksek Tg malzemenin mi do\u011fru oldu\u011fundan emin de\u011fil misiniz? Net, veri destekli tavsiyeler sunuyoruz.<\/p>\n<\/li>\n \t<li>\n<p class=\"ds-markdown-paragraph\"><strong>Geli\u015fmi\u015f Teknik Deste\u011fi:<\/strong>\u00a0Karma\u015f\u0131k gereksinimler i\u00e7in, a\u011f\u0131r bak\u0131r levhalar\u0131n\u0131za k\u00f6r\/g\u00f6m\u00fcl\u00fc vialar ve alt\u0131n parmaklar uygulayabiliriz.<\/p>\n<\/li>\n<\/ol>\n<h4>A\u011f\u0131r Bak\u0131r PCB Teklifinizi Al\u0131n<\/h4>\n<p class=\"ds-markdown-paragraph\">A\u011f\u0131r bak\u0131r PCB projeniz i\u00e7in ayr\u0131nt\u0131l\u0131, maddelendirilmi\u015f bir teklif almak i\u00e7in l\u00fctfen \u00e7evrimi\u00e7i sipari\u015f sistemimizi kullanarak Gerber dosyalar\u0131n\u0131z\u0131 ve spesifikasyonlar\u0131n\u0131z\u0131 g\u00f6nderin. Benzersiz gereksinimleri olan tasar\u0131mlar i\u00e7in (\u00f6rne\u011fin, bak\u0131r a\u011f\u0131rl\u0131klar\u0131&gt; 15oz, \u00f6zel malzemeler), h\u0131zl\u0131 bir dan\u0131\u015fma i\u00e7in do\u011frudan m\u00fchendislik ekibimizle ileti\u015fime ge\u00e7in.<\/p>\n<p align=\"center\"><a href=\"\/tr\/pcb-uretim-teklifi-alin\/\"><button style=\"background: black; color: white; padding: 8px 20px; border: none; cursor: pointer;\">PCB \u00dcretim Teklifi Al\u0131n<\/button><\/a><\/p>\n<p style=\"text-align: center;\">Otomotiv, end\u00fcstriyel, IoT veya t\u00fcketici elektroni\u011fi projeleri \u00fczerinde mi \u00e7al\u0131\u015f\u0131yorsunuz?\nSMT, DIP ve tam anahtar teslim \u00e7\u00f6z\u00fcmler dahil olmak \u00fczere profesyonel PCB montaj hizmetleri sunuyoruz.<\/p>\n<p style=\"text-align: center;\">BOM, Gerber dosyalar\u0131n\u0131z\u0131 veya proje gereksinimlerinizi bize g\u00f6nderin ve m\u00fchendislik ekibimizden h\u0131zl\u0131 ve do\u011fru bir fiyat teklifi al\u0131n.<\/p>\n<p style=\"text-align: center;\">NDA Mevcut \u2714 24 Saat \u0130\u00e7inde H\u0131zl\u0131 Teklif \u2714 ISO Sertifikal\u0131 Fabrika \u2714 Tek Noktadan PCB ve PCBA Hizmeti<\/p>\n\t\t\t\t\t\t\t\t<\/div>\n\t\t\t\t<\/div>\n\t\t\t\t\t<\/div>\n\t\t\t\t<\/div>\n\t\t\t\t<\/div>","protected":false},"excerpt":{"rendered":"<p>Heavy Copper PCB Manufacturing | High-Current &amp; Thermal Management Solutions For power electronics, high-current distribution, and thermal-intensive applications, standard 1oz [&hellip;]<\/p>","protected":false},"author":1,"featured_media":0,"parent":0,"menu_order":0,"comment_status":"closed","ping_status":"closed","template":"","meta":{"site-sidebar-layout":"default","site-content-layout":"","ast-site-content-layout":"default","site-content-style":"default","site-sidebar-style":"default","ast-global-header-display":"","ast-banner-title-visibility":"","ast-main-header-display":"","ast-hfb-above-header-display":"","ast-hfb-below-header-display":"","ast-hfb-mobile-header-display":"","site-post-title":"","ast-breadcrumbs-content":"","ast-featured-img":"","footer-sml-layout":"","theme-transparent-header-meta":"default","adv-header-id-meta":"","stick-header-meta":"","header-above-stick-meta":"","header-main-stick-meta":"","header-below-stick-meta":"","astra-migrate-meta-layouts":"set","ast-page-background-enabled":"default","ast-page-background-meta":{"desktop":{"background-color":"var(--ast-global-color-5)","background-image":"","background-repeat":"repeat","background-position":"center center","background-size":"auto","background-attachment":"scroll","background-type":"","background-media":"","overlay-type":"","overlay-color":"","overlay-opacity":"","overlay-gradient":""},"tablet":{"background-color":"","background-image":"","background-repeat":"repeat","background-position":"center center","background-size":"auto","background-attachment":"scroll","background-type":"","background-media":"","overlay-type":"","overlay-color":"","overlay-opacity":"","overlay-gradient":""},"mobile":{"background-color":"","background-image":"","background-repeat":"repeat","background-position":"center center","background-size":"auto","background-attachment":"scroll","background-type":"","background-media":"","overlay-type":"","overlay-color":"","overlay-opacity":"","overlay-gradient":""}},"ast-content-background-meta":{"desktop":{"background-color":"var(--ast-global-color-4)","background-image":"","background-repeat":"repeat","background-position":"center center","background-size":"auto","background-attachment":"scroll","background-type":"","background-media":"","overlay-type":"","overlay-color":"","overlay-opacity":"","overlay-gradient":""},"tablet":{"background-color":"var(--ast-global-color-4)","background-image":"","background-repeat":"repeat","background-position":"center center","background-size":"auto","background-attachment":"scroll","background-type":"","background-media":"","overlay-type":"","overlay-color":"","overlay-opacity":"","overlay-gradient":""},"mobile":{"background-color":"var(--ast-global-color-4)","background-image":"","background-repeat":"repeat","background-position":"center center","background-size":"auto","background-attachment":"scroll","background-type":"","background-media":"","overlay-type":"","overlay-color":"","overlay-opacity":"","overlay-gradient":""}},"footnotes":""},"class_list":["post-5864","page","type-page","status-publish","hentry"],"_links":{"self":[{"href":"https:\/\/txjpcba.com\/tr\/wp-json\/wp\/v2\/pages\/5864","targetHints":{"allow":["GET"]}}],"collection":[{"href":"https:\/\/txjpcba.com\/tr\/wp-json\/wp\/v2\/pages"}],"about":[{"href":"https:\/\/txjpcba.com\/tr\/wp-json\/wp\/v2\/types\/page"}],"author":[{"embeddable":true,"href":"https:\/\/txjpcba.com\/tr\/wp-json\/wp\/v2\/users\/1"}],"replies":[{"embeddable":true,"href":"https:\/\/txjpcba.com\/tr\/wp-json\/wp\/v2\/comments?post=5864"}],"version-history":[{"count":11,"href":"https:\/\/txjpcba.com\/tr\/wp-json\/wp\/v2\/pages\/5864\/revisions"}],"predecessor-version":[{"id":5878,"href":"https:\/\/txjpcba.com\/tr\/wp-json\/wp\/v2\/pages\/5864\/revisions\/5878"}],"wp:attachment":[{"href":"https:\/\/txjpcba.com\/tr\/wp-json\/wp\/v2\/media?parent=5864"}],"curies":[{"name":"wp","href":"https:\/\/api.w.org\/{rel}","templated":true}]}}