{"id":5845,"date":"2026-04-22T15:30:42","date_gmt":"2026-04-22T07:30:42","guid":{"rendered":"https:\/\/txjpcba.com\/?page_id=5845"},"modified":"2026-04-22T15:42:10","modified_gmt":"2026-04-22T07:42:10","slug":"yuksek-frekans-pcb-2","status":"publish","type":"page","link":"https:\/\/txjpcba.com\/tr\/yuksek-frekans-pcb-2\/","title":{"rendered":"Y\u00fcksek Frekansl\u0131 PCB \u00dcretimi | Malzeme Se\u00e7imi ve Empedans Kontrol\u00fc"},"content":{"rendered":"<div data-elementor-type=\"wp-page\" data-elementor-id=\"5845\" class=\"elementor elementor-5845\" data-elementor-post-type=\"page\">\n\t\t\t\t<div class=\"elementor-element elementor-element-583521f9 e-flex e-con-boxed e-con e-parent\" data-id=\"583521f9\" data-element_type=\"container\">\n\t\t\t\t\t<div class=\"e-con-inner\">\n\t\t\t\t<div class=\"elementor-element elementor-element-5a5b6f elementor-widget elementor-widget-text-editor\" data-id=\"5a5b6f\" data-element_type=\"widget\" data-widget_type=\"text-editor.default\">\n\t\t\t\t<div class=\"elementor-widget-container\">\n\t\t\t\t\t\t\t\t\t<h2>Y\u00fcksek Frekansl\u0131 PCB<\/h2><p class=\"ds-markdown-paragraph\">Modern RF, mikrodalga ve y\u00fcksek h\u0131zl\u0131 dijital uygulamalar i\u00e7in standart PCB malzemeleri genellikle yetersiz kal\u0131r.\u00a0<strong>Y\u00fcksek Frekansl\u0131 PCB'ler<\/strong>\u00a0daha y\u00fcksek iletim h\u0131zlar\u0131nda sinyal b\u00fct\u00fcnl\u00fc\u011f\u00fcn\u00fc korumak i\u00e7in tasarlanm\u0131\u015ft\u0131r, tipik olarak\u00a0<strong>500MHz ila 2GHz aral\u0131\u011f\u0131<\/strong> ve \u00f6tesinde.<\/p><p class=\"ds-markdown-paragraph\">Ancak, bu frekanslarda tutarl\u0131 performans elde etmek standart \u00fcretimden daha fazlas\u0131n\u0131 gerektirir. Hassas malzeme se\u00e7imi, s\u0131k\u0131 empedans kontrol\u00fc ve derin RF uzmanl\u0131\u011f\u0131na sahip bir \u00fcretim orta\u011f\u0131 gerektirir.<\/p><p align=\"center\"><a href=\"\/tr\/pcb-uretim-teklifi-alin\/\"><button style=\"background: black; color: white; padding: 10px 20px; border: none; cursor: pointer;\">PCB \u00dcretim Teklifi Al\u0131n<\/button><\/a><\/p><h4>Sinyal B\u00fct\u00fcnl\u00fc\u011f\u00fc i\u00e7in Kritik Malzeme Se\u00e7imi<\/h4><p class=\"ds-markdown-paragraph\">Herhangi bir y\u00fcksek frekans panosunun \u00e7ekirde\u011fi dielektrik malzemesidir. Standarttan farkl\u0131 olarak <a href=\"https:\/\/txjpcba.com\/tr\/fr4-pcb\/\">FR-4<\/a>, the\u00a0<strong>Dielektrik Sabiti (Dk veya Er)<\/strong>\u00a0bu \u00f6zel malzemelerin \u00e7al\u0131\u015fma frekans\u0131 boyunca sabit kalmas\u0131 gerekir. Herhangi bir de\u011fi\u015fiklik empedans\u0131 do\u011frudan etkileyerek sinyal kayb\u0131na veya yans\u0131maya yol a\u00e7ar.<\/p><figure id=\"attachment_3107\" aria-describedby=\"caption-attachment-3107\" style=\"width: 500px\" class=\"wp-caption aligncenter\"><img fetchpriority=\"high\" decoding=\"async\" class=\"size-full wp-image-3107\" src=\"https:\/\/txjpcba.com\/wp-content\/uploads\/2026\/02\/high-frequency-pcb.jpg\" alt=\"Y\u00fcksek Frekansl\u0131 PCB\" width=\"500\" height=\"372\" srcset=\"https:\/\/txjpcba.com\/wp-content\/uploads\/2026\/02\/high-frequency-pcb.jpg 500w, https:\/\/txjpcba.com\/wp-content\/uploads\/2026\/02\/high-frequency-pcb-300x223.jpg 300w, https:\/\/txjpcba.com\/wp-content\/uploads\/2026\/02\/high-frequency-pcb-16x12.jpg 16w\" sizes=\"(max-width: 500px) 100vw, 500px\" \/><figcaption id=\"caption-attachment-3107\" class=\"wp-caption-text\">Y\u00fcksek Frekansl\u0131 PCB<\/figcaption><\/figure><p class=\"ds-markdown-paragraph\">\u00d6nde gelen tasar\u0131mc\u0131lar a\u015fa\u011f\u0131daki gibi kan\u0131tlanm\u0131\u015f malzemelere y\u00f6neliyor\u00a0<strong>Rogers<\/strong>\u00a0\u00f6ng\u00f6r\u00fclebilir elektrik performanslar\u0131 i\u00e7in laminatlar. En yayg\u0131n olarak belirtilen malzemelerimiz \u015funlard\u0131r:<\/p><div class=\"ds-scroll-area ds-scroll-area--show-on-focus-within _1210dd7 c03cafe9\"><div class=\"ds-scroll-area__gutters\"><div class=\"ds-scroll-area__horizontal-gutter\">\u00a0<\/div><div class=\"ds-scroll-area__vertical-gutter\">\u00a0<\/div><\/div><table><thead><tr><th>Malzeme<\/th><th>Dielektrik Sabiti (Dk)<\/th><th>Anahtar Avantaj<\/th><\/tr><\/thead><tbody><tr><td><strong>RO4350B<\/strong><\/td><td>3,48 \u00b10,05 @ 10 GHz<\/td><td>Uygun maliyetli, otomotiv ve mikrodalga i\u00e7in ideal<\/td><\/tr><tr><td><strong>RO4003C<\/strong><\/td><td>3,38 \u00b10,05 @ 10 GHz<\/td><td>D\u00fc\u015f\u00fck kay\u0131p, FR-4 i\u015fleme ile uyumlu<\/td><\/tr><tr><td><strong>RO3003<\/strong><\/td><td>3,00 \u00b10,04 @ 10 GHz<\/td><td>Milimetre dalga uygulamalar\u0131 i\u00e7in \u00e7ok d\u00fc\u015f\u00fck kay\u0131p<\/td><\/tr><tr><td><strong>RT5880<\/strong><\/td><td>2,20 \u00b10,02 @ 10 GHz<\/td><td>En d\u00fc\u015f\u00fck kay\u0131p, maksimum performans i\u00e7in PTFE bazl\u0131<\/td><\/tr><tr><td><strong>RO3010<\/strong><\/td><td>10.2 \u00b10.30 @ 10 GHz<\/td><td>Devre boyutunu k\u00fc\u00e7\u00fcltmek i\u00e7in y\u00fcksek Dk<\/td><\/tr><\/tbody><\/table><\/div><h4>Hassas Empedans Kontrol\u00fc ve \u00dcretim Toleranslar\u0131<\/h4><p class=\"ds-markdown-paragraph\">Do\u011fru malzemeyi belirlemek zorlu\u011fun sadece yar\u0131s\u0131d\u0131r. Hedef empedans\u0131n\u0131za ula\u015fmak (tipik olarak \u00b110%) \u00fczerinde titiz bir s\u00fcre\u00e7 kontrol\u00fc gerektirir:<\/p><ul><li><p class=\"ds-markdown-paragraph\"><strong>\u0130letken geni\u015fli\u011fi ve aral\u0131\u011f\u0131:<\/strong>\u00a03mil\/3mil toleranslara g\u00f6re korunur.<\/p><\/li><li><p class=\"ds-markdown-paragraph\"><strong>Alt tabaka kal\u0131nl\u0131\u011f\u0131:<\/strong>\u00a0T\u00fcm panel boyunca kontrol edilir.<\/p><\/li><li><p class=\"ds-markdown-paragraph\"><strong>Bak\u0131r a\u011f\u0131rl\u0131\u011f\u0131:<\/strong>\u00a00,5oz'dan 2,0oz'a kadar bitmi\u015f se\u00e7enekler.<\/p><\/li><li><p class=\"ds-markdown-paragraph\"><strong>Y\u0131\u011f\u0131n tasar\u0131m\u0131:<\/strong>\u00a0\u00c7ok katmanl\u0131 RF yap\u0131lar\u0131 i\u00e7in uzman yard\u0131m\u0131.<\/p><\/li><\/ul><p class=\"ds-markdown-paragraph\">Y\u00fcksek frekansl\u0131 PCB yeteneklerimiz tekrarlanabilirlik i\u00e7in \u00fcretilmi\u015ftir:<\/p><div class=\"ds-scroll-area ds-scroll-area--show-on-focus-within _1210dd7 c03cafe9\"><div class=\"ds-scroll-area__gutters\"><div class=\"ds-scroll-area__horizontal-gutter\">\u00a0<\/div><div class=\"ds-scroll-area__vertical-gutter\">\u00a0<\/div><\/div><table><thead><tr><th>\u00d6zellik<\/th><th>Yetenek<\/th><\/tr><\/thead><tbody><tr><td><strong>Kalite S\u0131n\u0131f\u0131<\/strong><\/td><td>IPC S\u0131n\u0131f 2 (S\u0131n\u0131f 3 istek \u00fczerine temin edilebilir)<\/td><\/tr><tr><td><strong>Katmanlar<\/strong><\/td><td>2 - 24 katman<\/td><\/tr><tr><td><strong>Sipari\u015f Miktar\u0131<\/strong><\/td><td>1 prototip par\u00e7adan 10.000+ \u00fcretim birimine kadar<\/td><\/tr><tr><td><strong>Teslim S\u00fcresi<\/strong><\/td><td>H\u0131zl\u0131 d\u00f6n\u00fc\u015fl\u00fc prototipler i\u00e7in 2 g\u00fcnden karma\u015f\u0131k yap\u0131lar i\u00e7in 5 haftaya kadar<\/td><\/tr><tr><td><strong>Tahta Boyutu<\/strong><\/td><td>Min 6mm x 6mm ila Maks 457mm x 610mm<\/td><\/tr><tr><td><strong>Kal\u0131nl\u0131k<\/strong><\/td><td>0,4 mm - 5,0 mm<\/td><\/tr><tr><td><strong>Min \u0130z\/Aral\u0131k<\/strong><\/td><td>3mil \/ 3mil<\/td><\/tr><tr><td><strong>Empedans Tolerans\u0131<\/strong><\/td><td>\u00b110% (daha s\u0131k\u0131 mevcut)<\/td><\/tr><tr><td><strong>Y\u00fczey \u0130\u015flemleri<\/strong><\/td><td>ENIG, Dald\u0131rma G\u00fcm\u00fc\u015f, Dald\u0131rma Kalay, OSP (t\u00fcm\u00fc RoHS)<\/td><\/tr><\/tbody><\/table><\/div><h4>Fabrikasyonun \u00d6tesinde: Dan\u0131\u015fman M\u00fchendislik Yakla\u015f\u0131m\u0131<\/h4><p class=\"ds-markdown-paragraph\">Do\u011fru y\u00fcksek frekansl\u0131 PCB \u00e7\u00f6z\u00fcm\u00fcn\u00fc se\u00e7menin karma\u015f\u0131k olabilece\u011fini biliyoruz. M\u00fchendislik ekibimiz her a\u015famada pratik destek sa\u011flamaktad\u0131r:<\/p><ol start=\"1\"><li><p class=\"ds-markdown-paragraph\"><strong>Malzeme Se\u00e7im K\u0131lavuzu:<\/strong>\u00a0B\u00fct\u00e7eniz ve performans ihtiya\u00e7lar\u0131n\u0131z i\u00e7in hangi Rogers malzemesinin do\u011fru oldu\u011fundan emin de\u011fil misiniz? Net, kar\u015f\u0131la\u015ft\u0131rmal\u0131 tavsiyeler sunuyoruz.<\/p><\/li><li><p class=\"ds-markdown-paragraph\"><strong>RF Tasar\u0131mlar\u0131 i\u00e7in DFM:<\/strong>\u00a0Sinyal b\u00fct\u00fcnl\u00fc\u011f\u00fcnden \u00f6d\u00fcn vermeden \u00fcretilebilirli\u011fi sa\u011flamak i\u00e7in y\u0131\u011f\u0131n ve \u00f6zellik gereksinimlerinizi g\u00f6zden ge\u00e7iriyoruz.<\/p><\/li><li><p class=\"ds-markdown-paragraph\"><strong>\u0130leri Teknikler Mevcuttur:<\/strong>\u00a0HDI, alt\u0131n parmaklar, karbon ya\u011f\u0131 ve \u00f6zel montaj i\u00e7in hav\u015fa delikleri.<\/p><\/li><\/ol><h4>Y\u00fcksek Frekansl\u0131 PCB Projenize Ba\u015flay\u0131n<\/h4><p class=\"ds-markdown-paragraph\">Ayr\u0131nt\u0131l\u0131 bir fiyat teklifi almak i\u00e7in Gerber dosyalar\u0131n\u0131z\u0131 ve teknik \u00f6zelliklerinizi \u00e7evrimi\u00e7i sipari\u015f sistemimiz arac\u0131l\u0131\u011f\u0131yla g\u00f6ndermeniz yeterlidir. Listede yer almayan benzersiz malzeme veya teknik gereksinimleri olan projeler i\u00e7in, l\u00fctfen \u00f6zel bir \u00e7\u00f6z\u00fcm i\u00e7in do\u011frudan m\u00fchendislik ekibimizle ileti\u015fime ge\u00e7in.<\/p><p align=\"center\"><a href=\"\/tr\/pcb-uretim-teklifi-alin\/\"><button style=\"background: black; color: white; padding: 8px 20px; border: none; cursor: pointer;\">PCB \u00dcretim Teklifi Al\u0131n<\/button><\/a><\/p><p style=\"text-align: center;\">Otomotiv, end\u00fcstriyel, IoT veya t\u00fcketici elektroni\u011fi projeleri \u00fczerinde mi \u00e7al\u0131\u015f\u0131yorsunuz?<br \/>Profesyonel hizmet veriyoruz <a href=\"https:\/\/txjpcba.com\/tr\/pcb-montaji\/\">PCB montaj\u0131<\/a> SMT, DIP ve tam anahtar teslim \u00e7\u00f6z\u00fcmler dahil olmak \u00fczere hizmetler.<\/p><p style=\"text-align: center;\">BOM, Gerber dosyalar\u0131n\u0131z\u0131 veya proje gereksinimlerinizi bize g\u00f6nderin ve m\u00fchendislik ekibimizden h\u0131zl\u0131 ve do\u011fru bir fiyat teklifi al\u0131n.<\/p><p style=\"text-align: center;\">NDA Mevcut \u2714 24 Saat \u0130\u00e7inde H\u0131zl\u0131 Teklif \u2714 ISO Sertifikal\u0131 Fabrika \u2714 Tek Noktadan PCB ve PCBA Hizmeti<\/p>\t\t\t\t\t\t\t\t<\/div>\n\t\t\t\t<\/div>\n\t\t\t\t\t<\/div>\n\t\t\t\t<\/div>\n\t\t\t\t<\/div>","protected":false},"excerpt":{"rendered":"<p>High Frequency PCB For modern RF, microwave, and high-speed digital applications, standard PCB materials often fall short.\u00a0High Frequency PCBs\u00a0are engineered [&hellip;]<\/p>","protected":false},"author":1,"featured_media":0,"parent":0,"menu_order":0,"comment_status":"closed","ping_status":"closed","template":"","meta":{"site-sidebar-layout":"default","site-content-layout":"","ast-site-content-layout":"default","site-content-style":"default","site-sidebar-style":"default","ast-global-header-display":"","ast-banner-title-visibility":"","ast-main-header-display":"","ast-hfb-above-header-display":"","ast-hfb-below-header-display":"","ast-hfb-mobile-header-display":"","site-post-title":"","ast-breadcrumbs-content":"","ast-featured-img":"","footer-sml-layout":"","theme-transparent-header-meta":"default","adv-header-id-meta":"","stick-header-meta":"","header-above-stick-meta":"","header-main-stick-meta":"","header-below-stick-meta":"","astra-migrate-meta-layouts":"set","ast-page-background-enabled":"default","ast-page-background-meta":{"desktop":{"background-color":"var(--ast-global-color-5)","background-image":"","background-repeat":"repeat","background-position":"center center","background-size":"auto","background-attachment":"scroll","background-type":"","background-media":"","overlay-type":"","overlay-color":"","overlay-opacity":"","overlay-gradient":""},"tablet":{"background-color":"","background-image":"","background-repeat":"repeat","background-position":"center center","background-size":"auto","background-attachment":"scroll","background-type":"","background-media":"","overlay-type":"","overlay-color":"","overlay-opacity":"","overlay-gradient":""},"mobile":{"background-color":"","background-image":"","background-repeat":"repeat","background-position":"center center","background-size":"auto","background-attachment":"scroll","background-type":"","background-media":"","overlay-type":"","overlay-color":"","overlay-opacity":"","overlay-gradient":""}},"ast-content-background-meta":{"desktop":{"background-color":"var(--ast-global-color-4)","background-image":"","background-repeat":"repeat","background-position":"center center","background-size":"auto","background-attachment":"scroll","background-type":"","background-media":"","overlay-type":"","overlay-color":"","overlay-opacity":"","overlay-gradient":""},"tablet":{"background-color":"var(--ast-global-color-4)","background-image":"","background-repeat":"repeat","background-position":"center center","background-size":"auto","background-attachment":"scroll","background-type":"","background-media":"","overlay-type":"","overlay-color":"","overlay-opacity":"","overlay-gradient":""},"mobile":{"background-color":"var(--ast-global-color-4)","background-image":"","background-repeat":"repeat","background-position":"center center","background-size":"auto","background-attachment":"scroll","background-type":"","background-media":"","overlay-type":"","overlay-color":"","overlay-opacity":"","overlay-gradient":""}},"footnotes":""},"class_list":["post-5845","page","type-page","status-publish","hentry"],"_links":{"self":[{"href":"https:\/\/txjpcba.com\/tr\/wp-json\/wp\/v2\/pages\/5845","targetHints":{"allow":["GET"]}}],"collection":[{"href":"https:\/\/txjpcba.com\/tr\/wp-json\/wp\/v2\/pages"}],"about":[{"href":"https:\/\/txjpcba.com\/tr\/wp-json\/wp\/v2\/types\/page"}],"author":[{"embeddable":true,"href":"https:\/\/txjpcba.com\/tr\/wp-json\/wp\/v2\/users\/1"}],"replies":[{"embeddable":true,"href":"https:\/\/txjpcba.com\/tr\/wp-json\/wp\/v2\/comments?post=5845"}],"version-history":[{"count":15,"href":"https:\/\/txjpcba.com\/tr\/wp-json\/wp\/v2\/pages\/5845\/revisions"}],"predecessor-version":[{"id":5863,"href":"https:\/\/txjpcba.com\/tr\/wp-json\/wp\/v2\/pages\/5845\/revisions\/5863"}],"wp:attachment":[{"href":"https:\/\/txjpcba.com\/tr\/wp-json\/wp\/v2\/media?parent=5845"}],"curies":[{"name":"wp","href":"https:\/\/api.w.org\/{rel}","templated":true}]}}