{"id":5817,"date":"2026-04-22T15:04:25","date_gmt":"2026-04-22T07:04:25","guid":{"rendered":"https:\/\/txjpcba.com\/?page_id=5817"},"modified":"2026-04-22T15:27:22","modified_gmt":"2026-04-22T07:27:22","slug":"bilesen-tedariki","status":"publish","type":"page","link":"https:\/\/txjpcba.com\/tr\/bilesen-tedariki\/","title":{"rendered":"PCB Montaj\u0131 i\u00e7in Stratejik Bile\u015fen Tedariki"},"content":{"rendered":"<div data-elementor-type=\"wp-page\" data-elementor-id=\"5817\" class=\"elementor elementor-5817\" data-elementor-post-type=\"page\">\n\t\t\t\t<div class=\"elementor-element elementor-element-5f74448d e-con-full e-flex e-con e-parent\" data-id=\"5f74448d\" data-element_type=\"container\" data-settings=\"{&quot;background_background&quot;:&quot;classic&quot;}\">\n\t\t\t\t<\/div>\n\t\t<div class=\"elementor-element elementor-element-6817ac6d e-flex e-con-boxed e-con e-parent\" data-id=\"6817ac6d\" data-element_type=\"container\">\n\t\t\t\t\t<div class=\"e-con-inner\">\n\t\t\t\t<div class=\"elementor-element elementor-element-3efc5fa0 elementor-widget elementor-widget-text-editor\" data-id=\"3efc5fa0\" data-element_type=\"widget\" data-widget_type=\"text-editor.default\">\n\t\t\t\t<div class=\"elementor-widget-container\">\n\t\t\t\t\t\t\t\t\t<h2>PCB Montaj\u0131 i\u00e7in Stratejik Bile\u015fen Tedariki | Risk ve K\u0131tl\u0131klar\u0131 Azalt\u0131n<\/h2><p class=\"ds-markdown-paragraph\">G\u00fcn\u00fcm\u00fcz\u00fcn de\u011fi\u015fken elektronik piyasas\u0131nda, <strong>strateji\u0307k bi\u0307le\u015fen tedari\u0307\u011fi\u0307<\/strong>\u00a0PCB montaj\u0131n\u0131n kendisi kadar kritiktir. OEM'ler, yeni ba\u015flayanlar ve m\u00fchendislik ekipleri i\u00e7in, \u00f6zellikle k\u00fcresel k\u0131tl\u0131klar s\u0131ras\u0131nda orijinal, g\u00fcvenilir bile\u015fenleri g\u00fcvence alt\u0131na almak, \u00fcr\u00fcn lansman zaman \u00e7izelgenizi olu\u015fturabilir veya bozabilir.<\/p><p class=\"ds-markdown-paragraph\">Bir\u00e7ok \u00fcretici yaln\u0131zca pano \u00fcretimine odaklan\u0131rken, ger\u00e7ek anlamda bir\u00a0<strong>tam anahtar tesli\u0307m ortak<\/strong>\u00a0sa\u011flam bile\u015fen tedariki ve tedarik zinciri y\u00f6netimi ile farkl\u0131la\u015fmaktad\u0131r. \u0130\u015fte profesyonel bir bile\u015fen tedarik hizmetinin projeleriniz i\u00e7in sunmas\u0131 gerekenler.<\/p><figure id=\"attachment_3666\" aria-describedby=\"caption-attachment-3666\" style=\"width: 365px\" class=\"wp-caption aligncenter\"><img fetchpriority=\"high\" decoding=\"async\" class=\"size-full wp-image-3666\" src=\"https:\/\/txjpcba.com\/wp-content\/uploads\/2026\/03\/pcb-components.jpg\" alt=\"Elektronik Komponent Tedariki\" width=\"365\" height=\"234\" srcset=\"https:\/\/txjpcba.com\/wp-content\/uploads\/2026\/03\/pcb-components.jpg 365w, https:\/\/txjpcba.com\/wp-content\/uploads\/2026\/03\/pcb-components-300x192.jpg 300w, https:\/\/txjpcba.com\/wp-content\/uploads\/2026\/03\/pcb-components-18x12.jpg 18w\" sizes=\"(max-width: 365px) 100vw, 365px\" \/><figcaption id=\"caption-attachment-3666\" class=\"wp-caption-text\">Elektronik Komponent Tedariki<\/figcaption><\/figure><h4>1.\u00a0<strong>Proaktif Tedarik Zinciri Y\u00f6netimi<\/strong><\/h4><p class=\"ds-markdown-paragraph\">Par\u00e7a sat\u0131n almaya y\u00f6nelik reaktif bir yakla\u015f\u0131m gecikmelere yol a\u00e7ar. \u00d6nde gelen sa\u011flay\u0131c\u0131lar \u015funlardan yararlan\u0131r\u00a0<strong>ger\u00e7ek zamanl\u0131 envanter veritabanlar\u0131<\/strong>\u00a0ve franchise distrib\u00fct\u00f6rlerle (DigiKey, Mouser ve Arrow gibi) uzun s\u00fcreli ili\u015fkiler kurarak bile\u015fenleri piyasaya \u00e7\u0131kmadan \u00f6nce tedarik etmektedir. Bu, a\u015fa\u011f\u0131dakileri tan\u0131mlamay\u0131 i\u00e7erir\u00a0<strong>Bulunmas\u0131 zor (HTF)<\/strong>\u00a0ve\u00a0<strong>ya\u015fam sonu (EOL)<\/strong>\u00a0par\u00e7alar\u0131 tasar\u0131m a\u015famas\u0131n\u0131n ba\u015flar\u0131nda.<\/p><h4>2.\u00a0<strong>100% Orijinallik ve \u0130zlenebilirlik<\/strong><\/h4><p class=\"ds-markdown-paragraph\">Sahte bile\u015fenler b\u00fcy\u00fcyen bir tehdittir. Tedarik orta\u011f\u0131n\u0131z \u015funlar\u0131 garanti etmelidir\u00a0<strong>\u00f6zg\u00fcnl\u00fck<\/strong>\u00a0arac\u0131l\u0131\u011f\u0131yla:<\/p><ul><li><p class=\"ds-markdown-paragraph\"><strong>Yaln\u0131zca yetkili distrib\u00fct\u00f6rler:<\/strong>\u00a0Gri piyasa veya g\u00fcvenilmeyen kaynaklar yok.<\/p><\/li><li><p class=\"ds-markdown-paragraph\"><strong>Tam izlenebilirlik:<\/strong>\u00a0Her makara i\u00e7in lot numaralar\u0131, tarih kodlar\u0131 ve \u00fcretici sertifikalar\u0131.<\/p><\/li><li><p class=\"ds-markdown-paragraph\"><strong>G\u00f6rsel ve elektriksel inceleme:<\/strong>\u00a0Bile\u015fenler teslim al\u0131nd\u0131ktan sonra spesifikasyonlara g\u00f6re do\u011frulan\u0131r.<\/p><\/li><\/ul><h4>3.\u00a0<strong>Sat\u0131n Alma i\u00e7in Tasar\u0131m (DFP) Deste\u011fi<\/strong><\/h4><p class=\"ds-markdown-paragraph\">Bir k\u0131tl\u0131\u011f\u0131 \u00f6nlemenin en iyi yolu, onu tasarlamakt\u0131r. CM'niz \u015funlar\u0131 sunmal\u0131d\u0131r\u00a0<strong>DFP incelemeleri<\/strong>, BOM'unuzu tamamlamadan \u00f6nce kritik bile\u015fenler i\u00e7in alternatif pin uyumlu par\u00e7alar veya \u00e7oklu kaynak se\u00e7enekleri \u00f6nerir. Bu \u00f6n \u00e7al\u0131\u015fma, maliyetli son dakika yeniden tasar\u0131mlar\u0131n\u0131 \u00f6nler.<\/p><h4>4.\u00a0<strong>Esnek Kaynak Sa\u011flama Modelleri<\/strong><\/h4><p class=\"ds-markdown-paragraph\">Profesyonel bir hizmet i\u015f modelinizi destekler:<\/p><ul><li><p class=\"ds-markdown-paragraph\"><strong>Konsinye:<\/strong>\u00a0Siz par\u00e7alar\u0131 tedarik edersiniz, biz montaj\u0131n\u0131 yapar\u0131z.<\/p><\/li><li><p class=\"ds-markdown-paragraph\"><strong>K\u0131smi Anahtar Teslim:<\/strong>\u00a0Bulunmas\u0131 zor bile\u015fenleri biz tedarik ediyoruz; gerisini siz sa\u011fl\u0131yorsunuz.<\/p><\/li><li><p class=\"ds-markdown-paragraph\"><strong>Tam anahtar teslim:<\/strong>\u00a0Pasiflerden IC'lere kadar 100% sat\u0131n alma i\u015flemini y\u00f6netiyoruz.<\/p><\/li><\/ul><h4>5.\u00a0<strong>Kitleme ve Envanter Y\u00f6netimi<\/strong><\/h4><p class=\"ds-markdown-paragraph\">Sat\u0131n alman\u0131n \u00f6tesinde, verimli\u00a0<strong>kitleme<\/strong>-Bile\u015fenlerin do\u011fruland\u0131\u011f\u0131, depoland\u0131\u011f\u0131 ve yap\u0131n\u0131za g\u00f6re haz\u0131rland\u0131\u011f\u0131 montaj hatt\u0131ndaki hatalar\u0131 azalt\u0131r. Baz\u0131 ortaklar ayr\u0131ca \u015funlar\u0131 da sunar\u00a0<strong>g\u00fcmr\u00fckl\u00fc envanter<\/strong>, Fiyatland\u0131rma ve teslim s\u00fcrelerini kilitlemek i\u00e7in onayl\u0131 par\u00e7alar\u0131n\u0131z\u0131 birden fazla \u00fcretim \u00e7al\u0131\u015fmas\u0131 i\u00e7in stoklay\u0131n.<\/p><h4>Bir Bile\u015fen Tedarik Orta\u011f\u0131 Nas\u0131l De\u011ferlendirilir?<\/h4><p class=\"ds-markdown-paragraph\">\u00dcr\u00fcn A\u011fac\u0131n\u0131z\u0131 payla\u015fmadan \u00f6nce potansiyel ortaklar\u0131n\u0131za \u015fu \u00fc\u00e7 soruyu sorun:<\/p><ol start=\"1\"><li><p class=\"ds-markdown-paragraph\">EOL veya eski bile\u015fenleri tedarik etme s\u00fcreciniz nedir?<\/p><\/li><li><p class=\"ds-markdown-paragraph\">Orijinal \u00fcreticiden bir Uygunluk Sertifikas\u0131 (CoC) sa\u011flayabilir misiniz?<\/p><\/li><li><p class=\"ds-markdown-paragraph\">Tamamen tedarik edilmi\u015f bile\u015fenler i\u00e7in garantili bir teslim s\u00fcresi sunuyor musunuz?<\/p><\/li><\/ol><p class=\"ds-markdown-paragraph\">Bir bile\u015fen tedarik stratejisi sadece par\u00e7a sat\u0131n almakla ilgili de\u011fildir; ayn\u0131 zamanda\u00a0<strong>t\u00fcm \u00fcretim ya\u015fam d\u00f6ng\u00fcn\u00fcz\u00fc riskten ar\u0131nd\u0131rma<\/strong>. Kaynak bulmay\u0131 sonradan d\u00fc\u015f\u00fcn\u00fclen bir lojistik de\u011fil, bir m\u00fchendislik disiplini olarak ele alan bir CM ile ortakl\u0131k yapmak, prototipinizin g\u00fcvenilir ve \u00f6l\u00e7eklenebilir bir \u00fcr\u00fcn haline gelmesini sa\u011flar.<\/p>\t\t\t\t\t\t\t\t<\/div>\n\t\t\t\t<\/div>\n\t\t\t\t\t<\/div>\n\t\t\t\t<\/div>\n\t\t\t\t<\/div>","protected":false},"excerpt":{"rendered":"<p>Strategic Component Sourcing for PCB Assembly | Mitigate Risk &amp; Shortages In today\u2019s volatile electronics market, strategic component sourcing\u00a0is as [&hellip;]<\/p>","protected":false},"author":1,"featured_media":0,"parent":0,"menu_order":0,"comment_status":"closed","ping_status":"closed","template":"","meta":{"site-sidebar-layout":"default","site-content-layout":"","ast-site-content-layout":"default","site-content-style":"default","site-sidebar-style":"default","ast-global-header-display":"","ast-banner-title-visibility":"","ast-main-header-display":"","ast-hfb-above-header-display":"","ast-hfb-below-header-display":"","ast-hfb-mobile-header-display":"","site-post-title":"","ast-breadcrumbs-content":"","ast-featured-img":"","footer-sml-layout":"","theme-transparent-header-meta":"default","adv-header-id-meta":"","stick-header-meta":"","header-above-stick-meta":"","header-main-stick-meta":"","header-below-stick-meta":"","astra-migrate-meta-layouts":"set","ast-page-background-enabled":"default","ast-page-background-meta":{"desktop":{"background-color":"var(--ast-global-color-5)","background-image":"","background-repeat":"repeat","background-position":"center center","background-size":"auto","background-attachment":"scroll","background-type":"","background-media":"","overlay-type":"","overlay-color":"","overlay-opacity":"","overlay-gradient":""},"tablet":{"background-color":"","background-image":"","background-repeat":"repeat","background-position":"center center","background-size":"auto","background-attachment":"scroll","background-type":"","background-media":"","overlay-type":"","overlay-color":"","overlay-opacity":"","overlay-gradient":""},"mobile":{"background-color":"","background-image":"","background-repeat":"repeat","background-position":"center center","background-size":"auto","background-attachment":"scroll","background-type":"","background-media":"","overlay-type":"","overlay-color":"","overlay-opacity":"","overlay-gradient":""}},"ast-content-background-meta":{"desktop":{"background-color":"var(--ast-global-color-4)","background-image":"","background-repeat":"repeat","background-position":"center center","background-size":"auto","background-attachment":"scroll","background-type":"","background-media":"","overlay-type":"","overlay-color":"","overlay-opacity":"","overlay-gradient":""},"tablet":{"background-color":"var(--ast-global-color-4)","background-image":"","background-repeat":"repeat","background-position":"center center","background-size":"auto","background-attachment":"scroll","background-type":"","background-media":"","overlay-type":"","overlay-color":"","overlay-opacity":"","overlay-gradient":""},"mobile":{"background-color":"var(--ast-global-color-4)","background-image":"","background-repeat":"repeat","background-position":"center center","background-size":"auto","background-attachment":"scroll","background-type":"","background-media":"","overlay-type":"","overlay-color":"","overlay-opacity":"","overlay-gradient":""}},"footnotes":""},"class_list":["post-5817","page","type-page","status-publish","hentry"],"_links":{"self":[{"href":"https:\/\/txjpcba.com\/tr\/wp-json\/wp\/v2\/pages\/5817","targetHints":{"allow":["GET"]}}],"collection":[{"href":"https:\/\/txjpcba.com\/tr\/wp-json\/wp\/v2\/pages"}],"about":[{"href":"https:\/\/txjpcba.com\/tr\/wp-json\/wp\/v2\/types\/page"}],"author":[{"embeddable":true,"href":"https:\/\/txjpcba.com\/tr\/wp-json\/wp\/v2\/users\/1"}],"replies":[{"embeddable":true,"href":"https:\/\/txjpcba.com\/tr\/wp-json\/wp\/v2\/comments?post=5817"}],"version-history":[{"count":21,"href":"https:\/\/txjpcba.com\/tr\/wp-json\/wp\/v2\/pages\/5817\/revisions"}],"predecessor-version":[{"id":5844,"href":"https:\/\/txjpcba.com\/tr\/wp-json\/wp\/v2\/pages\/5817\/revisions\/5844"}],"wp:attachment":[{"href":"https:\/\/txjpcba.com\/tr\/wp-json\/wp\/v2\/media?parent=5817"}],"curies":[{"name":"wp","href":"https:\/\/api.w.org\/{rel}","templated":true}]}}