{"id":5371,"date":"2026-04-18T16:00:40","date_gmt":"2026-04-18T08:00:40","guid":{"rendered":"https:\/\/txjpcba.com\/?page_id=5371"},"modified":"2026-04-19T00:27:51","modified_gmt":"2026-04-18T16:27:51","slug":"standart-pcb","status":"publish","type":"page","link":"https:\/\/txjpcba.com\/tr\/standart-pcb\/","title":{"rendered":"Standart PCB"},"content":{"rendered":"<div data-elementor-type=\"wp-page\" data-elementor-id=\"5371\" class=\"elementor elementor-5371\" data-elementor-post-type=\"page\">\n\t\t\t\t<div class=\"elementor-element elementor-element-26250b35 e-flex e-con-boxed e-con e-parent\" data-id=\"26250b35\" data-element_type=\"container\">\n\t\t\t\t\t<div class=\"e-con-inner\">\n\t\t\t\t<div class=\"elementor-element elementor-element-1f28d18 elementor-widget elementor-widget-heading\" data-id=\"1f28d18\" data-element_type=\"widget\" data-widget_type=\"heading.default\">\n\t\t\t\t<div class=\"elementor-widget-container\">\n\t\t\t\t\t<h1 class=\"elementor-heading-title elementor-size-default\">Standart PCB<\/h1>\t\t\t\t<\/div>\n\t\t\t\t<\/div>\n\t\t\t\t<div class=\"elementor-element elementor-element-4a543fca elementor-widget elementor-widget-text-editor\" data-id=\"4a543fca\" data-element_type=\"widget\" data-widget_type=\"text-editor.default\">\n\t\t\t\t<div class=\"elementor-widget-container\">\n\t\t\t\t\t\t\t\t\t<p>Here at TXJPCBA, Standard PCB service refers to full feature printed circuit board manufacturing service. With 10+ years&#8217; experience in PCB fabrication, we have handled hundreds of thousands of PCB projects, and covered almost all kinds of substrate materials including FR4 Standard, Aluminum, Rogers, etc. This page only touches standard FR4 based PCB. For PCBs with special technical substrate, please refer to corresponding webpages for information.<\/p><p style=\"text-align: center;\"><a class=\"btn-quote\" href=\"https:\/\/txjpcba.com\/tr\/pcb-uretim-teklifi-alin\/\" target=\"_blank\" rel=\"noopener noreferrer\">PCB \u00dcretim Teklifi Al\u0131n<br \/><span class=\"arrow\">\u203a<\/span><br \/><\/a><\/p><p>Prototip PCB hizmetinden farkl\u0131 olarak, Standart PCB hizmetimiz daha s\u0131k\u0131 \u00fcretim toleranslar\u0131na sahiptir. A\u015fa\u011f\u0131daki iki makale, bu iki hizmetin tan\u0131t\u0131mlar\u0131 ve farkl\u0131l\u0131klar\u0131 hakk\u0131nda size yeterli bilgi verecektir:<\/p><ul><li>\u00a0PCB Prototip ve Standart PCB \u00dcretim Hizmetleri Kar\u015f\u0131la\u015ft\u0131rmas\u0131<\/li><li>\u00a0PCB Prototip Hizmeti ne zaman kullan\u0131lmal\u0131 ve Standart PCB Hizmetine ne zaman ge\u00e7ilmeli<\/li><\/ul><p>Tasar\u0131m\u0131n\u0131z prototip a\u015famas\u0131ndan \u00fcretim a\u015famas\u0131na ge\u00e7meye haz\u0131r oldu\u011funda Standart PCB hizmetini kullanman\u0131z \u00f6nerilir. \u0130ki g\u00fcn gibi k\u0131sa bir s\u00fcrede 10 milyon par\u00e7aya kadar y\u00fcksek kaliteli PCB \u00fcretebiliriz. Projenizi beklenen i\u015flev ve daha fazla olas\u0131l\u0131kla donatmak i\u00e7in Standart PCB hizmetleri i\u00e7in geli\u015fmi\u015f \u00f6zellikler sunuyoruz. Kapsaml\u0131 yetenekler a\u015fa\u011f\u0131daki tabloda bulunabilir:<\/p><table><tbody><tr class=\"firstRow\"><td bgcolor=\"#2baf75\">\u00d6zellik<\/td><td bgcolor=\"#2baf75\">Yetenek<\/td><\/tr><tr><td>Kalite S\u0131n\u0131f\u0131<\/td><td>Standart IPC 2<\/td><\/tr><tr><td>Katman Say\u0131s\u0131<\/td><td>1 - 32 katmanl\u0131<\/td><\/tr><tr><td>Sipari\u015f Miktar\u0131<\/td><td>1 adet - 10.000.000 adet<\/td><\/tr><tr><td>\u0130n\u015fa S\u00fcresi<\/td><td>2 g\u00fcn - 5 hafta (H\u0131zland\u0131r\u0131lm\u0131\u015f Servis)<\/td><\/tr><tr><td>Malzeme<\/td><td>FR-4 Standart Tg 150\u00b0C, FR4-Y\u00fcksek Tg 170\u00b0C, FR4-Y\u00fcksek-Tg 180\u00b0C, FR4-Halojensiz, FR4-Halojensiz &amp; Y\u00fcksek-Tg<\/td><\/tr><tr><td>Tahta Boyutu<\/td><td>Min 6*6mm | Maks 600*700mm<\/td><\/tr><tr><td>Kart boyutu tolerans\u0131<\/td><td>\u00b10,1 mm - \u00b10,3 mm<\/td><\/tr><tr><td>Levha Kal\u0131nl\u0131\u011f\u0131<\/td><td>0,4 mm - 3,2 mm<\/td><\/tr><tr><td>Levha Kal\u0131nl\u0131\u011f\u0131 Tolerans\u0131<\/td><td>\u00b10,1 mm - \u00b110%<\/td><\/tr><tr><td>Bak\u0131r A\u011f\u0131rl\u0131k<\/td><td>0.5oz - 6.0oz<\/td><\/tr><tr><td>\u0130\u00e7 Katman Bak\u0131r A\u011f\u0131rl\u0131\u011f\u0131<\/td><td>0.5oz - 2.0oz<\/td><\/tr><tr><td>Bak\u0131r Kal\u0131nl\u0131\u011f\u0131 Tolerans\u0131<\/td><td>+0\u03bcm +20\u03bcm<\/td><\/tr><tr><td>Min \u0130zleme\/Aral\u0131k<\/td><td>3mil\/3mil<\/td><\/tr><tr><td>Lehim Maskesi Taraflar\u0131<\/td><td>Dosyaya g\u00f6re<\/td><\/tr><tr><td>Lehim Maskesi Rengi<\/td><td>Ye\u015fil, Beyaz, Mavi, Siyah, K\u0131rm\u0131z\u0131, Sar\u0131<\/td><\/tr><tr><td>Serigrafi Taraflar<\/td><td>Dosyaya g\u00f6re<\/td><\/tr><tr><td>Serigrafi Renk<\/td><td>Beyaz, Mavi, Siyah, K\u0131rm\u0131z\u0131, Sar\u0131<\/td><\/tr><tr><td>Y\u00fczey \u0130\u015flemi<\/td><td>HASL - S\u0131cak Hava Lehim Tesviyesi<br \/>Kur\u015funsuz HASL - RoHS<br \/>ENIG - Ak\u0131ms\u0131z Nikel\/\u0130mmersiyon Alt\u0131n - RoHS<br \/>ENEPIG- Ak\u0131ms\u0131z Nikel Ak\u0131ms\u0131z Paladyum Dald\u0131rma Alt\u0131n - RoHS<br \/>Dald\u0131rma G\u00fcm\u00fc\u015f - RoHS<br \/>Dald\u0131rma Kalay - RoHS<br \/>OSP -Organik Lehimlenebilirlik Koruyucular\u0131 - RoHS<\/td><\/tr><tr><td>Min Dairesel Halka<\/td><td>3 milyon<\/td><\/tr><tr><td>Min Delme Delik \u00c7ap\u0131<\/td><td>6mil, 4mil-lazer matkap<\/td><\/tr><tr><td>Min Kesme Geni\u015fli\u011fi (NPTH)<\/td><td>0,8 mm<\/td><\/tr><tr><td>NPTH Delik Boyutu Tolerans\u0131<\/td><td>\u00b1.002\u2033 (\u00b10,05 mm)<\/td><\/tr><tr><td>Min Yuva Deli\u011fi Geni\u015fli\u011fi (PTH)<\/td><td>0.6mm<\/td><\/tr><tr><td>PTH Delik Boyutu Tolerans\u0131<\/td><td>\u00b1.003\u2033 (\u00b10.08mm) - \u00b14mil<\/td><\/tr><tr><td>Y\u00fczey\/Delik Kaplama Kal\u0131nl\u0131\u011f\u0131<\/td><td>20\u03bcm - 30\u03bcm<\/td><\/tr><tr><td>SM Tolerans\u0131 (LPI)<\/td><td>.003\u2033 (0,075 mm)<\/td><\/tr><tr><td>En Boy Oran\u0131<\/td><td>1.10 (delik boyutu: levha kal\u0131nl\u0131\u011f\u0131)<\/td><\/tr><tr><td>Test<\/td><td>10V - 250V, u\u00e7an prob veya test fikst\u00fcr\u00fc<\/td><\/tr><tr><td>Empedans tolerans\u0131<\/td><td>\u00b15% - \u00b110%<\/td><\/tr><tr><td>SMD Aral\u0131\u011f\u0131<\/td><td>0,2 mm (8mil)<\/td><\/tr><tr><td>BGA Aral\u0131\u011f\u0131<\/td><td>0,2 mm (8mil)<\/td><\/tr><tr><td>Alt\u0131n Parmak Pah\u0131<\/td><td>20, 30, 45, 60<\/td><\/tr><tr><td>Di\u011fer Teknikler<\/td><td>Alt\u0131n parmaklar<br \/>K\u00f6r ve G\u00f6m\u00fcl\u00fc Delikler<br \/>soyulabilir lehim maskesi<br \/>Kenar kaplama<br \/>Karbon Maske<br \/>Kapton bant<br \/>Hav\u015fa\/kar\u015f\u0131 delik<br \/>Yar\u0131m kesilmi\u015f\/Kastellenmi\u015f delik<br \/>Pres ge\u00e7me deli\u011fi<br \/>\u00c7ad\u0131rl\u0131\/re\u00e7ine ile kapl\u0131<br \/>T\u0131kal\u0131\/re\u00e7ine ile doldurulmu\u015f<br \/>Via in pad<br \/>Elektriksel Test<\/td><\/tr><\/tbody><\/table><h2>TXJPCBA ile Standart PCB'ye G\u00f6re Avantajlar\u0131<\/h2><p>TXJPCBA, prototipten fabrikasyona ve montaja kadar her \u015feyi halledebilen tam hizmet anahtar teslimi bir PCB \u00e7\u00f6z\u00fcm\u00fcd\u00fcr. 10'dan fazla y\u0131ld\u0131r y\u00fcksek kaliteli standart PCB \u00fcretiyoruz ve ISO9001: 2008 kalite standartlar\u0131yla tamamen uyumluyuz. T\u00fcm standart PCB'lerimiz IPC2 uyumludur ve tesisinize gelen kart\u0131n g\u00fcvenebilece\u011finizi bildi\u011finiz bir kart olmas\u0131n\u0131 sa\u011flamak i\u00e7in s\u0131k\u0131 i\u00e7 kalite g\u00fcvence testleri yap\u0131yoruz.<\/p><p>We offer <a href=\"https:\/\/txjpcba.com\/tr\">PCB solutions<\/a> that fit your budget. You can order just a few prototype boards to test your design, and then place a bulk order for your standard PCBs to save even more money. We&amp;rsquo;ll give you a free instant quote so you&amp;rsquo;ll know just want to expect and so that you can plan accordingly. We also offer complete technical support from PCB experts. Call us up, chat online or email us with any questions, whichever is the most convenient for you. We&amp;rsquo;ll handle your concerns or questions as quickly as possible. We have obtained over 99 percent customer satisfaction rate, and as soon as you start ordering printed circuit boards from TXJPCBA, you&amp;rsquo;ll find out why.<\/p>\t\t\t\t\t\t\t\t<\/div>\n\t\t\t\t<\/div>\n\t\t\t\t\t<\/div>\n\t\t\t\t<\/div>\n\t\t\t\t<\/div>","protected":false},"excerpt":{"rendered":"<p>Standard PCB Here at TXJPCBA, Standard PCB service refers to full feature printed circuit board manufacturing service. With 10+ years&#8217; [&hellip;]<\/p>","protected":false},"author":1,"featured_media":0,"parent":0,"menu_order":0,"comment_status":"closed","ping_status":"closed","template":"elementor_header_footer","meta":{"site-sidebar-layout":"default","site-content-layout":"","ast-site-content-layout":"default","site-content-style":"default","site-sidebar-style":"default","ast-global-header-display":"","ast-banner-title-visibility":"","ast-main-header-display":"","ast-hfb-above-header-display":"","ast-hfb-below-header-display":"","ast-hfb-mobile-header-display":"","site-post-title":"","ast-breadcrumbs-content":"","ast-featured-img":"","footer-sml-layout":"","theme-transparent-header-meta":"default","adv-header-id-meta":"","stick-header-meta":"","header-above-stick-meta":"","header-main-stick-meta":"","header-below-stick-meta":"","astra-migrate-meta-layouts":"set","ast-page-background-enabled":"default","ast-page-background-meta":{"desktop":{"background-color":"var(--ast-global-color-5)","background-image":"","background-repeat":"repeat","background-position":"center center","background-size":"auto","background-attachment":"scroll","background-type":"","background-media":"","overlay-type":"","overlay-color":"","overlay-opacity":"","overlay-gradient":""},"tablet":{"background-color":"","background-image":"","background-repeat":"repeat","background-position":"center center","background-size":"auto","background-attachment":"scroll","background-type":"","background-media":"","overlay-type":"","overlay-color":"","overlay-opacity":"","overlay-gradient":""},"mobile":{"background-color":"","background-image":"","background-repeat":"repeat","background-position":"center center","background-size":"auto","background-attachment":"scroll","background-type":"","background-media":"","overlay-type":"","overlay-color":"","overlay-opacity":"","overlay-gradient":""}},"ast-content-background-meta":{"desktop":{"background-color":"var(--ast-global-color-4)","background-image":"","background-repeat":"repeat","background-position":"center center","background-size":"auto","background-attachment":"scroll","background-type":"","background-media":"","overlay-type":"","overlay-color":"","overlay-opacity":"","overlay-gradient":""},"tablet":{"background-color":"var(--ast-global-color-4)","background-image":"","background-repeat":"repeat","background-position":"center center","background-size":"auto","background-attachment":"scroll","background-type":"","background-media":"","overlay-type":"","overlay-color":"","overlay-opacity":"","overlay-gradient":""},"mobile":{"background-color":"var(--ast-global-color-4)","background-image":"","background-repeat":"repeat","background-position":"center center","background-size":"auto","background-attachment":"scroll","background-type":"","background-media":"","overlay-type":"","overlay-color":"","overlay-opacity":"","overlay-gradient":""}},"footnotes":""},"class_list":["post-5371","page","type-page","status-publish","hentry"],"_links":{"self":[{"href":"https:\/\/txjpcba.com\/tr\/wp-json\/wp\/v2\/pages\/5371","targetHints":{"allow":["GET"]}}],"collection":[{"href":"https:\/\/txjpcba.com\/tr\/wp-json\/wp\/v2\/pages"}],"about":[{"href":"https:\/\/txjpcba.com\/tr\/wp-json\/wp\/v2\/types\/page"}],"author":[{"embeddable":true,"href":"https:\/\/txjpcba.com\/tr\/wp-json\/wp\/v2\/users\/1"}],"replies":[{"embeddable":true,"href":"https:\/\/txjpcba.com\/tr\/wp-json\/wp\/v2\/comments?post=5371"}],"version-history":[{"count":53,"href":"https:\/\/txjpcba.com\/tr\/wp-json\/wp\/v2\/pages\/5371\/revisions"}],"predecessor-version":[{"id":5479,"href":"https:\/\/txjpcba.com\/tr\/wp-json\/wp\/v2\/pages\/5371\/revisions\/5479"}],"wp:attachment":[{"href":"https:\/\/txjpcba.com\/tr\/wp-json\/wp\/v2\/media?parent=5371"}],"curies":[{"name":"wp","href":"https:\/\/api.w.org\/{rel}","templated":true}]}}