{"id":3349,"date":"2026-03-03T11:34:29","date_gmt":"2026-03-03T03:34:29","guid":{"rendered":"https:\/\/txjpcba.com\/?page_id=3349"},"modified":"2026-03-03T11:35:40","modified_gmt":"2026-03-03T03:35:40","slug":"site-haritasi","status":"publish","type":"page","link":"https:\/\/txjpcba.com\/tr\/site-haritasi\/","title":{"rendered":"Site Haritas\u0131"},"content":{"rendered":"<div data-elementor-type=\"wp-page\" data-elementor-id=\"3349\" class=\"elementor elementor-3349\" data-elementor-post-type=\"page\">\n\t\t\t\t<div class=\"elementor-element elementor-element-41cfd56 e-flex e-con-boxed e-con e-parent\" data-id=\"41cfd56\" data-element_type=\"container\" data-e-type=\"container\">\n\t\t\t\t\t<div class=\"e-con-inner\">\n\t\t\t\t<div class=\"elementor-element elementor-element-5ec634c elementor-widget elementor-widget-sitemap\" data-id=\"5ec634c\" data-element_type=\"widget\" data-e-type=\"widget\" data-widget_type=\"sitemap.default\">\n\t\t\t\t<div class=\"elementor-widget-container\">\n\t\t\t\t\t<div class=\"elementor-sitemap-wrap\"><div class=\"elementor-sitemap-section\"><h2 class=\"elementor-sitemap-title elementor-sitemap-page-title\">Sayfalar<\/h2><ul class=\"elementor-sitemap-list elementor-sitemap-page-list\"><li class=\"elementor-sitemap-item elementor-sitemap-item-page page_item page-item-6114 menu-item\"><a href=\"https:\/\/txjpcba.com\/tr\/gat-a-pcb-layout-quote\/\" class=\"elementor-sitemap-item elementor-sitemap-item-page menu-link\">PCB D\u00fczeni Teklifi Al\u0131n<\/a><\/li><li class=\"elementor-sitemap-item elementor-sitemap-item-page page_item page-item-5925 menu-item\"><a href=\"https:\/\/txjpcba.com\/tr\/pcb-duzeni\/\" class=\"elementor-sitemap-item elementor-sitemap-item-page menu-link\">PCB Yerle\u015fimi<\/a><\/li><li class=\"elementor-sitemap-item elementor-sitemap-item-page page_item page-item-5887 menu-item\"><a href=\"https:\/\/txjpcba.com\/tr\/halojensiz-pcb\/\" class=\"elementor-sitemap-item elementor-sitemap-item-page menu-link\">Halojensiz PCB \u00dcretimi | \u00c7evre Dostu ve RoHS Uyumlu \u00c7\u00f6z\u00fcmler<\/a><\/li><li class=\"elementor-sitemap-item elementor-sitemap-item-page page_item page-item-5864 menu-item\"><a href=\"https:\/\/txjpcba.com\/tr\/agir-bakir-pcb\/\" class=\"elementor-sitemap-item elementor-sitemap-item-page menu-link\">A\u011f\u0131r Bak\u0131r PCB<\/a><\/li><li class=\"elementor-sitemap-item elementor-sitemap-item-page page_item page-item-5845 menu-item\"><a href=\"https:\/\/txjpcba.com\/tr\/yuksek-frekans-pcb-2\/\" class=\"elementor-sitemap-item elementor-sitemap-item-page menu-link\">Y\u00fcksek Frekansl\u0131 PCB \u00dcretimi | Malzeme Se\u00e7imi ve Empedans Kontrol\u00fc<\/a><\/li><li class=\"elementor-sitemap-item elementor-sitemap-item-page page_item page-item-5817 menu-item\"><a href=\"https:\/\/txjpcba.com\/tr\/bilesen-tedariki\/\" class=\"elementor-sitemap-item elementor-sitemap-item-page menu-link\">PCB Montaj\u0131 i\u00e7in Stratejik Bile\u015fen Tedariki<\/a><\/li><li class=\"elementor-sitemap-item elementor-sitemap-item-page page_item page-item-5656 menu-item\"><a href=\"https:\/\/txjpcba.com\/tr\/sert-esnek-pcb-2\/\" class=\"elementor-sitemap-item elementor-sitemap-item-page menu-link\">Sert Esnek PCB<\/a><\/li><li class=\"elementor-sitemap-item elementor-sitemap-item-page page_item page-item-5598 menu-item\"><a href=\"https:\/\/txjpcba.com\/tr\/led-pcb\/\" class=\"elementor-sitemap-item elementor-sitemap-item-page menu-link\">LED PCB<\/a><\/li><li class=\"elementor-sitemap-item elementor-sitemap-item-page page_item page-item-5545 menu-item\"><a href=\"https:\/\/txjpcba.com\/tr\/esnek-pcb\/\" class=\"elementor-sitemap-item elementor-sitemap-item-page menu-link\">Esnek PCB<\/a><\/li><li class=\"elementor-sitemap-item elementor-sitemap-item-page page_item page-item-5481 menu-item\"><a href=\"https:\/\/txjpcba.com\/tr\/hdi-pcb-2\/\" class=\"elementor-sitemap-item elementor-sitemap-item-page menu-link\">HDI PCB<\/a><\/li><li class=\"elementor-sitemap-item elementor-sitemap-item-page page_item page-item-5387 menu-item\"><a href=\"https:\/\/txjpcba.com\/tr\/pcb-uretim-teklifi-alin\/\" class=\"elementor-sitemap-item elementor-sitemap-item-page menu-link\">PCB \u00dcretim Teklifi Al\u0131n<\/a><\/li><li class=\"elementor-sitemap-item elementor-sitemap-item-page page_item page-item-5371 menu-item\"><a href=\"https:\/\/txjpcba.com\/tr\/fr4-pcb\/\" class=\"elementor-sitemap-item elementor-sitemap-item-page menu-link\">FR4 PCB<\/a><\/li><li class=\"elementor-sitemap-item elementor-sitemap-item-page page_item page-item-4958 menu-item\"><a href=\"https:\/\/txjpcba.com\/tr\/elektroni%cc%87k-ureti%cc%87m-hi%cc%87zmetleri%cc%87\/\" class=\"elementor-sitemap-item elementor-sitemap-item-page menu-link\">Elektronik \u00dcretim Hizmetleri<\/a><\/li><li class=\"elementor-sitemap-item elementor-sitemap-item-page page_item page-item-4014 menu-item\"><a href=\"https:\/\/txjpcba.com\/tr\/pcba-ureticisi\/\" class=\"elementor-sitemap-item elementor-sitemap-item-page menu-link\">PCBA \u00dcreticisi<\/a><\/li><li class=\"elementor-sitemap-item elementor-sitemap-item-page page_item page-item-3948 menu-item\"><a href=\"https:\/\/txjpcba.com\/tr\/anahtar-tesli%cc%87m-pcb-montaji-2\/\" class=\"elementor-sitemap-item elementor-sitemap-item-page menu-link\">Anahtar Teslim PCB Montaj\u0131<\/a><\/li><li class=\"elementor-sitemap-item elementor-sitemap-item-page page_item page-item-3631 menu-item\"><a href=\"https:\/\/txjpcba.com\/tr\/prototi%cc%87p-pcb-montaji\/\" class=\"elementor-sitemap-item elementor-sitemap-item-page menu-link\">Prototip PCB Montaj\u0131<\/a><\/li><li class=\"elementor-sitemap-item elementor-sitemap-item-page page_item page-item-3553 menu-item\"><a href=\"https:\/\/txjpcba.com\/tr\/etiketler-bulut\/\" class=\"elementor-sitemap-item elementor-sitemap-item-page menu-link\">Etiketler bulut<\/a><\/li><li class=\"elementor-sitemap-item elementor-sitemap-item-page page_item page-item-3349 menu-item\"><a href=\"https:\/\/txjpcba.com\/tr\/site-haritasi\/\" class=\"elementor-sitemap-item elementor-sitemap-item-page menu-link\">Site Haritas\u0131<\/a><\/li><li class=\"elementor-sitemap-item elementor-sitemap-item-page page_item page-item-2807 menu-item\"><a href=\"https:\/\/txjpcba.com\/tr\/dil-secici\/\" class=\"elementor-sitemap-item elementor-sitemap-item-page menu-link\">dil se\u00e7ici<\/a><\/li><li class=\"elementor-sitemap-item elementor-sitemap-item-page page_item page-item-2392 menu-item\"><a href=\"https:\/\/txjpcba.com\/tr\/pcb-uretimi\/\" class=\"elementor-sitemap-item elementor-sitemap-item-page menu-link\">PCB \u00dcretimi<\/a><\/li><li class=\"elementor-sitemap-item elementor-sitemap-item-page page_item page-item-2276 menu-item\"><a href=\"https:\/\/txjpcba.com\/tr\/pcb-montaji-i%cc%87ci%cc%87n-tekli%cc%87f-alin\/\" class=\"elementor-sitemap-item elementor-sitemap-item-page menu-link\">PCB Montaj Teklifi Al\u0131n<\/a><\/li><li class=\"elementor-sitemap-item elementor-sitemap-item-page page_item page-item-2243 menu-item\"><a href=\"https:\/\/txjpcba.com\/tr\/konformal-kaplama-tekli%cc%87fi%cc%87-alin\/\" class=\"elementor-sitemap-item elementor-sitemap-item-page menu-link\">Konformal Kaplama Teklifi Al\u0131n<\/a><\/li><li class=\"elementor-sitemap-item elementor-sitemap-item-page page_item page-item-2129 menu-item\"><a href=\"https:\/\/txjpcba.com\/tr\/fiyat-teklifi-alin\/\" class=\"elementor-sitemap-item elementor-sitemap-item-page menu-link\">Teklif Al\u0131n<\/a><\/li><li class=\"elementor-sitemap-item elementor-sitemap-item-page page_item page-item-1622 menu-item\"><a href=\"https:\/\/txjpcba.com\/tr\/konformal-kaplama\/\" class=\"elementor-sitemap-item elementor-sitemap-item-page menu-link\">Konformal Kaplama<\/a><\/li><li class=\"elementor-sitemap-item elementor-sitemap-item-page page_item page-item-905 menu-item\"><a href=\"https:\/\/txjpcba.com\/tr\/pcba\/\" class=\"elementor-sitemap-item elementor-sitemap-item-page menu-link\">PCBA<\/a><\/li><li class=\"elementor-sitemap-item elementor-sitemap-item-page page_item page-item-883 menu-item\"><a href=\"https:\/\/txjpcba.com\/tr\/tesekkur-ederim\/\" class=\"elementor-sitemap-item elementor-sitemap-item-page menu-link\">Te\u015fekk\u00fcr ederim<\/a><\/li><li class=\"elementor-sitemap-item elementor-sitemap-item-page page_item page-item-391 menu-item\"><a href=\"https:\/\/txjpcba.com\/tr\/pcb-montaji\/\" class=\"elementor-sitemap-item elementor-sitemap-item-page menu-link\">PCB Montaj\u0131<\/a><\/li><li class=\"elementor-sitemap-item elementor-sitemap-item-page page_item page-item-61 menu-item\"><a href=\"https:\/\/txjpcba.com\/tr\/pcba-oem-odm\/\" class=\"elementor-sitemap-item elementor-sitemap-item-page menu-link\">PCBA OEM\/ODM<\/a><\/li><li class=\"elementor-sitemap-item elementor-sitemap-item-page page_item page-item-59 menu-item\"><a href=\"https:\/\/txjpcba.com\/tr\/smt-montaj-hi%cc%87zmetleri%cc%87\/\" class=\"elementor-sitemap-item elementor-sitemap-item-page menu-link\">SMT Montaj Hizmetleri<\/a><\/li><li class=\"elementor-sitemap-item elementor-sitemap-item-page page_item page-item-52 menu-item\"><a href=\"https:\/\/txjpcba.com\/tr\/contact\/\" class=\"elementor-sitemap-item elementor-sitemap-item-page menu-link\">\u0130leti\u015fim<\/a><\/li><li class=\"elementor-sitemap-item elementor-sitemap-item-page page_item page-item-50 menu-item\"><a href=\"https:\/\/txjpcba.com\/tr\/pcb-pcba-yetenekleri\/\" class=\"elementor-sitemap-item elementor-sitemap-item-page menu-link\">PCB ve PCBA \u00dcretim Yetenekleri<\/a><\/li><li class=\"elementor-sitemap-item elementor-sitemap-item-page page_item page-item-48 menu-item\"><a href=\"https:\/\/txjpcba.com\/tr\/hizmetler\/\" class=\"elementor-sitemap-item elementor-sitemap-item-page menu-link\">Hizmetler<\/a><\/li><li class=\"elementor-sitemap-item elementor-sitemap-item-page page_item page-item-46 menu-item\"><a href=\"https:\/\/txjpcba.com\/tr\/hakkinda\/\" class=\"elementor-sitemap-item elementor-sitemap-item-page menu-link\">Hakk\u0131nda<\/a><\/li><li class=\"elementor-sitemap-item elementor-sitemap-item-page page_item page-item-12 menu-item\"><a href=\"https:\/\/txjpcba.com\/tr\" class=\"elementor-sitemap-item elementor-sitemap-item-page menu-link\">Ev<\/a><\/li><li class=\"elementor-sitemap-item elementor-sitemap-item-page page_item page-item-3 menu-item\"><a href=\"https:\/\/txjpcba.com\/tr\/gizlilik-politikasi\/\" class=\"elementor-sitemap-item elementor-sitemap-item-page menu-link\">Gizlilik Politikas\u0131<\/a><\/li><\/ul><\/div><div class=\"elementor-sitemap-section\"><h2 class=\"elementor-sitemap-title elementor-sitemap-category-title\">Kategoriler<\/h2><ul class=\"elementor-sitemap-list elementor-sitemap-category-list\">\t<li class=\"elementor-sitemap-item elementor-sitemap-item-category cat-item cat-item-35\"><a href=\"https:\/\/txjpcba.com\/tr\/kategori\/pcb-pcba-bilgisi\/\">PCB\/PCBA BI\u0307LGI\u0307SI\u0307<\/a>\n<\/li>\n\t<li class=\"elementor-sitemap-item elementor-sitemap-item-category cat-item cat-item-445\"><a href=\"https:\/\/txjpcba.com\/tr\/kategori\/sss\/pcb-assembly-faqs\/\">PCB Montaj\u0131 SSS<\/a>\n<\/li>\n\t<li class=\"elementor-sitemap-item elementor-sitemap-item-category cat-item cat-item-71\"><a href=\"https:\/\/txjpcba.com\/tr\/kategori\/sss\/\">SSS<\/a>\n<\/li>\n\t<li class=\"elementor-sitemap-item elementor-sitemap-item-category cat-item cat-item-256\"><a href=\"https:\/\/txjpcba.com\/tr\/kategori\/sss\/konformal-kaplama\/\">Konformal Kaplama SSS<\/a>\n<\/li>\n\t<li class=\"elementor-sitemap-item elementor-sitemap-item-category cat-item cat-item-57\"><a href=\"https:\/\/txjpcba.com\/tr\/kategori\/bloglar\/\">BLOGLAR<\/a>\n<\/li>\n<\/ul><\/div><\/div>\t\t\t\t<\/div>\n\t\t\t\t<\/div>\n\t\t\t\t\t<\/div>\n\t\t\t\t<\/div>\n\t\t\t\t<\/div>","protected":false},"excerpt":{"rendered":"","protected":false},"author":1,"featured_media":0,"parent":0,"menu_order":0,"comment_status":"closed","ping_status":"closed","template":"","meta":{"site-sidebar-layout":"no-sidebar","site-content-layout":"","ast-site-content-layout":"full-width-container","site-content-style":"default","site-sidebar-style":"default","ast-global-header-display":"","ast-banner-title-visibility":"","ast-main-header-display":"","ast-hfb-above-header-display":"","ast-hfb-below-header-display":"","ast-hfb-mobile-header-display":"","site-post-title":"disabled","ast-breadcrumbs-content":"","ast-featured-img":"disabled","footer-sml-layout":"","ast-disable-related-posts":"","theme-transparent-header-meta":"default","adv-header-id-meta":"","stick-header-meta":"","header-above-stick-meta":"","header-main-stick-meta":"","header-below-stick-meta":"","astra-migrate-meta-layouts":"set","ast-page-background-enabled":"default","ast-page-background-meta":{"desktop":{"background-color":"var(--ast-global-color-5)","background-image":"","background-repeat":"repeat","background-position":"center center","background-size":"auto","background-attachment":"scroll","background-type":"","background-media":"","overlay-type":"","overlay-color":"","overlay-opacity":"","overlay-gradient":""},"tablet":{"background-color":"","background-image":"","background-repeat":"repeat","background-position":"center center","background-size":"auto","background-attachment":"scroll","background-type":"","background-media":"","overlay-type":"","overlay-color":"","overlay-opacity":"","overlay-gradient":""},"mobile":{"background-color":"","background-image":"","background-repeat":"repeat","background-position":"center center","background-size":"auto","background-attachment":"scroll","background-type":"","background-media":"","overlay-type":"","overlay-color":"","overlay-opacity":"","overlay-gradient":""}},"ast-content-background-meta":{"desktop":{"background-color":"var(--ast-global-color-4)","background-image":"","background-repeat":"repeat","background-position":"center center","background-size":"auto","background-attachment":"scroll","background-type":"","background-media":"","overlay-type":"","overlay-color":"","overlay-opacity":"","overlay-gradient":""},"tablet":{"background-color":"var(--ast-global-color-4)","background-image":"","background-repeat":"repeat","background-position":"center center","background-size":"auto","background-attachment":"scroll","background-type":"","background-media":"","overlay-type":"","overlay-color":"","overlay-opacity":"","overlay-gradient":""},"mobile":{"background-color":"var(--ast-global-color-4)","background-image":"","background-repeat":"repeat","background-position":"center center","background-size":"auto","background-attachment":"scroll","background-type":"","background-media":"","overlay-type":"","overlay-color":"","overlay-opacity":"","overlay-gradient":""}},"footnotes":""},"class_list":["post-3349","page","type-page","status-publish","hentry"],"_links":{"self":[{"href":"https:\/\/txjpcba.com\/tr\/wp-json\/wp\/v2\/pages\/3349","targetHints":{"allow":["GET"]}}],"collection":[{"href":"https:\/\/txjpcba.com\/tr\/wp-json\/wp\/v2\/pages"}],"about":[{"href":"https:\/\/txjpcba.com\/tr\/wp-json\/wp\/v2\/types\/page"}],"author":[{"embeddable":true,"href":"https:\/\/txjpcba.com\/tr\/wp-json\/wp\/v2\/users\/1"}],"replies":[{"embeddable":true,"href":"https:\/\/txjpcba.com\/tr\/wp-json\/wp\/v2\/comments?post=3349"}],"version-history":[{"count":4,"href":"https:\/\/txjpcba.com\/tr\/wp-json\/wp\/v2\/pages\/3349\/revisions"}],"predecessor-version":[{"id":3353,"href":"https:\/\/txjpcba.com\/tr\/wp-json\/wp\/v2\/pages\/3349\/revisions\/3353"}],"wp:attachment":[{"href":"https:\/\/txjpcba.com\/tr\/wp-json\/wp\/v2\/media?parent=3349"}],"curies":[{"name":"wp","href":"https:\/\/api.w.org\/{rel}","templated":true}]}}