{"id":2276,"date":"2026-02-08T11:44:14","date_gmt":"2026-02-08T03:44:14","guid":{"rendered":"https:\/\/txjpcba.com\/?page_id=2276"},"modified":"2026-04-13T17:47:24","modified_gmt":"2026-04-13T09:47:24","slug":"pcb-montaji-i%cc%87ci%cc%87n-tekli%cc%87f-alin","status":"publish","type":"page","link":"https:\/\/txjpcba.com\/tr\/pcb-montaji-i%cc%87ci%cc%87n-tekli%cc%87f-alin\/","title":{"rendered":"PCB Montaj Teklifi Al\u0131n"},"content":{"rendered":"<div data-elementor-type=\"wp-page\" data-elementor-id=\"2276\" class=\"elementor elementor-2276\" data-elementor-post-type=\"page\">\n\t\t\t\t\t\t<section class=\"elementor-section elementor-top-section elementor-element elementor-element-45ece702 elementor-section-boxed elementor-section-height-default elementor-section-height-default\" data-id=\"45ece702\" data-element_type=\"section\" data-e-type=\"section\" data-settings=\"{&quot;background_background&quot;:&quot;classic&quot;}\">\n\t\t\t\t\t\t<div class=\"elementor-container elementor-column-gap-no\">\n\t\t\t\t\t<div class=\"elementor-column elementor-col-50 elementor-top-column elementor-element elementor-element-1d9f057f\" data-id=\"1d9f057f\" data-element_type=\"column\" data-e-type=\"column\" data-settings=\"{&quot;background_background&quot;:&quot;classic&quot;}\">\n\t\t\t<div class=\"elementor-widget-wrap elementor-element-populated\">\n\t\t\t\t\t\t<section class=\"elementor-section elementor-inner-section elementor-element elementor-element-4d55c22f elementor-section-boxed elementor-section-height-default elementor-section-height-default\" data-id=\"4d55c22f\" data-element_type=\"section\" data-e-type=\"section\">\n\t\t\t\t\t\t<div class=\"elementor-container elementor-column-gap-no\">\n\t\t\t\t\t<div class=\"elementor-column elementor-col-100 elementor-inner-column elementor-element elementor-element-3d6c1a5f\" data-id=\"3d6c1a5f\" data-element_type=\"column\" data-e-type=\"column\">\n\t\t\t<div class=\"elementor-widget-wrap elementor-element-populated\">\n\t\t\t\t\t\t<div class=\"elementor-element elementor-element-1ec035d8 elementor-widget__width-initial elementor-widget elementor-widget-heading\" data-id=\"1ec035d8\" data-element_type=\"widget\" data-e-type=\"widget\" data-widget_type=\"heading.default\">\n\t\t\t\t<div class=\"elementor-widget-container\">\n\t\t\t\t\t<h2 class=\"elementor-heading-title elementor-size-default\">PCB Montaj Teklifi Al\u0131n<\/h2>\t\t\t\t<\/div>\n\t\t\t\t<\/div>\n\t\t\t\t<div class=\"elementor-element elementor-element-21c0cd07 elementor-widget__width-initial elementor-widget-mobile__width-initial elementor-widget elementor-widget-text-editor\" data-id=\"21c0cd07\" data-element_type=\"widget\" data-e-type=\"widget\" data-widget_type=\"text-editor.default\">\n\t\t\t\t<div class=\"elementor-widget-container\">\n\t\t\t\t\t\t\t\t\t<p>Dosya ve bilgiler g\u00f6nderildikten sonra, teknik personelimiz bunlar\u0131 inceleyecek ve size en k\u0131sa s\u00fcrede yan\u0131t verecektir.\uff08Asterisk* ile i\u015faretlenmi\u015f alanlar zorunludur)<\/p>\t\t\t\t\t\t\t\t<\/div>\n\t\t\t\t<\/div>\n\t\t\t\t<div class=\"elementor-element elementor-element-254be2e0 elementor-widget__width-initial elementor-widget elementor-widget-shortcode\" data-id=\"254be2e0\" data-element_type=\"widget\" data-e-type=\"widget\" data-widget_type=\"shortcode.default\">\n\t\t\t\t<div class=\"elementor-widget-container\">\n\t\t\t\t\t\t\t<div class=\"elementor-shortcode\">\t<style id=\"wpforms-css-vars-2257\">\n\t\t\t\t#wpforms-2257 {\n\t\t\t\t--wpforms-field-size-input-height: 43px;\n--wpforms-field-size-input-spacing: 15px;\n--wpforms-field-size-font-size: 16px;\n--wpforms-field-size-line-height: 19px;\n--wpforms-field-size-padding-h: 14px;\n--wpforms-field-size-checkbox-size: 16px;\n--wpforms-field-size-sublabel-spacing: 5px;\n--wpforms-field-size-icon-size: 1;\n--wpforms-label-size-font-size: 16px;\n--wpforms-label-size-line-height: 19px;\n--wpforms-label-size-sublabel-font-size: 14px;\n--wpforms-label-size-sublabel-line-height: 17px;\n--wpforms-button-size-font-size: 17px;\n--wpforms-button-size-height: 41px;\n--wpforms-button-size-padding-h: 15px;\n--wpforms-button-size-margin-top: 10px;\n--wpforms-container-shadow-size-box-shadow: none;\n\t\t\t}\n\t\t\t<\/style><div class=\"wpforms-container wpforms-container-full wpforms-render-modern\" id=\"wpforms-2257\"><form id=\"wpforms-form-2257\" class=\"wpforms-validate wpforms-form wpforms-ajax-form\" data-formid=\"2257\" method=\"post\" enctype=\"multipart\/form-data\" action=\"\/tr\/wp-json\/wp\/v2\/pages\/2276?wpforms_form_id=2257\" data-token=\"752982b7c3f7776d83539b1ce893152f\" data-token-time=\"1777063539\" data-trp-original-action=\"\/tr\/wp-json\/wp\/v2\/pages\/2276?wpforms_form_id=2257\"><noscript class=\"wpforms-error-noscript\">Bu formu bitirebilmek i\u00e7in taray\u0131c\u0131n\u0131zda JavaScript&#039;i etkinle\u015ftirin.<\/noscript><div id=\"wpforms-error-noscript\" style=\"display: none;\">Bu formu bitirebilmek i\u00e7in taray\u0131c\u0131n\u0131zda JavaScript&#039;i etkinle\u015ftirin.<\/div><div class=\"wpforms-field-container\"><div id=\"wpforms-2257-field_24-container\" class=\"wpforms-field wpforms-field-layout\" data-field-type=\"layout\" data-field-id=\"24\"><div class=\"wpforms-field-layout-rows wpforms-field-large\"><div class=\"wpforms-layout-row\"><div class=\"wpforms-layout-column wpforms-layout-column-50\"><div id=\"wpforms-2257-field_0-container\" class=\"wpforms-field wpforms-field-name\" data-field-type=\"name\" data-field-id=\"0\"><label class=\"wpforms-field-label\" for=\"wpforms-2257-field_0\">\u0130sim <span class=\"wpforms-required-label\" aria-hidden=\"true\">*<\/span><\/label><input type=\"text\" id=\"wpforms-2257-field_0\" class=\"wpforms-field-medium wpforms-field-required\" name=\"wpforms[fields][0]\" aria-errormessage=\"wpforms-2257-field_0-error\" required><\/div><\/div><div class=\"wpforms-layout-column wpforms-layout-column-50\"><div id=\"wpforms-2257-field_1-container\" class=\"wpforms-field wpforms-field-email\" data-field-type=\"email\" data-field-id=\"1\"><label class=\"wpforms-field-label\" for=\"wpforms-2257-field_1\">E-posta <span class=\"wpforms-required-label\" aria-hidden=\"true\">*<\/span><\/label><input type=\"email\" id=\"wpforms-2257-field_1\" class=\"wpforms-field-medium wpforms-field-required\" name=\"wpforms[fields][1]\" spellcheck=\"false\" aria-errormessage=\"wpforms-2257-field_1-error\" required><\/div><\/div><\/div><\/div><\/div><div id=\"wpforms-2257-field_27-container\" class=\"wpforms-field wpforms-field-layout\" data-field-type=\"layout\" data-field-id=\"27\"><div class=\"wpforms-field-layout-rows wpforms-field-large\"><div class=\"wpforms-layout-row\"><div class=\"wpforms-layout-column wpforms-layout-column-50\"><div id=\"wpforms-2257-field_11-container\" class=\"wpforms-field wpforms-field-select wpforms-field-select-style-classic\" data-field-type=\"select\" data-field-id=\"11\"><label class=\"wpforms-field-label\" for=\"wpforms-2257-field_11\">Hizmet T\u00fcr\u00fc <span class=\"wpforms-required-label\" aria-hidden=\"true\">*<\/span><\/label><select id=\"wpforms-2257-field_11\" class=\"wpforms-field-medium wpforms-field-required\" name=\"wpforms[fields][11]\" required=\"required\"><option value=\"PCB Assembly Only\"  class=\"choice-1 depth-1\"  >Yaln\u0131zca PCB Montaj\u0131<\/option><option value=\"Turnkey PCB Assembly\"  class=\"choice-2 depth-1\"  >Anahtar Teslim PCB Montaj\u0131<\/option><option value=\"Partial Turnkey (Component Sourcing)\"  class=\"choice-3 depth-1\"  >K\u0131smi Anahtar Teslim (Bile\u015fen Tedariki)<\/option><option value=\"Box Build Assembly\"  class=\"choice-4 depth-1\"  >Kutu Yap\u0131 Montaj\u0131<\/option><\/select><\/div><\/div><div class=\"wpforms-layout-column wpforms-layout-column-50\"><div id=\"wpforms-2257-field_10-container\" class=\"wpforms-field wpforms-field-select wpforms-field-select-style-classic\" data-field-type=\"select\" data-field-id=\"10\"><label class=\"wpforms-field-label\" for=\"wpforms-2257-field_10\">Montaj Teknolojisi<\/label><select id=\"wpforms-2257-field_10\" class=\"wpforms-field-medium\" name=\"wpforms[fields][10]\"><option value=\"SMT Assembly\"  class=\"choice-1 depth-1\"  >SMT Montaj\u0131<\/option><option value=\"THT \/ DIP Assembly\"  class=\"choice-2 depth-1\"  >THT \/ DIP Montaj\u0131<\/option><option value=\"Mixed Technology (SMT + THT)\"  class=\"choice-3 depth-1\"  >Karma Teknoloji (SMT + THT)<\/option><\/select><\/div><\/div><\/div><\/div><\/div>\t\t<div id=\"wpforms-2257-field_3-container\"\n\t\t\tclass=\"wpforms-field wpforms-field-text\"\n\t\t\tdata-field-type=\"text\"\n\t\t\tdata-field-id=\"3\"\n\t\t\t>\n\t\t\t<label class=\"wpforms-field-label\" for=\"wpforms-2257-field_3\" >Technology Upload of<\/label>\n\t\t\t<input type=\"text\" id=\"wpforms-2257-field_3\" class=\"wpforms-field-medium\" name=\"wpforms[fields][3]\" >\n\t\t<\/div>\n\t\t<div id=\"wpforms-2257-field_28-container\" class=\"wpforms-field wpforms-field-layout\" data-field-type=\"layout\" data-field-id=\"28\"><div class=\"wpforms-field-layout-rows wpforms-field-large\"><div class=\"wpforms-layout-row\"><div class=\"wpforms-layout-column wpforms-layout-column-50\"><div id=\"wpforms-2257-field_25-container\" class=\"wpforms-field wpforms-field-select wpforms-field-select-style-classic\" data-field-type=\"select\" data-field-id=\"25\"><label class=\"wpforms-field-label\" for=\"wpforms-2257-field_25\">\u00dcretim Miktar\u0131<\/label><select id=\"wpforms-2257-field_25\" class=\"wpforms-field-medium\" name=\"wpforms[fields][25]\"><option value=\"Prototype (1\u2013100 pcs)\"  class=\"choice-1 depth-1\"  >Prototype (1\u2013100 pcs)<\/option><option value=\"Small Batch (100\u20131000 pcs)\"  class=\"choice-2 depth-1\"  >Small Batch (100\u20131000 pcs)<\/option><option value=\"Mass Production (1000-2000 pcs)\"  class=\"choice-3 depth-1\"  >Mass Production (1000-2000 pcs)<\/option><option value=\"Large-scale production\uff082000+ pcs\uff09\"  class=\"choice-4 depth-1\"  >Large-scale production\uff082000+ pcs\uff09<\/option><\/select><\/div><\/div><div class=\"wpforms-layout-column wpforms-layout-column-50\"><div id=\"wpforms-2257-field_21-container\" class=\"wpforms-field wpforms-field-select wpforms-field-select-style-classic\" data-field-type=\"select\" data-field-id=\"21\"><label class=\"wpforms-field-label\" for=\"wpforms-2257-field_21\">Katman Say\u0131s\u0131<\/label><select id=\"wpforms-2257-field_21\" class=\"wpforms-field-medium\" name=\"wpforms[fields][21]\"><option value=\"1\"  class=\"choice-1 depth-1\"  >1<\/option><option value=\"2\"  class=\"choice-2 depth-1\"  >2<\/option><option value=\"4\"  class=\"choice-3 depth-1\"  >4<\/option><option value=\"6\"  class=\"choice-4 depth-1\"  >6<\/option><option value=\"8\"  class=\"choice-5 depth-1\"  >8<\/option><option value=\"10+\"  class=\"choice-6 depth-1\"  >10+<\/option><\/select><\/div><\/div><\/div><\/div><\/div><div id=\"wpforms-2257-field_5-container\" class=\"wpforms-field wpforms-field-file-upload\" data-field-type=\"file-upload\" data-field-id=\"5\"><label class=\"wpforms-field-label\" for=\"wpforms-2257-field_5\">Dosya Y\u00fckleme<\/label><div\n\t\tclass=\"wpforms-uploader\"\n\t\tdata-field-id=\"5\"\n\t\tdata-form-id=\"2257\"\n\t\tdata-input-name=\"wpforms_2257_5\"\n\t\tdata-extensions=\"zip,rar,7z,pdf,xls,xlsx,csv,jpg,gif,png,txt,docx,tar\"\n\t\tdata-max-size=\"20971520\"\n\t\tdata-max-file-number=\"8\"\n\t\tdata-post-max-size=\"268435456\"\n\t\tdata-max-parallel-uploads=\"4\"\n\t\tdata-parallel-uploads=\"true\"\n\t\tdata-file-chunk-size=\"2097152\">\n\t<div class=\"dz-message\">\n\t\t<svg  viewbox=\"0 0 640 640\" focusable=\"false\" data-icon=\"inbox\" width=\"50px\" height=\"50px\" fill=\"currentColor\" aria-hidden=\"true\">\n\t\t\t<path d=\"M352 173.3L352 384C352 401.7 337.7 416 320 416C302.3 416 288 401.7 288 384L288 173.3L246.6 214.7C234.1 227.2 213.8 227.2 201.3 214.7C188.8 202.2 188.8 181.9 201.3 169.4L297.3 73.4C309.8 60.9 330.1 60.9 342.6 73.4L438.6 169.4C451.1 181.9 451.1 202.2 438.6 214.7C426.1 227.2 405.8 227.2 393.3 214.7L352 173.3zM320 464C364.2 464 400 428.2 400 384L480 384C515.3 384 544 412.7 544 448L544 480C544 515.3 515.3 544 480 544L160 544C124.7 544 96 515.3 96 480L96 448C96 412.7 124.7 384 160 384L240 384C240 428.2 275.8 464 320 464zM464 488C477.3 488 488 477.3 488 464C488 450.7 477.3 440 464 440C450.7 440 440 450.7 440 464C440 477.3 450.7 488 464 488z\"\/>\n\t\t<\/svg>\n\n\t\t<span class=\"modern-title\">\n\t\t\t\t\t\t\tDrag &amp; Drop Files, \t\t\t\t<span>Choose Files to Upload<\/span>\n\t\t\t\t\t<\/span>\n\n\t\t\t\t\t<span class=\"modern-hint\">En fazla 8 dosya y\u00fckleyebilirsiniz.<\/span>\n\t\t\t<\/div>\n<\/div>\n\n<input\n\t\ttype=\"text\"\n\t\tautocomplete=\"off\"\n\t\treadonly\n\t\tclass=\"dropzone-input\"\n\t\tstyle=\"position:absolute!important;clip:rect(0,0,0,0)!important;height:1px!important;width:1px!important;border:0!important;overflow:hidden!important;padding:0!important;margin:0!important;\"\n\t\tid=\"wpforms-2257-field_5\"\n\t\tname=\"wpforms_2257_5\" \t\tvalue=\"\">\n<div id=\"wpforms-2257-field_5-description\" class=\"wpforms-field-description\">\"L\u00fctfen Gerber, BOM ve Centroid dosyas\u0131n\u0131 i\u00e7eren ZIP dosyas\u0131n\u0131 y\u00fckleyin.\"<\/div><\/div><div id=\"wpforms-2257-field_2-container\" class=\"wpforms-field wpforms-field-textarea\" data-field-type=\"textarea\" data-field-id=\"2\"><label class=\"wpforms-field-label\" for=\"wpforms-2257-field_2\">Mesaj<\/label><textarea id=\"wpforms-2257-field_2\" class=\"wpforms-field-medium\" name=\"wpforms[fields][2]\" aria-errormessage=\"wpforms-2257-field_2-error\" ><\/textarea><\/div><script>\n\t\t\t\t( function() {\n\t\t\t\t\tconst style = document.createElement( 'style' );\n\t\t\t\t\tstyle.appendChild( document.createTextNode( '#wpforms-2257-field_3-container { position: absolute !important; overflow: hidden !important; display: inline !important; height: 1px !important; width: 1px !important; z-index: -1000 !important; padding: 0 !important; } #wpforms-2257-field_3-container input { visibility: hidden; } #wpforms-conversational-form-page #wpforms-2257-field_3-container label { counter-increment: none; }' ) );\n\t\t\t\t\tdocument.head.appendChild( style );\n\t\t\t\t\tdocument.currentScript?.remove();\n\t\t\t\t} )();\n\t\t\t<\/script><\/div><!-- .wpforms-field-container --><div class=\"wpforms-submit-container\" ><input type=\"hidden\" name=\"wpforms[id]\" value=\"2257\"><input type=\"hidden\" name=\"page_title\" value=\"\"><input type=\"hidden\" name=\"page_url\" value=\"https:\/\/txjpcba.com\/tr\/wp-json\/wp\/v2\/pages\/2276\"><input type=\"hidden\" name=\"url_referer\" value=\"\"><button type=\"submit\" name=\"wpforms[submit]\" id=\"wpforms-submit-2257\" class=\"wpforms-submit\" aria-live=\"assertive\" value=\"wpforms-submit\">G\u00f6nder<\/button><img decoding=\"async\" src=\"https:\/\/txjpcba.com\/wp-content\/plugins\/wpforms\/assets\/images\/submit-spin.svg\" class=\"wpforms-submit-spinner\" style=\"display: none;\" width=\"26\" height=\"26\" alt=\"Y\u00fckleniyor\"><\/div><input type=\"hidden\" name=\"trp-form-language\" value=\"tr\"\/><\/form><\/div>  <!-- .wpforms-container --><\/div>\n\t\t\t\t\t\t<\/div>\n\t\t\t\t<\/div>\n\t\t\t\t\t<\/div>\n\t\t<\/div>\n\t\t\t\t\t<\/div>\n\t\t<\/section>\n\t\t\t\t\t<\/div>\n\t\t<\/div>\n\t\t\t\t<div class=\"elementor-column elementor-col-50 elementor-top-column elementor-element elementor-element-4a0e8154\" data-id=\"4a0e8154\" data-element_type=\"column\" data-e-type=\"column\">\n\t\t\t<div class=\"elementor-widget-wrap\">\n\t\t\t\t\t\t\t<\/div>\n\t\t<\/div>\n\t\t\t\t\t<\/div>\n\t\t<\/section>\n\t\t\t\t<\/div>","protected":false},"excerpt":{"rendered":"<p>Get a PCB Assembly Quote After the file and information are submitted, our technical staff will review them and respond [&hellip;]<\/p>","protected":false},"author":1,"featured_media":0,"parent":0,"menu_order":0,"comment_status":"closed","ping_status":"closed","template":"","meta":{"site-sidebar-layout":"no-sidebar","site-content-layout":"","ast-site-content-layout":"full-width-container","site-content-style":"default","site-sidebar-style":"default","ast-global-header-display":"","ast-banner-title-visibility":"","ast-main-header-display":"","ast-hfb-above-header-display":"","ast-hfb-below-header-display":"","ast-hfb-mobile-header-display":"","site-post-title":"disabled","ast-breadcrumbs-content":"","ast-featured-img":"disabled","footer-sml-layout":"","ast-disable-related-posts":"","theme-transparent-header-meta":"default","adv-header-id-meta":"","stick-header-meta":"","header-above-stick-meta":"","header-main-stick-meta":"","header-below-stick-meta":"","astra-migrate-meta-layouts":"set","ast-page-background-enabled":"default","ast-page-background-meta":{"desktop":{"background-color":"var(--ast-global-color-5)","background-image":"","background-repeat":"repeat","background-position":"center center","background-size":"auto","background-attachment":"scroll","background-type":"","background-media":"","overlay-type":"","overlay-color":"","overlay-opacity":"","overlay-gradient":""},"tablet":{"background-color":"","background-image":"","background-repeat":"repeat","background-position":"center center","background-size":"auto","background-attachment":"scroll","background-type":"","background-media":"","overlay-type":"","overlay-color":"","overlay-opacity":"","overlay-gradient":""},"mobile":{"background-color":"","background-image":"","background-repeat":"repeat","background-position":"center center","background-size":"auto","background-attachment":"scroll","background-type":"","background-media":"","overlay-type":"","overlay-color":"","overlay-opacity":"","overlay-gradient":""}},"ast-content-background-meta":{"desktop":{"background-color":"var(--ast-global-color-4)","background-image":"","background-repeat":"repeat","background-position":"center center","background-size":"auto","background-attachment":"scroll","background-type":"","background-media":"","overlay-type":"","overlay-color":"","overlay-opacity":"","overlay-gradient":""},"tablet":{"background-color":"var(--ast-global-color-4)","background-image":"","background-repeat":"repeat","background-position":"center center","background-size":"auto","background-attachment":"scroll","background-type":"","background-media":"","overlay-type":"","overlay-color":"","overlay-opacity":"","overlay-gradient":""},"mobile":{"background-color":"var(--ast-global-color-4)","background-image":"","background-repeat":"repeat","background-position":"center center","background-size":"auto","background-attachment":"scroll","background-type":"","background-media":"","overlay-type":"","overlay-color":"","overlay-opacity":"","overlay-gradient":""}},"footnotes":""},"class_list":["post-2276","page","type-page","status-publish","hentry"],"_links":{"self":[{"href":"https:\/\/txjpcba.com\/tr\/wp-json\/wp\/v2\/pages\/2276","targetHints":{"allow":["GET"]}}],"collection":[{"href":"https:\/\/txjpcba.com\/tr\/wp-json\/wp\/v2\/pages"}],"about":[{"href":"https:\/\/txjpcba.com\/tr\/wp-json\/wp\/v2\/types\/page"}],"author":[{"embeddable":true,"href":"https:\/\/txjpcba.com\/tr\/wp-json\/wp\/v2\/users\/1"}],"replies":[{"embeddable":true,"href":"https:\/\/txjpcba.com\/tr\/wp-json\/wp\/v2\/comments?post=2276"}],"version-history":[{"count":36,"href":"https:\/\/txjpcba.com\/tr\/wp-json\/wp\/v2\/pages\/2276\/revisions"}],"predecessor-version":[{"id":5181,"href":"https:\/\/txjpcba.com\/tr\/wp-json\/wp\/v2\/pages\/2276\/revisions\/5181"}],"wp:attachment":[{"href":"https:\/\/txjpcba.com\/tr\/wp-json\/wp\/v2\/media?parent=2276"}],"curies":[{"name":"wp","href":"https:\/\/api.w.org\/{rel}","templated":true}]}}