{"id":5817,"date":"2026-04-22T15:04:25","date_gmt":"2026-04-22T07:04:25","guid":{"rendered":"https:\/\/txjpcba.com\/?page_id=5817"},"modified":"2026-04-22T15:27:22","modified_gmt":"2026-04-22T07:27:22","slug":"inkop-av-komponenter","status":"publish","type":"page","link":"https:\/\/txjpcba.com\/sv\/inkop-av-komponenter\/","title":{"rendered":"Strategisk komponentink\u00f6p f\u00f6r kretskortsmontering"},"content":{"rendered":"<div data-elementor-type=\"wp-page\" data-elementor-id=\"5817\" class=\"elementor elementor-5817\" data-elementor-post-type=\"page\">\n\t\t\t\t<div class=\"elementor-element elementor-element-5f74448d e-con-full e-flex e-con e-parent\" data-id=\"5f74448d\" data-element_type=\"container\" data-settings=\"{&quot;background_background&quot;:&quot;classic&quot;}\">\n\t\t\t\t<\/div>\n\t\t<div class=\"elementor-element elementor-element-6817ac6d e-flex e-con-boxed e-con e-parent\" data-id=\"6817ac6d\" data-element_type=\"container\">\n\t\t\t\t\t<div class=\"e-con-inner\">\n\t\t\t\t<div class=\"elementor-element elementor-element-3efc5fa0 elementor-widget elementor-widget-text-editor\" data-id=\"3efc5fa0\" data-element_type=\"widget\" data-widget_type=\"text-editor.default\">\n\t\t\t\t<div class=\"elementor-widget-container\">\n\t\t\t\t\t\t\t\t\t<h2>Strategisk komponentink\u00f6p f\u00f6r kretskortsmontering | Minska risk och brist<\/h2><p class=\"ds-markdown-paragraph\">P\u00e5 dagens volatila elektronikmarknad, <strong>strategisk komponentf\u00f6rs\u00f6rjning<\/strong>\u00a0\u00e4r lika kritisk som sj\u00e4lva kretskortsmonteringen. F\u00f6r OEM-f\u00f6retag, nystartade f\u00f6retag och ingenj\u00f6rsteam kan det vara avg\u00f6rande f\u00f6r produktlanseringens tidslinje att s\u00e4kra autentiska, tillf\u00f6rlitliga komponenter - s\u00e4rskilt under globala bristsituationer.<\/p><p class=\"ds-markdown-paragraph\">M\u00e5nga tillverkare fokuserar enbart p\u00e5 tillverkning av kort, men ett riktigt\u00a0<strong>Fullt nyckelf\u00e4rdig partner<\/strong>\u00a0differentierar sig genom robust komponentink\u00f6p och hantering av leveranskedjan. Det h\u00e4r \u00e4r vad en professionell tj\u00e4nst f\u00f6r komponentink\u00f6p b\u00f6r leverera till dina projekt.<\/p><figure id=\"attachment_3666\" aria-describedby=\"caption-attachment-3666\" style=\"width: 365px\" class=\"wp-caption aligncenter\"><img fetchpriority=\"high\" decoding=\"async\" class=\"size-full wp-image-3666\" src=\"https:\/\/txjpcba.com\/wp-content\/uploads\/2026\/03\/pcb-components.jpg\" alt=\"Sourcing av elektroniska komponenter\" width=\"365\" height=\"234\" srcset=\"https:\/\/txjpcba.com\/wp-content\/uploads\/2026\/03\/pcb-components.jpg 365w, https:\/\/txjpcba.com\/wp-content\/uploads\/2026\/03\/pcb-components-300x192.jpg 300w, https:\/\/txjpcba.com\/wp-content\/uploads\/2026\/03\/pcb-components-18x12.jpg 18w\" sizes=\"(max-width: 365px) 100vw, 365px\" \/><figcaption id=\"caption-attachment-3666\" class=\"wp-caption-text\">Sourcing av elektroniska komponenter<\/figcaption><\/figure><h4>1.\u00a0<strong>Proaktiv hantering av leveranskedjan<\/strong><\/h4><p class=\"ds-markdown-paragraph\">Ett reaktivt tillv\u00e4gag\u00e5ngss\u00e4tt f\u00f6r att k\u00f6pa reservdelar leder till f\u00f6rseningar. Ledande leverant\u00f6rer utnyttjar\u00a0<strong>Lagerdatabaser i realtid<\/strong>\u00a0och l\u00e5ngvariga relationer med franchisedistribut\u00f6rer (som DigiKey, Mouser och Arrow) f\u00f6r att k\u00f6pa komponenter innan de n\u00e5r den \u00f6ppna marknaden. Detta inkluderar att identifiera\u00a0<strong>sv\u00e5r att hitta (HTF)<\/strong>\u00a0och\u00a0<strong>livets slutskede (EOL)<\/strong>\u00a0delar tidigt i konstruktionsfasen.<\/p><h4>2.\u00a0<strong>100% \u00c4kthet och sp\u00e5rbarhet<\/strong><\/h4><p class=\"ds-markdown-paragraph\">F\u00f6rfalskade komponenter \u00e4r ett v\u00e4xande hot. Din sourcingpartner m\u00e5ste garantera\u00a0<strong>\u00e4kthet<\/strong>\u00a0genom:<\/p><ul><li><p class=\"ds-markdown-paragraph\"><strong>Endast auktoriserade distribut\u00f6rer:<\/strong>\u00a0Ingen gr\u00e5 marknad eller otillf\u00f6rlitliga k\u00e4llor.<\/p><\/li><li><p class=\"ds-markdown-paragraph\"><strong>Full sp\u00e5rbarhet:<\/strong>\u00a0Lotnummer, datumkoder och tillverkarcertifikat f\u00f6r varje rulle.<\/p><\/li><li><p class=\"ds-markdown-paragraph\"><strong>Visuell och elektrisk inspektion:<\/strong>\u00a0Vid mottagandet kontrolleras att komponenterna \u00f6verensst\u00e4mmer med specifikationerna.<\/p><\/li><\/ul><h4>3.\u00a0<strong>St\u00f6d f\u00f6r utformning av upphandlingar (DFP)<\/strong><\/h4><p class=\"ds-markdown-paragraph\">Det b\u00e4sta s\u00e4ttet att undvika en brist \u00e4r att planera f\u00f6r den. Din CM b\u00f6r erbjuda\u00a0<strong>DFP recensioner<\/strong>, Vi kan ocks\u00e5 f\u00f6resl\u00e5 alternativa delar som \u00e4r kompatibla med stift eller alternativ med flera leverant\u00f6rer f\u00f6r kritiska komponenter innan du slutf\u00f6r din BOM. Detta arbete i f\u00f6rv\u00e4g f\u00f6rhindrar kostsamma omkonstruktioner i sista minuten.<\/p><h4>4.\u00a0<strong>Flexibla modeller f\u00f6r ink\u00f6p<\/strong><\/h4><p class=\"ds-markdown-paragraph\">En professionell tj\u00e4nst st\u00f6der din aff\u00e4rsmodell:<\/p><ul><li><p class=\"ds-markdown-paragraph\"><strong>F\u00f6rs\u00e4ndelse:<\/strong>\u00a0Du levererar delar, vi monterar.<\/p><\/li><li><p class=\"ds-markdown-paragraph\"><strong>Delvis nyckelf\u00e4rdig:<\/strong>\u00a0Vi k\u00f6per de sv\u00e5rfunna komponenterna, du st\u00e5r f\u00f6r resten.<\/p><\/li><li><p class=\"ds-markdown-paragraph\"><strong>Fullt nyckelf\u00e4rdig:<\/strong>\u00a0Vi hanterar 100% av upphandlingar, fr\u00e5n passiva till ICs.<\/p><\/li><\/ul><h4>5.\u00a0<strong>Kitting &amp; lagerhantering<\/strong><\/h4><p class=\"ds-markdown-paragraph\">Ut\u00f6ver ink\u00f6p, effektiv\u00a0<strong>kitting<\/strong>-d\u00e4r komponenterna verifieras, lagras och f\u00f6rbereds f\u00f6r ditt bygge - minskar antalet fel p\u00e5 monteringslinjen. Vissa partners erbjuder ocks\u00e5\u00a0<strong>S\u00e4kerst\u00e4lld inventarie<\/strong>, lagerh\u00e5ller dina godk\u00e4nda delar f\u00f6r flera produktionsk\u00f6rningar f\u00f6r att l\u00e5sa priser och ledtider.<\/p><h4>Hur man utv\u00e4rderar en partner f\u00f6r ink\u00f6p av komponenter<\/h4><p class=\"ds-markdown-paragraph\">Innan du delar med dig av din stycklista ska du st\u00e4lla dessa tre fr\u00e5gor till potentiella partners:<\/p><ol start=\"1\"><li><p class=\"ds-markdown-paragraph\">Vilken \u00e4r er process f\u00f6r ink\u00f6p av EOL eller f\u00f6r\u00e5ldrade komponenter?<\/p><\/li><li><p class=\"ds-markdown-paragraph\">Kan du tillhandah\u00e5lla ett Certificate of Conformance (CoC) fr\u00e5n den ursprungliga tillverkaren?<\/p><\/li><li><p class=\"ds-markdown-paragraph\">Kan ni erbjuda en garanterad ledtid f\u00f6r komponenter som k\u00f6ps in helt och h\u00e5llet?<\/p><\/li><\/ol><p class=\"ds-markdown-paragraph\">En strategi f\u00f6r komponentink\u00f6p handlar inte bara om att k\u00f6pa delar - det handlar om\u00a0<strong>minska risken f\u00f6r hela produktionslivscykeln<\/strong>. Genom att samarbeta med en CM som behandlar sourcing som en teknisk disciplin, inte som en logistisk eftertanke, s\u00e4kerst\u00e4ller du att din prototyp blir en tillf\u00f6rlitlig och skalbar produkt.<\/p>\t\t\t\t\t\t\t\t<\/div>\n\t\t\t\t<\/div>\n\t\t\t\t\t<\/div>\n\t\t\t\t<\/div>\n\t\t\t\t<\/div>","protected":false},"excerpt":{"rendered":"<p>Strategic Component Sourcing for PCB Assembly | Mitigate Risk &amp; Shortages In today\u2019s volatile electronics market, strategic component sourcing\u00a0is as [&hellip;]<\/p>","protected":false},"author":1,"featured_media":0,"parent":0,"menu_order":0,"comment_status":"closed","ping_status":"closed","template":"","meta":{"site-sidebar-layout":"default","site-content-layout":"","ast-site-content-layout":"default","site-content-style":"default","site-sidebar-style":"default","ast-global-header-display":"","ast-banner-title-visibility":"","ast-main-header-display":"","ast-hfb-above-header-display":"","ast-hfb-below-header-display":"","ast-hfb-mobile-header-display":"","site-post-title":"","ast-breadcrumbs-content":"","ast-featured-img":"","footer-sml-layout":"","theme-transparent-header-meta":"default","adv-header-id-meta":"","stick-header-meta":"","header-above-stick-meta":"","header-main-stick-meta":"","header-below-stick-meta":"","astra-migrate-meta-layouts":"set","ast-page-background-enabled":"default","ast-page-background-meta":{"desktop":{"background-color":"var(--ast-global-color-5)","background-image":"","background-repeat":"repeat","background-position":"center center","background-size":"auto","background-attachment":"scroll","background-type":"","background-media":"","overlay-type":"","overlay-color":"","overlay-opacity":"","overlay-gradient":""},"tablet":{"background-color":"","background-image":"","background-repeat":"repeat","background-position":"center center","background-size":"auto","background-attachment":"scroll","background-type":"","background-media":"","overlay-type":"","overlay-color":"","overlay-opacity":"","overlay-gradient":""},"mobile":{"background-color":"","background-image":"","background-repeat":"repeat","background-position":"center center","background-size":"auto","background-attachment":"scroll","background-type":"","background-media":"","overlay-type":"","overlay-color":"","overlay-opacity":"","overlay-gradient":""}},"ast-content-background-meta":{"desktop":{"background-color":"var(--ast-global-color-4)","background-image":"","background-repeat":"repeat","background-position":"center center","background-size":"auto","background-attachment":"scroll","background-type":"","background-media":"","overlay-type":"","overlay-color":"","overlay-opacity":"","overlay-gradient":""},"tablet":{"background-color":"var(--ast-global-color-4)","background-image":"","background-repeat":"repeat","background-position":"center center","background-size":"auto","background-attachment":"scroll","background-type":"","background-media":"","overlay-type":"","overlay-color":"","overlay-opacity":"","overlay-gradient":""},"mobile":{"background-color":"var(--ast-global-color-4)","background-image":"","background-repeat":"repeat","background-position":"center center","background-size":"auto","background-attachment":"scroll","background-type":"","background-media":"","overlay-type":"","overlay-color":"","overlay-opacity":"","overlay-gradient":""}},"footnotes":""},"class_list":["post-5817","page","type-page","status-publish","hentry"],"_links":{"self":[{"href":"https:\/\/txjpcba.com\/sv\/wp-json\/wp\/v2\/pages\/5817","targetHints":{"allow":["GET"]}}],"collection":[{"href":"https:\/\/txjpcba.com\/sv\/wp-json\/wp\/v2\/pages"}],"about":[{"href":"https:\/\/txjpcba.com\/sv\/wp-json\/wp\/v2\/types\/page"}],"author":[{"embeddable":true,"href":"https:\/\/txjpcba.com\/sv\/wp-json\/wp\/v2\/users\/1"}],"replies":[{"embeddable":true,"href":"https:\/\/txjpcba.com\/sv\/wp-json\/wp\/v2\/comments?post=5817"}],"version-history":[{"count":21,"href":"https:\/\/txjpcba.com\/sv\/wp-json\/wp\/v2\/pages\/5817\/revisions"}],"predecessor-version":[{"id":5844,"href":"https:\/\/txjpcba.com\/sv\/wp-json\/wp\/v2\/pages\/5817\/revisions\/5844"}],"wp:attachment":[{"href":"https:\/\/txjpcba.com\/sv\/wp-json\/wp\/v2\/media?parent=5817"}],"curies":[{"name":"wp","href":"https:\/\/api.w.org\/{rel}","templated":true}]}}