{"id":5371,"date":"2026-04-18T16:00:40","date_gmt":"2026-04-18T08:00:40","guid":{"rendered":"https:\/\/txjpcba.com\/?page_id=5371"},"modified":"2026-04-19T00:27:51","modified_gmt":"2026-04-18T16:27:51","slug":"standardkretskort","status":"publish","type":"page","link":"https:\/\/txjpcba.com\/sv\/standardkretskort\/","title":{"rendered":"Standard kretskort"},"content":{"rendered":"<div data-elementor-type=\"wp-page\" data-elementor-id=\"5371\" class=\"elementor elementor-5371\" data-elementor-post-type=\"page\">\n\t\t\t\t<div class=\"elementor-element elementor-element-26250b35 e-flex e-con-boxed e-con e-parent\" data-id=\"26250b35\" data-element_type=\"container\">\n\t\t\t\t\t<div class=\"e-con-inner\">\n\t\t\t\t<div class=\"elementor-element elementor-element-1f28d18 elementor-widget elementor-widget-heading\" data-id=\"1f28d18\" data-element_type=\"widget\" data-widget_type=\"heading.default\">\n\t\t\t\t<div class=\"elementor-widget-container\">\n\t\t\t\t\t<h1 class=\"elementor-heading-title elementor-size-default\">Standard kretskort<\/h1>\t\t\t\t<\/div>\n\t\t\t\t<\/div>\n\t\t\t\t<div class=\"elementor-element elementor-element-4a543fca elementor-widget elementor-widget-text-editor\" data-id=\"4a543fca\" data-element_type=\"widget\" data-widget_type=\"text-editor.default\">\n\t\t\t\t<div class=\"elementor-widget-container\">\n\t\t\t\t\t\t\t\t\t<p>Here at TXJPCBA, Standard PCB service refers to full feature printed circuit board manufacturing service. With 10+ years&#8217; experience in PCB fabrication, we have handled hundreds of thousands of PCB projects, and covered almost all kinds of substrate materials including FR4 Standard, Aluminum, Rogers, etc. This page only touches standard FR4 based PCB. For PCBs with special technical substrate, please refer to corresponding webpages for information.<\/p><p style=\"text-align: center;\"><a class=\"btn-quote\" href=\"https:\/\/txjpcba.com\/sv\/fa-offert-pa-kretskortstillverkning\/\" target=\"_blank\" rel=\"noopener noreferrer\">F\u00e5 offert p\u00e5 PCB-tillverkning<br \/><span class=\"arrow\">\u203a<\/span><br \/><\/a><\/p><p>Till skillnad fr\u00e5n Prototype PCB-tj\u00e4nsten har v\u00e5r Standard PCB-tj\u00e4nst sn\u00e4vare produktionstoleranser. De f\u00f6ljande tv\u00e5 artiklarna ger dig tillr\u00e4cklig information om dessa tv\u00e5 tj\u00e4nster om deras introduktioner och skillnader:<\/p><ul><li>\u00a0J\u00e4mf\u00f6relse av tillverkningstj\u00e4nster f\u00f6r PCB-prototyp och standard PCB<\/li><li>\u00a0N\u00e4r ska man anv\u00e4nda PCB Prototype Service och n\u00e4r ska man byta till Standard PCB Service<\/li><\/ul><p>Vi rekommenderar att du anv\u00e4nder Standard PCB-tj\u00e4nsten n\u00e4r din design \u00e4r redo att g\u00e5 fr\u00e5n prototypfas till produktionsfas. Vi kan tillverka upp till 10 miljoner h\u00f6gkvalitativa m\u00f6nsterkort p\u00e5 s\u00e5 kort tid som 2 dagar. F\u00f6r att ge ditt projekt f\u00f6rv\u00e4ntad funktion och fler m\u00f6jligheter erbjuder vi avancerade funktioner f\u00f6r Standard PCB-tj\u00e4nster. Omfattande kapacitet kan hittas i f\u00f6ljande tabell:<\/p><table><tbody><tr class=\"firstRow\"><td bgcolor=\"#2baf75\">Funktion<\/td><td bgcolor=\"#2baf75\">Kapacitet<\/td><\/tr><tr><td>Kvalitetsklass<\/td><td>Standard IPC 2<\/td><\/tr><tr><td>Antal skikt<\/td><td>1 - 32 lager<\/td><\/tr><tr><td>Best\u00e4llning Antal<\/td><td>1 st - 10.000.000.000 st<\/td><\/tr><tr><td>Byggtid<\/td><td>2 dagar - 5 veckor (Expedierad service)<\/td><\/tr><tr><td>Material<\/td><td>FR-4 Standard Tg 150\u00b0C, FR4-H\u00f6g Tg 170\u00b0C, FR4-H\u00f6g-Tg 180\u00b0C, FR4-Halogenfri, FR4-Halogenfri &amp; H\u00f6g-Tg<\/td><\/tr><tr><td>Styrelsens storlek<\/td><td>Min 6*6mm | Max 600*700mm<\/td><\/tr><tr><td>Tolerans f\u00f6r kretskortets storlek<\/td><td>\u00b10,1 mm - \u00b10,3 mm<\/td><\/tr><tr><td>Br\u00e4dans tjocklek<\/td><td>0,4 mm - 3,2 mm<\/td><\/tr><tr><td>Tolerans f\u00f6r skivtjocklek<\/td><td>\u00b10,1mm - \u00b110%<\/td><\/tr><tr><td>Koppar Vikt<\/td><td>0,5 oz - 6,0 oz<\/td><\/tr><tr><td>Innerskikt Koppar Vikt<\/td><td>0,5 oz - 2,0 oz<\/td><\/tr><tr><td>Tolerans f\u00f6r koppartjocklek<\/td><td>+0\u03bcm +20\u03bcm<\/td><\/tr><tr><td>Min Tracing\/Spacing<\/td><td>3mil\/3mil<\/td><\/tr><tr><td>L\u00f6dmaskens sidor<\/td><td>I enlighet med filen<\/td><\/tr><tr><td>F\u00e4rg p\u00e5 l\u00f6dmask<\/td><td>Gr\u00f6n, vit, bl\u00e5, svart, r\u00f6d, gul<\/td><\/tr><tr><td>Silkscreen p\u00e5 sidorna<\/td><td>I enlighet med filen<\/td><\/tr><tr><td>Silkscreen F\u00e4rg<\/td><td>Vit, bl\u00e5, svart, r\u00f6d, gul<\/td><\/tr><tr><td>Ytfinish<\/td><td>HASL - varmluftsl\u00f6dning f\u00f6r utj\u00e4mning<br \/>Blyfri HASL - RoHS<br \/>ENIG - Elektrol\u00f6s nickel\/Immersion Guld - RoHS<br \/>ENEPIG- Elektrol\u00f6s nickel Elektrol\u00f6s palladium F\u00f6rdjupningsguld - RoHS<br \/>Neds\u00e4nkning Silver - RoHS<br \/>Neds\u00e4nkning i tenn - RoHS<br \/>OSP -Organiska konserveringsmedel f\u00f6r l\u00f6dbarhet - RoHS<\/td><\/tr><tr><td>Min ringformad ring<\/td><td>3 miljoner<\/td><\/tr><tr><td>Min borrh\u00e5lsdiameter<\/td><td>6mil, 4mil-laserborrning<\/td><\/tr><tr><td>Min bredd p\u00e5 utsk\u00e4rningen (NPTH)<\/td><td>0,8 mm<\/td><\/tr><tr><td>Tolerans f\u00f6r NPTH-h\u00e5lstorlek<\/td><td>\u00b1.002\u2033 (\u00b10,05 mm)<\/td><\/tr><tr><td>Min bredd p\u00e5 sp\u00e5rh\u00e5l (PTH)<\/td><td>0,6 mm<\/td><\/tr><tr><td>PTH Tolerans f\u00f6r h\u00e5lstorlek<\/td><td>\u00b1.003\u2033 (\u00b10,08mm) - \u00b14mil<\/td><\/tr><tr><td>Yt-\/h\u00e5lpl\u00e4tering Tjocklek<\/td><td>20 \u03bcm - 30 \u03bcm<\/td><\/tr><tr><td>SM Tolerans (LPI)<\/td><td>.003\u2033 (0,075 mm)<\/td><\/tr><tr><td>Aspect-f\u00f6rh\u00e5llande<\/td><td>1,10 (h\u00e5lstorlek: skivans tjocklek)<\/td><\/tr><tr><td>Test<\/td><td>10V - 250V, flygande prob eller testfixtur<\/td><\/tr><tr><td>Tolerans f\u00f6r impedans<\/td><td>\u00b15% - \u00b110%<\/td><\/tr><tr><td>SMD Pitch<\/td><td>0,2 mm (8 mil)<\/td><\/tr><tr><td>BGA Pitch<\/td><td>0,2 mm (8 mil)<\/td><\/tr><tr><td>Avfasning av guldfingrar<\/td><td>20, 30, 45, 60<\/td><\/tr><tr><td>Andra tekniker<\/td><td>Guldfingrar<br \/>Blinda och begravda h\u00e5l<br \/>avskalningsbar l\u00f6dmask<br \/>Kantpl\u00e4tering<br \/>Kolmask<br \/>Kaptontejp<br \/>F\u00f6rs\u00e4nkning\/f\u00f6rs\u00e4nkning av h\u00e5l<br \/>Halvskuret\/kastellerat h\u00e5l<br \/>Presspassat h\u00e5l<br \/>Via t\u00e4lt \/ t\u00e4ckt med harts<br \/>Via pluggad\/fylld med harts<br \/>Via i pad<br \/>Elektriskt test<\/td><\/tr><\/tbody><\/table><h2>F\u00f6rdelar med standard PCB med TXJPCBA<\/h2><p>TXJPCBA \u00e4r en nyckelf\u00e4rdig PCB-l\u00f6sning med full service som kan hantera allt fr\u00e5n prototyp till tillverkning till montering. Vi har tillverkat h\u00f6gkvalitativa standardkretskort i \u00f6ver 10 \u00e5r och \u00e4r helt kompatibla med ISO9001: 2008 kvalitetsstandarder. Alla v\u00e5ra standardkretskort \u00e4r IPC2-kompatibla, och vi g\u00f6r strikta interna kvalitetss\u00e4kringstester f\u00f6r att s\u00e4kerst\u00e4lla att kortet som anl\u00e4nder till din anl\u00e4ggning \u00e4r ett du vet att du kan lita p\u00e5.<\/p><p>We offer <a href=\"https:\/\/txjpcba.com\/sv\">PCB solutions<\/a> that fit your budget. You can order just a few prototype boards to test your design, and then place a bulk order for your standard PCBs to save even more money. We&amp;rsquo;ll give you a free instant quote so you&amp;rsquo;ll know just want to expect and so that you can plan accordingly. We also offer complete technical support from PCB experts. Call us up, chat online or email us with any questions, whichever is the most convenient for you. We&amp;rsquo;ll handle your concerns or questions as quickly as possible. We have obtained over 99 percent customer satisfaction rate, and as soon as you start ordering printed circuit boards from TXJPCBA, you&amp;rsquo;ll find out why.<\/p>\t\t\t\t\t\t\t\t<\/div>\n\t\t\t\t<\/div>\n\t\t\t\t\t<\/div>\n\t\t\t\t<\/div>\n\t\t\t\t<\/div>","protected":false},"excerpt":{"rendered":"<p>Standard PCB Here at TXJPCBA, Standard PCB service refers to full feature printed circuit board manufacturing service. With 10+ years&#8217; [&hellip;]<\/p>","protected":false},"author":1,"featured_media":0,"parent":0,"menu_order":0,"comment_status":"closed","ping_status":"closed","template":"elementor_header_footer","meta":{"site-sidebar-layout":"default","site-content-layout":"","ast-site-content-layout":"default","site-content-style":"default","site-sidebar-style":"default","ast-global-header-display":"","ast-banner-title-visibility":"","ast-main-header-display":"","ast-hfb-above-header-display":"","ast-hfb-below-header-display":"","ast-hfb-mobile-header-display":"","site-post-title":"","ast-breadcrumbs-content":"","ast-featured-img":"","footer-sml-layout":"","theme-transparent-header-meta":"default","adv-header-id-meta":"","stick-header-meta":"","header-above-stick-meta":"","header-main-stick-meta":"","header-below-stick-meta":"","astra-migrate-meta-layouts":"set","ast-page-background-enabled":"default","ast-page-background-meta":{"desktop":{"background-color":"var(--ast-global-color-5)","background-image":"","background-repeat":"repeat","background-position":"center center","background-size":"auto","background-attachment":"scroll","background-type":"","background-media":"","overlay-type":"","overlay-color":"","overlay-opacity":"","overlay-gradient":""},"tablet":{"background-color":"","background-image":"","background-repeat":"repeat","background-position":"center center","background-size":"auto","background-attachment":"scroll","background-type":"","background-media":"","overlay-type":"","overlay-color":"","overlay-opacity":"","overlay-gradient":""},"mobile":{"background-color":"","background-image":"","background-repeat":"repeat","background-position":"center center","background-size":"auto","background-attachment":"scroll","background-type":"","background-media":"","overlay-type":"","overlay-color":"","overlay-opacity":"","overlay-gradient":""}},"ast-content-background-meta":{"desktop":{"background-color":"var(--ast-global-color-4)","background-image":"","background-repeat":"repeat","background-position":"center center","background-size":"auto","background-attachment":"scroll","background-type":"","background-media":"","overlay-type":"","overlay-color":"","overlay-opacity":"","overlay-gradient":""},"tablet":{"background-color":"var(--ast-global-color-4)","background-image":"","background-repeat":"repeat","background-position":"center center","background-size":"auto","background-attachment":"scroll","background-type":"","background-media":"","overlay-type":"","overlay-color":"","overlay-opacity":"","overlay-gradient":""},"mobile":{"background-color":"var(--ast-global-color-4)","background-image":"","background-repeat":"repeat","background-position":"center center","background-size":"auto","background-attachment":"scroll","background-type":"","background-media":"","overlay-type":"","overlay-color":"","overlay-opacity":"","overlay-gradient":""}},"footnotes":""},"class_list":["post-5371","page","type-page","status-publish","hentry"],"_links":{"self":[{"href":"https:\/\/txjpcba.com\/sv\/wp-json\/wp\/v2\/pages\/5371","targetHints":{"allow":["GET"]}}],"collection":[{"href":"https:\/\/txjpcba.com\/sv\/wp-json\/wp\/v2\/pages"}],"about":[{"href":"https:\/\/txjpcba.com\/sv\/wp-json\/wp\/v2\/types\/page"}],"author":[{"embeddable":true,"href":"https:\/\/txjpcba.com\/sv\/wp-json\/wp\/v2\/users\/1"}],"replies":[{"embeddable":true,"href":"https:\/\/txjpcba.com\/sv\/wp-json\/wp\/v2\/comments?post=5371"}],"version-history":[{"count":53,"href":"https:\/\/txjpcba.com\/sv\/wp-json\/wp\/v2\/pages\/5371\/revisions"}],"predecessor-version":[{"id":5479,"href":"https:\/\/txjpcba.com\/sv\/wp-json\/wp\/v2\/pages\/5371\/revisions\/5479"}],"wp:attachment":[{"href":"https:\/\/txjpcba.com\/sv\/wp-json\/wp\/v2\/media?parent=5371"}],"curies":[{"name":"wp","href":"https:\/\/api.w.org\/{rel}","templated":true}]}}