{"id":3349,"date":"2026-03-03T11:34:29","date_gmt":"2026-03-03T03:34:29","guid":{"rendered":"https:\/\/txjpcba.com\/?page_id=3349"},"modified":"2026-03-03T11:35:40","modified_gmt":"2026-03-03T03:35:40","slug":"webbplatskarta","status":"publish","type":"page","link":"https:\/\/txjpcba.com\/sv\/webbplatskarta\/","title":{"rendered":"Sitemap"},"content":{"rendered":"<div data-elementor-type=\"wp-page\" data-elementor-id=\"3349\" class=\"elementor elementor-3349\" data-elementor-post-type=\"page\">\n\t\t\t\t<div class=\"elementor-element elementor-element-41cfd56 e-flex e-con-boxed e-con e-parent\" data-id=\"41cfd56\" data-element_type=\"container\" data-e-type=\"container\">\n\t\t\t\t\t<div class=\"e-con-inner\">\n\t\t\t\t<div class=\"elementor-element elementor-element-5ec634c elementor-widget elementor-widget-sitemap\" data-id=\"5ec634c\" data-element_type=\"widget\" data-e-type=\"widget\" data-widget_type=\"sitemap.default\">\n\t\t\t\t<div class=\"elementor-widget-container\">\n\t\t\t\t\t<div class=\"elementor-sitemap-wrap\"><div class=\"elementor-sitemap-section\"><h2 class=\"elementor-sitemap-title elementor-sitemap-page-title\">Sidor<\/h2><ul class=\"elementor-sitemap-list elementor-sitemap-page-list\"><li class=\"elementor-sitemap-item elementor-sitemap-item-page page_item page-item-6114 menu-item\"><a href=\"https:\/\/txjpcba.com\/sv\/gat-a-pcb-layout-quote\/\" class=\"elementor-sitemap-item elementor-sitemap-item-page menu-link\">Beg\u00e4r en offert p\u00e5 PCB-layout<\/a><\/li><li class=\"elementor-sitemap-item elementor-sitemap-item-page page_item page-item-5925 menu-item\"><a href=\"https:\/\/txjpcba.com\/sv\/pcb-layout\/\" class=\"elementor-sitemap-item elementor-sitemap-item-page menu-link\">PCB-layout<\/a><\/li><li class=\"elementor-sitemap-item elementor-sitemap-item-page page_item page-item-5887 menu-item\"><a href=\"https:\/\/txjpcba.com\/sv\/halogenfritt-kretskort\/\" class=\"elementor-sitemap-item elementor-sitemap-item-page menu-link\">Halogenfri kretskortstillverkning - milj\u00f6v\u00e4nliga och RoHS-kompatibla l\u00f6sningar<\/a><\/li><li class=\"elementor-sitemap-item elementor-sitemap-item-page page_item page-item-5864 menu-item\"><a href=\"https:\/\/txjpcba.com\/sv\/kretskort-i-tung-koppar\/\" class=\"elementor-sitemap-item elementor-sitemap-item-page menu-link\">PCB av tung koppar<\/a><\/li><li class=\"elementor-sitemap-item elementor-sitemap-item-page page_item page-item-5845 menu-item\"><a href=\"https:\/\/txjpcba.com\/sv\/kretskort-for-hogfrekvens-2\/\" class=\"elementor-sitemap-item elementor-sitemap-item-page menu-link\">Tillverkning av h\u00f6gfrekventa m\u00f6nsterkort | Materialval och impedansreglering<\/a><\/li><li class=\"elementor-sitemap-item elementor-sitemap-item-page page_item page-item-5817 menu-item\"><a href=\"https:\/\/txjpcba.com\/sv\/inkop-av-komponenter\/\" class=\"elementor-sitemap-item elementor-sitemap-item-page menu-link\">Strategisk komponentink\u00f6p f\u00f6r kretskortsmontering<\/a><\/li><li class=\"elementor-sitemap-item elementor-sitemap-item-page page_item page-item-5656 menu-item\"><a href=\"https:\/\/txjpcba.com\/sv\/styvt-flexkretskort-2\/\" class=\"elementor-sitemap-item elementor-sitemap-item-page menu-link\">Styvt Flex PCB<\/a><\/li><li class=\"elementor-sitemap-item elementor-sitemap-item-page page_item page-item-5598 menu-item\"><a href=\"https:\/\/txjpcba.com\/sv\/led-kretskort\/\" class=\"elementor-sitemap-item elementor-sitemap-item-page menu-link\">LED-KRETSKORT<\/a><\/li><li class=\"elementor-sitemap-item elementor-sitemap-item-page page_item page-item-5545 menu-item\"><a href=\"https:\/\/txjpcba.com\/sv\/flexibelt-kretskort\/\" class=\"elementor-sitemap-item elementor-sitemap-item-page menu-link\">Flexibelt kretskort<\/a><\/li><li class=\"elementor-sitemap-item elementor-sitemap-item-page page_item page-item-5481 menu-item\"><a href=\"https:\/\/txjpcba.com\/sv\/hdi-kretskort-2\/\" class=\"elementor-sitemap-item elementor-sitemap-item-page menu-link\">HDI PCB<\/a><\/li><li class=\"elementor-sitemap-item elementor-sitemap-item-page page_item page-item-5387 menu-item\"><a href=\"https:\/\/txjpcba.com\/sv\/fa-offert-pa-kretskortstillverkning\/\" class=\"elementor-sitemap-item elementor-sitemap-item-page menu-link\">F\u00e5 offert p\u00e5 PCB-tillverkning<\/a><\/li><li class=\"elementor-sitemap-item elementor-sitemap-item-page page_item page-item-5371 menu-item\"><a href=\"https:\/\/txjpcba.com\/sv\/fr4-kretskort\/\" class=\"elementor-sitemap-item elementor-sitemap-item-page menu-link\">FR4 KRETSKORT<\/a><\/li><li class=\"elementor-sitemap-item elementor-sitemap-item-page page_item page-item-4958 menu-item\"><a href=\"https:\/\/txjpcba.com\/sv\/tjanster-for-elektroniktillverkning\/\" class=\"elementor-sitemap-item elementor-sitemap-item-page menu-link\">Tj\u00e4nster f\u00f6r elektroniktillverkning<\/a><\/li><li class=\"elementor-sitemap-item elementor-sitemap-item-page page_item page-item-4014 menu-item\"><a href=\"https:\/\/txjpcba.com\/sv\/pcba-tillverkare\/\" class=\"elementor-sitemap-item elementor-sitemap-item-page menu-link\">PCBA-tillverkare<\/a><\/li><li class=\"elementor-sitemap-item elementor-sitemap-item-page page_item page-item-3948 menu-item\"><a href=\"https:\/\/txjpcba.com\/sv\/nyckelfardig-kretskortsmontering-2\/\" class=\"elementor-sitemap-item elementor-sitemap-item-page menu-link\">Nyckelf\u00e4rdig PCB-montering<\/a><\/li><li class=\"elementor-sitemap-item elementor-sitemap-item-page page_item page-item-3631 menu-item\"><a href=\"https:\/\/txjpcba.com\/sv\/montering-av-prototypkretskort\/\" class=\"elementor-sitemap-item elementor-sitemap-item-page menu-link\">Montering av prototypkretskort<\/a><\/li><li class=\"elementor-sitemap-item elementor-sitemap-item-page page_item page-item-3553 menu-item\"><a href=\"https:\/\/txjpcba.com\/sv\/taggar-moln\/\" class=\"elementor-sitemap-item elementor-sitemap-item-page menu-link\">Taggar moln<\/a><\/li><li class=\"elementor-sitemap-item elementor-sitemap-item-page page_item page-item-3349 menu-item\"><a href=\"https:\/\/txjpcba.com\/sv\/webbplatskarta\/\" class=\"elementor-sitemap-item elementor-sitemap-item-page menu-link\">Sitemap<\/a><\/li><li class=\"elementor-sitemap-item elementor-sitemap-item-page page_item page-item-2807 menu-item\"><a href=\"https:\/\/txjpcba.com\/sv\/sprakvaljare\/\" class=\"elementor-sitemap-item elementor-sitemap-item-page menu-link\">spr\u00e5kv\u00e4ljare<\/a><\/li><li class=\"elementor-sitemap-item elementor-sitemap-item-page page_item page-item-2392 menu-item\"><a href=\"https:\/\/txjpcba.com\/sv\/tillverkning-av-kretskort\/\" class=\"elementor-sitemap-item elementor-sitemap-item-page menu-link\">Tillverkning av kretskort<\/a><\/li><li class=\"elementor-sitemap-item elementor-sitemap-item-page page_item page-item-2276 menu-item\"><a href=\"https:\/\/txjpcba.com\/sv\/fa-en-offert-pa-kretskortsmontering\/\" class=\"elementor-sitemap-item elementor-sitemap-item-page menu-link\">F\u00e5 en offert p\u00e5 PCB-montering<\/a><\/li><li class=\"elementor-sitemap-item elementor-sitemap-item-page page_item page-item-2243 menu-item\"><a href=\"https:\/\/txjpcba.com\/sv\/fa-en-offert-pa-konform-belaggning\/\" class=\"elementor-sitemap-item elementor-sitemap-item-page menu-link\">F\u00e5 en offert p\u00e5 Conformal Coating<\/a><\/li><li class=\"elementor-sitemap-item elementor-sitemap-item-page page_item page-item-2129 menu-item\"><a href=\"https:\/\/txjpcba.com\/sv\/fa-en-offert\/\" class=\"elementor-sitemap-item elementor-sitemap-item-page menu-link\">F\u00e5 en offert<\/a><\/li><li class=\"elementor-sitemap-item elementor-sitemap-item-page page_item page-item-1622 menu-item\"><a href=\"https:\/\/txjpcba.com\/sv\/konform-belaggning\/\" class=\"elementor-sitemap-item elementor-sitemap-item-page menu-link\">Konform bel\u00e4ggning<\/a><\/li><li class=\"elementor-sitemap-item elementor-sitemap-item-page page_item page-item-905 menu-item\"><a href=\"https:\/\/txjpcba.com\/sv\/pcba\/\" class=\"elementor-sitemap-item elementor-sitemap-item-page menu-link\">PCBA<\/a><\/li><li class=\"elementor-sitemap-item elementor-sitemap-item-page page_item page-item-883 menu-item\"><a href=\"https:\/\/txjpcba.com\/sv\/tack-sa-mycket\/\" class=\"elementor-sitemap-item elementor-sitemap-item-page menu-link\">Tack s\u00e5 mycket<\/a><\/li><li class=\"elementor-sitemap-item elementor-sitemap-item-page page_item page-item-391 menu-item\"><a href=\"https:\/\/txjpcba.com\/sv\/kretskortsmontering\/\" class=\"elementor-sitemap-item elementor-sitemap-item-page menu-link\">Montering av kretskort<\/a><\/li><li class=\"elementor-sitemap-item elementor-sitemap-item-page page_item page-item-61 menu-item\"><a href=\"https:\/\/txjpcba.com\/sv\/pcba-oem-odm\/\" class=\"elementor-sitemap-item elementor-sitemap-item-page menu-link\">PCBA OEM\/ODM<\/a><\/li><li class=\"elementor-sitemap-item elementor-sitemap-item-page page_item page-item-59 menu-item\"><a href=\"https:\/\/txjpcba.com\/sv\/smt-monteringstjanster\/\" class=\"elementor-sitemap-item elementor-sitemap-item-page menu-link\">Tj\u00e4nster f\u00f6r SMT-montering<\/a><\/li><li class=\"elementor-sitemap-item elementor-sitemap-item-page page_item page-item-52 menu-item\"><a href=\"https:\/\/txjpcba.com\/sv\/contact\/\" class=\"elementor-sitemap-item elementor-sitemap-item-page menu-link\">Kontakt<\/a><\/li><li class=\"elementor-sitemap-item elementor-sitemap-item-page page_item page-item-50 menu-item\"><a href=\"https:\/\/txjpcba.com\/sv\/pcb-pcba-kapacitet\/\" class=\"elementor-sitemap-item elementor-sitemap-item-page menu-link\">Kapacitet f\u00f6r tillverkning av PCB och PCBA<\/a><\/li><li class=\"elementor-sitemap-item elementor-sitemap-item-page page_item page-item-48 menu-item\"><a href=\"https:\/\/txjpcba.com\/sv\/tjanster\/\" class=\"elementor-sitemap-item elementor-sitemap-item-page menu-link\">Tj\u00e4nster<\/a><\/li><li class=\"elementor-sitemap-item elementor-sitemap-item-page page_item page-item-46 menu-item\"><a href=\"https:\/\/txjpcba.com\/sv\/om\/\" class=\"elementor-sitemap-item elementor-sitemap-item-page menu-link\">Om<\/a><\/li><li class=\"elementor-sitemap-item elementor-sitemap-item-page page_item page-item-12 menu-item\"><a href=\"https:\/\/txjpcba.com\/sv\" class=\"elementor-sitemap-item elementor-sitemap-item-page menu-link\">Hem<\/a><\/li><li class=\"elementor-sitemap-item elementor-sitemap-item-page page_item page-item-3 menu-item\"><a href=\"https:\/\/txjpcba.com\/sv\/integritetspolicy\/\" class=\"elementor-sitemap-item elementor-sitemap-item-page menu-link\">Integritetspolicy<\/a><\/li><\/ul><\/div><div class=\"elementor-sitemap-section\"><h2 class=\"elementor-sitemap-title elementor-sitemap-category-title\">Kategorier<\/h2><ul class=\"elementor-sitemap-list elementor-sitemap-category-list\">\t<li class=\"elementor-sitemap-item elementor-sitemap-item-category cat-item cat-item-35\"><a href=\"https:\/\/txjpcba.com\/sv\/kategori\/pcb-pcba-kunskap\/\">KUNSKAP OM PCB\/PCBA<\/a>\n<\/li>\n\t<li class=\"elementor-sitemap-item elementor-sitemap-item-category cat-item cat-item-445\"><a href=\"https:\/\/txjpcba.com\/sv\/kategori\/fragor-och-svar\/pcb-assembly-faqs\/\">Vanliga fr\u00e5gor om PCB-montering<\/a>\n<\/li>\n\t<li class=\"elementor-sitemap-item elementor-sitemap-item-category cat-item cat-item-71\"><a href=\"https:\/\/txjpcba.com\/sv\/kategori\/fragor-och-svar\/\">VANLIGA FR\u00c5GOR<\/a>\n<\/li>\n\t<li class=\"elementor-sitemap-item elementor-sitemap-item-category cat-item cat-item-256\"><a href=\"https:\/\/txjpcba.com\/sv\/kategori\/fragor-och-svar\/konform-belaggning\/\">Vanliga fr\u00e5gor om konform bel\u00e4ggning<\/a>\n<\/li>\n\t<li class=\"elementor-sitemap-item elementor-sitemap-item-category cat-item cat-item-57\"><a href=\"https:\/\/txjpcba.com\/sv\/kategori\/bloggar\/\">BLOGG<\/a>\n<\/li>\n<\/ul><\/div><\/div>\t\t\t\t<\/div>\n\t\t\t\t<\/div>\n\t\t\t\t\t<\/div>\n\t\t\t\t<\/div>\n\t\t\t\t<\/div>","protected":false},"excerpt":{"rendered":"","protected":false},"author":1,"featured_media":0,"parent":0,"menu_order":0,"comment_status":"closed","ping_status":"closed","template":"","meta":{"site-sidebar-layout":"no-sidebar","site-content-layout":"","ast-site-content-layout":"full-width-container","site-content-style":"default","site-sidebar-style":"default","ast-global-header-display":"","ast-banner-title-visibility":"","ast-main-header-display":"","ast-hfb-above-header-display":"","ast-hfb-below-header-display":"","ast-hfb-mobile-header-display":"","site-post-title":"disabled","ast-breadcrumbs-content":"","ast-featured-img":"disabled","footer-sml-layout":"","ast-disable-related-posts":"","theme-transparent-header-meta":"default","adv-header-id-meta":"","stick-header-meta":"","header-above-stick-meta":"","header-main-stick-meta":"","header-below-stick-meta":"","astra-migrate-meta-layouts":"set","ast-page-background-enabled":"default","ast-page-background-meta":{"desktop":{"background-color":"var(--ast-global-color-5)","background-image":"","background-repeat":"repeat","background-position":"center center","background-size":"auto","background-attachment":"scroll","background-type":"","background-media":"","overlay-type":"","overlay-color":"","overlay-opacity":"","overlay-gradient":""},"tablet":{"background-color":"","background-image":"","background-repeat":"repeat","background-position":"center center","background-size":"auto","background-attachment":"scroll","background-type":"","background-media":"","overlay-type":"","overlay-color":"","overlay-opacity":"","overlay-gradient":""},"mobile":{"background-color":"","background-image":"","background-repeat":"repeat","background-position":"center center","background-size":"auto","background-attachment":"scroll","background-type":"","background-media":"","overlay-type":"","overlay-color":"","overlay-opacity":"","overlay-gradient":""}},"ast-content-background-meta":{"desktop":{"background-color":"var(--ast-global-color-4)","background-image":"","background-repeat":"repeat","background-position":"center center","background-size":"auto","background-attachment":"scroll","background-type":"","background-media":"","overlay-type":"","overlay-color":"","overlay-opacity":"","overlay-gradient":""},"tablet":{"background-color":"var(--ast-global-color-4)","background-image":"","background-repeat":"repeat","background-position":"center center","background-size":"auto","background-attachment":"scroll","background-type":"","background-media":"","overlay-type":"","overlay-color":"","overlay-opacity":"","overlay-gradient":""},"mobile":{"background-color":"var(--ast-global-color-4)","background-image":"","background-repeat":"repeat","background-position":"center center","background-size":"auto","background-attachment":"scroll","background-type":"","background-media":"","overlay-type":"","overlay-color":"","overlay-opacity":"","overlay-gradient":""}},"footnotes":""},"class_list":["post-3349","page","type-page","status-publish","hentry"],"_links":{"self":[{"href":"https:\/\/txjpcba.com\/sv\/wp-json\/wp\/v2\/pages\/3349","targetHints":{"allow":["GET"]}}],"collection":[{"href":"https:\/\/txjpcba.com\/sv\/wp-json\/wp\/v2\/pages"}],"about":[{"href":"https:\/\/txjpcba.com\/sv\/wp-json\/wp\/v2\/types\/page"}],"author":[{"embeddable":true,"href":"https:\/\/txjpcba.com\/sv\/wp-json\/wp\/v2\/users\/1"}],"replies":[{"embeddable":true,"href":"https:\/\/txjpcba.com\/sv\/wp-json\/wp\/v2\/comments?post=3349"}],"version-history":[{"count":4,"href":"https:\/\/txjpcba.com\/sv\/wp-json\/wp\/v2\/pages\/3349\/revisions"}],"predecessor-version":[{"id":3353,"href":"https:\/\/txjpcba.com\/sv\/wp-json\/wp\/v2\/pages\/3349\/revisions\/3353"}],"wp:attachment":[{"href":"https:\/\/txjpcba.com\/sv\/wp-json\/wp\/v2\/media?parent=3349"}],"curies":[{"name":"wp","href":"https:\/\/api.w.org\/{rel}","templated":true}]}}