{"id":6114,"date":"2026-04-24T16:36:45","date_gmt":"2026-04-24T08:36:45","guid":{"rendered":"https:\/\/txjpcba.com\/?page_id=6114"},"modified":"2026-04-24T16:43:06","modified_gmt":"2026-04-24T08:43:06","slug":"gat-a-pcb-layout-quote","status":"publish","type":"page","link":"https:\/\/txjpcba.com\/pt\/gat-a-pcb-layout-quote\/","title":{"rendered":"Obter uma cota\u00e7\u00e3o de layout de PCB"},"content":{"rendered":"<div data-elementor-type=\"wp-page\" data-elementor-id=\"6114\" class=\"elementor elementor-6114\" data-elementor-post-type=\"page\">\n\t\t\t\t<div class=\"elementor-element elementor-element-7be7b852 e-flex e-con-boxed e-con e-parent\" data-id=\"7be7b852\" data-element_type=\"container\" data-e-type=\"container\">\n\t\t\t\t\t<div class=\"e-con-inner\">\n\t\t\t\t<div class=\"elementor-element elementor-element-381e85c7 elementor-widget elementor-widget-text-editor\" data-id=\"381e85c7\" data-element_type=\"widget\" data-e-type=\"widget\" data-widget_type=\"text-editor.default\">\n\t\t\t\t<div class=\"elementor-widget-container\">\n\t\t\t\t\t\t\t\t\tObter uma cota\u00e7\u00e3o de layout de PCB\t\t\t\t\t\t\t\t<\/div>\n\t\t\t\t<\/div>\n\t\t\t\t\t<\/div>\n\t\t\t\t<\/div>\n\t\t\t\t<section class=\"elementor-section elementor-top-section elementor-element elementor-element-256a8cd3 elementor-section-boxed elementor-section-height-default elementor-section-height-default\" data-id=\"256a8cd3\" data-element_type=\"section\" data-e-type=\"section\" data-settings=\"{&quot;background_background&quot;:&quot;classic&quot;}\">\n\t\t\t\t\t\t<div class=\"elementor-container elementor-column-gap-no\">\n\t\t\t\t\t<div class=\"elementor-column elementor-col-50 elementor-top-column elementor-element elementor-element-6a31dca8\" data-id=\"6a31dca8\" data-element_type=\"column\" data-e-type=\"column\" data-settings=\"{&quot;background_background&quot;:&quot;classic&quot;}\">\n\t\t\t<div class=\"elementor-widget-wrap elementor-element-populated\">\n\t\t\t\t\t\t<section class=\"elementor-section elementor-inner-section elementor-element elementor-element-207d703a elementor-section-boxed elementor-section-height-default elementor-section-height-default\" data-id=\"207d703a\" data-element_type=\"section\" data-e-type=\"section\">\n\t\t\t\t\t\t<div class=\"elementor-container elementor-column-gap-no\">\n\t\t\t\t\t<div class=\"elementor-column elementor-col-100 elementor-inner-column elementor-element elementor-element-295571b4\" data-id=\"295571b4\" data-element_type=\"column\" data-e-type=\"column\">\n\t\t\t<div class=\"elementor-widget-wrap elementor-element-populated\">\n\t\t\t\t\t\t<div class=\"elementor-element elementor-element-3083932d elementor-widget__width-initial elementor-widget elementor-widget-heading\" data-id=\"3083932d\" data-element_type=\"widget\" data-e-type=\"widget\" data-widget_type=\"heading.default\">\n\t\t\t\t<div class=\"elementor-widget-container\">\n\t\t\t\t\t<h2 class=\"elementor-heading-title elementor-size-default\">Obter uma cota\u00e7\u00e3o de layout de PCB <\/h2>\t\t\t\t<\/div>\n\t\t\t\t<\/div>\n\t\t\t\t<div class=\"elementor-element elementor-element-43558d5d elementor-widget__width-initial elementor-widget-mobile__width-initial elementor-widget elementor-widget-text-editor\" data-id=\"43558d5d\" data-element_type=\"widget\" data-e-type=\"widget\" data-widget_type=\"text-editor.default\">\n\t\t\t\t<div class=\"elementor-widget-container\">\n\t\t\t\t\t\t\t\t\t<p>Depois que o arquivo e as informa\u00e7\u00f5es forem enviados, nossa equipe t\u00e9cnica os analisar\u00e1 e responder\u00e1 prontamente.\uff08Os campos marcados com um asterisco* s\u00e3o obrigat\u00f3rios)<\/p>\t\t\t\t\t\t\t\t<\/div>\n\t\t\t\t<\/div>\n\t\t\t\t<div class=\"elementor-element elementor-element-20ecc537 elementor-widget__width-initial elementor-widget elementor-widget-shortcode\" data-id=\"20ecc537\" data-element_type=\"widget\" data-e-type=\"widget\" data-widget_type=\"shortcode.default\">\n\t\t\t\t<div class=\"elementor-widget-container\">\n\t\t\t\t\t\t\t<div class=\"elementor-shortcode\"><style id=\"wpforms-css-vars-5986\">\n\t\t\t\t#wpforms-5986 {\n\t\t\t\t--wpforms-field-size-input-height: 43px;\n--wpforms-field-size-input-spacing: 15px;\n--wpforms-field-size-font-size: 16px;\n--wpforms-field-size-line-height: 19px;\n--wpforms-field-size-padding-h: 14px;\n--wpforms-field-size-checkbox-size: 16px;\n--wpforms-field-size-sublabel-spacing: 5px;\n--wpforms-field-size-icon-size: 1;\n--wpforms-label-size-font-size: 16px;\n--wpforms-label-size-line-height: 19px;\n--wpforms-label-size-sublabel-font-size: 14px;\n--wpforms-label-size-sublabel-line-height: 17px;\n--wpforms-button-size-font-size: 17px;\n--wpforms-button-size-height: 41px;\n--wpforms-button-size-padding-h: 15px;\n--wpforms-button-size-margin-top: 10px;\n--wpforms-container-shadow-size-box-shadow: none;\n\t\t\t}\n\t\t\t<\/style><div class=\"wpforms-container wpforms-container-full wpforms-render-modern\" id=\"wpforms-5986\"><form id=\"wpforms-form-5986\" class=\"wpforms-validate wpforms-form wpforms-ajax-form\" data-formid=\"5986\" method=\"post\" enctype=\"multipart\/form-data\" action=\"\/pt\/wp-json\/wp\/v2\/pages\/6114?wpforms_form_id=5986\" data-token=\"2f1fbae8ab12c589bc948121d4ee713a\" data-token-time=\"1777072474\" data-trp-original-action=\"\/pt\/wp-json\/wp\/v2\/pages\/6114?wpforms_form_id=5986\"><noscript class=\"wpforms-error-noscript\">Ative o JavaScript no seu navegador para preencher este formul\u00e1rio.<\/noscript><div id=\"wpforms-error-noscript\" style=\"display: none;\">Ative o JavaScript no seu navegador para preencher este formul\u00e1rio.<\/div><div class=\"wpforms-field-container\"><div id=\"wpforms-5986-field_17-container\" class=\"wpforms-field wpforms-field-layout\" data-field-type=\"layout\" data-field-id=\"17\"><div class=\"wpforms-field-layout-rows wpforms-field-large\"><div class=\"wpforms-layout-row\"><div class=\"wpforms-layout-column wpforms-layout-column-50\"><div id=\"wpforms-5986-field_0-container\" class=\"wpforms-field wpforms-field-name\" data-field-type=\"name\" data-field-id=\"0\"><label class=\"wpforms-field-label\" for=\"wpforms-5986-field_0\">Nome <span class=\"wpforms-required-label\" aria-hidden=\"true\">*<\/span><\/label><input type=\"text\" id=\"wpforms-5986-field_0\" class=\"wpforms-field-medium wpforms-field-required\" name=\"wpforms[fields][0]\" aria-errormessage=\"wpforms-5986-field_0-error\" required><\/div><\/div><div class=\"wpforms-layout-column wpforms-layout-column-50\"><div id=\"wpforms-5986-field_1-container\" class=\"wpforms-field wpforms-field-email\" data-field-type=\"email\" data-field-id=\"1\"><label class=\"wpforms-field-label\" for=\"wpforms-5986-field_1\">E-mail <span class=\"wpforms-required-label\" aria-hidden=\"true\">*<\/span><\/label><input type=\"email\" id=\"wpforms-5986-field_1\" class=\"wpforms-field-medium wpforms-field-required\" name=\"wpforms[fields][1]\" spellcheck=\"false\" aria-errormessage=\"wpforms-5986-field_1-error\" required><\/div><\/div><\/div><div class=\"wpforms-layout-row\"><div class=\"wpforms-layout-column wpforms-layout-column-50\"><div id=\"wpforms-5986-field_18-container\" class=\"wpforms-field wpforms-field-text\" data-field-type=\"text\" data-field-id=\"18\"><label class=\"wpforms-field-label\" for=\"wpforms-5986-field_18\">Nome do projeto<\/label><input type=\"text\" id=\"wpforms-5986-field_18\" class=\"wpforms-field-medium\" name=\"wpforms[fields][18]\" aria-errormessage=\"wpforms-5986-field_18-error\" ><\/div><\/div><div class=\"wpforms-layout-column wpforms-layout-column-50\"><div id=\"wpforms-5986-field_19-container\" class=\"wpforms-field wpforms-field-text\" data-field-type=\"text\" data-field-id=\"19\"><label class=\"wpforms-field-label\" for=\"wpforms-5986-field_19\">Software EDA<\/label><input type=\"text\" id=\"wpforms-5986-field_19\" class=\"wpforms-field-medium\" name=\"wpforms[fields][19]\" aria-errormessage=\"wpforms-5986-field_19-error\" ><\/div><\/div><\/div><div class=\"wpforms-layout-row\"><div class=\"wpforms-layout-column wpforms-layout-column-50\"><div id=\"wpforms-5986-field_22-container\" class=\"wpforms-field wpforms-field-text\" data-field-type=\"text\" data-field-id=\"22\"><label class=\"wpforms-field-label\" for=\"wpforms-5986-field_22\">Dimens\u00f5es<\/label><input type=\"text\" id=\"wpforms-5986-field_22\" class=\"wpforms-field-medium\" name=\"wpforms[fields][22]\" placeholder=\"e.g. 2mm x 10mm\" aria-errormessage=\"wpforms-5986-field_22-error\" ><\/div><\/div><div class=\"wpforms-layout-column wpforms-layout-column-50\"><\/div><\/div><\/div><\/div><div id=\"wpforms-5986-field_20-container\" class=\"wpforms-field wpforms-field-radio wpforms-list-inline\" data-field-type=\"radio\" data-field-id=\"20\"><fieldset><legend class=\"wpforms-field-label\">Tem .sch?<\/legend><ul id=\"wpforms-5986-field_20\"><li class=\"choice-1 depth-1\"><input type=\"radio\" id=\"wpforms-5986-field_20_1\" name=\"wpforms[fields][20]\" value=\"Yes\" aria-errormessage=\"wpforms-5986-field_20_1-error\"  ><label class=\"wpforms-field-label-inline\" for=\"wpforms-5986-field_20_1\">Sim<\/label><\/li><li class=\"choice-2 depth-1\"><input type=\"radio\" id=\"wpforms-5986-field_20_2\" name=\"wpforms[fields][20]\" value=\"No\" aria-errormessage=\"wpforms-5986-field_20_2-error\"  ><label class=\"wpforms-field-label-inline\" for=\"wpforms-5986-field_20_2\">N\u00e3o<\/label><\/li><\/ul><\/fieldset><\/div><div id=\"wpforms-5986-field_21-container\" class=\"wpforms-field wpforms-field-radio wpforms-list-inline\" data-field-type=\"radio\" data-field-id=\"21\"><fieldset><legend class=\"wpforms-field-label\">Tipo de PCB<\/legend><ul id=\"wpforms-5986-field_21\"><li class=\"choice-1 depth-1\"><input type=\"radio\" id=\"wpforms-5986-field_21_1\" name=\"wpforms[fields][21]\" value=\"FR4 PCB\" aria-errormessage=\"wpforms-5986-field_21_1-error\"  ><label class=\"wpforms-field-label-inline\" for=\"wpforms-5986-field_21_1\">PCB FR4<\/label><\/li><li class=\"choice-2 depth-1\"><input type=\"radio\" id=\"wpforms-5986-field_21_2\" name=\"wpforms[fields][21]\" value=\"Flexible PCB\" aria-errormessage=\"wpforms-5986-field_21_2-error\"  ><label class=\"wpforms-field-label-inline\" for=\"wpforms-5986-field_21_2\">PCB flex\u00edvel<\/label><\/li><li class=\"choice-3 depth-1\"><input type=\"radio\" id=\"wpforms-5986-field_21_3\" name=\"wpforms[fields][21]\" value=\"Flex-rigid PCB\" aria-errormessage=\"wpforms-5986-field_21_3-error\"  ><label class=\"wpforms-field-label-inline\" for=\"wpforms-5986-field_21_3\">PCB flex\u00edvel e r\u00edgido<\/label><\/li><li class=\"choice-4 depth-1\"><input type=\"radio\" id=\"wpforms-5986-field_21_4\" name=\"wpforms[fields][21]\" value=\"Aluminum\" aria-errormessage=\"wpforms-5986-field_21_4-error\"  ><label class=\"wpforms-field-label-inline\" for=\"wpforms-5986-field_21_4\">Alum\u00ednio<\/label><\/li><li class=\"choice-5 depth-1\"><input type=\"radio\" id=\"wpforms-5986-field_21_5\" name=\"wpforms[fields][21]\" value=\"Rogers\" aria-errormessage=\"wpforms-5986-field_21_5-error\"  ><label class=\"wpforms-field-label-inline\" for=\"wpforms-5986-field_21_5\">Rogers<\/label><\/li><li class=\"choice-6 depth-1\"><input type=\"radio\" id=\"wpforms-5986-field_21_6\" name=\"wpforms[fields][21]\" value=\"HDI PCB\" aria-errormessage=\"wpforms-5986-field_21_6-error\"  ><label class=\"wpforms-field-label-inline\" for=\"wpforms-5986-field_21_6\">PLACA DE CIRCUITO IMPRESSO HDI<\/label><\/li><li class=\"choice-7 depth-1\"><input type=\"radio\" id=\"wpforms-5986-field_21_7\" name=\"wpforms[fields][21]\" value=\"Other\" aria-errormessage=\"wpforms-5986-field_21_7-error\"  ><label class=\"wpforms-field-label-inline\" for=\"wpforms-5986-field_21_7\">Outros<\/label><\/li><\/ul><\/fieldset><\/div><div id=\"wpforms-5986-field_13-container\" class=\"wpforms-field wpforms-field-radio wpforms-list-inline\" data-field-type=\"radio\" data-field-id=\"13\"><fieldset><legend class=\"wpforms-field-label\">Camadas<\/legend><ul id=\"wpforms-5986-field_13\"><li class=\"choice-1 depth-1\"><input type=\"radio\" id=\"wpforms-5986-field_13_1\" name=\"wpforms[fields][13]\" value=\"1 layers\" aria-errormessage=\"wpforms-5986-field_13_1-error\"  ><label class=\"wpforms-field-label-inline\" for=\"wpforms-5986-field_13_1\">1 camadas<\/label><\/li><li class=\"choice-2 depth-1\"><input type=\"radio\" id=\"wpforms-5986-field_13_2\" name=\"wpforms[fields][13]\" value=\"2 layers\" aria-errormessage=\"wpforms-5986-field_13_2-error\"  ><label class=\"wpforms-field-label-inline\" for=\"wpforms-5986-field_13_2\">2 camadas<\/label><\/li><li class=\"choice-3 depth-1\"><input type=\"radio\" id=\"wpforms-5986-field_13_3\" name=\"wpforms[fields][13]\" value=\"4 layers\" aria-errormessage=\"wpforms-5986-field_13_3-error\"  ><label class=\"wpforms-field-label-inline\" for=\"wpforms-5986-field_13_3\">4 camadas<\/label><\/li><li class=\"choice-4 depth-1\"><input type=\"radio\" id=\"wpforms-5986-field_13_4\" name=\"wpforms[fields][13]\" value=\"6 layers\" aria-errormessage=\"wpforms-5986-field_13_4-error\"  ><label class=\"wpforms-field-label-inline\" for=\"wpforms-5986-field_13_4\">6 camadas<\/label><\/li><li class=\"choice-5 depth-1\"><input type=\"radio\" id=\"wpforms-5986-field_13_5\" name=\"wpforms[fields][13]\" value=\"8 layers\" aria-errormessage=\"wpforms-5986-field_13_5-error\"  ><label class=\"wpforms-field-label-inline\" for=\"wpforms-5986-field_13_5\">8 camadas<\/label><\/li><li class=\"choice-6 depth-1\"><input type=\"radio\" id=\"wpforms-5986-field_13_6\" name=\"wpforms[fields][13]\" value=\"Other\" aria-errormessage=\"wpforms-5986-field_13_6-error\"  ><label class=\"wpforms-field-label-inline\" for=\"wpforms-5986-field_13_6\">Outros<\/label><\/li><\/ul><\/fieldset><\/div><div id=\"wpforms-5986-field_25-container\" class=\"wpforms-field wpforms-field-radio wpforms-list-inline\" data-field-type=\"radio\" data-field-id=\"25\"><fieldset><legend class=\"wpforms-field-label\">Servi\u00e7o de PCBA<\/legend><ul id=\"wpforms-5986-field_25\"><li class=\"choice-1 depth-1\"><input type=\"radio\" id=\"wpforms-5986-field_25_1\" name=\"wpforms[fields][25]\" value=\"Yes\" aria-errormessage=\"wpforms-5986-field_25_1-error\"  ><label class=\"wpforms-field-label-inline\" for=\"wpforms-5986-field_25_1\">Sim<\/label><\/li><li class=\"choice-2 depth-1\"><input type=\"radio\" id=\"wpforms-5986-field_25_2\" name=\"wpforms[fields][25]\" value=\"No\" aria-errormessage=\"wpforms-5986-field_25_2-error\"  ><label class=\"wpforms-field-label-inline\" for=\"wpforms-5986-field_25_2\">N\u00e3o<\/label><\/li><\/ul><\/fieldset><\/div><div id=\"wpforms-5986-field_26-container\" class=\"wpforms-field wpforms-field-number\" data-field-type=\"number\" data-field-id=\"26\"><label class=\"wpforms-field-label\" for=\"wpforms-5986-field_26\">Quantidade de almofadas<\/label><input type=\"number\" id=\"wpforms-5986-field_26\" class=\"wpforms-field-medium\" name=\"wpforms[fields][26]\" step=\"any\" aria-errormessage=\"wpforms-5986-field_26-error\" ><\/div><div id=\"wpforms-5986-field_5-container\" class=\"wpforms-field wpforms-field-file-upload\" data-field-type=\"file-upload\" data-field-id=\"5\"><label class=\"wpforms-field-label\" for=\"wpforms-5986-field_5\">Upload de arquivos<\/label><div\n\t\tclass=\"wpforms-uploader\"\n\t\tdata-field-id=\"5\"\n\t\tdata-form-id=\"5986\"\n\t\tdata-input-name=\"wpforms_5986_5\"\n\t\tdata-extensions=\"zip,rar,7z,pdf,xls,xlsx,csv,jpg,gif,png,txt,docx,tar\"\n\t\tdata-max-size=\"20971520\"\n\t\tdata-max-file-number=\"8\"\n\t\tdata-post-max-size=\"268435456\"\n\t\tdata-max-parallel-uploads=\"4\"\n\t\tdata-parallel-uploads=\"true\"\n\t\tdata-file-chunk-size=\"2097152\">\n\t<div class=\"dz-message\">\n\t\t<svg  viewbox=\"0 0 640 640\" focusable=\"false\" data-icon=\"inbox\" width=\"50px\" height=\"50px\" fill=\"currentColor\" aria-hidden=\"true\">\n\t\t\t<path d=\"M352 173.3L352 384C352 401.7 337.7 416 320 416C302.3 416 288 401.7 288 384L288 173.3L246.6 214.7C234.1 227.2 213.8 227.2 201.3 214.7C188.8 202.2 188.8 181.9 201.3 169.4L297.3 73.4C309.8 60.9 330.1 60.9 342.6 73.4L438.6 169.4C451.1 181.9 451.1 202.2 438.6 214.7C426.1 227.2 405.8 227.2 393.3 214.7L352 173.3zM320 464C364.2 464 400 428.2 400 384L480 384C515.3 384 544 412.7 544 448L544 480C544 515.3 515.3 544 480 544L160 544C124.7 544 96 515.3 96 480L96 448C96 412.7 124.7 384 160 384L240 384C240 428.2 275.8 464 320 464zM464 488C477.3 488 488 477.3 488 464C488 450.7 477.3 440 464 440C450.7 440 440 450.7 440 464C440 477.3 450.7 488 464 488z\"\/>\n\t\t<\/svg>\n\n\t\t<span class=\"modern-title\">\n\t\t\t\t\t\t\tDrag &amp; Drop Files, \t\t\t\t<span>Choose Files to Upload<\/span>\n\t\t\t\t\t<\/span>\n\n\t\t\t\t\t<span class=\"modern-hint\">Voc\u00ea pode enviar at\u00e9 8 arquivos.<\/span>\n\t\t\t<\/div>\n<\/div>\n\n<input\n\t\ttype=\"text\"\n\t\tautocomplete=\"off\"\n\t\treadonly\n\t\tclass=\"dropzone-input\"\n\t\tstyle=\"position:absolute!important;clip:rect(0,0,0,0)!important;height:1px!important;width:1px!important;border:0!important;overflow:hidden!important;padding:0!important;margin:0!important;\"\n\t\tid=\"wpforms-5986-field_5\"\n\t\tname=\"wpforms_5986_5\" \t\tvalue=\"\">\n<div id=\"wpforms-5986-field_5-description\" class=\"wpforms-field-description\">Schematics, PCB files, or reference designs<\/div><\/div>\t\t<div id=\"wpforms-5986-field_3-container\"\n\t\t\tclass=\"wpforms-field wpforms-field-text\"\n\t\t\tdata-field-type=\"text\"\n\t\t\tdata-field-id=\"3\"\n\t\t\t>\n\t\t\t<label class=\"wpforms-field-label\" for=\"wpforms-5986-field_3\" >Software File Upload<\/label>\n\t\t\t<input type=\"text\" id=\"wpforms-5986-field_3\" class=\"wpforms-field-medium\" name=\"wpforms[fields][3]\" >\n\t\t<\/div>\n\t\t<div id=\"wpforms-5986-field_2-container\" class=\"wpforms-field wpforms-field-textarea\" data-field-type=\"textarea\" data-field-id=\"2\"><label class=\"wpforms-field-label\" for=\"wpforms-5986-field_2\">Mensagem<\/label><textarea id=\"wpforms-5986-field_2\" class=\"wpforms-field-medium\" name=\"wpforms[fields][2]\" aria-errormessage=\"wpforms-5986-field_2-error\" aria-describedby=\"wpforms-5986-field_2-description\" ><\/textarea><div id=\"wpforms-5986-field_2-description\" class=\"wpforms-field-description\">Please describe your project, target application, and special requirements<\/div><\/div><script>\n\t\t\t\t( function() {\n\t\t\t\t\tconst style = document.createElement( 'style' );\n\t\t\t\t\tstyle.appendChild( document.createTextNode( '#wpforms-5986-field_3-container { position: absolute !important; overflow: hidden !important; display: inline !important; height: 1px !important; width: 1px !important; z-index: -1000 !important; padding: 0 !important; } #wpforms-5986-field_3-container input { visibility: hidden; } #wpforms-conversational-form-page #wpforms-5986-field_3-container label { counter-increment: none; }' ) );\n\t\t\t\t\tdocument.head.appendChild( style );\n\t\t\t\t\tdocument.currentScript?.remove();\n\t\t\t\t} )();\n\t\t\t<\/script><\/div><!-- .wpforms-field-container --><div class=\"wpforms-submit-container\" ><input type=\"hidden\" name=\"wpforms[id]\" value=\"5986\"><input type=\"hidden\" name=\"page_title\" value=\"\"><input type=\"hidden\" name=\"page_url\" value=\"https:\/\/txjpcba.com\/pt\/wp-json\/wp\/v2\/pages\/6114\"><input type=\"hidden\" name=\"url_referer\" value=\"\"><button type=\"submit\" name=\"wpforms[submit]\" id=\"wpforms-submit-5986\" class=\"wpforms-submit\" aria-live=\"assertive\" value=\"wpforms-submit\">Enviar<\/button><img decoding=\"async\" src=\"https:\/\/txjpcba.com\/wp-content\/plugins\/wpforms\/assets\/images\/submit-spin.svg\" class=\"wpforms-submit-spinner\" style=\"display: none;\" width=\"26\" height=\"26\" alt=\"Carregando\"><\/div><input type=\"hidden\" name=\"trp-form-language\" value=\"pt\"\/><\/form><\/div>  <!-- .wpforms-container --><\/div>\n\t\t\t\t\t\t<\/div>\n\t\t\t\t<\/div>\n\t\t\t\t\t<\/div>\n\t\t<\/div>\n\t\t\t\t\t<\/div>\n\t\t<\/section>\n\t\t\t\t\t<\/div>\n\t\t<\/div>\n\t\t\t\t<div class=\"elementor-column elementor-col-50 elementor-top-column elementor-element elementor-element-30d0fb93\" data-id=\"30d0fb93\" data-element_type=\"column\" data-e-type=\"column\">\n\t\t\t<div class=\"elementor-widget-wrap\">\n\t\t\t\t\t\t\t<\/div>\n\t\t<\/div>\n\t\t\t\t\t<\/div>\n\t\t<\/section>\n\t\t\t\t<\/div>","protected":false},"excerpt":{"rendered":"<p>Gat a PCB Layout Quote Gat a PCB Layout Quote After the file and information are submitted, our technical staff [&hellip;]<\/p>","protected":false},"author":1,"featured_media":0,"parent":0,"menu_order":0,"comment_status":"closed","ping_status":"closed","template":"","meta":{"site-sidebar-layout":"default","site-content-layout":"","ast-site-content-layout":"default","site-content-style":"default","site-sidebar-style":"default","ast-global-header-display":"","ast-banner-title-visibility":"","ast-main-header-display":"","ast-hfb-above-header-display":"","ast-hfb-below-header-display":"","ast-hfb-mobile-header-display":"","site-post-title":"","ast-breadcrumbs-content":"","ast-featured-img":"","footer-sml-layout":"","ast-disable-related-posts":"","theme-transparent-header-meta":"default","adv-header-id-meta":"","stick-header-meta":"","header-above-stick-meta":"","header-main-stick-meta":"","header-below-stick-meta":"","astra-migrate-meta-layouts":"set","ast-page-background-enabled":"default","ast-page-background-meta":{"desktop":{"background-color":"var(--ast-global-color-5)","background-image":"","background-repeat":"repeat","background-position":"center center","background-size":"auto","background-attachment":"scroll","background-type":"","background-media":"","overlay-type":"","overlay-color":"","overlay-opacity":"","overlay-gradient":""},"tablet":{"background-color":"","background-image":"","background-repeat":"repeat","background-position":"center center","background-size":"auto","background-attachment":"scroll","background-type":"","background-media":"","overlay-type":"","overlay-color":"","overlay-opacity":"","overlay-gradient":""},"mobile":{"background-color":"","background-image":"","background-repeat":"repeat","background-position":"center center","background-size":"auto","background-attachment":"scroll","background-type":"","background-media":"","overlay-type":"","overlay-color":"","overlay-opacity":"","overlay-gradient":""}},"ast-content-background-meta":{"desktop":{"background-color":"var(--ast-global-color-4)","background-image":"","background-repeat":"repeat","background-position":"center center","background-size":"auto","background-attachment":"scroll","background-type":"","background-media":"","overlay-type":"","overlay-color":"","overlay-opacity":"","overlay-gradient":""},"tablet":{"background-color":"var(--ast-global-color-4)","background-image":"","background-repeat":"repeat","background-position":"center center","background-size":"auto","background-attachment":"scroll","background-type":"","background-media":"","overlay-type":"","overlay-color":"","overlay-opacity":"","overlay-gradient":""},"mobile":{"background-color":"var(--ast-global-color-4)","background-image":"","background-repeat":"repeat","background-position":"center center","background-size":"auto","background-attachment":"scroll","background-type":"","background-media":"","overlay-type":"","overlay-color":"","overlay-opacity":"","overlay-gradient":""}},"footnotes":""},"class_list":["post-6114","page","type-page","status-publish","hentry"],"_links":{"self":[{"href":"https:\/\/txjpcba.com\/pt\/wp-json\/wp\/v2\/pages\/6114","targetHints":{"allow":["GET"]}}],"collection":[{"href":"https:\/\/txjpcba.com\/pt\/wp-json\/wp\/v2\/pages"}],"about":[{"href":"https:\/\/txjpcba.com\/pt\/wp-json\/wp\/v2\/types\/page"}],"author":[{"embeddable":true,"href":"https:\/\/txjpcba.com\/pt\/wp-json\/wp\/v2\/users\/1"}],"replies":[{"embeddable":true,"href":"https:\/\/txjpcba.com\/pt\/wp-json\/wp\/v2\/comments?post=6114"}],"version-history":[{"count":4,"href":"https:\/\/txjpcba.com\/pt\/wp-json\/wp\/v2\/pages\/6114\/revisions"}],"predecessor-version":[{"id":6118,"href":"https:\/\/txjpcba.com\/pt\/wp-json\/wp\/v2\/pages\/6114\/revisions\/6118"}],"wp:attachment":[{"href":"https:\/\/txjpcba.com\/pt\/wp-json\/wp\/v2\/media?parent=6114"}],"curies":[{"name":"wp","href":"https:\/\/api.w.org\/{rel}","templated":true}]}}