{"id":5887,"date":"2026-04-22T15:58:23","date_gmt":"2026-04-22T07:58:23","guid":{"rendered":"https:\/\/txjpcba.com\/?page_id=5887"},"modified":"2026-04-22T16:32:41","modified_gmt":"2026-04-22T08:32:41","slug":"pcb-livre-de-halogenio","status":"publish","type":"page","link":"https:\/\/txjpcba.com\/pt\/pcb-livre-de-halogenio\/","title":{"rendered":"Fabrica\u00e7\u00e3o de PCBs sem halog\u00eanio - Solu\u00e7\u00f5es ecologicamente corretas e em conformidade com a RoHS"},"content":{"rendered":"<div data-elementor-type=\"wp-page\" data-elementor-id=\"5887\" class=\"elementor elementor-5887\" data-elementor-post-type=\"page\">\n\t\t\t\t<div class=\"elementor-element elementor-element-24d0b2e1 e-con-full e-flex e-con e-parent\" data-id=\"24d0b2e1\" data-element_type=\"container\" data-settings=\"{&quot;background_background&quot;:&quot;classic&quot;}\">\n\t\t\t\t<\/div>\n\t\t<div class=\"elementor-element elementor-element-596061a8 e-flex e-con-boxed e-con e-parent\" data-id=\"596061a8\" data-element_type=\"container\">\n\t\t\t\t\t<div class=\"e-con-inner\">\n\t\t\t\t<div class=\"elementor-element elementor-element-7a25b2bc elementor-widget elementor-widget-text-editor\" data-id=\"7a25b2bc\" data-element_type=\"widget\" data-widget_type=\"text-editor.default\">\n\t\t\t\t<div class=\"elementor-widget-container\">\n\t\t\t\t\t\t\t\t\t<h2>Fabrica\u00e7\u00e3o de PCBs sem halog\u00eanio<\/h2><p class=\"ds-markdown-paragraph\">Para fabricantes de produtos eletr\u00f4nicos que priorizam a responsabilidade ambiental e a conformidade regulamentar,\u00a0<strong>PCBs livres de halog\u00eanio<\/strong>\u00a0tornaram-se uma especifica\u00e7\u00e3o essencial. Essas placas s\u00e3o constru\u00eddas sem compostos halogenados (cloro, bromo, fl\u00faor, iodo e astato), oferecendo uma alternativa mais segura aos materiais tradicionais de PCB sem comprometer o desempenho.<\/p><p align=\"center\"><a href=\"\/pt\/obter-cotacao-de-fabricacao-de-pcb\/\"><button style=\"background: black; color: white; padding: 10px 20px; border: none; cursor: pointer;\">Obter cota\u00e7\u00e3o de fabrica\u00e7\u00e3o de PCB<\/button><\/a><\/p><h4>Por que a aus\u00eancia de halog\u00eanio \u00e9 importante: Al\u00e9m da conformidade<\/h4><p class=\"ds-markdown-paragraph\">Embora os PCBs tradicionais possam conter retardadores de chama halogenados, esses materiais representam riscos ambientais e \u00e0 sa\u00fade durante o descarte no final da vida \u00fatil. Quando incinerados, os materiais halogenados podem liberar\u00a0<strong>dioxinas<\/strong>\u00a0e outros subprodutos t\u00f3xicos - subst\u00e2ncias que a EPA classifica entre os produtos qu\u00edmicos mais perigosos conhecidos.<\/p><p class=\"ds-markdown-paragraph\"><strong>Os principais benef\u00edcios da mudan\u00e7a para PCBs sem halog\u00eanio incluem:<\/strong><\/p><ul><li><p class=\"ds-markdown-paragraph\"><strong>Redu\u00e7\u00e3o do impacto ambiental:<\/strong>\u00a0Processos de descarte e reciclagem mais limpos, sem emiss\u00e3o de gases t\u00f3xicos.<\/p><\/li><li><p class=\"ds-markdown-paragraph\"><strong>Melhoria da seguran\u00e7a do trabalhador:<\/strong> Menor risco de exposi\u00e7\u00e3o a vapores nocivos durante a fabrica\u00e7\u00e3o e a reciclagem.<\/p><\/li><li><p class=\"ds-markdown-paragraph\"><strong>Alinhamento regulat\u00f3rio:<\/strong>\u00a0Atende a padr\u00f5es globais rigorosos, incluindo RoHS, WEEE e diretivas da UE sobre subst\u00e2ncias perigosas.<\/p><\/li><li><p class=\"ds-markdown-paragraph\"><strong>Suporte \u00e0 Responsabilidade Social Corporativa (CSR):<\/strong>\u00a0A\u00e7\u00e3o tang\u00edvel para empresas com compromissos ambientais ou linhas de produtos verdes.<\/p><\/li><\/ul><p class=\"ds-markdown-paragraph\">\u00c9 importante observar que as PCBs sem halog\u00eanio s\u00e3o adequadas para praticamente qualquer aplica\u00e7\u00e3o em que as placas FR-4 padr\u00e3o s\u00e3o usadas - de eletr\u00f4nicos de consumo a controles industriais - com apenas pequenas varia\u00e7\u00f5es nas propriedades diel\u00e9tricas e t\u00e9rmicas.<\/p><h4>Especifica\u00e7\u00f5es do material livre de halog\u00eanio<\/h4><p class=\"ds-markdown-paragraph\">Fabricamos PCBs sem halog\u00eanio usando materiais ecol\u00f3gicos certificados. Nossos substratos padr\u00e3o incluem:<\/p><div class=\"ds-scroll-area ds-scroll-area--show-on-focus-within _1210dd7 c03cafe9\"><div class=\"ds-scroll-area__gutters\"><div class=\"ds-scroll-area__horizontal-gutter\">\u00a0<\/div><div class=\"ds-scroll-area__vertical-gutter\">\u00a0<\/div><\/div><table><thead><tr><th>Material<\/th><th>Tg (DSC, \u00b0C)<\/th><th>Td (peso, \u00b0C)<\/th><th>CTE-z (ppm\/\u00b0C)<\/th><th>T260 (min)<\/th><th>T288 (min)<\/th><\/tr><\/thead><tbody><tr><td><strong>S1155 (FR-4)<\/strong><\/td><td>140<\/td><td>380<\/td><td>41<\/td><td>60<\/td><td>60<\/td><\/tr><tr><td><strong>S1165 (FR-4)<\/strong><\/td><td>170<\/td><td>360<\/td><td>40<\/td><td>60<\/td><td>15<\/td><\/tr><\/tbody><\/table><\/div><ul><li><p class=\"ds-markdown-paragraph\"><strong>Tg (temperatura de transi\u00e7\u00e3o do vidro):<\/strong>\u00a0Valores mais altos (170\u00b0C) para aplica\u00e7\u00f5es com demanda t\u00e9rmica.<\/p><\/li><li><p class=\"ds-markdown-paragraph\"><strong>Td (temperatura de decomposi\u00e7\u00e3o):<\/strong>\u00a0Indica a estabilidade do material sob calor extremo.<\/p><\/li><li><p class=\"ds-markdown-paragraph\"><strong>CTE-z (Expans\u00e3o do eixo Z):<\/strong>\u00a0Cr\u00edtico para a confiabilidade do furo passante revestido.<\/p><\/li><\/ul><h4>Capacidades de fabrica\u00e7\u00e3o de PCBs livres de halog\u00eanio<\/h4><div class=\"ds-scroll-area ds-scroll-area--show-on-focus-within _1210dd7 c03cafe9\"><div class=\"ds-scroll-area__gutters\"><div class=\"ds-scroll-area__horizontal-gutter\">\u00a0<\/div><div class=\"ds-scroll-area__vertical-gutter\">\u00a0<\/div><\/div><table><thead><tr><th>Recurso<\/th><th>Capacidade<\/th><\/tr><\/thead><tbody><tr><td><strong>Grau de qualidade<\/strong><\/td><td>IPC Classe 2 (Classe 3 dispon\u00edvel para alta confiabilidade)<\/td><\/tr><tr><td><strong>N\u00famero de camadas<\/strong><\/td><td>2 - 24 camadas<\/td><\/tr><tr><td><strong>Quantidade do pedido<\/strong><\/td><td>1 pe\u00e7a (prot\u00f3tipo) a mais de 10.000 pe\u00e7as (volume)<\/td><\/tr><tr><td><strong>Prazo de entrega<\/strong><\/td><td>De 2 dias (retorno r\u00e1pido) a 5 semanas (constru\u00e7\u00f5es complexas)<\/td><\/tr><tr><td><strong>Op\u00e7\u00f5es de materiais<\/strong><\/td><td>S1150G, S1165 (FR-4 livre de halog\u00eanio)<\/td><\/tr><tr><td><strong>Tamanho da placa<\/strong><\/td><td>M\u00ednimo de 6 mm x 6 mm<\/td><td>M\u00e1ximo de 457 mm x 610 mm<\/td><\/tr><tr><td><strong>Espessura da placa<\/strong><\/td><td>0,4 mm - 6,5 mm<\/td><\/tr><tr><td><strong>Peso do cobre acabado<\/strong><\/td><td>0,5 on\u00e7as - 2,0 on\u00e7as<\/td><\/tr><tr><td><strong>Rastro\/espa\u00e7amento m\u00ednimo<\/strong><\/td><td>3mil \/ 3mil<\/td><\/tr><tr><td><strong>Cores da m\u00e1scara de solda<\/strong><\/td><td>Verde, branco, azul, preto, vermelho, amarelo<\/td><\/tr><tr><td><strong>Cores da serigrafia<\/strong><\/td><td>Branco, preto, amarelo<\/td><\/tr><tr><td><strong>Acabamentos de superf\u00edcie (RoHS)<\/strong><\/td><td>HASL, HASL sem chumbo, ENIG, prata para imers\u00e3o, estanho para imers\u00e3o, OSP<\/td><\/tr><tr><td><strong>Anel anular m\u00ednimo<\/strong><\/td><td>4mil<\/td><\/tr><tr><td><strong>Di\u00e2metro m\u00ednimo de perfura\u00e7\u00e3o<\/strong><\/td><td>6mil<\/td><\/tr><tr><td><strong>T\u00e9cnicas avan\u00e7adas<\/strong><\/td><td>Dedos de ouro, Vias cegas\/enterradas<\/td><\/tr><\/tbody><\/table><\/div><h4>Suporte de engenharia para seu projeto ecol\u00f3gico<\/h4><p class=\"ds-markdown-paragraph\">A transi\u00e7\u00e3o para materiais sem halog\u00eanio exige uma considera\u00e7\u00e3o cuidadosa das propriedades t\u00e9rmicas e mec\u00e2nicas. Nossa equipe de engenharia fornece:<\/p><ol start=\"1\"><li><p class=\"ds-markdown-paragraph\"><strong>Orienta\u00e7\u00e3o para sele\u00e7\u00e3o de materiais:<\/strong>\u00a0N\u00e3o tem certeza se o S1155 ou o S1165 \u00e9 adequado para o seu ambiente operacional? Fornecemos recomenda\u00e7\u00f5es claras e comparativas.<\/p><\/li><li><p class=\"ds-markdown-paragraph\"><strong>DFM para laminados livres de halog\u00eanio:<\/strong>\u00a0Ajustamos os par\u00e2metros de fabrica\u00e7\u00e3o para levar em conta as diferen\u00e7as de fluxo, ades\u00e3o e capacidade de perfura\u00e7\u00e3o em compara\u00e7\u00e3o com o padr\u00e3o <a href=\"https:\/\/txjpcba.com\/pt\/fr4-pcb\/\">FR-4<\/a>.<\/p><\/li><li><p class=\"ds-markdown-paragraph\"><strong>Documenta\u00e7\u00e3o completa de rastreabilidade:<\/strong>\u00a0Certificados de conformidade que verificam a composi\u00e7\u00e3o livre de halog\u00eanio para seus registros de conformidade.<\/p><\/li><\/ol><h4>Obtenha sua cota\u00e7\u00e3o de PCB livre de halog\u00eanio<\/h4><p class=\"ds-markdown-paragraph\">As PCBs sem halog\u00eanio podem ser cotadas por meio do nosso sistema padr\u00e3o de pedidos on-line. Basta enviar seus arquivos Gerber e especifica\u00e7\u00f5es - nosso sistema calcular\u00e1 o pre\u00e7o instantaneamente. Para projetos com requisitos exclusivos de material ou desempenho n\u00e3o listados, entre em contato diretamente com nossa equipe de engenharia para uma consulta r\u00e1pida.<\/p><p align=\"center\"><a href=\"\/pt\/obter-cotacao-de-fabricacao-de-pcb\/\"><button style=\"background: black; color: white; padding: 8px 20px; border: none; cursor: pointer;\">Obter cota\u00e7\u00e3o de fabrica\u00e7\u00e3o de PCB<\/button><\/a><\/p><p style=\"text-align: center;\">Trabalhando em projetos automotivos, industriais, de IoT ou de eletr\u00f4nicos de consumo?<br \/>Oferecemos servi\u00e7os profissionais <a href=\"https:\/\/txjpcba.com\/pt\/montagem-de-placas-de-circuito-impresso\/\">Servi\u00e7os de montagem de PCBs<\/a> incluindo <a href=\"https:\/\/txjpcba.com\/pt\/servicos-de-montagem-de-smt\/\">SMT<\/a>, DIP e solu\u00e7\u00f5es completas prontas para uso.<\/p><p style=\"text-align: center;\">Envie-nos sua lista t\u00e9cnica, arquivos Gerber ou requisitos de projeto e receba uma cota\u00e7\u00e3o r\u00e1pida e precisa de nossa equipe de engenharia.<\/p><p style=\"text-align: center;\">NDA dispon\u00edvel \u2714 Cota\u00e7\u00e3o r\u00e1pida em 24 horas \u2714 F\u00e1brica com certifica\u00e7\u00e3o ISO \u2714 Servi\u00e7o completo de PCB e PCBA<\/p>\t\t\t\t\t\t\t\t<\/div>\n\t\t\t\t<\/div>\n\t\t\t\t\t<\/div>\n\t\t\t\t<\/div>\n\t\t\t\t<\/div>","protected":false},"excerpt":{"rendered":"<p>Halogen-Free PCB Manufacturing For electronics manufacturers prioritizing environmental responsibility and regulatory compliance,\u00a0Halogen-Free PCBs\u00a0have become a critical specification. These boards are [&hellip;]<\/p>","protected":false},"author":1,"featured_media":0,"parent":0,"menu_order":0,"comment_status":"closed","ping_status":"closed","template":"","meta":{"site-sidebar-layout":"default","site-content-layout":"","ast-site-content-layout":"default","site-content-style":"default","site-sidebar-style":"default","ast-global-header-display":"","ast-banner-title-visibility":"","ast-main-header-display":"","ast-hfb-above-header-display":"","ast-hfb-below-header-display":"","ast-hfb-mobile-header-display":"","site-post-title":"","ast-breadcrumbs-content":"","ast-featured-img":"","footer-sml-layout":"","theme-transparent-header-meta":"default","adv-header-id-meta":"","stick-header-meta":"","header-above-stick-meta":"","header-main-stick-meta":"","header-below-stick-meta":"","astra-migrate-meta-layouts":"set","ast-page-background-enabled":"default","ast-page-background-meta":{"desktop":{"background-color":"var(--ast-global-color-5)","background-image":"","background-repeat":"repeat","background-position":"center center","background-size":"auto","background-attachment":"scroll","background-type":"","background-media":"","overlay-type":"","overlay-color":"","overlay-opacity":"","overlay-gradient":""},"tablet":{"background-color":"","background-image":"","background-repeat":"repeat","background-position":"center center","background-size":"auto","background-attachment":"scroll","background-type":"","background-media":"","overlay-type":"","overlay-color":"","overlay-opacity":"","overlay-gradient":""},"mobile":{"background-color":"","background-image":"","background-repeat":"repeat","background-position":"center center","background-size":"auto","background-attachment":"scroll","background-type":"","background-media":"","overlay-type":"","overlay-color":"","overlay-opacity":"","overlay-gradient":""}},"ast-content-background-meta":{"desktop":{"background-color":"var(--ast-global-color-4)","background-image":"","background-repeat":"repeat","background-position":"center center","background-size":"auto","background-attachment":"scroll","background-type":"","background-media":"","overlay-type":"","overlay-color":"","overlay-opacity":"","overlay-gradient":""},"tablet":{"background-color":"var(--ast-global-color-4)","background-image":"","background-repeat":"repeat","background-position":"center center","background-size":"auto","background-attachment":"scroll","background-type":"","background-media":"","overlay-type":"","overlay-color":"","overlay-opacity":"","overlay-gradient":""},"mobile":{"background-color":"var(--ast-global-color-4)","background-image":"","background-repeat":"repeat","background-position":"center center","background-size":"auto","background-attachment":"scroll","background-type":"","background-media":"","overlay-type":"","overlay-color":"","overlay-opacity":"","overlay-gradient":""}},"footnotes":""},"class_list":["post-5887","page","type-page","status-publish","hentry"],"_links":{"self":[{"href":"https:\/\/txjpcba.com\/pt\/wp-json\/wp\/v2\/pages\/5887","targetHints":{"allow":["GET"]}}],"collection":[{"href":"https:\/\/txjpcba.com\/pt\/wp-json\/wp\/v2\/pages"}],"about":[{"href":"https:\/\/txjpcba.com\/pt\/wp-json\/wp\/v2\/types\/page"}],"author":[{"embeddable":true,"href":"https:\/\/txjpcba.com\/pt\/wp-json\/wp\/v2\/users\/1"}],"replies":[{"embeddable":true,"href":"https:\/\/txjpcba.com\/pt\/wp-json\/wp\/v2\/comments?post=5887"}],"version-history":[{"count":10,"href":"https:\/\/txjpcba.com\/pt\/wp-json\/wp\/v2\/pages\/5887\/revisions"}],"predecessor-version":[{"id":5903,"href":"https:\/\/txjpcba.com\/pt\/wp-json\/wp\/v2\/pages\/5887\/revisions\/5903"}],"wp:attachment":[{"href":"https:\/\/txjpcba.com\/pt\/wp-json\/wp\/v2\/media?parent=5887"}],"curies":[{"name":"wp","href":"https:\/\/api.w.org\/{rel}","templated":true}]}}