{"id":5864,"date":"2026-04-22T15:45:48","date_gmt":"2026-04-22T07:45:48","guid":{"rendered":"https:\/\/txjpcba.com\/?page_id=5864"},"modified":"2026-04-22T15:51:56","modified_gmt":"2026-04-22T07:51:56","slug":"pcb-de-cobre-pesado","status":"publish","type":"page","link":"https:\/\/txjpcba.com\/pt\/pcb-de-cobre-pesado\/","title":{"rendered":"PCB de cobre pesado"},"content":{"rendered":"<div data-elementor-type=\"wp-page\" data-elementor-id=\"5864\" class=\"elementor elementor-5864\" data-elementor-post-type=\"page\">\n\t\t\t\t<div class=\"elementor-element elementor-element-61ef4834 e-con-full e-flex e-con e-parent\" data-id=\"61ef4834\" data-element_type=\"container\" data-settings=\"{&quot;background_background&quot;:&quot;classic&quot;}\">\n\t\t\t\t<\/div>\n\t\t<div class=\"elementor-element elementor-element-2b5ec2ee e-flex e-con-boxed e-con e-parent\" data-id=\"2b5ec2ee\" data-element_type=\"container\">\n\t\t\t\t\t<div class=\"e-con-inner\">\n\t\t\t\t<div class=\"elementor-element elementor-element-3ec3b021 elementor-widget elementor-widget-text-editor\" data-id=\"3ec3b021\" data-element_type=\"widget\" data-widget_type=\"text-editor.default\">\n\t\t\t\t<div class=\"elementor-widget-container\">\n\t\t\t\t\t\t\t\t\t<h2>Fabrica\u00e7\u00e3o de PCBs de cobre pesado - Solu\u00e7\u00f5es de gerenciamento t\u00e9rmico e de alta corrente<\/h2>\n<p class=\"ds-markdown-paragraph\">Para aplica\u00e7\u00f5es de eletr\u00f4nica de pot\u00eancia, distribui\u00e7\u00e3o de alta corrente e aplica\u00e7\u00f5es com uso intensivo de calor, as PCBs de cobre padr\u00e3o de 1 oz ou 2 oz geralmente s\u00e3o insuficientes.\u00a0<strong>PCBs de cobre pesado<\/strong>\u00a0(tamb\u00e9m conhecidos como PCBs de cobre espesso), normalmente definidos como tendo\u00a0<strong>pesos de cobre acabados de 4oz (140\u00b5m) ou mais<\/strong>, Os sistemas de controle de qualidade, como o sistema de controle de qualidade, fornecem a solu\u00e7\u00e3o robusta necess\u00e1ria para ambientes exigentes.<\/p>\n<p align=\"center\"><a href=\"\/pt\/obter-cotacao-de-fabricacao-de-pcb\/\"><button style=\"background: black; color: white; padding: 10px 20px; border: none; cursor: pointer;\">Obter cota\u00e7\u00e3o de fabrica\u00e7\u00e3o de PCB<\/button><\/a><\/p>\n\n<h4>Por que escolher o cobre pesado para seu projeto de energia?<\/h4>\n<p class=\"ds-markdown-paragraph\">A atualiza\u00e7\u00e3o para uma PCB de cobre pesado \u00e9 uma decis\u00e3o de engenharia orientada por necessidades espec\u00edficas de desempenho. O aumento da se\u00e7\u00e3o transversal de cobre se traduz diretamente em v\u00e1rias vantagens importantes:<\/p>\n\n<ul>\n \t<li>\n<p class=\"ds-markdown-paragraph\"><strong>Maior capacidade de carga atual:<\/strong>\u00a0O principal benef\u00edcio. Um tra\u00e7o de cobre mais espesso pode conduzir com seguran\u00e7a uma corrente significativamente maior sem superaquecimento, o que o torna essencial para fontes de alimenta\u00e7\u00e3o, inversores e controles industriais.<\/p>\n<\/li>\n \t<li>\n<p class=\"ds-markdown-paragraph\"><strong>Gerenciamento t\u00e9rmico superior:<\/strong>\u00a0O cobre pesado atua como um dissipador de calor integrado, dissipando com efici\u00eancia o calor dos componentes essenciais. Isso reduz a necessidade de dissipadores de calor separados e volumosos e aumenta a confiabilidade a longo prazo.<\/p>\n<\/li>\n \t<li>\n<p class=\"ds-markdown-paragraph\"><strong>Maior resist\u00eancia mec\u00e2nica:<\/strong>\u00a0Os pontos de conex\u00e3o e as \u00e1reas de alta tens\u00e3o se beneficiam do cobre adicionado, proporcionando maior resist\u00eancia a rachaduras ou danos durante a montagem e o uso em campo.<\/p>\n<\/li>\n \t<li>\n<p class=\"ds-markdown-paragraph\"><strong>Designs compactos e com v\u00e1rios pesos:<\/strong>\u00a0A fabrica\u00e7\u00e3o avan\u00e7ada permite v\u00e1rios pesos de cobre em uma \u00fanica camada. Isso permite que os projetistas coloquem tra\u00e7os de alta corrente ao lado de tra\u00e7os de sinal de baixa pot\u00eancia em um espa\u00e7o total menor, reduzindo o tamanho do produto.<\/p>\n<\/li>\n<\/ul>\n<h4>Capacidades de fabrica\u00e7\u00e3o de PCBs de cobre pesado<\/h4>\n<p class=\"ds-markdown-paragraph\">A fabrica\u00e7\u00e3o de placas de cobre pesadas exige processos especializados de grava\u00e7\u00e3o e lamina\u00e7\u00e3o. Os fabricantes de PCBs padr\u00e3o geralmente n\u00e3o conseguem atingir as toler\u00e2ncias de tra\u00e7o\/espa\u00e7o necess\u00e1rias para cobre mais espesso. Nossos recursos comprovados para cobre pesado est\u00e3o detalhados abaixo:<\/p>\n\n<div class=\"ds-scroll-area ds-scroll-area--show-on-focus-within _1210dd7 c03cafe9\">\n<div class=\"ds-scroll-area__gutters\">\n<div class=\"ds-scroll-area__horizontal-gutter\"><\/div>\n<div class=\"ds-scroll-area__vertical-gutter\"><\/div>\n<\/div>\n<table>\n<thead>\n<tr>\n<th>Recurso<\/th>\n<th>Capacidade<\/th>\n<\/tr>\n<\/thead>\n<tbody>\n<tr>\n<td><strong>Grau de qualidade<\/strong><\/td>\n<td>IPC Classe 2 (Classe 3 dispon\u00edvel para aplica\u00e7\u00f5es de alta confiabilidade)<\/td>\n<\/tr>\n<tr>\n<td><strong>N\u00famero de camadas<\/strong><\/td>\n<td>2 - 24 camadas<\/td>\n<\/tr>\n<tr>\n<td><strong>Quantidade do pedido<\/strong><\/td>\n<td>De 1 pe\u00e7a de prot\u00f3tipo a mais de 10.000 unidades de produ\u00e7\u00e3o<\/td>\n<\/tr>\n<tr>\n<td><strong>Prazo de entrega<\/strong><\/td>\n<td>De 2 dias (retorno r\u00e1pido) a 5 semanas (constru\u00e7\u00f5es complexas)<\/td>\n<\/tr>\n<tr>\n<td><strong>Material<\/strong><\/td>\n<td>FR-4 Standard (Tg 140\u00b0C) e FR-4 High Tg (170\u00b0C)<\/td>\n<\/tr>\n<tr>\n<td><strong>Tamanho da placa<\/strong><\/td>\n<td>M\u00ednimo de 6 mm x 6 mm<\/td>\n<td>M\u00e1ximo de 457 mm x 610 mm<\/td>\n<\/tr>\n<tr>\n<td><strong>Espessura da placa<\/strong><\/td>\n<td>0,6 mm - 6,5 mm<\/td>\n<\/tr>\n<tr>\n<td><strong>Camada externa m\u00e1xima de cobre<\/strong><\/td>\n<td><strong>15 on\u00e7as (525 \u00b5m)<\/strong>\u00a0conclu\u00eddo<\/td>\n<\/tr>\n<tr>\n<td><strong>Camada interna m\u00e1xima de cobre<\/strong><\/td>\n<td><strong>12 on\u00e7as (420 \u00b5m)<\/strong><\/td>\n<\/tr>\n<tr>\n<td><strong>Acabamentos de superf\u00edcie<\/strong><\/td>\n<td>HASL, HASL sem chumbo, ENIG (todos RoHS)<\/td>\n<\/tr>\n<\/tbody>\n<\/table>\n<\/div>\n<p class=\"ds-markdown-paragraph\"><strong>Largura e espa\u00e7amento cr\u00edticos do tra\u00e7o para cobre pesado:<\/strong><\/p>\n<p class=\"ds-markdown-paragraph\">Para garantir a capacidade de fabrica\u00e7\u00e3o, a geometria do tra\u00e7o deve ser dimensionada de acordo com o peso do cobre. Abaixo est\u00e3o nossas regras de design padr\u00e3o:<\/p>\n\n<div class=\"ds-scroll-area ds-scroll-area--show-on-focus-within _1210dd7 c03cafe9\">\n<div class=\"ds-scroll-area__gutters\">\n<div class=\"ds-scroll-area__horizontal-gutter\"><\/div>\n<div class=\"ds-scroll-area__vertical-gutter\"><\/div>\n<\/div>\n<table>\n<thead>\n<tr>\n<th>Peso do cobre<\/th>\n<th><strong>Camadas externas<\/strong>\u00a0(Tra\u00e7o\/Espa\u00e7o)<\/th>\n<th><strong>Camadas internas<\/strong>\u00a0(Tra\u00e7o\/Espa\u00e7o)<\/th>\n<\/tr>\n<\/thead>\n<tbody>\n<tr>\n<td>4 oz<\/td>\n<td>9 mil \/ 9 mil<\/td>\n<td>8 mil \/ 12 mil<\/td>\n<\/tr>\n<tr>\n<td>5 oz<\/td>\n<td>11 mil \/ 11 mil<\/td>\n<td>10 mil \/ 14 mil<\/td>\n<\/tr>\n<tr>\n<td>6 oz<\/td>\n<td>13 mil \/ 13 mil<\/td>\n<td>12 mil \/ 16 mil<\/td>\n<\/tr>\n<tr>\n<td>12 oz<\/td>\n<td>20 mil \/ 32 mil<\/td>\n<td>20 mil \/ 32 mil<\/td>\n<\/tr>\n<tr>\n<td>15 oz<\/td>\n<td>32 mil \/ 40 mil<\/td>\n<td>(Engenharia de contato)<\/td>\n<\/tr>\n<\/tbody>\n<\/table>\n<\/div>\n<h4>Suporte de engenharia para seu projeto de cobre pesado<\/h4>\n<p class=\"ds-markdown-paragraph\">A transi\u00e7\u00e3o bem-sucedida de um projeto para cobre pesado requer conhecimento especializado. Oferecemos suporte direto de engenharia para ajud\u00e1-lo a evitar redesenhos dispendiosos:<\/p>\n\n<ol start=\"1\">\n \t<li>\n<p class=\"ds-markdown-paragraph\"><strong>Revis\u00e3o do projeto para fabrica\u00e7\u00e3o (DFM):<\/strong>\u00a0Nossos engenheiros executar\u00e3o uma verifica\u00e7\u00e3o DFM abrangente em seus arquivos, concentrando-se especificamente nas regras de projeto de cobre pesado (tra\u00e7o\/espa\u00e7o, an\u00e9is anulares, propor\u00e7\u00f5es de perfura\u00e7\u00e3o).<\/p>\n<\/li>\n \t<li>\n<p class=\"ds-markdown-paragraph\"><strong>Orienta\u00e7\u00e3o para sele\u00e7\u00e3o de materiais:<\/strong>\u00a0N\u00e3o tem certeza se o material FR-4 padr\u00e3o ou de alta Tg \u00e9 o ideal para seus requisitos t\u00e9rmicos? Oferecemos orienta\u00e7\u00f5es claras e baseadas em dados.<\/p>\n<\/li>\n \t<li>\n<p class=\"ds-markdown-paragraph\"><strong>Suporte de t\u00e9cnica avan\u00e7ada:<\/strong>\u00a0Para requisitos complexos, podemos implementar vias cegas\/enterradas e dedos de ouro em suas placas de cobre pesado.<\/p>\n<\/li>\n<\/ol>\n<h4>Obtenha sua cota\u00e7\u00e3o de PCB de cobre pesado<\/h4>\n<p class=\"ds-markdown-paragraph\">Para receber uma cota\u00e7\u00e3o detalhada e detalhada para o seu projeto de PCB de cobre pesado, envie seus arquivos Gerber e especifica\u00e7\u00f5es usando nosso sistema de pedidos on-line. Para projetos com requisitos exclusivos (por exemplo, pesos de cobre &gt;15 on\u00e7as, materiais especializados), entre em contato diretamente com nossa equipe de engenharia para uma consulta r\u00e1pida.<\/p>\n<p align=\"center\"><a href=\"\/pt\/obter-cotacao-de-fabricacao-de-pcb\/\"><button style=\"background: black; color: white; padding: 8px 20px; border: none; cursor: pointer;\">Obter cota\u00e7\u00e3o de fabrica\u00e7\u00e3o de PCB<\/button><\/a><\/p>\n<p style=\"text-align: center;\">Est\u00e1 trabalhando em projetos automotivos, industriais, de IoT ou de eletr\u00f4nicos de consumo?\nOferecemos servi\u00e7os profissionais de montagem de PCBs, incluindo SMT, DIP e solu\u00e7\u00f5es completas prontas para uso.<\/p>\n<p style=\"text-align: center;\">Envie-nos sua lista t\u00e9cnica, arquivos Gerber ou requisitos de projeto e receba uma cota\u00e7\u00e3o r\u00e1pida e precisa de nossa equipe de engenharia.<\/p>\n<p style=\"text-align: center;\">NDA dispon\u00edvel \u2714 Cota\u00e7\u00e3o r\u00e1pida em 24 horas \u2714 F\u00e1brica com certifica\u00e7\u00e3o ISO \u2714 Servi\u00e7o completo de PCB e PCBA<\/p>\n\t\t\t\t\t\t\t\t<\/div>\n\t\t\t\t<\/div>\n\t\t\t\t\t<\/div>\n\t\t\t\t<\/div>\n\t\t\t\t<\/div>","protected":false},"excerpt":{"rendered":"<p>Heavy Copper PCB Manufacturing | High-Current &amp; Thermal Management Solutions For power electronics, high-current distribution, and thermal-intensive applications, standard 1oz [&hellip;]<\/p>","protected":false},"author":1,"featured_media":0,"parent":0,"menu_order":0,"comment_status":"closed","ping_status":"closed","template":"","meta":{"site-sidebar-layout":"default","site-content-layout":"","ast-site-content-layout":"default","site-content-style":"default","site-sidebar-style":"default","ast-global-header-display":"","ast-banner-title-visibility":"","ast-main-header-display":"","ast-hfb-above-header-display":"","ast-hfb-below-header-display":"","ast-hfb-mobile-header-display":"","site-post-title":"","ast-breadcrumbs-content":"","ast-featured-img":"","footer-sml-layout":"","theme-transparent-header-meta":"default","adv-header-id-meta":"","stick-header-meta":"","header-above-stick-meta":"","header-main-stick-meta":"","header-below-stick-meta":"","astra-migrate-meta-layouts":"set","ast-page-background-enabled":"default","ast-page-background-meta":{"desktop":{"background-color":"var(--ast-global-color-5)","background-image":"","background-repeat":"repeat","background-position":"center center","background-size":"auto","background-attachment":"scroll","background-type":"","background-media":"","overlay-type":"","overlay-color":"","overlay-opacity":"","overlay-gradient":""},"tablet":{"background-color":"","background-image":"","background-repeat":"repeat","background-position":"center center","background-size":"auto","background-attachment":"scroll","background-type":"","background-media":"","overlay-type":"","overlay-color":"","overlay-opacity":"","overlay-gradient":""},"mobile":{"background-color":"","background-image":"","background-repeat":"repeat","background-position":"center center","background-size":"auto","background-attachment":"scroll","background-type":"","background-media":"","overlay-type":"","overlay-color":"","overlay-opacity":"","overlay-gradient":""}},"ast-content-background-meta":{"desktop":{"background-color":"var(--ast-global-color-4)","background-image":"","background-repeat":"repeat","background-position":"center center","background-size":"auto","background-attachment":"scroll","background-type":"","background-media":"","overlay-type":"","overlay-color":"","overlay-opacity":"","overlay-gradient":""},"tablet":{"background-color":"var(--ast-global-color-4)","background-image":"","background-repeat":"repeat","background-position":"center center","background-size":"auto","background-attachment":"scroll","background-type":"","background-media":"","overlay-type":"","overlay-color":"","overlay-opacity":"","overlay-gradient":""},"mobile":{"background-color":"var(--ast-global-color-4)","background-image":"","background-repeat":"repeat","background-position":"center center","background-size":"auto","background-attachment":"scroll","background-type":"","background-media":"","overlay-type":"","overlay-color":"","overlay-opacity":"","overlay-gradient":""}},"footnotes":""},"class_list":["post-5864","page","type-page","status-publish","hentry"],"_links":{"self":[{"href":"https:\/\/txjpcba.com\/pt\/wp-json\/wp\/v2\/pages\/5864","targetHints":{"allow":["GET"]}}],"collection":[{"href":"https:\/\/txjpcba.com\/pt\/wp-json\/wp\/v2\/pages"}],"about":[{"href":"https:\/\/txjpcba.com\/pt\/wp-json\/wp\/v2\/types\/page"}],"author":[{"embeddable":true,"href":"https:\/\/txjpcba.com\/pt\/wp-json\/wp\/v2\/users\/1"}],"replies":[{"embeddable":true,"href":"https:\/\/txjpcba.com\/pt\/wp-json\/wp\/v2\/comments?post=5864"}],"version-history":[{"count":11,"href":"https:\/\/txjpcba.com\/pt\/wp-json\/wp\/v2\/pages\/5864\/revisions"}],"predecessor-version":[{"id":5878,"href":"https:\/\/txjpcba.com\/pt\/wp-json\/wp\/v2\/pages\/5864\/revisions\/5878"}],"wp:attachment":[{"href":"https:\/\/txjpcba.com\/pt\/wp-json\/wp\/v2\/media?parent=5864"}],"curies":[{"name":"wp","href":"https:\/\/api.w.org\/{rel}","templated":true}]}}