{"id":5845,"date":"2026-04-22T15:30:42","date_gmt":"2026-04-22T07:30:42","guid":{"rendered":"https:\/\/txjpcba.com\/?page_id=5845"},"modified":"2026-04-22T15:42:10","modified_gmt":"2026-04-22T07:42:10","slug":"placa-de-circuito-impresso-de-alta-frequencia-2","status":"publish","type":"page","link":"https:\/\/txjpcba.com\/pt\/placa-de-circuito-impresso-de-alta-frequencia-2\/","title":{"rendered":"Fabrica\u00e7\u00e3o de PCBs de alta frequ\u00eancia | Sele\u00e7\u00e3o de materiais e controle de imped\u00e2ncia"},"content":{"rendered":"<div data-elementor-type=\"wp-page\" data-elementor-id=\"5845\" class=\"elementor elementor-5845\" data-elementor-post-type=\"page\">\n\t\t\t\t<div class=\"elementor-element elementor-element-583521f9 e-flex e-con-boxed e-con e-parent\" data-id=\"583521f9\" data-element_type=\"container\">\n\t\t\t\t\t<div class=\"e-con-inner\">\n\t\t\t\t<div class=\"elementor-element elementor-element-5a5b6f elementor-widget elementor-widget-text-editor\" data-id=\"5a5b6f\" data-element_type=\"widget\" data-widget_type=\"text-editor.default\">\n\t\t\t\t<div class=\"elementor-widget-container\">\n\t\t\t\t\t\t\t\t\t<h2>Placa de circuito impresso de alta frequ\u00eancia<\/h2><p class=\"ds-markdown-paragraph\">Para aplica\u00e7\u00f5es modernas de RF, micro-ondas e digitais de alta velocidade, os materiais de PCB padr\u00e3o geralmente n\u00e3o s\u00e3o suficientes.\u00a0<strong>PCBs de alta frequ\u00eancia<\/strong>\u00a0s\u00e3o projetados para manter a integridade do sinal em taxas de transmiss\u00e3o mais altas, normalmente operando na faixa de\u00a0<strong>Faixa de 500 MHz a 2 GHz<\/strong> e al\u00e9m.<\/p><p class=\"ds-markdown-paragraph\">No entanto, obter um desempenho consistente nessas frequ\u00eancias exige mais do que apenas a fabrica\u00e7\u00e3o padr\u00e3o. Exige sele\u00e7\u00e3o precisa de materiais, controle rigoroso de imped\u00e2ncia e um parceiro de fabrica\u00e7\u00e3o com profundo conhecimento em RF.<\/p><p align=\"center\"><a href=\"\/pt\/obter-cotacao-de-fabricacao-de-pcb\/\"><button style=\"background: black; color: white; padding: 10px 20px; border: none; cursor: pointer;\">Obter cota\u00e7\u00e3o de fabrica\u00e7\u00e3o de PCB<\/button><\/a><\/p><h4>Sele\u00e7\u00e3o de materiais cr\u00edticos para integridade de sinal<\/h4><p class=\"ds-markdown-paragraph\">O n\u00facleo de qualquer placa de alta frequ\u00eancia \u00e9 seu material diel\u00e9trico. Diferentemente do padr\u00e3o <a href=\"https:\/\/txjpcba.com\/pt\/fr4-pcb\/\">FR-4<\/a>, o\u00a0<strong>Constante diel\u00e9trica (Dk ou Er)<\/strong>\u00a0desses materiais especializados devem permanecer est\u00e1veis em toda a frequ\u00eancia de opera\u00e7\u00e3o. Qualquer varia\u00e7\u00e3o afeta diretamente a imped\u00e2ncia, levando \u00e0 perda ou \u00e0 reflex\u00e3o do sinal.<\/p><figure id=\"attachment_3107\" aria-describedby=\"caption-attachment-3107\" style=\"width: 500px\" class=\"wp-caption aligncenter\"><img fetchpriority=\"high\" decoding=\"async\" class=\"size-full wp-image-3107\" src=\"https:\/\/txjpcba.com\/wp-content\/uploads\/2026\/02\/high-frequency-pcb.jpg\" alt=\"Placa de circuito impresso de alta frequ\u00eancia\" width=\"500\" height=\"372\" srcset=\"https:\/\/txjpcba.com\/wp-content\/uploads\/2026\/02\/high-frequency-pcb.jpg 500w, https:\/\/txjpcba.com\/wp-content\/uploads\/2026\/02\/high-frequency-pcb-300x223.jpg 300w, https:\/\/txjpcba.com\/wp-content\/uploads\/2026\/02\/high-frequency-pcb-16x12.jpg 16w\" sizes=\"(max-width: 500px) 100vw, 500px\" \/><figcaption id=\"caption-attachment-3107\" class=\"wp-caption-text\">Placa de circuito impresso de alta frequ\u00eancia<\/figcaption><\/figure><p class=\"ds-markdown-paragraph\">Os principais designers recorrem a materiais comprovados, como\u00a0<strong>Rogers<\/strong>\u00a0por seu desempenho el\u00e9trico previs\u00edvel. Nossos materiais mais comumente especificados incluem:<\/p><div class=\"ds-scroll-area ds-scroll-area--show-on-focus-within _1210dd7 c03cafe9\"><div class=\"ds-scroll-area__gutters\"><div class=\"ds-scroll-area__horizontal-gutter\">\u00a0<\/div><div class=\"ds-scroll-area__vertical-gutter\">\u00a0<\/div><\/div><table><thead><tr><th>Material<\/th><th>Constante diel\u00e9trica (Dk)<\/th><th>Principais vantagens<\/th><\/tr><\/thead><tbody><tr><td><strong>RO4350B<\/strong><\/td><td>3,48 \u00b10,05 a 10 GHz<\/td><td>Econ\u00f4mico, ideal para o setor automotivo e de micro-ondas<\/td><\/tr><tr><td><strong>RO4003C<\/strong><\/td><td>3,38 \u00b10,05 a 10 GHz<\/td><td>Baixa perda, compat\u00edvel com o processamento de FR-4<\/td><\/tr><tr><td><strong>RO3003<\/strong><\/td><td>3,00 \u00b10,04 a 10 GHz<\/td><td>Perda muito baixa para aplica\u00e7\u00f5es de ondas milim\u00e9tricas<\/td><\/tr><tr><td><strong>RT5880<\/strong><\/td><td>2,20 \u00b10,02 a 10 GHz<\/td><td>Menor perda, com base em PTFE para m\u00e1ximo desempenho<\/td><\/tr><tr><td><strong>RO3010<\/strong><\/td><td>10,2 \u00b10,30 a 10 GHz<\/td><td>Alto Dk para redu\u00e7\u00e3o do tamanho do circuito<\/td><\/tr><\/tbody><\/table><\/div><h4>Controle preciso de imped\u00e2ncia e toler\u00e2ncias de fabrica\u00e7\u00e3o<\/h4><p class=\"ds-markdown-paragraph\">Especificar o material certo \u00e9 apenas metade do desafio. Atingir a imped\u00e2ncia desejada (normalmente \u00b110%) requer um controle rigoroso do processo:<\/p><ul><li><p class=\"ds-markdown-paragraph\"><strong>Largura e espa\u00e7amento do condutor:<\/strong>\u00a0Mantido com toler\u00e2ncias de \u00b13mil\/3mil.<\/p><\/li><li><p class=\"ds-markdown-paragraph\"><strong>Espessura do substrato:<\/strong>\u00a0Controlado em todo o painel.<\/p><\/li><li><p class=\"ds-markdown-paragraph\"><strong>Peso do cobre:<\/strong>\u00a0Op\u00e7\u00f5es com acabamento de 0,5 on\u00e7as a 2,0 on\u00e7as.<\/p><\/li><li><p class=\"ds-markdown-paragraph\"><strong>Design de empilhamento:<\/strong>\u00a0Assist\u00eancia especializada para estruturas de RF de v\u00e1rias camadas.<\/p><\/li><\/ul><p class=\"ds-markdown-paragraph\">Nossos recursos de PCB de alta frequ\u00eancia s\u00e3o constru\u00eddos para a repetibilidade:<\/p><div class=\"ds-scroll-area ds-scroll-area--show-on-focus-within _1210dd7 c03cafe9\"><div class=\"ds-scroll-area__gutters\"><div class=\"ds-scroll-area__horizontal-gutter\">\u00a0<\/div><div class=\"ds-scroll-area__vertical-gutter\">\u00a0<\/div><\/div><table><thead><tr><th>Recurso<\/th><th>Capacidade<\/th><\/tr><\/thead><tbody><tr><td><strong>Grau de qualidade<\/strong><\/td><td>IPC Classe 2 (Classe 3 dispon\u00edvel mediante solicita\u00e7\u00e3o)<\/td><\/tr><tr><td><strong>Camadas<\/strong><\/td><td>2 - 24 camadas<\/td><\/tr><tr><td><strong>Quantidade do pedido<\/strong><\/td><td>De 1 pe\u00e7a de prot\u00f3tipo a mais de 10.000 unidades de produ\u00e7\u00e3o<\/td><\/tr><tr><td><strong>Prazo de entrega<\/strong><\/td><td>De 2 dias para prot\u00f3tipos de retorno r\u00e1pido a 5 semanas para constru\u00e7\u00f5es complexas<\/td><\/tr><tr><td><strong>Tamanho da placa<\/strong><\/td><td>M\u00ednimo de 6 mm x 6 mm a m\u00e1ximo de 457 mm x 610 mm<\/td><\/tr><tr><td><strong>Espessura<\/strong><\/td><td>0,4 mm - 5,0 mm<\/td><\/tr><tr><td><strong>Rastro\/espa\u00e7amento m\u00ednimo<\/strong><\/td><td>3mil \/ 3mil<\/td><\/tr><tr><td><strong>Toler\u00e2ncia de imped\u00e2ncia<\/strong><\/td><td>\u00b110% (mais apertado dispon\u00edvel)<\/td><\/tr><tr><td><strong>Acabamentos de superf\u00edcie<\/strong><\/td><td>ENIG, prata de imers\u00e3o, estanho de imers\u00e3o, OSP (todos RoHS)<\/td><\/tr><\/tbody><\/table><\/div><h4>Al\u00e9m da fabrica\u00e7\u00e3o: Uma abordagem de engenharia consultiva<\/h4><p class=\"ds-markdown-paragraph\">Entendemos que a escolha da solu\u00e7\u00e3o certa de PCB de alta frequ\u00eancia pode ser complexa. Nossa equipe de engenharia oferece suporte pr\u00e1tico em todas as etapas:<\/p><ol start=\"1\"><li><p class=\"ds-markdown-paragraph\"><strong>Orienta\u00e7\u00e3o para sele\u00e7\u00e3o de materiais:<\/strong>\u00a0N\u00e3o tem certeza de qual material Rogers \u00e9 adequado para suas necessidades de or\u00e7amento e desempenho? Oferecemos orienta\u00e7\u00f5es claras e comparativas.<\/p><\/li><li><p class=\"ds-markdown-paragraph\"><strong>DFM para projetos de RF:<\/strong>\u00a0Analisamos seus requisitos de empilhamento e recursos para garantir a capacidade de fabrica\u00e7\u00e3o sem comprometer a integridade do sinal.<\/p><\/li><li><p class=\"ds-markdown-paragraph\"><strong>T\u00e9cnicas avan\u00e7adas dispon\u00edveis:<\/strong>\u00a0HDI, dedos de ouro, \u00f3leo de carbono e furos escareados para montagem especializada.<\/p><\/li><\/ol><h4>Inicie seu projeto de PCB de alta frequ\u00eancia<\/h4><p class=\"ds-markdown-paragraph\">Para receber uma cota\u00e7\u00e3o detalhada, basta enviar seus arquivos Gerber e especifica\u00e7\u00f5es por meio do nosso sistema de pedidos on-line. Para projetos com requisitos t\u00e9cnicos ou de materiais exclusivos n\u00e3o listados, entre em contato diretamente com nossa equipe de engenharia para obter uma solu\u00e7\u00e3o personalizada.<\/p><p align=\"center\"><a href=\"\/pt\/obter-cotacao-de-fabricacao-de-pcb\/\"><button style=\"background: black; color: white; padding: 8px 20px; border: none; cursor: pointer;\">Obter cota\u00e7\u00e3o de fabrica\u00e7\u00e3o de PCB<\/button><\/a><\/p><p style=\"text-align: center;\">Trabalhando em projetos automotivos, industriais, de IoT ou de eletr\u00f4nicos de consumo?<br \/>Oferecemos servi\u00e7os profissionais <a href=\"https:\/\/txjpcba.com\/pt\/montagem-de-placas-de-circuito-impresso\/\">Montagem de PCB<\/a> servi\u00e7os, incluindo SMT, DIP e solu\u00e7\u00f5es completas prontas para uso.<\/p><p style=\"text-align: center;\">Envie-nos sua lista t\u00e9cnica, arquivos Gerber ou requisitos de projeto e receba uma cota\u00e7\u00e3o r\u00e1pida e precisa de nossa equipe de engenharia.<\/p><p style=\"text-align: center;\">NDA dispon\u00edvel \u2714 Cota\u00e7\u00e3o r\u00e1pida em 24 horas \u2714 F\u00e1brica com certifica\u00e7\u00e3o ISO \u2714 Servi\u00e7o completo de PCB e PCBA<\/p>\t\t\t\t\t\t\t\t<\/div>\n\t\t\t\t<\/div>\n\t\t\t\t\t<\/div>\n\t\t\t\t<\/div>\n\t\t\t\t<\/div>","protected":false},"excerpt":{"rendered":"<p>High Frequency PCB For modern RF, microwave, and high-speed digital applications, standard PCB materials often fall short.\u00a0High Frequency PCBs\u00a0are engineered [&hellip;]<\/p>","protected":false},"author":1,"featured_media":0,"parent":0,"menu_order":0,"comment_status":"closed","ping_status":"closed","template":"","meta":{"site-sidebar-layout":"default","site-content-layout":"","ast-site-content-layout":"default","site-content-style":"default","site-sidebar-style":"default","ast-global-header-display":"","ast-banner-title-visibility":"","ast-main-header-display":"","ast-hfb-above-header-display":"","ast-hfb-below-header-display":"","ast-hfb-mobile-header-display":"","site-post-title":"","ast-breadcrumbs-content":"","ast-featured-img":"","footer-sml-layout":"","theme-transparent-header-meta":"default","adv-header-id-meta":"","stick-header-meta":"","header-above-stick-meta":"","header-main-stick-meta":"","header-below-stick-meta":"","astra-migrate-meta-layouts":"set","ast-page-background-enabled":"default","ast-page-background-meta":{"desktop":{"background-color":"var(--ast-global-color-5)","background-image":"","background-repeat":"repeat","background-position":"center center","background-size":"auto","background-attachment":"scroll","background-type":"","background-media":"","overlay-type":"","overlay-color":"","overlay-opacity":"","overlay-gradient":""},"tablet":{"background-color":"","background-image":"","background-repeat":"repeat","background-position":"center center","background-size":"auto","background-attachment":"scroll","background-type":"","background-media":"","overlay-type":"","overlay-color":"","overlay-opacity":"","overlay-gradient":""},"mobile":{"background-color":"","background-image":"","background-repeat":"repeat","background-position":"center center","background-size":"auto","background-attachment":"scroll","background-type":"","background-media":"","overlay-type":"","overlay-color":"","overlay-opacity":"","overlay-gradient":""}},"ast-content-background-meta":{"desktop":{"background-color":"var(--ast-global-color-4)","background-image":"","background-repeat":"repeat","background-position":"center center","background-size":"auto","background-attachment":"scroll","background-type":"","background-media":"","overlay-type":"","overlay-color":"","overlay-opacity":"","overlay-gradient":""},"tablet":{"background-color":"var(--ast-global-color-4)","background-image":"","background-repeat":"repeat","background-position":"center center","background-size":"auto","background-attachment":"scroll","background-type":"","background-media":"","overlay-type":"","overlay-color":"","overlay-opacity":"","overlay-gradient":""},"mobile":{"background-color":"var(--ast-global-color-4)","background-image":"","background-repeat":"repeat","background-position":"center center","background-size":"auto","background-attachment":"scroll","background-type":"","background-media":"","overlay-type":"","overlay-color":"","overlay-opacity":"","overlay-gradient":""}},"footnotes":""},"class_list":["post-5845","page","type-page","status-publish","hentry"],"_links":{"self":[{"href":"https:\/\/txjpcba.com\/pt\/wp-json\/wp\/v2\/pages\/5845","targetHints":{"allow":["GET"]}}],"collection":[{"href":"https:\/\/txjpcba.com\/pt\/wp-json\/wp\/v2\/pages"}],"about":[{"href":"https:\/\/txjpcba.com\/pt\/wp-json\/wp\/v2\/types\/page"}],"author":[{"embeddable":true,"href":"https:\/\/txjpcba.com\/pt\/wp-json\/wp\/v2\/users\/1"}],"replies":[{"embeddable":true,"href":"https:\/\/txjpcba.com\/pt\/wp-json\/wp\/v2\/comments?post=5845"}],"version-history":[{"count":15,"href":"https:\/\/txjpcba.com\/pt\/wp-json\/wp\/v2\/pages\/5845\/revisions"}],"predecessor-version":[{"id":5863,"href":"https:\/\/txjpcba.com\/pt\/wp-json\/wp\/v2\/pages\/5845\/revisions\/5863"}],"wp:attachment":[{"href":"https:\/\/txjpcba.com\/pt\/wp-json\/wp\/v2\/media?parent=5845"}],"curies":[{"name":"wp","href":"https:\/\/api.w.org\/{rel}","templated":true}]}}