{"id":3349,"date":"2026-03-03T11:34:29","date_gmt":"2026-03-03T03:34:29","guid":{"rendered":"https:\/\/txjpcba.com\/?page_id=3349"},"modified":"2026-03-03T11:35:40","modified_gmt":"2026-03-03T03:35:40","slug":"mapa-do-site","status":"publish","type":"page","link":"https:\/\/txjpcba.com\/pt\/mapa-do-site\/","title":{"rendered":"Mapa do site"},"content":{"rendered":"<div data-elementor-type=\"wp-page\" data-elementor-id=\"3349\" class=\"elementor elementor-3349\" data-elementor-post-type=\"page\">\n\t\t\t\t<div class=\"elementor-element elementor-element-41cfd56 e-flex e-con-boxed e-con e-parent\" data-id=\"41cfd56\" data-element_type=\"container\" data-e-type=\"container\">\n\t\t\t\t\t<div class=\"e-con-inner\">\n\t\t\t\t<div class=\"elementor-element elementor-element-5ec634c elementor-widget elementor-widget-sitemap\" data-id=\"5ec634c\" data-element_type=\"widget\" data-e-type=\"widget\" data-widget_type=\"sitemap.default\">\n\t\t\t\t<div class=\"elementor-widget-container\">\n\t\t\t\t\t<div class=\"elementor-sitemap-wrap\"><div class=\"elementor-sitemap-section\"><h2 class=\"elementor-sitemap-title elementor-sitemap-page-title\">P\u00e1ginas<\/h2><ul class=\"elementor-sitemap-list elementor-sitemap-page-list\"><li class=\"elementor-sitemap-item elementor-sitemap-item-page page_item page-item-6114 menu-item\"><a href=\"https:\/\/txjpcba.com\/pt\/gat-a-pcb-layout-quote\/\" class=\"elementor-sitemap-item elementor-sitemap-item-page menu-link\">Obter uma cota\u00e7\u00e3o de layout de PCB<\/a><\/li><li class=\"elementor-sitemap-item elementor-sitemap-item-page page_item page-item-5925 menu-item\"><a href=\"https:\/\/txjpcba.com\/pt\/layout-da-placa-de-circuito-impresso\/\" class=\"elementor-sitemap-item elementor-sitemap-item-page menu-link\">Layout da placa de circuito impresso<\/a><\/li><li class=\"elementor-sitemap-item elementor-sitemap-item-page page_item page-item-5887 menu-item\"><a href=\"https:\/\/txjpcba.com\/pt\/pcb-livre-de-halogenio\/\" class=\"elementor-sitemap-item elementor-sitemap-item-page menu-link\">Fabrica\u00e7\u00e3o de PCBs sem halog\u00eanio - Solu\u00e7\u00f5es ecologicamente corretas e em conformidade com a RoHS<\/a><\/li><li class=\"elementor-sitemap-item elementor-sitemap-item-page page_item page-item-5864 menu-item\"><a href=\"https:\/\/txjpcba.com\/pt\/pcb-de-cobre-pesado\/\" class=\"elementor-sitemap-item elementor-sitemap-item-page menu-link\">PCB de cobre pesado<\/a><\/li><li class=\"elementor-sitemap-item elementor-sitemap-item-page page_item page-item-5845 menu-item\"><a href=\"https:\/\/txjpcba.com\/pt\/placa-de-circuito-impresso-de-alta-frequencia-2\/\" class=\"elementor-sitemap-item elementor-sitemap-item-page menu-link\">Fabrica\u00e7\u00e3o de PCBs de alta frequ\u00eancia | Sele\u00e7\u00e3o de materiais e controle de imped\u00e2ncia<\/a><\/li><li class=\"elementor-sitemap-item elementor-sitemap-item-page page_item page-item-5817 menu-item\"><a href=\"https:\/\/txjpcba.com\/pt\/fornecimento-de-componentes\/\" class=\"elementor-sitemap-item elementor-sitemap-item-page menu-link\">Fornecimento estrat\u00e9gico de componentes para montagem de PCB<\/a><\/li><li class=\"elementor-sitemap-item elementor-sitemap-item-page page_item page-item-5656 menu-item\"><a href=\"https:\/\/txjpcba.com\/pt\/placa-de-circuito-impresso-flexivel-rigida-2\/\" class=\"elementor-sitemap-item elementor-sitemap-item-page menu-link\">PCB flex\u00edvel r\u00edgido<\/a><\/li><li class=\"elementor-sitemap-item elementor-sitemap-item-page page_item page-item-5598 menu-item\"><a href=\"https:\/\/txjpcba.com\/pt\/placa-de-circuito-impresso-de-led\/\" class=\"elementor-sitemap-item elementor-sitemap-item-page menu-link\">PCB DE LED<\/a><\/li><li class=\"elementor-sitemap-item elementor-sitemap-item-page page_item page-item-5545 menu-item\"><a href=\"https:\/\/txjpcba.com\/pt\/placa-de-circuito-impresso-flexivel\/\" class=\"elementor-sitemap-item elementor-sitemap-item-page menu-link\">PCB flex\u00edvel<\/a><\/li><li class=\"elementor-sitemap-item elementor-sitemap-item-page page_item page-item-5481 menu-item\"><a href=\"https:\/\/txjpcba.com\/pt\/hdi-pcb-2\/\" class=\"elementor-sitemap-item elementor-sitemap-item-page menu-link\">PLACA DE CIRCUITO IMPRESSO HDI<\/a><\/li><li class=\"elementor-sitemap-item elementor-sitemap-item-page page_item page-item-5387 menu-item\"><a href=\"https:\/\/txjpcba.com\/pt\/obter-cotacao-de-fabricacao-de-pcb\/\" class=\"elementor-sitemap-item elementor-sitemap-item-page menu-link\">Obter cota\u00e7\u00e3o de fabrica\u00e7\u00e3o de PCB<\/a><\/li><li class=\"elementor-sitemap-item elementor-sitemap-item-page page_item page-item-5371 menu-item\"><a href=\"https:\/\/txjpcba.com\/pt\/fr4-pcb\/\" class=\"elementor-sitemap-item elementor-sitemap-item-page menu-link\">PCB FR4<\/a><\/li><li class=\"elementor-sitemap-item elementor-sitemap-item-page page_item page-item-4958 menu-item\"><a href=\"https:\/\/txjpcba.com\/pt\/servicos-de-fabricacao-de-produtos-eletronicos\/\" class=\"elementor-sitemap-item elementor-sitemap-item-page menu-link\">Servi\u00e7os de fabrica\u00e7\u00e3o de eletr\u00f4nicos<\/a><\/li><li class=\"elementor-sitemap-item elementor-sitemap-item-page page_item page-item-4014 menu-item\"><a href=\"https:\/\/txjpcba.com\/pt\/fabricante-de-pcba\/\" class=\"elementor-sitemap-item elementor-sitemap-item-page menu-link\">Fabricante de PCBA<\/a><\/li><li class=\"elementor-sitemap-item elementor-sitemap-item-page page_item page-item-3948 menu-item\"><a href=\"https:\/\/txjpcba.com\/pt\/montagem-de-pcb-turnkey\/\" class=\"elementor-sitemap-item elementor-sitemap-item-page menu-link\">Montagem de PCB pronta para uso<\/a><\/li><li class=\"elementor-sitemap-item elementor-sitemap-item-page page_item page-item-3631 menu-item\"><a href=\"https:\/\/txjpcba.com\/pt\/montagem-de-prototipos-de-placas-de-circuito-impresso\/\" class=\"elementor-sitemap-item elementor-sitemap-item-page menu-link\">Montagem de prot\u00f3tipo de PCB<\/a><\/li><li class=\"elementor-sitemap-item elementor-sitemap-item-page page_item page-item-3553 menu-item\"><a href=\"https:\/\/txjpcba.com\/pt\/nuvem-de-tags\/\" class=\"elementor-sitemap-item elementor-sitemap-item-page menu-link\">Tags nuvem<\/a><\/li><li class=\"elementor-sitemap-item elementor-sitemap-item-page page_item page-item-3349 menu-item\"><a href=\"https:\/\/txjpcba.com\/pt\/mapa-do-site\/\" class=\"elementor-sitemap-item elementor-sitemap-item-page menu-link\">Mapa do site<\/a><\/li><li class=\"elementor-sitemap-item elementor-sitemap-item-page page_item page-item-2807 menu-item\"><a href=\"https:\/\/txjpcba.com\/pt\/seletor-de-idioma\/\" class=\"elementor-sitemap-item elementor-sitemap-item-page menu-link\">Seletor de idioma<\/a><\/li><li class=\"elementor-sitemap-item elementor-sitemap-item-page page_item page-item-2392 menu-item\"><a href=\"https:\/\/txjpcba.com\/pt\/fabricacao-de-placas-de-circuito-impresso\/\" class=\"elementor-sitemap-item elementor-sitemap-item-page menu-link\">Fabrica\u00e7\u00e3o de PCBs<\/a><\/li><li class=\"elementor-sitemap-item elementor-sitemap-item-page page_item page-item-2276 menu-item\"><a href=\"https:\/\/txjpcba.com\/pt\/obter-uma-cotacao-de-montagem-de-pcb\/\" class=\"elementor-sitemap-item elementor-sitemap-item-page menu-link\">Obter uma cota\u00e7\u00e3o de montagem de PCB<\/a><\/li><li class=\"elementor-sitemap-item elementor-sitemap-item-page page_item page-item-2243 menu-item\"><a href=\"https:\/\/txjpcba.com\/pt\/obter-uma-cotacao-de-revestimento-isolante\/\" class=\"elementor-sitemap-item elementor-sitemap-item-page menu-link\">Obter uma cota\u00e7\u00e3o de revestimento isolante<\/a><\/li><li class=\"elementor-sitemap-item elementor-sitemap-item-page page_item page-item-2129 menu-item\"><a href=\"https:\/\/txjpcba.com\/pt\/obter-uma-cotacao\/\" class=\"elementor-sitemap-item elementor-sitemap-item-page menu-link\">Obter uma cota\u00e7\u00e3o<\/a><\/li><li class=\"elementor-sitemap-item elementor-sitemap-item-page page_item page-item-1622 menu-item\"><a href=\"https:\/\/txjpcba.com\/pt\/revestimento-isolante\/\" class=\"elementor-sitemap-item elementor-sitemap-item-page menu-link\">Revestimento conformacional<\/a><\/li><li class=\"elementor-sitemap-item elementor-sitemap-item-page page_item page-item-905 menu-item\"><a href=\"https:\/\/txjpcba.com\/pt\/pcba\/\" class=\"elementor-sitemap-item elementor-sitemap-item-page menu-link\">PCBA<\/a><\/li><li class=\"elementor-sitemap-item elementor-sitemap-item-page page_item page-item-883 menu-item\"><a href=\"https:\/\/txjpcba.com\/pt\/obrigado\/\" class=\"elementor-sitemap-item elementor-sitemap-item-page menu-link\">Obrigado<\/a><\/li><li class=\"elementor-sitemap-item elementor-sitemap-item-page page_item page-item-391 menu-item\"><a href=\"https:\/\/txjpcba.com\/pt\/montagem-de-placas-de-circuito-impresso\/\" class=\"elementor-sitemap-item elementor-sitemap-item-page menu-link\">Montagem de PCB<\/a><\/li><li class=\"elementor-sitemap-item elementor-sitemap-item-page page_item page-item-61 menu-item\"><a href=\"https:\/\/txjpcba.com\/pt\/pcba-oem-odm\/\" class=\"elementor-sitemap-item elementor-sitemap-item-page menu-link\">PCBA OEM\/ODM<\/a><\/li><li class=\"elementor-sitemap-item elementor-sitemap-item-page page_item page-item-59 menu-item\"><a href=\"https:\/\/txjpcba.com\/pt\/servicos-de-montagem-de-smt\/\" class=\"elementor-sitemap-item elementor-sitemap-item-page menu-link\">Servi\u00e7os de montagem SMT<\/a><\/li><li class=\"elementor-sitemap-item elementor-sitemap-item-page page_item page-item-52 menu-item\"><a href=\"https:\/\/txjpcba.com\/pt\/contact\/\" class=\"elementor-sitemap-item elementor-sitemap-item-page menu-link\">Contato<\/a><\/li><li class=\"elementor-sitemap-item elementor-sitemap-item-page page_item page-item-50 menu-item\"><a href=\"https:\/\/txjpcba.com\/pt\/recursos-de-pcb-pcba\/\" class=\"elementor-sitemap-item elementor-sitemap-item-page menu-link\">Capacidades de fabrica\u00e7\u00e3o de PCB e PCBA<\/a><\/li><li class=\"elementor-sitemap-item elementor-sitemap-item-page page_item page-item-48 menu-item\"><a href=\"https:\/\/txjpcba.com\/pt\/servicos\/\" class=\"elementor-sitemap-item elementor-sitemap-item-page menu-link\">Servi\u00e7os<\/a><\/li><li class=\"elementor-sitemap-item elementor-sitemap-item-page page_item page-item-46 menu-item\"><a href=\"https:\/\/txjpcba.com\/pt\/sobre\/\" class=\"elementor-sitemap-item elementor-sitemap-item-page menu-link\">Sobre<\/a><\/li><li class=\"elementor-sitemap-item elementor-sitemap-item-page page_item page-item-12 menu-item\"><a href=\"https:\/\/txjpcba.com\/pt\" class=\"elementor-sitemap-item elementor-sitemap-item-page menu-link\">In\u00edcio<\/a><\/li><li class=\"elementor-sitemap-item elementor-sitemap-item-page page_item page-item-3 menu-item\"><a href=\"https:\/\/txjpcba.com\/pt\/politica-de-privacidade\/\" class=\"elementor-sitemap-item elementor-sitemap-item-page menu-link\">Pol\u00edtica de privacidade<\/a><\/li><\/ul><\/div><div class=\"elementor-sitemap-section\"><h2 class=\"elementor-sitemap-title elementor-sitemap-category-title\">Categorias<\/h2><ul class=\"elementor-sitemap-list elementor-sitemap-category-list\">\t<li class=\"elementor-sitemap-item elementor-sitemap-item-category cat-item cat-item-35\"><a href=\"https:\/\/txjpcba.com\/pt\/categoria\/conhecimento-de-pcb-pcba\/\">CONHECIMENTO DE PCB\/PCBA<\/a>\n<\/li>\n\t<li class=\"elementor-sitemap-item elementor-sitemap-item-category cat-item cat-item-445\"><a href=\"https:\/\/txjpcba.com\/pt\/categoria\/perguntas-frequentes\/pcb-assembly-faqs\/\">Perguntas frequentes sobre a montagem de PCBs<\/a>\n<\/li>\n\t<li class=\"elementor-sitemap-item elementor-sitemap-item-category cat-item cat-item-71\"><a href=\"https:\/\/txjpcba.com\/pt\/categoria\/perguntas-frequentes\/\">PERGUNTAS FREQUENTES<\/a>\n<\/li>\n\t<li class=\"elementor-sitemap-item elementor-sitemap-item-category cat-item cat-item-256\"><a href=\"https:\/\/txjpcba.com\/pt\/categoria\/perguntas-frequentes\/revestimento-isolante\/\">Perguntas frequentes sobre revestimento conformacional<\/a>\n<\/li>\n\t<li class=\"elementor-sitemap-item elementor-sitemap-item-category cat-item cat-item-57\"><a href=\"https:\/\/txjpcba.com\/pt\/categoria\/blogs\/\">BLOGS<\/a>\n<\/li>\n<\/ul><\/div><\/div>\t\t\t\t<\/div>\n\t\t\t\t<\/div>\n\t\t\t\t\t<\/div>\n\t\t\t\t<\/div>\n\t\t\t\t<\/div>","protected":false},"excerpt":{"rendered":"","protected":false},"author":1,"featured_media":0,"parent":0,"menu_order":0,"comment_status":"closed","ping_status":"closed","template":"","meta":{"site-sidebar-layout":"no-sidebar","site-content-layout":"","ast-site-content-layout":"full-width-container","site-content-style":"default","site-sidebar-style":"default","ast-global-header-display":"","ast-banner-title-visibility":"","ast-main-header-display":"","ast-hfb-above-header-display":"","ast-hfb-below-header-display":"","ast-hfb-mobile-header-display":"","site-post-title":"disabled","ast-breadcrumbs-content":"","ast-featured-img":"disabled","footer-sml-layout":"","ast-disable-related-posts":"","theme-transparent-header-meta":"default","adv-header-id-meta":"","stick-header-meta":"","header-above-stick-meta":"","header-main-stick-meta":"","header-below-stick-meta":"","astra-migrate-meta-layouts":"set","ast-page-background-enabled":"default","ast-page-background-meta":{"desktop":{"background-color":"var(--ast-global-color-5)","background-image":"","background-repeat":"repeat","background-position":"center center","background-size":"auto","background-attachment":"scroll","background-type":"","background-media":"","overlay-type":"","overlay-color":"","overlay-opacity":"","overlay-gradient":""},"tablet":{"background-color":"","background-image":"","background-repeat":"repeat","background-position":"center center","background-size":"auto","background-attachment":"scroll","background-type":"","background-media":"","overlay-type":"","overlay-color":"","overlay-opacity":"","overlay-gradient":""},"mobile":{"background-color":"","background-image":"","background-repeat":"repeat","background-position":"center center","background-size":"auto","background-attachment":"scroll","background-type":"","background-media":"","overlay-type":"","overlay-color":"","overlay-opacity":"","overlay-gradient":""}},"ast-content-background-meta":{"desktop":{"background-color":"var(--ast-global-color-4)","background-image":"","background-repeat":"repeat","background-position":"center center","background-size":"auto","background-attachment":"scroll","background-type":"","background-media":"","overlay-type":"","overlay-color":"","overlay-opacity":"","overlay-gradient":""},"tablet":{"background-color":"var(--ast-global-color-4)","background-image":"","background-repeat":"repeat","background-position":"center center","background-size":"auto","background-attachment":"scroll","background-type":"","background-media":"","overlay-type":"","overlay-color":"","overlay-opacity":"","overlay-gradient":""},"mobile":{"background-color":"var(--ast-global-color-4)","background-image":"","background-repeat":"repeat","background-position":"center center","background-size":"auto","background-attachment":"scroll","background-type":"","background-media":"","overlay-type":"","overlay-color":"","overlay-opacity":"","overlay-gradient":""}},"footnotes":""},"class_list":["post-3349","page","type-page","status-publish","hentry"],"_links":{"self":[{"href":"https:\/\/txjpcba.com\/pt\/wp-json\/wp\/v2\/pages\/3349","targetHints":{"allow":["GET"]}}],"collection":[{"href":"https:\/\/txjpcba.com\/pt\/wp-json\/wp\/v2\/pages"}],"about":[{"href":"https:\/\/txjpcba.com\/pt\/wp-json\/wp\/v2\/types\/page"}],"author":[{"embeddable":true,"href":"https:\/\/txjpcba.com\/pt\/wp-json\/wp\/v2\/users\/1"}],"replies":[{"embeddable":true,"href":"https:\/\/txjpcba.com\/pt\/wp-json\/wp\/v2\/comments?post=3349"}],"version-history":[{"count":4,"href":"https:\/\/txjpcba.com\/pt\/wp-json\/wp\/v2\/pages\/3349\/revisions"}],"predecessor-version":[{"id":3353,"href":"https:\/\/txjpcba.com\/pt\/wp-json\/wp\/v2\/pages\/3349\/revisions\/3353"}],"wp:attachment":[{"href":"https:\/\/txjpcba.com\/pt\/wp-json\/wp\/v2\/media?parent=3349"}],"curies":[{"name":"wp","href":"https:\/\/api.w.org\/{rel}","templated":true}]}}