{"id":883,"date":"2025-07-16T09:52:38","date_gmt":"2025-07-16T01:52:38","guid":{"rendered":"https:\/\/txjpcba.com\/?page_id=883"},"modified":"2026-04-18T15:07:41","modified_gmt":"2026-04-18T07:07:41","slug":"dziekuje","status":"publish","type":"page","link":"https:\/\/txjpcba.com\/pl\/dziekuje\/","title":{"rendered":"Dzi\u0119kuj\u0119"},"content":{"rendered":"<div data-elementor-type=\"wp-page\" data-elementor-id=\"883\" class=\"elementor elementor-883\" data-elementor-post-type=\"page\">\n\t\t\t\t\t\t<section class=\"elementor-section elementor-top-section elementor-element elementor-element-fhd9jrd elementor-reverse-mobile elementor-section-boxed elementor-section-height-default elementor-section-height-default\" data-id=\"fhd9jrd\" data-element_type=\"section\" data-e-type=\"section\" data-settings=\"{&quot;background_background&quot;:&quot;classic&quot;,&quot;shape_divider_bottom&quot;:&quot;waves&quot;,&quot;shape_divider_bottom_negative&quot;:&quot;yes&quot;}\">\n\t\t\t\t\t<div class=\"elementor-shape elementor-shape-bottom\" aria-hidden=\"true\" data-negative=\"true\">\n\t\t\t<svg xmlns=\"http:\/\/www.w3.org\/2000\/svg\" viewbox=\"0 0 1000 100\" preserveaspectratio=\"none\">\n\t<path class=\"elementor-shape-fill\" d=\"M790.5,93.1c-59.3-5.3-116.8-18-192.6-50c-29.6-12.7-76.9-31-100.5-35.9c-23.6-4.9-52.6-7.8-75.5-5.3\tc-10.2,1.1-22.6,1.4-50.1,7.4c-27.2,6.3-58.2,16.6-79.4,24.7c-41.3,15.9-94.9,21.9-134,22.6C72,58.2,0,25.8,0,25.8V100h1000V65.3\tc0,0-51.5,19.4-106.2,25.7C839.5,97,814.1,95.2,790.5,93.1z\"\/>\n<\/svg>\t\t<\/div>\n\t\t\t\t\t<div class=\"elementor-container elementor-column-gap-default\">\n\t\t\t\t\t<div class=\"elementor-column elementor-col-50 elementor-top-column elementor-element elementor-element-5c2d219\" data-id=\"5c2d219\" data-element_type=\"column\" data-e-type=\"column\">\n\t\t\t<div class=\"elementor-widget-wrap elementor-element-populated\">\n\t\t\t\t\t\t<div class=\"elementor-element elementor-element-402518f elementor-widget elementor-widget-heading\" data-id=\"402518f\" data-element_type=\"widget\" data-e-type=\"widget\" data-widget_type=\"heading.default\">\n\t\t\t\t<div class=\"elementor-widget-container\">\n\t\t\t\t\t<h1 class=\"elementor-heading-title elementor-size-default\">Dzi\u0119kuj\u0119!<\/h1>\t\t\t\t<\/div>\n\t\t\t\t<\/div>\n\t\t\t\t<div class=\"elementor-element elementor-element-b899994 elementor-widget elementor-widget-text-editor\" data-id=\"b899994\" data-element_type=\"widget\" data-e-type=\"widget\" data-widget_type=\"text-editor.default\">\n\t\t\t\t<div class=\"elementor-widget-container\">\n\t\t\t\t\t\t\t\t\t<p>Dzi\u0119kujemy za przes\u0142anie zg\u0142oszenia! Nasi eksperci skontaktuj\u0105 si\u0119 z Tob\u0105 tak szybko, jak to mo\u017cliwe (zwykle w ci\u0105gu 24 godzin), zwr\u00f3\u0107 uwag\u0119 na sw\u00f3j adres e-mail i numer telefonu.<\/p>\t\t\t\t\t\t\t\t<\/div>\n\t\t\t\t<\/div>\n\t\t\t\t<section class=\"elementor-section elementor-inner-section elementor-element elementor-element-6152cf3 elementor-section-boxed elementor-section-height-default elementor-section-height-default\" data-id=\"6152cf3\" data-element_type=\"section\" data-e-type=\"section\">\n\t\t\t\t\t\t<div class=\"elementor-container elementor-column-gap-no\">\n\t\t\t\t\t<div class=\"elementor-column elementor-col-100 elementor-inner-column elementor-element elementor-element-ee839e6\" data-id=\"ee839e6\" data-element_type=\"column\" data-e-type=\"column\">\n\t\t\t<div class=\"elementor-widget-wrap elementor-element-populated\">\n\t\t\t\t\t\t<div class=\"elementor-element elementor-element-ee45d0c elementor-mobile-align-center elementor-widget elementor-widget-button\" data-id=\"ee45d0c\" data-element_type=\"widget\" data-e-type=\"widget\" data-widget_type=\"button.default\">\n\t\t\t\t<div class=\"elementor-widget-container\">\n\t\t\t\t\t\t\t\t\t<div class=\"elementor-button-wrapper\">\n\t\t\t\t\t<a class=\"elementor-button elementor-button-link elementor-size-sm\" href=\"https:\/\/txjpcba.com\/pl\">\n\t\t\t\t\t\t<span class=\"elementor-button-content-wrapper\">\n\t\t\t\t\t\t\t\t\t<span class=\"elementor-button-text\">Powr\u00f3t do strony g\u0142\u00f3wnej<\/span>\n\t\t\t\t\t<\/span>\n\t\t\t\t\t<\/a>\n\t\t\t\t<\/div>\n\t\t\t\t\t\t\t\t<\/div>\n\t\t\t\t<\/div>\n\t\t\t\t\t<\/div>\n\t\t<\/div>\n\t\t\t\t\t<\/div>\n\t\t<\/section>\n\t\t\t\t\t<\/div>\n\t\t<\/div>\n\t\t\t\t<div class=\"elementor-column elementor-col-50 elementor-top-column elementor-element elementor-element-8564455\" data-id=\"8564455\" data-element_type=\"column\" data-e-type=\"column\">\n\t\t\t<div class=\"elementor-widget-wrap elementor-element-populated\">\n\t\t\t\t\t\t<div class=\"elementor-element elementor-element-1e67f26 elementor-widget elementor-widget-image\" data-id=\"1e67f26\" data-element_type=\"widget\" data-e-type=\"widget\" data-widget_type=\"image.default\">\n\t\t\t\t<div class=\"elementor-widget-container\">\n\t\t\t\t\t\t\t\t\t\t\t\t\t\t\t<img fetchpriority=\"high\" decoding=\"async\" width=\"1920\" height=\"800\" src=\"https:\/\/txjpcba.com\/wp-content\/uploads\/2026\/03\/PCB-Assembly-Manufacturer.jpg\" class=\"attachment-large size-large wp-image-4128\" alt=\"Producent zespo\u0142\u00f3w PCB\" srcset=\"https:\/\/txjpcba.com\/wp-content\/uploads\/2026\/03\/PCB-Assembly-Manufacturer.jpg 1920w, https:\/\/txjpcba.com\/wp-content\/uploads\/2026\/03\/PCB-Assembly-Manufacturer-300x125.jpg 300w, https:\/\/txjpcba.com\/wp-content\/uploads\/2026\/03\/PCB-Assembly-Manufacturer-768x320.jpg 768w, https:\/\/txjpcba.com\/wp-content\/uploads\/2026\/03\/PCB-Assembly-Manufacturer-1536x640.jpg 1536w, https:\/\/txjpcba.com\/wp-content\/uploads\/2026\/03\/PCB-Assembly-Manufacturer-18x8.jpg 18w\" sizes=\"(max-width: 1920px) 100vw, 1920px\" \/>\t\t\t\t\t\t\t\t\t\t\t\t\t\t\t<\/div>\n\t\t\t\t<\/div>\n\t\t\t\t\t<\/div>\n\t\t<\/div>\n\t\t\t\t\t<\/div>\n\t\t<\/section>\n\t\t<div class=\"elementor-element elementor-element-4967c01 e-flex e-con-boxed e-con e-parent\" data-id=\"4967c01\" data-element_type=\"container\" data-e-type=\"container\">\n\t\t\t\t\t<div class=\"e-con-inner\">\n\t\t\t\t<div class=\"elementor-element elementor-element-5af110d elementor-widget elementor-widget-text-editor\" data-id=\"5af110d\" data-element_type=\"widget\" data-e-type=\"widget\" data-widget_type=\"text-editor.default\">\n\t\t\t\t<div class=\"elementor-widget-container\">\n\t\t\t\t\t\t\t\t\t<style>\n.quote-nav-wrap {\n  margin: 20px 0 30px;\n  padding: 18px;\n  background: #f5f7fa;\n  border-radius: 10px;\n}\n\n.quote-title {\n  font-size: 16px;\n  font-weight: 600;\n  margin-bottom: 12px;\n}\n\n.quote-nav {\n  display: flex;\n  flex-wrap: wrap;\n  gap: 10px;\n}\n\n.quote-nav a {\n  padding: 8px 14px;\n  background: #F9F9F9;\n  border: 1px solid #ddd;\n  border-radius: 6px;\n  text-decoration: none;\n  color: #333;\n  font-size: 14px;\n  display: inline-block;\n}\n\n.quote-nav a:hover {\n  background: #0073aa;\n  color: #fff;\n  border-color: #0073aa;\n}\n\n.quote-nav a.active {\n  background: #0073aa;\n  color: #fff;\n  border-color: #0073aa;\n}\n<\/style>\n\n<div class=\"quote-nav-wrap\">\n  <div class=\"quote-title\">Need other services?<\/div>\n\n  <div class=\"quote-nav\">\n    <a href=\"https:\/\/www.tengxinjie.com\/get-pcb-manufacturing-quote\/\" target=\"_blank\" rel=\"noopener\">PCB Quote<\/a>\n    <a href=\"https:\/\/www.tengxinjie.com\/get-a-pcb-assembly-quote\/\" target=\"_blank\" rel=\"noopener\">PCB Assembly Quote<\/a>\n    <a href=\"https:\/\/www.tengxinjie.com\/get-prototype-pcb-assembly-quote\/\" target=\"_blank\" rel=\"noopener\">Prototype PCB Assembly Quote<\/a>\n    <a href=\"https:\/\/www.tengxinjie.com\/get-turnkey-pcb-assembly-quote\/\" target=\"_blank\" rel=\"noopener\">Turnkey PCB Assembly Quote<\/a>\n    <a href=\"https:\/\/www.tengxinjie.com\/get-box-build-assembly-quote\/\" target=\"_blank\" rel=\"noopener\">Box Build<\/a>\n    <a href=\"https:\/\/www.tengxinjie.com\/get-a-conformal-coating-quote\/\" target=\"_blank\" rel=\"noopener\">Conformal Coating Quote<\/a>\n  <\/div>\n<\/div>\t\t\t\t\t\t\t\t<\/div>\n\t\t\t\t<\/div>\n\t\t\t\t\t<\/div>\n\t\t\t\t<\/div>\n\t\t\t\t<\/div>","protected":false},"excerpt":{"rendered":"<p>Thank You!\u200b Thank you for submitting your request! Our experts will contact you as soon as possible (usually within 24 [&hellip;]<\/p>","protected":false},"author":1,"featured_media":0,"parent":0,"menu_order":0,"comment_status":"closed","ping_status":"closed","template":"","meta":{"site-sidebar-layout":"no-sidebar","site-content-layout":"","ast-site-content-layout":"full-width-container","site-content-style":"default","site-sidebar-style":"default","ast-global-header-display":"","ast-banner-title-visibility":"","ast-main-header-display":"","ast-hfb-above-header-display":"","ast-hfb-below-header-display":"","ast-hfb-mobile-header-display":"","site-post-title":"disabled","ast-breadcrumbs-content":"","ast-featured-img":"disabled","footer-sml-layout":"","ast-disable-related-posts":"","theme-transparent-header-meta":"","adv-header-id-meta":"","stick-header-meta":"","header-above-stick-meta":"","header-main-stick-meta":"","header-below-stick-meta":"","astra-migrate-meta-layouts":"default","ast-page-background-enabled":"default","ast-page-background-meta":{"desktop":{"background-color":"var(--ast-global-color-5)","background-image":"","background-repeat":"repeat","background-position":"center center","background-size":"auto","background-attachment":"scroll","background-type":"","background-media":"","overlay-type":"","overlay-color":"","overlay-opacity":"","overlay-gradient":""},"tablet":{"background-color":"","background-image":"","background-repeat":"repeat","background-position":"center center","background-size":"auto","background-attachment":"scroll","background-type":"","background-media":"","overlay-type":"","overlay-color":"","overlay-opacity":"","overlay-gradient":""},"mobile":{"background-color":"","background-image":"","background-repeat":"repeat","background-position":"center center","background-size":"auto","background-attachment":"scroll","background-type":"","background-media":"","overlay-type":"","overlay-color":"","overlay-opacity":"","overlay-gradient":""}},"ast-content-background-meta":{"desktop":{"background-color":"var(--ast-global-color-4)","background-image":"","background-repeat":"repeat","background-position":"center center","background-size":"auto","background-attachment":"scroll","background-type":"","background-media":"","overlay-type":"","overlay-color":"","overlay-opacity":"","overlay-gradient":""},"tablet":{"background-color":"var(--ast-global-color-4)","background-image":"","background-repeat":"repeat","background-position":"center center","background-size":"auto","background-attachment":"scroll","background-type":"","background-media":"","overlay-type":"","overlay-color":"","overlay-opacity":"","overlay-gradient":""},"mobile":{"background-color":"var(--ast-global-color-4)","background-image":"","background-repeat":"repeat","background-position":"center center","background-size":"auto","background-attachment":"scroll","background-type":"","background-media":"","overlay-type":"","overlay-color":"","overlay-opacity":"","overlay-gradient":""}},"footnotes":""},"class_list":["post-883","page","type-page","status-publish","hentry"],"_links":{"self":[{"href":"https:\/\/txjpcba.com\/pl\/wp-json\/wp\/v2\/pages\/883","targetHints":{"allow":["GET"]}}],"collection":[{"href":"https:\/\/txjpcba.com\/pl\/wp-json\/wp\/v2\/pages"}],"about":[{"href":"https:\/\/txjpcba.com\/pl\/wp-json\/wp\/v2\/types\/page"}],"author":[{"embeddable":true,"href":"https:\/\/txjpcba.com\/pl\/wp-json\/wp\/v2\/users\/1"}],"replies":[{"embeddable":true,"href":"https:\/\/txjpcba.com\/pl\/wp-json\/wp\/v2\/comments?post=883"}],"version-history":[{"count":23,"href":"https:\/\/txjpcba.com\/pl\/wp-json\/wp\/v2\/pages\/883\/revisions"}],"predecessor-version":[{"id":5365,"href":"https:\/\/txjpcba.com\/pl\/wp-json\/wp\/v2\/pages\/883\/revisions\/5365"}],"wp:attachment":[{"href":"https:\/\/txjpcba.com\/pl\/wp-json\/wp\/v2\/media?parent=883"}],"curies":[{"name":"wp","href":"https:\/\/api.w.org\/{rel}","templated":true}]}}