{"id":5887,"date":"2026-04-22T15:58:23","date_gmt":"2026-04-22T07:58:23","guid":{"rendered":"https:\/\/txjpcba.com\/?page_id=5887"},"modified":"2026-04-22T16:32:41","modified_gmt":"2026-04-22T08:32:41","slug":"bezhalogenowa-plytka-drukowana","status":"publish","type":"page","link":"https:\/\/txjpcba.com\/pl\/bezhalogenowa-plytka-drukowana\/","title":{"rendered":"Bezhalogenowa produkcja PCB | Ekologiczne i zgodne z RoHS rozwi\u0105zania"},"content":{"rendered":"<div data-elementor-type=\"wp-page\" data-elementor-id=\"5887\" class=\"elementor elementor-5887\" data-elementor-post-type=\"page\">\n\t\t\t\t<div class=\"elementor-element elementor-element-24d0b2e1 e-con-full e-flex e-con e-parent\" data-id=\"24d0b2e1\" data-element_type=\"container\" data-settings=\"{&quot;background_background&quot;:&quot;classic&quot;}\">\n\t\t\t\t<\/div>\n\t\t<div class=\"elementor-element elementor-element-596061a8 e-flex e-con-boxed e-con e-parent\" data-id=\"596061a8\" data-element_type=\"container\">\n\t\t\t\t\t<div class=\"e-con-inner\">\n\t\t\t\t<div class=\"elementor-element elementor-element-7a25b2bc elementor-widget elementor-widget-text-editor\" data-id=\"7a25b2bc\" data-element_type=\"widget\" data-widget_type=\"text-editor.default\">\n\t\t\t\t<div class=\"elementor-widget-container\">\n\t\t\t\t\t\t\t\t\t<h2>Bezhalogenowa produkcja p\u0142ytek drukowanych<\/h2><p class=\"ds-markdown-paragraph\">Dla producent\u00f3w elektroniki, dla kt\u00f3rych priorytetem jest odpowiedzialno\u015b\u0107 za \u015brodowisko i zgodno\u015b\u0107 z przepisami,\u00a0<strong>Bezhalogenowe PCB<\/strong>\u00a0sta\u0142y si\u0119 krytyczn\u0105 specyfikacj\u0105. P\u0142ytki te nie zawieraj\u0105 zwi\u0105zk\u00f3w chlorowcopochodnych (chloru, bromu, fluoru, jodu i astatyny), dzi\u0119ki czemu stanowi\u0105 bezpieczniejsz\u0105 alternatyw\u0119 dla tradycyjnych materia\u0142\u00f3w PCB bez uszczerbku dla wydajno\u015bci.<\/p><p align=\"center\"><a href=\"\/pl\/uzyskaj-wycene-produkcji-plytek-drukowanych\/\"><button style=\"background: black; color: white; padding: 10px 20px; border: none; cursor: pointer;\">Uzyskaj wycen\u0119 produkcji PCB<\/button><\/a><\/p><h4>Dlaczego bezhalogenowo\u015b\u0107 ma znaczenie? Wi\u0119cej ni\u017c zgodno\u015b\u0107<\/h4><p class=\"ds-markdown-paragraph\">Podczas gdy tradycyjne PCB mog\u0105 zawiera\u0107 halogenowane \u015brodki zmniejszaj\u0105ce palno\u015b\u0107, materia\u0142y te stanowi\u0105 zagro\u017cenie dla \u015brodowiska i zdrowia podczas utylizacji po zako\u0144czeniu eksploatacji. Podczas spalania materia\u0142y halogenowane mog\u0105 uwalnia\u0107\u00a0<strong>dioksyny<\/strong>\u00a0i inne toksyczne produkty uboczne - substancje, kt\u00f3re EPA klasyfikuje w\u015br\u00f3d najbardziej niebezpiecznych znanych chemikali\u00f3w.<\/p><p class=\"ds-markdown-paragraph\"><strong>Kluczowe korzy\u015bci p\u0142yn\u0105ce z przej\u015bcia na bezhalogenowe PCB obejmuj\u0105<\/strong><\/p><ul><li><p class=\"ds-markdown-paragraph\"><strong>Zmniejszony wp\u0142yw na \u015brodowisko:<\/strong>\u00a0Czystsze procesy utylizacji i recyklingu bez emisji toksycznych gaz\u00f3w.<\/p><\/li><li><p class=\"ds-markdown-paragraph\"><strong>Zwi\u0119kszone bezpiecze\u0144stwo pracownik\u00f3w:<\/strong> Ni\u017csze ryzyko nara\u017cenia na szkodliwe opary podczas produkcji i recyklingu.<\/p><\/li><li><p class=\"ds-markdown-paragraph\"><strong>Dostosowanie przepis\u00f3w:<\/strong>\u00a0Spe\u0142nia rygorystyczne \u015bwiatowe normy, w tym RoHS, WEEE i dyrektywy UE dotycz\u0105ce substancji niebezpiecznych.<\/p><\/li><li><p class=\"ds-markdown-paragraph\"><strong>Wsparcie w zakresie spo\u0142ecznej odpowiedzialno\u015bci biznesu (CSR):<\/strong>\u00a0Wymierne dzia\u0142ania dla firm zaanga\u017cowanych w ochron\u0119 \u015brodowiska lub posiadaj\u0105cych ekologiczne linie produkt\u00f3w.<\/p><\/li><\/ul><p class=\"ds-markdown-paragraph\">Nale\u017cy zauwa\u017cy\u0107, \u017ce bezhalogenowe p\u0142ytki PCB nadaj\u0105 si\u0119 do praktycznie ka\u017cdego zastosowania, w kt\u00f3rym u\u017cywane s\u0105 standardowe p\u0142ytki FR-4 - od elektroniki u\u017cytkowej po przemys\u0142owe urz\u0105dzenia steruj\u0105ce - z niewielkimi r\u00f3\u017cnicami we w\u0142a\u015bciwo\u015bciach dielektrycznych i termicznych.<\/p><h4>Specyfikacja materia\u0142\u00f3w bezhalogenowych<\/h4><p class=\"ds-markdown-paragraph\">Produkujemy bezhalogenowe p\u0142ytki PCB przy u\u017cyciu certyfikowanych materia\u0142\u00f3w przyjaznych dla \u015brodowiska. Nasze standardowe pod\u0142o\u017ca obejmuj\u0105:<\/p><div class=\"ds-scroll-area ds-scroll-area--show-on-focus-within _1210dd7 c03cafe9\"><div class=\"ds-scroll-area__gutters\"><div class=\"ds-scroll-area__horizontal-gutter\">\u00a0<\/div><div class=\"ds-scroll-area__vertical-gutter\">\u00a0<\/div><\/div><table><thead><tr><th>Materia\u0142<\/th><th>Tg (DSC, \u00b0C)<\/th><th>Td (Wt, \u00b0C)<\/th><th>CTE-z (ppm\/\u00b0C)<\/th><th>T260 (min)<\/th><th>T288 (min)<\/th><\/tr><\/thead><tbody><tr><td><strong>S1155 (FR-4)<\/strong><\/td><td>140<\/td><td>380<\/td><td>41<\/td><td>60<\/td><td>60<\/td><\/tr><tr><td><strong>S1165 (FR-4)<\/strong><\/td><td>170<\/td><td>360<\/td><td>40<\/td><td>60<\/td><td>15<\/td><\/tr><\/tbody><\/table><\/div><ul><li><p class=\"ds-markdown-paragraph\"><strong>Tg (temperatura zeszklenia):<\/strong>\u00a0Wy\u017csze warto\u015bci (170\u00b0C) dla wymagaj\u0105cych termicznie aplikacji.<\/p><\/li><li><p class=\"ds-markdown-paragraph\"><strong>Td (temperatura rozk\u0142adu):<\/strong>\u00a0Wskazuje stabilno\u015b\u0107 materia\u0142u w ekstremalnych temperaturach.<\/p><\/li><li><p class=\"ds-markdown-paragraph\"><strong>CTE-z (rozszerzenie osi Z):<\/strong>\u00a0Krytyczne znaczenie dla niezawodno\u015bci platerowanych otwor\u00f3w przelotowych.<\/p><\/li><\/ul><h4>Mo\u017cliwo\u015bci produkcji bezhalogenowych p\u0142ytek PCB<\/h4><div class=\"ds-scroll-area ds-scroll-area--show-on-focus-within _1210dd7 c03cafe9\"><div class=\"ds-scroll-area__gutters\"><div class=\"ds-scroll-area__horizontal-gutter\">\u00a0<\/div><div class=\"ds-scroll-area__vertical-gutter\">\u00a0<\/div><\/div><table><thead><tr><th>Cecha<\/th><th>Zdolno\u015b\u0107<\/th><\/tr><\/thead><tbody><tr><td><strong>Klasa jako\u015bci<\/strong><\/td><td>IPC klasy 2 (klasa 3 dost\u0119pna dla wysokiej niezawodno\u015bci)<\/td><\/tr><tr><td><strong>Liczba warstw<\/strong><\/td><td>2 - 24 warstwy<\/td><\/tr><tr><td><strong>Ilo\u015b\u0107 zam\u00f3wienia<\/strong><\/td><td>1 sztuka (prototyp) do 10 000+ sztuk (obj\u0119to\u015b\u0107)<\/td><\/tr><tr><td><strong>Czas realizacji<\/strong><\/td><td>Od 2 dni (szybki zwrot) do 5 tygodni (z\u0142o\u017cone konstrukcje)<\/td><\/tr><tr><td><strong>Opcje materia\u0142owe<\/strong><\/td><td>S1150G, S1165 (bezhalogenowy FR-4)<\/td><\/tr><tr><td><strong>Rozmiar p\u0142yty<\/strong><\/td><td>Min. 6 mm x 6 mm<\/td><td>Maks. 457 mm x 610 mm<\/td><\/tr><tr><td><strong>Grubo\u015b\u0107 p\u0142yty<\/strong><\/td><td>0,4 mm - 6,5 mm<\/td><\/tr><tr><td><strong>Waga gotowej miedzi<\/strong><\/td><td>0,5 uncji - 2,0 uncje<\/td><\/tr><tr><td><strong>Min. \u015blad\/odst\u0119p<\/strong><\/td><td>3mil \/ 3mil<\/td><\/tr><tr><td><strong>Kolory masek lutowniczych<\/strong><\/td><td>Zielony, bia\u0142y, niebieski, czarny, czerwony, \u017c\u00f3\u0142ty<\/td><\/tr><tr><td><strong>Kolory sitodruku<\/strong><\/td><td>Bia\u0142y, czarny, \u017c\u00f3\u0142ty<\/td><\/tr><tr><td><strong>Wyko\u0144czenia powierzchni (RoHS)<\/strong><\/td><td>HASL, HASL bezo\u0142owiowy, ENIG, srebro zanurzeniowe, cyna zanurzeniowa, OSP<\/td><\/tr><tr><td><strong>Min. pier\u015bcie\u0144 pier\u015bcieniowy<\/strong><\/td><td>4 mln<\/td><\/tr><tr><td><strong>Min. \u015brednica wiercenia<\/strong><\/td><td>6 mln<\/td><\/tr><tr><td><strong>Zaawansowane techniki<\/strong><\/td><td>Z\u0142ote palce, \u015blepe\/zakopane przelotki<\/td><\/tr><\/tbody><\/table><\/div><h4>Wsparcie in\u017cynieryjne dla ekologicznych projekt\u00f3w<\/h4><p class=\"ds-markdown-paragraph\">Przej\u015bcie na materia\u0142y bezhalogenowe wymaga starannego rozwa\u017cenia w\u0142a\u015bciwo\u015bci termicznych i mechanicznych. Nasz zesp\u00f3\u0142 in\u017cynier\u00f3w zapewnia:<\/p><ol start=\"1\"><li><p class=\"ds-markdown-paragraph\"><strong>Wskaz\u00f3wki dotycz\u0105ce wyboru materia\u0142\u00f3w:<\/strong>\u00a0Nie masz pewno\u015bci, czy S1155 lub S1165 jest odpowiedni dla Twojego \u015brodowiska operacyjnego? Zapewniamy jasne, por\u00f3wnawcze rekomendacje.<\/p><\/li><li><p class=\"ds-markdown-paragraph\"><strong>DFM dla laminat\u00f3w bezhalogenowych:<\/strong>\u00a0Dostosowujemy parametry produkcji, aby uwzgl\u0119dni\u0107 r\u00f3\u017cnice w przep\u0142ywie, przyczepno\u015bci i wierceniu w por\u00f3wnaniu ze standardowymi materia\u0142ami. <a href=\"https:\/\/txjpcba.com\/pl\/plytka-drukowana-fr4\/\">FR-4<\/a>.<\/p><\/li><li><p class=\"ds-markdown-paragraph\"><strong>Pe\u0142na dokumentacja identyfikowalno\u015bci:<\/strong>\u00a0Certyfikaty zgodno\u015bci weryfikuj\u0105ce sk\u0142ad bezhalogenowy do dokumentacji zgodno\u015bci.<\/p><\/li><\/ol><h4>Uzyskaj wycen\u0119 bezhalogenowej p\u0142ytki PCB<\/h4><p class=\"ds-markdown-paragraph\">Bezhalogenowe p\u0142ytki PCB mo\u017cna wyceni\u0107 za po\u015brednictwem naszego standardowego systemu zam\u00f3wie\u0144 online. Wystarczy przes\u0142a\u0107 pliki Gerber i specyfikacje - nasz system natychmiast obliczy cen\u0119. W przypadku projekt\u00f3w z unikalnymi wymaganiami dotycz\u0105cymi materia\u0142\u00f3w lub wydajno\u015bci, kt\u00f3re nie zosta\u0142y wymienione, skontaktuj si\u0119 bezpo\u015brednio z naszym zespo\u0142em in\u017cynier\u00f3w w celu uzyskania szybkiej konsultacji.<\/p><p align=\"center\"><a href=\"\/pl\/uzyskaj-wycene-produkcji-plytek-drukowanych\/\"><button style=\"background: black; color: white; padding: 8px 20px; border: none; cursor: pointer;\">Uzyskaj wycen\u0119 produkcji PCB<\/button><\/a><\/p><p style=\"text-align: center;\">Pracujesz nad projektami motoryzacyjnymi, przemys\u0142owymi, IoT lub elektroniki u\u017cytkowej?<br \/>Zapewniamy profesjonalne <a href=\"https:\/\/txjpcba.com\/pl\/montaz-plytek-drukowanych\/\">Us\u0142ugi monta\u017cu p\u0142ytek drukowanych<\/a> w tym <a href=\"https:\/\/txjpcba.com\/pl\/uslugi-montazu-smt\/\">SMT<\/a>, DIP i pe\u0142ne rozwi\u0105zania \"pod klucz\".<\/p><p style=\"text-align: center;\">Wy\u015blij nam sw\u00f3j BOM, pliki Gerber lub wymagania projektowe i uzyskaj szybk\u0105, dok\u0142adn\u0105 wycen\u0119 od naszego zespo\u0142u in\u017cynier\u00f3w.<\/p><p style=\"text-align: center;\">\u2714 Dost\u0119pna NDA \u2714 Szybka wycena w ci\u0105gu 24 godzin \u2714 Fabryka z certyfikatem ISO \u2714 Kompleksowy serwis PCB i PCBA<\/p>\t\t\t\t\t\t\t\t<\/div>\n\t\t\t\t<\/div>\n\t\t\t\t\t<\/div>\n\t\t\t\t<\/div>\n\t\t\t\t<\/div>","protected":false},"excerpt":{"rendered":"<p>Halogen-Free PCB Manufacturing For electronics manufacturers prioritizing environmental responsibility and regulatory compliance,\u00a0Halogen-Free PCBs\u00a0have become a critical specification. These boards are [&hellip;]<\/p>","protected":false},"author":1,"featured_media":0,"parent":0,"menu_order":0,"comment_status":"closed","ping_status":"closed","template":"","meta":{"site-sidebar-layout":"default","site-content-layout":"","ast-site-content-layout":"default","site-content-style":"default","site-sidebar-style":"default","ast-global-header-display":"","ast-banner-title-visibility":"","ast-main-header-display":"","ast-hfb-above-header-display":"","ast-hfb-below-header-display":"","ast-hfb-mobile-header-display":"","site-post-title":"","ast-breadcrumbs-content":"","ast-featured-img":"","footer-sml-layout":"","theme-transparent-header-meta":"default","adv-header-id-meta":"","stick-header-meta":"","header-above-stick-meta":"","header-main-stick-meta":"","header-below-stick-meta":"","astra-migrate-meta-layouts":"set","ast-page-background-enabled":"default","ast-page-background-meta":{"desktop":{"background-color":"var(--ast-global-color-5)","background-image":"","background-repeat":"repeat","background-position":"center center","background-size":"auto","background-attachment":"scroll","background-type":"","background-media":"","overlay-type":"","overlay-color":"","overlay-opacity":"","overlay-gradient":""},"tablet":{"background-color":"","background-image":"","background-repeat":"repeat","background-position":"center center","background-size":"auto","background-attachment":"scroll","background-type":"","background-media":"","overlay-type":"","overlay-color":"","overlay-opacity":"","overlay-gradient":""},"mobile":{"background-color":"","background-image":"","background-repeat":"repeat","background-position":"center center","background-size":"auto","background-attachment":"scroll","background-type":"","background-media":"","overlay-type":"","overlay-color":"","overlay-opacity":"","overlay-gradient":""}},"ast-content-background-meta":{"desktop":{"background-color":"var(--ast-global-color-4)","background-image":"","background-repeat":"repeat","background-position":"center center","background-size":"auto","background-attachment":"scroll","background-type":"","background-media":"","overlay-type":"","overlay-color":"","overlay-opacity":"","overlay-gradient":""},"tablet":{"background-color":"var(--ast-global-color-4)","background-image":"","background-repeat":"repeat","background-position":"center center","background-size":"auto","background-attachment":"scroll","background-type":"","background-media":"","overlay-type":"","overlay-color":"","overlay-opacity":"","overlay-gradient":""},"mobile":{"background-color":"var(--ast-global-color-4)","background-image":"","background-repeat":"repeat","background-position":"center center","background-size":"auto","background-attachment":"scroll","background-type":"","background-media":"","overlay-type":"","overlay-color":"","overlay-opacity":"","overlay-gradient":""}},"footnotes":""},"class_list":["post-5887","page","type-page","status-publish","hentry"],"_links":{"self":[{"href":"https:\/\/txjpcba.com\/pl\/wp-json\/wp\/v2\/pages\/5887","targetHints":{"allow":["GET"]}}],"collection":[{"href":"https:\/\/txjpcba.com\/pl\/wp-json\/wp\/v2\/pages"}],"about":[{"href":"https:\/\/txjpcba.com\/pl\/wp-json\/wp\/v2\/types\/page"}],"author":[{"embeddable":true,"href":"https:\/\/txjpcba.com\/pl\/wp-json\/wp\/v2\/users\/1"}],"replies":[{"embeddable":true,"href":"https:\/\/txjpcba.com\/pl\/wp-json\/wp\/v2\/comments?post=5887"}],"version-history":[{"count":10,"href":"https:\/\/txjpcba.com\/pl\/wp-json\/wp\/v2\/pages\/5887\/revisions"}],"predecessor-version":[{"id":5903,"href":"https:\/\/txjpcba.com\/pl\/wp-json\/wp\/v2\/pages\/5887\/revisions\/5903"}],"wp:attachment":[{"href":"https:\/\/txjpcba.com\/pl\/wp-json\/wp\/v2\/media?parent=5887"}],"curies":[{"name":"wp","href":"https:\/\/api.w.org\/{rel}","templated":true}]}}