{"id":5864,"date":"2026-04-22T15:45:48","date_gmt":"2026-04-22T07:45:48","guid":{"rendered":"https:\/\/txjpcba.com\/?page_id=5864"},"modified":"2026-04-22T15:51:56","modified_gmt":"2026-04-22T07:51:56","slug":"ciezka-miedziana-plytka-drukowana","status":"publish","type":"page","link":"https:\/\/txjpcba.com\/pl\/ciezka-miedziana-plytka-drukowana\/","title":{"rendered":"Ci\u0119\u017cka miedziana p\u0142ytka drukowana"},"content":{"rendered":"<div data-elementor-type=\"wp-page\" data-elementor-id=\"5864\" class=\"elementor elementor-5864\" data-elementor-post-type=\"page\">\n\t\t\t\t<div class=\"elementor-element elementor-element-61ef4834 e-con-full e-flex e-con e-parent\" data-id=\"61ef4834\" data-element_type=\"container\" data-e-type=\"container\" data-settings=\"{&quot;background_background&quot;:&quot;classic&quot;}\">\n\t\t\t\t<\/div>\n\t\t<div class=\"elementor-element elementor-element-2b5ec2ee e-flex e-con-boxed e-con e-parent\" data-id=\"2b5ec2ee\" data-element_type=\"container\" data-e-type=\"container\">\n\t\t\t\t\t<div class=\"e-con-inner\">\n\t\t\t\t<div class=\"elementor-element elementor-element-3ec3b021 elementor-widget elementor-widget-text-editor\" data-id=\"3ec3b021\" data-element_type=\"widget\" data-e-type=\"widget\" data-widget_type=\"text-editor.default\">\n\t\t\t\t<div class=\"elementor-widget-container\">\n\t\t\t\t\t\t\t\t\t<h2>Produkcja p\u0142ytek PCB z grubej miedzi - rozwi\u0105zania wysokopr\u0105dowe i termiczne<\/h2>\n<p class=\"ds-markdown-paragraph\">W przypadku energoelektroniki, dystrybucji du\u017cych pr\u0105d\u00f3w i zastosowa\u0144 wymagaj\u0105cych wysokiej temperatury, standardowe miedziane p\u0142ytki PCB o grubo\u015bci 1 uncji lub 2 uncji s\u0105 cz\u0119sto niewystarczaj\u0105ce.\u00a0<strong>Ci\u0119\u017ckie miedziane PCB<\/strong>\u00a0(znane r\u00f3wnie\u017c jako grube miedziane PCB), zazwyczaj definiowane jako posiadaj\u0105ce\u00a0<strong>wyko\u0144czona mied\u017a o masie 4 uncji (140 \u00b5m) lub wi\u0119kszej<\/strong>, Zapewniaj\u0105 solidne rozwi\u0105zanie wymagane w wymagaj\u0105cych \u015brodowiskach.<\/p>\n<p align=\"center\"><a href=\"\/pl\/uzyskaj-wycene-produkcji-plytek-drukowanych\/\"><button style=\"background: black; color: white; padding: 10px 20px; border: none; cursor: pointer;\">Uzyskaj wycen\u0119 produkcji PCB<\/button><\/a><\/p>\n\n<h4>Dlaczego warto wybra\u0107 ci\u0119\u017ck\u0105 mied\u017a do projektu zasilania?<\/h4>\n<p class=\"ds-markdown-paragraph\">Modernizacja do ci\u0119\u017ckiej miedzianej p\u0142ytki PCB jest decyzj\u0105 in\u017cynieryjn\u0105 podyktowan\u0105 konkretnymi potrzebami w zakresie wydajno\u015bci. Zwi\u0119kszony przekr\u00f3j miedzi bezpo\u015brednio przek\u0142ada si\u0119 na kilka kluczowych zalet:<\/p>\n\n<ul>\n \t<li>\n<p class=\"ds-markdown-paragraph\"><strong>Wy\u017csza bie\u017c\u0105ca no\u015bno\u015b\u0107:<\/strong>\u00a0Podstawowa zaleta. Grubsza \u015bcie\u017cka miedziana mo\u017ce bezpiecznie przewodzi\u0107 znacznie wi\u0119cej pr\u0105du bez przegrzania, co czyni j\u0105 niezb\u0119dn\u0105 w zasilaczach, falownikach i przemys\u0142owych urz\u0105dzeniach steruj\u0105cych.<\/p>\n<\/li>\n \t<li>\n<p class=\"ds-markdown-paragraph\"><strong>Doskona\u0142e zarz\u0105dzanie ciep\u0142em:<\/strong>\u00a0Ci\u0119\u017cka mied\u017a dzia\u0142a jak zintegrowany rozpraszacz ciep\u0142a, skutecznie odprowadzaj\u0105c ciep\u0142o z krytycznych komponent\u00f3w. Zmniejsza to potrzeb\u0119 stosowania oddzielnych, niepor\u0119cznych radiator\u00f3w i poprawia d\u0142ugoterminow\u0105 niezawodno\u015b\u0107.<\/p>\n<\/li>\n \t<li>\n<p class=\"ds-markdown-paragraph\"><strong>Zwi\u0119kszona wytrzyma\u0142o\u015b\u0107 mechaniczna:<\/strong>\u00a0Punkty po\u0142\u0105cze\u0144 i obszary nara\u017cone na du\u017ce obci\u0105\u017cenia zyskuj\u0105 dzi\u0119ki dodatkowi miedzi, zapewniaj\u0105c wi\u0119ksz\u0105 odporno\u015b\u0107 na p\u0119kanie lub uszkodzenia podczas monta\u017cu i u\u017cytkowania w terenie.<\/p>\n<\/li>\n \t<li>\n<p class=\"ds-markdown-paragraph\"><strong>Kompaktowe konstrukcje o r\u00f3\u017cnej wadze:<\/strong>\u00a0Zaawansowana produkcja pozwala na zastosowanie wielu warstw miedzi na jednej warstwie. Umo\u017cliwia to projektantom umieszczanie \u015bcie\u017cek wysokopr\u0105dowych obok \u015bcie\u017cek sygna\u0142owych o niskim poborze mocy na mniejszej powierzchni, zmniejszaj\u0105c rozmiar produktu.<\/p>\n<\/li>\n<\/ul>\n<h4>Mo\u017cliwo\u015bci produkcji ci\u0119\u017ckich miedzianych p\u0142ytek PCB<\/h4>\n<p class=\"ds-markdown-paragraph\">Produkcja ci\u0119\u017ckich p\u0142ytek miedzianych wymaga specjalistycznych proces\u00f3w wytrawiania i laminowania. Standardowi producenci PCB cz\u0119sto nie s\u0105 w stanie osi\u0105gn\u0105\u0107 wymaganych tolerancji \u015bladu\/przestrzeni dla grubszej miedzi. Nasze sprawdzone mo\u017cliwo\u015bci w zakresie ci\u0119\u017ckiej miedzi zosta\u0142y szczeg\u00f3\u0142owo opisane poni\u017cej:<\/p>\n\n<div class=\"ds-scroll-area ds-scroll-area--show-on-focus-within _1210dd7 c03cafe9\">\n<div class=\"ds-scroll-area__gutters\">\n<div class=\"ds-scroll-area__horizontal-gutter\"><\/div>\n<div class=\"ds-scroll-area__vertical-gutter\"><\/div>\n<\/div>\n<table>\n<thead>\n<tr>\n<th>Cecha<\/th>\n<th>Zdolno\u015b\u0107<\/th>\n<\/tr>\n<\/thead>\n<tbody>\n<tr>\n<td><strong>Klasa jako\u015bci<\/strong><\/td>\n<td>IPC klasy 2 (klasa 3 dost\u0119pna dla aplikacji o wysokiej niezawodno\u015bci)<\/td>\n<\/tr>\n<tr>\n<td><strong>Liczba warstw<\/strong><\/td>\n<td>2 - 24 warstwy<\/td>\n<\/tr>\n<tr>\n<td><strong>Ilo\u015b\u0107 zam\u00f3wienia<\/strong><\/td>\n<td>Od 1 prototypu do ponad 10 000 jednostek produkcyjnych<\/td>\n<\/tr>\n<tr>\n<td><strong>Czas realizacji<\/strong><\/td>\n<td>Od 2 dni (szybki zwrot) do 5 tygodni (z\u0142o\u017cone konstrukcje)<\/td>\n<\/tr>\n<tr>\n<td><strong>Materia\u0142<\/strong><\/td>\n<td>FR-4 Standard (Tg 140\u00b0C) i FR-4 High Tg (170\u00b0C)<\/td>\n<\/tr>\n<tr>\n<td><strong>Rozmiar p\u0142yty<\/strong><\/td>\n<td>Min. 6 mm x 6 mm<\/td>\n<td>Maks. 457 mm x 610 mm<\/td>\n<\/tr>\n<tr>\n<td><strong>Grubo\u015b\u0107 p\u0142yty<\/strong><\/td>\n<td>0,6 mm - 6,5 mm<\/td>\n<\/tr>\n<tr>\n<td><strong>Maksymalna warstwa zewn\u0119trzna Mied\u017a<\/strong><\/td>\n<td><strong>15 uncji (525 \u00b5m)<\/strong>\u00a0zako\u0144czony<\/td>\n<\/tr>\n<tr>\n<td><strong>Maksymalna warstwa wewn\u0119trzna Mied\u017a<\/strong><\/td>\n<td><strong>12 uncji (420 \u00b5m)<\/strong><\/td>\n<\/tr>\n<tr>\n<td><strong>Wyko\u0144czenie powierzchni<\/strong><\/td>\n<td>HASL, HASL bezo\u0142owiowy, ENIG (wszystkie RoHS)<\/td>\n<\/tr>\n<\/tbody>\n<\/table>\n<\/div>\n<p class=\"ds-markdown-paragraph\"><strong>Krytyczna szeroko\u015b\u0107 \u015bcie\u017cki i odst\u0119py dla ci\u0119\u017ckiej miedzi:<\/strong><\/p>\n<p class=\"ds-markdown-paragraph\">Aby zapewni\u0107 mo\u017cliwo\u015b\u0107 produkcji, geometria \u015bcie\u017cek musi by\u0107 skalowana wraz z mas\u0105 miedzi. Poni\u017cej znajduj\u0105 si\u0119 nasze standardowe zasady projektowania:<\/p>\n\n<div class=\"ds-scroll-area ds-scroll-area--show-on-focus-within _1210dd7 c03cafe9\">\n<div class=\"ds-scroll-area__gutters\">\n<div class=\"ds-scroll-area__horizontal-gutter\"><\/div>\n<div class=\"ds-scroll-area__vertical-gutter\"><\/div>\n<\/div>\n<table>\n<thead>\n<tr>\n<th>Masa miedzi<\/th>\n<th><strong>Warstwy zewn\u0119trzne<\/strong>\u00a0(Trace\/Space)<\/th>\n<th><strong>Warstwy wewn\u0119trzne<\/strong>\u00a0(Trace\/Space)<\/th>\n<\/tr>\n<\/thead>\n<tbody>\n<tr>\n<td>4 oz<\/td>\n<td>9 mil \/ 9 mil<\/td>\n<td>8 mil \/ 12 mil<\/td>\n<\/tr>\n<tr>\n<td>5 uncji<\/td>\n<td>11 mil \/ 11 mil<\/td>\n<td>10 mil \/ 14 mil<\/td>\n<\/tr>\n<tr>\n<td>6 oz<\/td>\n<td>13 mil \/ 13 mil<\/td>\n<td>12 mil \/ 16 mil<\/td>\n<\/tr>\n<tr>\n<td>12 uncji<\/td>\n<td>20 mil \/ 32 mil<\/td>\n<td>20 mil \/ 32 mil<\/td>\n<\/tr>\n<tr>\n<td>15 oz<\/td>\n<td>32 mil \/ 40 mil<\/td>\n<td>(In\u017cynieria kontaktu)<\/td>\n<\/tr>\n<\/tbody>\n<\/table>\n<\/div>\n<h4>Wsparcie in\u017cynieryjne dla projekt\u00f3w zwi\u0105zanych z ci\u0119\u017ck\u0105 miedzi\u0105<\/h4>\n<p class=\"ds-markdown-paragraph\">Pomy\u015blne przej\u015bcie projektu na ci\u0119\u017ck\u0105 mied\u017a wymaga specjalistycznej wiedzy. Zapewniamy bezpo\u015brednie wsparcie in\u017cynieryjne, aby pom\u00f3c unikn\u0105\u0107 kosztownych przeprojektowa\u0144:<\/p>\n\n<ol start=\"1\">\n \t<li>\n<p class=\"ds-markdown-paragraph\"><strong>Przegl\u0105d projektowania na potrzeby produkcji (DFM):<\/strong>\u00a0Nasi in\u017cynierowie przeprowadz\u0105 kompleksow\u0105 kontrol\u0119 DFM plik\u00f3w, koncentruj\u0105c si\u0119 w szczeg\u00f3lno\u015bci na zasadach projektowania ci\u0119\u017ckiej miedzi (\u015blad \/ przestrze\u0144, pier\u015bcienie pier\u015bcieniowe, wsp\u00f3\u0142czynniki wiercenia).<\/p>\n<\/li>\n \t<li>\n<p class=\"ds-markdown-paragraph\"><strong>Wskaz\u00f3wki dotycz\u0105ce wyboru materia\u0142\u00f3w:<\/strong>\u00a0Nie jeste\u015b pewien, czy standardowy materia\u0142 FR-4 lub materia\u0142 o wysokiej Tg jest odpowiedni dla Twoich wymaga\u0144 termicznych? Oferujemy jasne, poparte danymi porady.<\/p>\n<\/li>\n \t<li>\n<p class=\"ds-markdown-paragraph\"><strong>Zaawansowane wsparcie techniczne:<\/strong>\u00a0W przypadku z\u0142o\u017conych wymaga\u0144 mo\u017cemy zaimplementowa\u0107 \u015blepe \/ wypalone przelotki i z\u0142ote palce na ci\u0119\u017ckich p\u0142ytkach miedzianych.<\/p>\n<\/li>\n<\/ol>\n<h4>Uzyskaj wycen\u0119 ci\u0119\u017ckiej miedzianej p\u0142ytki PCB<\/h4>\n<p class=\"ds-markdown-paragraph\">Aby otrzyma\u0107 szczeg\u00f3\u0142ow\u0105, szczeg\u00f3\u0142ow\u0105 wycen\u0119 projektu PCB z ci\u0119\u017ckiej miedzi, prosimy o przes\u0142anie plik\u00f3w Gerber i specyfikacji za pomoc\u0105 naszego systemu zam\u00f3wie\u0144 online. W przypadku projekt\u00f3w o unikalnych wymaganiach (np. waga miedzi &gt;15 uncji, specjalistyczne materia\u0142y), skontaktuj si\u0119 bezpo\u015brednio z naszym zespo\u0142em in\u017cynier\u00f3w w celu uzyskania szybkiej konsultacji.<\/p>\n<p align=\"center\"><a href=\"\/pl\/uzyskaj-wycene-produkcji-plytek-drukowanych\/\"><button style=\"background: black; color: white; padding: 8px 20px; border: none; cursor: pointer;\">Uzyskaj wycen\u0119 produkcji PCB<\/button><\/a><\/p>\n<p style=\"text-align: center;\">Pracujesz nad projektami motoryzacyjnymi, przemys\u0142owymi, IoT lub elektroniki u\u017cytkowej?\nZapewniamy profesjonalne us\u0142ugi monta\u017cu PCB, w tym SMT, DIP i pe\u0142ne rozwi\u0105zania \"pod klucz\".<\/p>\n<p style=\"text-align: center;\">Wy\u015blij nam sw\u00f3j BOM, pliki Gerber lub wymagania projektowe i uzyskaj szybk\u0105, dok\u0142adn\u0105 wycen\u0119 od naszego zespo\u0142u in\u017cynier\u00f3w.<\/p>\n<p style=\"text-align: center;\">\u2714 Dost\u0119pna NDA \u2714 Szybka wycena w ci\u0105gu 24 godzin \u2714 Fabryka z certyfikatem ISO \u2714 Kompleksowy serwis PCB i PCBA<\/p>\n\t\t\t\t\t\t\t\t<\/div>\n\t\t\t\t<\/div>\n\t\t\t\t\t<\/div>\n\t\t\t\t<\/div>\n\t\t\t\t<\/div>","protected":false},"excerpt":{"rendered":"<p>Heavy Copper PCB Manufacturing | High-Current &amp; Thermal Management Solutions For power electronics, high-current distribution, and thermal-intensive applications, standard 1oz [&hellip;]<\/p>","protected":false},"author":1,"featured_media":0,"parent":0,"menu_order":0,"comment_status":"closed","ping_status":"closed","template":"","meta":{"site-sidebar-layout":"default","site-content-layout":"","ast-site-content-layout":"default","site-content-style":"default","site-sidebar-style":"default","ast-global-header-display":"","ast-banner-title-visibility":"","ast-main-header-display":"","ast-hfb-above-header-display":"","ast-hfb-below-header-display":"","ast-hfb-mobile-header-display":"","site-post-title":"","ast-breadcrumbs-content":"","ast-featured-img":"","footer-sml-layout":"","ast-disable-related-posts":"","theme-transparent-header-meta":"default","adv-header-id-meta":"","stick-header-meta":"","header-above-stick-meta":"","header-main-stick-meta":"","header-below-stick-meta":"","astra-migrate-meta-layouts":"set","ast-page-background-enabled":"default","ast-page-background-meta":{"desktop":{"background-color":"var(--ast-global-color-5)","background-image":"","background-repeat":"repeat","background-position":"center center","background-size":"auto","background-attachment":"scroll","background-type":"","background-media":"","overlay-type":"","overlay-color":"","overlay-opacity":"","overlay-gradient":""},"tablet":{"background-color":"","background-image":"","background-repeat":"repeat","background-position":"center center","background-size":"auto","background-attachment":"scroll","background-type":"","background-media":"","overlay-type":"","overlay-color":"","overlay-opacity":"","overlay-gradient":""},"mobile":{"background-color":"","background-image":"","background-repeat":"repeat","background-position":"center center","background-size":"auto","background-attachment":"scroll","background-type":"","background-media":"","overlay-type":"","overlay-color":"","overlay-opacity":"","overlay-gradient":""}},"ast-content-background-meta":{"desktop":{"background-color":"var(--ast-global-color-4)","background-image":"","background-repeat":"repeat","background-position":"center center","background-size":"auto","background-attachment":"scroll","background-type":"","background-media":"","overlay-type":"","overlay-color":"","overlay-opacity":"","overlay-gradient":""},"tablet":{"background-color":"var(--ast-global-color-4)","background-image":"","background-repeat":"repeat","background-position":"center center","background-size":"auto","background-attachment":"scroll","background-type":"","background-media":"","overlay-type":"","overlay-color":"","overlay-opacity":"","overlay-gradient":""},"mobile":{"background-color":"var(--ast-global-color-4)","background-image":"","background-repeat":"repeat","background-position":"center center","background-size":"auto","background-attachment":"scroll","background-type":"","background-media":"","overlay-type":"","overlay-color":"","overlay-opacity":"","overlay-gradient":""}},"footnotes":""},"class_list":["post-5864","page","type-page","status-publish","hentry"],"_links":{"self":[{"href":"https:\/\/txjpcba.com\/pl\/wp-json\/wp\/v2\/pages\/5864","targetHints":{"allow":["GET"]}}],"collection":[{"href":"https:\/\/txjpcba.com\/pl\/wp-json\/wp\/v2\/pages"}],"about":[{"href":"https:\/\/txjpcba.com\/pl\/wp-json\/wp\/v2\/types\/page"}],"author":[{"embeddable":true,"href":"https:\/\/txjpcba.com\/pl\/wp-json\/wp\/v2\/users\/1"}],"replies":[{"embeddable":true,"href":"https:\/\/txjpcba.com\/pl\/wp-json\/wp\/v2\/comments?post=5864"}],"version-history":[{"count":11,"href":"https:\/\/txjpcba.com\/pl\/wp-json\/wp\/v2\/pages\/5864\/revisions"}],"predecessor-version":[{"id":5878,"href":"https:\/\/txjpcba.com\/pl\/wp-json\/wp\/v2\/pages\/5864\/revisions\/5878"}],"wp:attachment":[{"href":"https:\/\/txjpcba.com\/pl\/wp-json\/wp\/v2\/media?parent=5864"}],"curies":[{"name":"wp","href":"https:\/\/api.w.org\/{rel}","templated":true}]}}