{"id":5845,"date":"2026-04-22T15:30:42","date_gmt":"2026-04-22T07:30:42","guid":{"rendered":"https:\/\/txjpcba.com\/?page_id=5845"},"modified":"2026-04-22T15:42:10","modified_gmt":"2026-04-22T07:42:10","slug":"plytka-drukowana-wysokiej-czestotliwosci-2","status":"publish","type":"page","link":"https:\/\/txjpcba.com\/pl\/plytka-drukowana-wysokiej-czestotliwosci-2\/","title":{"rendered":"Produkcja PCB wysokiej cz\u0119stotliwo\u015bci | Wyb\u00f3r materia\u0142\u00f3w i kontrola impedancji"},"content":{"rendered":"<div data-elementor-type=\"wp-page\" data-elementor-id=\"5845\" class=\"elementor elementor-5845\" data-elementor-post-type=\"page\">\n\t\t\t\t<div class=\"elementor-element elementor-element-583521f9 e-flex e-con-boxed e-con e-parent\" data-id=\"583521f9\" data-element_type=\"container\">\n\t\t\t\t\t<div class=\"e-con-inner\">\n\t\t\t\t<div class=\"elementor-element elementor-element-5a5b6f elementor-widget elementor-widget-text-editor\" data-id=\"5a5b6f\" data-element_type=\"widget\" data-widget_type=\"text-editor.default\">\n\t\t\t\t<div class=\"elementor-widget-container\">\n\t\t\t\t\t\t\t\t\t<h2>P\u0142ytka drukowana wysokiej cz\u0119stotliwo\u015bci<\/h2><p class=\"ds-markdown-paragraph\">W przypadku nowoczesnych aplikacji RF, mikrofalowych i szybkich aplikacji cyfrowych, standardowe materia\u0142y PCB cz\u0119sto nie spe\u0142niaj\u0105 oczekiwa\u0144.\u00a0<strong>PCB wysokiej cz\u0119stotliwo\u015bci<\/strong>\u00a0s\u0105 zaprojektowane tak, aby zachowa\u0107 integralno\u015b\u0107 sygna\u0142u przy wy\u017cszych pr\u0119dko\u015bciach transmisji, zwykle dzia\u0142aj\u0105cych w trybie\u00a0<strong>Zakres od 500 MHz do 2 GHz<\/strong> i nie tylko.<\/p><p class=\"ds-markdown-paragraph\">Osi\u0105gni\u0119cie sta\u0142ej wydajno\u015bci przy tych cz\u0119stotliwo\u015bciach wymaga jednak czego\u015b wi\u0119cej ni\u017c tylko standardowej produkcji. Wymaga to precyzyjnego doboru materia\u0142\u00f3w, \u015bcis\u0142ej kontroli impedancji i partnera produkcyjnego z g\u0142\u0119bok\u0105 wiedz\u0105 w zakresie RF.<\/p><p align=\"center\"><a href=\"\/pl\/uzyskaj-wycene-produkcji-plytek-drukowanych\/\"><button style=\"background: black; color: white; padding: 10px 20px; border: none; cursor: pointer;\">Uzyskaj wycen\u0119 produkcji PCB<\/button><\/a><\/p><h4>Wyb\u00f3r materia\u0142\u00f3w krytycznych dla integralno\u015bci sygna\u0142u<\/h4><p class=\"ds-markdown-paragraph\">Rdzeniem ka\u017cdej p\u0142yty wysokiej cz\u0119stotliwo\u015bci jest jej materia\u0142 dielektryczny. W przeciwie\u0144stwie do standardowych <a href=\"https:\/\/txjpcba.com\/pl\/plytka-drukowana-fr4\/\">FR-4<\/a>, w\u00a0<strong>Sta\u0142a dielektryczna (Dk lub Er)<\/strong>\u00a0tych specjalistycznych materia\u0142\u00f3w musi pozosta\u0107 stabilna w zakresie cz\u0119stotliwo\u015bci roboczej. Wszelkie zmiany maj\u0105 bezpo\u015bredni wp\u0142yw na impedancj\u0119, prowadz\u0105c do utraty lub odbicia sygna\u0142u.<\/p><figure id=\"attachment_3107\" aria-describedby=\"caption-attachment-3107\" style=\"width: 500px\" class=\"wp-caption aligncenter\"><img fetchpriority=\"high\" decoding=\"async\" class=\"size-full wp-image-3107\" src=\"https:\/\/txjpcba.com\/wp-content\/uploads\/2026\/02\/high-frequency-pcb.jpg\" alt=\"P\u0142ytka drukowana wysokiej cz\u0119stotliwo\u015bci\" width=\"500\" height=\"372\" srcset=\"https:\/\/txjpcba.com\/wp-content\/uploads\/2026\/02\/high-frequency-pcb.jpg 500w, https:\/\/txjpcba.com\/wp-content\/uploads\/2026\/02\/high-frequency-pcb-300x223.jpg 300w, https:\/\/txjpcba.com\/wp-content\/uploads\/2026\/02\/high-frequency-pcb-16x12.jpg 16w\" sizes=\"(max-width: 500px) 100vw, 500px\" \/><figcaption id=\"caption-attachment-3107\" class=\"wp-caption-text\">P\u0142ytka drukowana wysokiej cz\u0119stotliwo\u015bci<\/figcaption><\/figure><p class=\"ds-markdown-paragraph\">Czo\u0142owi projektanci si\u0119gaj\u0105 po sprawdzone materia\u0142y, takie jak\u00a0<strong>Rogers<\/strong>\u00a0ze wzgl\u0119du na ich przewidywalne parametry elektryczne. Nasze najcz\u0119\u015bciej wybierane materia\u0142y obejmuj\u0105:<\/p><div class=\"ds-scroll-area ds-scroll-area--show-on-focus-within _1210dd7 c03cafe9\"><div class=\"ds-scroll-area__gutters\"><div class=\"ds-scroll-area__horizontal-gutter\">\u00a0<\/div><div class=\"ds-scroll-area__vertical-gutter\">\u00a0<\/div><\/div><table><thead><tr><th>Materia\u0142<\/th><th>Sta\u0142a dielektryczna (Dk)<\/th><th>Kluczowa zaleta<\/th><\/tr><\/thead><tbody><tr><td><strong>RO4350B<\/strong><\/td><td>3,48 \u00b10,05 @ 10 GHz<\/td><td>Ekonomiczny, idealny dla bran\u017cy motoryzacyjnej i mikrofalowej<\/td><\/tr><tr><td><strong>RO4003C<\/strong><\/td><td>3,38 \u00b10,05 @ 10 GHz<\/td><td>Niskie straty, kompatybilny z przetwarzaniem FR-4<\/td><\/tr><tr><td><strong>RO3003<\/strong><\/td><td>3,00 \u00b10,04 @ 10 GHz<\/td><td>Bardzo niskie straty w zastosowaniach wykorzystuj\u0105cych fale milimetrowe<\/td><\/tr><tr><td><strong>RT5880<\/strong><\/td><td>2,20 \u00b10,02 @ 10 GHz<\/td><td>Najni\u017csze straty, na bazie PTFE dla maksymalnej wydajno\u015bci<\/td><\/tr><tr><td><strong>RO3010<\/strong><\/td><td>10,2 \u00b10,30 @ 10 GHz<\/td><td>Wysokie Dk dla redukcji rozmiaru obwodu<\/td><\/tr><\/tbody><\/table><\/div><h4>Precyzyjna kontrola impedancji i tolerancje produkcyjne<\/h4><p class=\"ds-markdown-paragraph\">Wyb\u00f3r odpowiedniego materia\u0142u to tylko po\u0142owa wyzwania. Osi\u0105gni\u0119cie docelowej impedancji (zazwyczaj \u00b110%) wymaga rygorystycznej kontroli procesu:<\/p><ul><li><p class=\"ds-markdown-paragraph\"><strong>Szeroko\u015b\u0107 i odst\u0119py mi\u0119dzy przewodami:<\/strong>\u00a0Utrzymanie tolerancji \u00b13mil\/3mil.<\/p><\/li><li><p class=\"ds-markdown-paragraph\"><strong>Grubo\u015b\u0107 pod\u0142o\u017ca:<\/strong>\u00a0Kontrolowane na ca\u0142ym panelu.<\/p><\/li><li><p class=\"ds-markdown-paragraph\"><strong>Masa miedzi:<\/strong>\u00a0Opcje od 0,5 uncji do 2,0 uncji.<\/p><\/li><li><p class=\"ds-markdown-paragraph\"><strong>Projekt stosu:<\/strong>\u00a0Pomoc ekspercka dla wielowarstwowych struktur RF.<\/p><\/li><\/ul><p class=\"ds-markdown-paragraph\">Nasze mo\u017cliwo\u015bci w zakresie wysokiej cz\u0119stotliwo\u015bci PCB s\u0105 zbudowane z my\u015bl\u0105 o powtarzalno\u015bci:<\/p><div class=\"ds-scroll-area ds-scroll-area--show-on-focus-within _1210dd7 c03cafe9\"><div class=\"ds-scroll-area__gutters\"><div class=\"ds-scroll-area__horizontal-gutter\">\u00a0<\/div><div class=\"ds-scroll-area__vertical-gutter\">\u00a0<\/div><\/div><table><thead><tr><th>Cecha<\/th><th>Zdolno\u015b\u0107<\/th><\/tr><\/thead><tbody><tr><td><strong>Klasa jako\u015bci<\/strong><\/td><td>IPC klasa 2 (klasa 3 dost\u0119pna na \u017cyczenie)<\/td><\/tr><tr><td><strong>Warstwy<\/strong><\/td><td>2 - 24 warstwy<\/td><\/tr><tr><td><strong>Ilo\u015b\u0107 zam\u00f3wienia<\/strong><\/td><td>Od 1 prototypu do ponad 10 000 jednostek produkcyjnych<\/td><\/tr><tr><td><strong>Czas realizacji<\/strong><\/td><td>Od 2 dni w przypadku szybkich prototyp\u00f3w do 5 tygodni w przypadku z\u0142o\u017conych konstrukcji.<\/td><\/tr><tr><td><strong>Rozmiar p\u0142yty<\/strong><\/td><td>Min. 6 mm x 6 mm do maks. 457 mm x 610 mm<\/td><\/tr><tr><td><strong>Grubo\u015b\u0107<\/strong><\/td><td>0,4 mm - 5,0 mm<\/td><\/tr><tr><td><strong>Min. \u015blad\/odst\u0119p<\/strong><\/td><td>3mil \/ 3mil<\/td><\/tr><tr><td><strong>Tolerancja impedancji<\/strong><\/td><td>\u00b110% (dost\u0119pne w\u0119\u017csze)<\/td><\/tr><tr><td><strong>Wyko\u0144czenie powierzchni<\/strong><\/td><td>ENIG, Immersion Silver, Immersion Tin, OSP (wszystkie RoHS)<\/td><\/tr><\/tbody><\/table><\/div><h4>Beyond Fabrication: Konsultacyjne podej\u015bcie in\u017cynieryjne<\/h4><p class=\"ds-markdown-paragraph\">Rozumiemy, \u017ce wyb\u00f3r odpowiedniego rozwi\u0105zania PCB wysokiej cz\u0119stotliwo\u015bci mo\u017ce by\u0107 skomplikowany. Nasz zesp\u00f3\u0142 in\u017cynier\u00f3w zapewnia praktyczne wsparcie na ka\u017cdym etapie:<\/p><ol start=\"1\"><li><p class=\"ds-markdown-paragraph\"><strong>Wskaz\u00f3wki dotycz\u0105ce wyboru materia\u0142\u00f3w:<\/strong>\u00a0Nie masz pewno\u015bci, kt\u00f3ry materia\u0142 Rogers jest odpowiedni dla Twojego bud\u017cetu i potrzeb w zakresie wydajno\u015bci? Zapewniamy jasne, por\u00f3wnawcze porady.<\/p><\/li><li><p class=\"ds-markdown-paragraph\"><strong>DFM dla projekt\u00f3w RF:<\/strong>\u00a0Sprawdzamy wymagania dotycz\u0105ce stosu i funkcji, aby zapewni\u0107 mo\u017cliwo\u015b\u0107 produkcji bez uszczerbku dla integralno\u015bci sygna\u0142u.<\/p><\/li><li><p class=\"ds-markdown-paragraph\"><strong>Dost\u0119pne zaawansowane techniki:<\/strong>\u00a0HDI, z\u0142ote palce, olej w\u0119glowy i otwory do specjalistycznego monta\u017cu.<\/p><\/li><\/ol><h4>Rozpocznij sw\u00f3j projekt PCB wysokiej cz\u0119stotliwo\u015bci<\/h4><p class=\"ds-markdown-paragraph\">Aby otrzyma\u0107 szczeg\u00f3\u0142ow\u0105 wycen\u0119, wystarczy przes\u0142a\u0107 pliki Gerber i specyfikacje za po\u015brednictwem naszego internetowego systemu zam\u00f3wie\u0144. W przypadku projekt\u00f3w o unikalnych wymaganiach materia\u0142owych lub technicznych niewymienionych na li\u015bcie, prosimy o bezpo\u015bredni kontakt z naszym zespo\u0142em in\u017cynier\u00f3w w celu uzyskania rozwi\u0105zania dostosowanego do indywidualnych potrzeb.<\/p><p align=\"center\"><a href=\"\/pl\/uzyskaj-wycene-produkcji-plytek-drukowanych\/\"><button style=\"background: black; color: white; padding: 8px 20px; border: none; cursor: pointer;\">Uzyskaj wycen\u0119 produkcji PCB<\/button><\/a><\/p><p style=\"text-align: center;\">Pracujesz nad projektami motoryzacyjnymi, przemys\u0142owymi, IoT lub elektroniki u\u017cytkowej?<br \/>Zapewniamy profesjonalne <a href=\"https:\/\/txjpcba.com\/pl\/montaz-plytek-drukowanych\/\">Monta\u017c PCB<\/a> us\u0142ugi obejmuj\u0105ce SMT, DIP i pe\u0142ne rozwi\u0105zania \"pod klucz\".<\/p><p style=\"text-align: center;\">Wy\u015blij nam sw\u00f3j BOM, pliki Gerber lub wymagania projektowe i uzyskaj szybk\u0105, dok\u0142adn\u0105 wycen\u0119 od naszego zespo\u0142u in\u017cynier\u00f3w.<\/p><p style=\"text-align: center;\">\u2714 Dost\u0119pna NDA \u2714 Szybka wycena w ci\u0105gu 24 godzin \u2714 Fabryka z certyfikatem ISO \u2714 Kompleksowy serwis PCB i PCBA<\/p>\t\t\t\t\t\t\t\t<\/div>\n\t\t\t\t<\/div>\n\t\t\t\t\t<\/div>\n\t\t\t\t<\/div>\n\t\t\t\t<\/div>","protected":false},"excerpt":{"rendered":"<p>High Frequency PCB For modern RF, microwave, and high-speed digital applications, standard PCB materials often fall short.\u00a0High Frequency PCBs\u00a0are engineered [&hellip;]<\/p>","protected":false},"author":1,"featured_media":0,"parent":0,"menu_order":0,"comment_status":"closed","ping_status":"closed","template":"","meta":{"site-sidebar-layout":"default","site-content-layout":"","ast-site-content-layout":"default","site-content-style":"default","site-sidebar-style":"default","ast-global-header-display":"","ast-banner-title-visibility":"","ast-main-header-display":"","ast-hfb-above-header-display":"","ast-hfb-below-header-display":"","ast-hfb-mobile-header-display":"","site-post-title":"","ast-breadcrumbs-content":"","ast-featured-img":"","footer-sml-layout":"","theme-transparent-header-meta":"default","adv-header-id-meta":"","stick-header-meta":"","header-above-stick-meta":"","header-main-stick-meta":"","header-below-stick-meta":"","astra-migrate-meta-layouts":"set","ast-page-background-enabled":"default","ast-page-background-meta":{"desktop":{"background-color":"var(--ast-global-color-5)","background-image":"","background-repeat":"repeat","background-position":"center center","background-size":"auto","background-attachment":"scroll","background-type":"","background-media":"","overlay-type":"","overlay-color":"","overlay-opacity":"","overlay-gradient":""},"tablet":{"background-color":"","background-image":"","background-repeat":"repeat","background-position":"center center","background-size":"auto","background-attachment":"scroll","background-type":"","background-media":"","overlay-type":"","overlay-color":"","overlay-opacity":"","overlay-gradient":""},"mobile":{"background-color":"","background-image":"","background-repeat":"repeat","background-position":"center center","background-size":"auto","background-attachment":"scroll","background-type":"","background-media":"","overlay-type":"","overlay-color":"","overlay-opacity":"","overlay-gradient":""}},"ast-content-background-meta":{"desktop":{"background-color":"var(--ast-global-color-4)","background-image":"","background-repeat":"repeat","background-position":"center center","background-size":"auto","background-attachment":"scroll","background-type":"","background-media":"","overlay-type":"","overlay-color":"","overlay-opacity":"","overlay-gradient":""},"tablet":{"background-color":"var(--ast-global-color-4)","background-image":"","background-repeat":"repeat","background-position":"center center","background-size":"auto","background-attachment":"scroll","background-type":"","background-media":"","overlay-type":"","overlay-color":"","overlay-opacity":"","overlay-gradient":""},"mobile":{"background-color":"var(--ast-global-color-4)","background-image":"","background-repeat":"repeat","background-position":"center center","background-size":"auto","background-attachment":"scroll","background-type":"","background-media":"","overlay-type":"","overlay-color":"","overlay-opacity":"","overlay-gradient":""}},"footnotes":""},"class_list":["post-5845","page","type-page","status-publish","hentry"],"_links":{"self":[{"href":"https:\/\/txjpcba.com\/pl\/wp-json\/wp\/v2\/pages\/5845","targetHints":{"allow":["GET"]}}],"collection":[{"href":"https:\/\/txjpcba.com\/pl\/wp-json\/wp\/v2\/pages"}],"about":[{"href":"https:\/\/txjpcba.com\/pl\/wp-json\/wp\/v2\/types\/page"}],"author":[{"embeddable":true,"href":"https:\/\/txjpcba.com\/pl\/wp-json\/wp\/v2\/users\/1"}],"replies":[{"embeddable":true,"href":"https:\/\/txjpcba.com\/pl\/wp-json\/wp\/v2\/comments?post=5845"}],"version-history":[{"count":15,"href":"https:\/\/txjpcba.com\/pl\/wp-json\/wp\/v2\/pages\/5845\/revisions"}],"predecessor-version":[{"id":5863,"href":"https:\/\/txjpcba.com\/pl\/wp-json\/wp\/v2\/pages\/5845\/revisions\/5863"}],"wp:attachment":[{"href":"https:\/\/txjpcba.com\/pl\/wp-json\/wp\/v2\/media?parent=5845"}],"curies":[{"name":"wp","href":"https:\/\/api.w.org\/{rel}","templated":true}]}}