{"id":5817,"date":"2026-04-22T15:04:25","date_gmt":"2026-04-22T07:04:25","guid":{"rendered":"https:\/\/txjpcba.com\/?page_id=5817"},"modified":"2026-04-22T15:27:22","modified_gmt":"2026-04-22T07:27:22","slug":"pozyskiwanie-komponentow","status":"publish","type":"page","link":"https:\/\/txjpcba.com\/pl\/pozyskiwanie-komponentow\/","title":{"rendered":"Strategiczne pozyskiwanie komponent\u00f3w do monta\u017cu PCB"},"content":{"rendered":"<div data-elementor-type=\"wp-page\" data-elementor-id=\"5817\" class=\"elementor elementor-5817\" data-elementor-post-type=\"page\">\n\t\t\t\t<div class=\"elementor-element elementor-element-5f74448d e-con-full e-flex e-con e-parent\" data-id=\"5f74448d\" data-element_type=\"container\" data-settings=\"{&quot;background_background&quot;:&quot;classic&quot;}\">\n\t\t\t\t<\/div>\n\t\t<div class=\"elementor-element elementor-element-6817ac6d e-flex e-con-boxed e-con e-parent\" data-id=\"6817ac6d\" data-element_type=\"container\">\n\t\t\t\t\t<div class=\"e-con-inner\">\n\t\t\t\t<div class=\"elementor-element elementor-element-3efc5fa0 elementor-widget elementor-widget-text-editor\" data-id=\"3efc5fa0\" data-element_type=\"widget\" data-widget_type=\"text-editor.default\">\n\t\t\t\t<div class=\"elementor-widget-container\">\n\t\t\t\t\t\t\t\t\t<h2>Strategiczne pozyskiwanie komponent\u00f3w do monta\u017cu PCB - ograniczanie ryzyka i niedobor\u00f3w<\/h2><p class=\"ds-markdown-paragraph\">Na dzisiejszym niestabilnym rynku elektroniki, <strong>strategiczne pozyskiwanie komponent\u00f3w<\/strong>\u00a0jest r\u00f3wnie wa\u017cne jak sam monta\u017c PCB. W przypadku producent\u00f3w OEM, startup\u00f3w i zespo\u0142\u00f3w in\u017cynieryjnych, zabezpieczenie autentycznych, niezawodnych komponent\u00f3w - zw\u0142aszcza podczas globalnych niedobor\u00f3w - mo\u017ce wp\u0142yn\u0105\u0107 na harmonogram wprowadzenia produktu na rynek.<\/p><p class=\"ds-markdown-paragraph\">Podczas gdy wielu producent\u00f3w koncentruje si\u0119 wy\u0142\u0105cznie na produkcji p\u0142yt, prawdziwie\u00a0<strong>Partner pod klucz<\/strong>\u00a0wyr\u00f3\u017cnia si\u0119 solidnym pozyskiwaniem komponent\u00f3w i zarz\u0105dzaniem \u0142a\u0144cuchem dostaw. Oto, co profesjonalna us\u0142uga pozyskiwania komponent\u00f3w powinna zapewni\u0107 dla Twoich projekt\u00f3w.<\/p><figure id=\"attachment_3666\" aria-describedby=\"caption-attachment-3666\" style=\"width: 365px\" class=\"wp-caption aligncenter\"><img fetchpriority=\"high\" decoding=\"async\" class=\"size-full wp-image-3666\" src=\"https:\/\/txjpcba.com\/wp-content\/uploads\/2026\/03\/pcb-components.jpg\" alt=\"Pozyskiwanie komponent\u00f3w elektronicznych\" width=\"365\" height=\"234\" srcset=\"https:\/\/txjpcba.com\/wp-content\/uploads\/2026\/03\/pcb-components.jpg 365w, https:\/\/txjpcba.com\/wp-content\/uploads\/2026\/03\/pcb-components-300x192.jpg 300w, https:\/\/txjpcba.com\/wp-content\/uploads\/2026\/03\/pcb-components-18x12.jpg 18w\" sizes=\"(max-width: 365px) 100vw, 365px\" \/><figcaption id=\"caption-attachment-3666\" class=\"wp-caption-text\">Pozyskiwanie komponent\u00f3w elektronicznych<\/figcaption><\/figure><h4>1.\u00a0<strong>Proaktywne zarz\u0105dzanie \u0142a\u0144cuchem dostaw<\/strong><\/h4><p class=\"ds-markdown-paragraph\">Reaktywne podej\u015bcie do zakupu cz\u0119\u015bci prowadzi do op\u00f3\u017anie\u0144. Wiod\u0105cy dostawcy wykorzystuj\u0105\u00a0<strong>Bazy danych inwentaryzacji w czasie rzeczywistym<\/strong>\u00a0i d\u0142ugotrwa\u0142e relacje z franczyzowymi dystrybutorami (takimi jak DigiKey, Mouser i Arrow) w celu pozyskiwania komponent\u00f3w, zanim trafi\u0105 one na otwarty rynek. Obejmuje to identyfikacj\u0119\u00a0<strong>trudne do znalezienia (HTF)<\/strong>\u00a0oraz\u00a0<strong>koniec \u017cycia (EOL)<\/strong>\u00a0cz\u0119\u015bci na wczesnym etapie projektowania.<\/p><h4>2.\u00a0<strong>100% Autentyczno\u015b\u0107 i identyfikowalno\u015b\u0107<\/strong><\/h4><p class=\"ds-markdown-paragraph\">Podrabiane komponenty stanowi\u0105 coraz wi\u0119ksze zagro\u017cenie. Tw\u00f3j partner zaopatrzeniowy musi zagwarantowa\u0107\u00a0<strong>autentyczno\u015b\u0107<\/strong>\u00a0przez:<\/p><ul><li><p class=\"ds-markdown-paragraph\"><strong>Tylko autoryzowani dystrybutorzy:<\/strong>\u00a0Brak szarej strefy lub niezaufanych \u017ar\u00f3de\u0142.<\/p><\/li><li><p class=\"ds-markdown-paragraph\"><strong>Pe\u0142na identyfikowalno\u015b\u0107:<\/strong>\u00a0Numery partii, kody dat i certyfikaty producenta dla ka\u017cdej szpuli.<\/p><\/li><li><p class=\"ds-markdown-paragraph\"><strong>Kontrola wizualna i elektryczna:<\/strong>\u00a0Po otrzymaniu komponenty s\u0105 weryfikowane pod k\u0105tem zgodno\u015bci ze specyfikacj\u0105.<\/p><\/li><\/ul><h4>3.\u00a0<strong>Pomoc w zakresie projektowania na potrzeby zam\u00f3wie\u0144 publicznych (DFP)<\/strong><\/h4><p class=\"ds-markdown-paragraph\">Najlepszym sposobem na unikni\u0119cie niedobor\u00f3w jest ich zaprojektowanie. Tw\u00f3j CM powinien oferowa\u0107\u00a0<strong>Recenzje DFP<\/strong>, sugeruj\u0105c alternatywne cz\u0119\u015bci kompatybilne z pinami lub opcje multi-sourcingu dla krytycznych komponent\u00f3w przed sfinalizowaniem BOM. Taka praca z wyprzedzeniem zapobiega kosztownym przeprojektowaniom w ostatniej chwili.<\/p><h4>4.\u00a0<strong>Elastyczne modele zaopatrzenia<\/strong><\/h4><p class=\"ds-markdown-paragraph\">Profesjonalna us\u0142uga wspiera Tw\u00f3j model biznesowy:<\/p><ul><li><p class=\"ds-markdown-paragraph\"><strong>Przesy\u0142ka:<\/strong>\u00a0Ty dostarczasz cz\u0119\u015bci, my montujemy.<\/p><\/li><li><p class=\"ds-markdown-paragraph\"><strong>Cz\u0119\u015bciowo pod klucz:<\/strong>\u00a0Pozyskujemy trudne do znalezienia komponenty, a Ty dostarczasz reszt\u0119.<\/p><\/li><li><p class=\"ds-markdown-paragraph\"><strong>W pe\u0142ni pod klucz:<\/strong>\u00a0Zarz\u0105dzamy 100% zam\u00f3wie\u0144, od materia\u0142\u00f3w pasywnych po uk\u0142ady scalone.<\/p><\/li><\/ul><h4>5.\u00a0<strong>Kitting i zarz\u0105dzanie zapasami<\/strong><\/h4><p class=\"ds-markdown-paragraph\">Poza zakupami, wydajne\u00a0<strong>kitting<\/strong>-gdzie komponenty s\u0105 weryfikowane, przechowywane i przygotowywane zgodnie z kompilacj\u0105 - zmniejsza liczb\u0119 b\u0142\u0119d\u00f3w na linii monta\u017cowej. Niekt\u00f3rzy partnerzy oferuj\u0105 r\u00f3wnie\u017c\u00a0<strong>inwentarz zabezpieczony<\/strong>, magazynowanie zatwierdzonych cz\u0119\u015bci dla wielu serii produkcyjnych w celu zablokowania cen i czas\u00f3w realizacji.<\/p><h4>Jak oceni\u0107 partnera w zakresie pozyskiwania komponent\u00f3w?<\/h4><p class=\"ds-markdown-paragraph\">Zanim udost\u0119pnisz sw\u00f3j BOM, zadaj potencjalnym partnerom te trzy pytania:<\/p><ol start=\"1\"><li><p class=\"ds-markdown-paragraph\">Jak wygl\u0105da proces pozyskiwania komponent\u00f3w EOL lub przestarza\u0142ych?<\/p><\/li><li><p class=\"ds-markdown-paragraph\">Czy mo\u017cesz dostarczy\u0107 certyfikat zgodno\u015bci (CoC) od oryginalnego producenta?<\/p><\/li><li><p class=\"ds-markdown-paragraph\">Czy oferujecie gwarantowany czas realizacji zam\u00f3wienia na komponenty pochodz\u0105ce w ca\u0142o\u015bci ze \u017ar\u00f3de\u0142 zewn\u0119trznych?<\/p><\/li><\/ol><p class=\"ds-markdown-paragraph\">Strategia pozyskiwania komponent\u00f3w to nie tylko zakup cz\u0119\u015bci - to przede wszystkim\u00a0<strong>Zmniejszenie ryzyka w ca\u0142ym cyklu produkcyjnym<\/strong>. Wsp\u00f3\u0142praca z CM, kt\u00f3ry traktuje zaopatrzenie jako dyscyplin\u0119 in\u017cynieryjn\u0105, a nie logistyczn\u0105 refleksj\u0119, gwarantuje, \u017ce prototyp stanie si\u0119 niezawodnym, skalowalnym produktem.<\/p>\t\t\t\t\t\t\t\t<\/div>\n\t\t\t\t<\/div>\n\t\t\t\t\t<\/div>\n\t\t\t\t<\/div>\n\t\t\t\t<\/div>","protected":false},"excerpt":{"rendered":"<p>Strategic Component Sourcing for PCB Assembly | Mitigate Risk &amp; Shortages In today\u2019s volatile electronics market, strategic component sourcing\u00a0is as [&hellip;]<\/p>","protected":false},"author":1,"featured_media":0,"parent":0,"menu_order":0,"comment_status":"closed","ping_status":"closed","template":"","meta":{"site-sidebar-layout":"default","site-content-layout":"","ast-site-content-layout":"default","site-content-style":"default","site-sidebar-style":"default","ast-global-header-display":"","ast-banner-title-visibility":"","ast-main-header-display":"","ast-hfb-above-header-display":"","ast-hfb-below-header-display":"","ast-hfb-mobile-header-display":"","site-post-title":"","ast-breadcrumbs-content":"","ast-featured-img":"","footer-sml-layout":"","theme-transparent-header-meta":"default","adv-header-id-meta":"","stick-header-meta":"","header-above-stick-meta":"","header-main-stick-meta":"","header-below-stick-meta":"","astra-migrate-meta-layouts":"set","ast-page-background-enabled":"default","ast-page-background-meta":{"desktop":{"background-color":"var(--ast-global-color-5)","background-image":"","background-repeat":"repeat","background-position":"center center","background-size":"auto","background-attachment":"scroll","background-type":"","background-media":"","overlay-type":"","overlay-color":"","overlay-opacity":"","overlay-gradient":""},"tablet":{"background-color":"","background-image":"","background-repeat":"repeat","background-position":"center center","background-size":"auto","background-attachment":"scroll","background-type":"","background-media":"","overlay-type":"","overlay-color":"","overlay-opacity":"","overlay-gradient":""},"mobile":{"background-color":"","background-image":"","background-repeat":"repeat","background-position":"center center","background-size":"auto","background-attachment":"scroll","background-type":"","background-media":"","overlay-type":"","overlay-color":"","overlay-opacity":"","overlay-gradient":""}},"ast-content-background-meta":{"desktop":{"background-color":"var(--ast-global-color-4)","background-image":"","background-repeat":"repeat","background-position":"center center","background-size":"auto","background-attachment":"scroll","background-type":"","background-media":"","overlay-type":"","overlay-color":"","overlay-opacity":"","overlay-gradient":""},"tablet":{"background-color":"var(--ast-global-color-4)","background-image":"","background-repeat":"repeat","background-position":"center center","background-size":"auto","background-attachment":"scroll","background-type":"","background-media":"","overlay-type":"","overlay-color":"","overlay-opacity":"","overlay-gradient":""},"mobile":{"background-color":"var(--ast-global-color-4)","background-image":"","background-repeat":"repeat","background-position":"center center","background-size":"auto","background-attachment":"scroll","background-type":"","background-media":"","overlay-type":"","overlay-color":"","overlay-opacity":"","overlay-gradient":""}},"footnotes":""},"class_list":["post-5817","page","type-page","status-publish","hentry"],"_links":{"self":[{"href":"https:\/\/txjpcba.com\/pl\/wp-json\/wp\/v2\/pages\/5817","targetHints":{"allow":["GET"]}}],"collection":[{"href":"https:\/\/txjpcba.com\/pl\/wp-json\/wp\/v2\/pages"}],"about":[{"href":"https:\/\/txjpcba.com\/pl\/wp-json\/wp\/v2\/types\/page"}],"author":[{"embeddable":true,"href":"https:\/\/txjpcba.com\/pl\/wp-json\/wp\/v2\/users\/1"}],"replies":[{"embeddable":true,"href":"https:\/\/txjpcba.com\/pl\/wp-json\/wp\/v2\/comments?post=5817"}],"version-history":[{"count":21,"href":"https:\/\/txjpcba.com\/pl\/wp-json\/wp\/v2\/pages\/5817\/revisions"}],"predecessor-version":[{"id":5844,"href":"https:\/\/txjpcba.com\/pl\/wp-json\/wp\/v2\/pages\/5817\/revisions\/5844"}],"wp:attachment":[{"href":"https:\/\/txjpcba.com\/pl\/wp-json\/wp\/v2\/media?parent=5817"}],"curies":[{"name":"wp","href":"https:\/\/api.w.org\/{rel}","templated":true}]}}