{"id":5371,"date":"2026-04-18T16:00:40","date_gmt":"2026-04-18T08:00:40","guid":{"rendered":"https:\/\/txjpcba.com\/?page_id=5371"},"modified":"2026-04-19T00:27:51","modified_gmt":"2026-04-18T16:27:51","slug":"standardowa-plytka-drukowana","status":"publish","type":"page","link":"https:\/\/txjpcba.com\/pl\/standardowa-plytka-drukowana\/","title":{"rendered":"Standardowa p\u0142ytka drukowana"},"content":{"rendered":"<div data-elementor-type=\"wp-page\" data-elementor-id=\"5371\" class=\"elementor elementor-5371\" data-elementor-post-type=\"page\">\n\t\t\t\t<div class=\"elementor-element elementor-element-26250b35 e-flex e-con-boxed e-con e-parent\" data-id=\"26250b35\" data-element_type=\"container\">\n\t\t\t\t\t<div class=\"e-con-inner\">\n\t\t\t\t<div class=\"elementor-element elementor-element-1f28d18 elementor-widget elementor-widget-heading\" data-id=\"1f28d18\" data-element_type=\"widget\" data-widget_type=\"heading.default\">\n\t\t\t\t<div class=\"elementor-widget-container\">\n\t\t\t\t\t<h1 class=\"elementor-heading-title elementor-size-default\">Standardowa p\u0142ytka drukowana<\/h1>\t\t\t\t<\/div>\n\t\t\t\t<\/div>\n\t\t\t\t<div class=\"elementor-element elementor-element-4a543fca elementor-widget elementor-widget-text-editor\" data-id=\"4a543fca\" data-element_type=\"widget\" data-widget_type=\"text-editor.default\">\n\t\t\t\t<div class=\"elementor-widget-container\">\n\t\t\t\t\t\t\t\t\t<p>Here at TXJPCBA, Standard PCB service refers to full feature printed circuit board manufacturing service. With 10+ years&#8217; experience in PCB fabrication, we have handled hundreds of thousands of PCB projects, and covered almost all kinds of substrate materials including FR4 Standard, Aluminum, Rogers, etc. This page only touches standard FR4 based PCB. For PCBs with special technical substrate, please refer to corresponding webpages for information.<\/p><p style=\"text-align: center;\"><a class=\"btn-quote\" href=\"https:\/\/txjpcba.com\/pl\/uzyskaj-wycene-produkcji-plytek-drukowanych\/\" target=\"_blank\" rel=\"noopener noreferrer\">Uzyskaj wycen\u0119 produkcji PCB<br \/><span class=\"arrow\">\u203a<\/span><br \/><\/a><\/p><p>W przeciwie\u0144stwie do us\u0142ugi Prototype PCB, nasza us\u0142uga Standard PCB ma \u015bci\u015blejsze tolerancje produkcyjne. Poni\u017csze dwa artyku\u0142y dostarcz\u0105 wystarczaj\u0105cych informacji na temat tych dw\u00f3ch us\u0142ug w zakresie ich wprowadzenia i r\u00f3\u017cnic:<\/p><ul><li>\u00a0Por\u00f3wnanie prototyp\u00f3w PCB i standardowych us\u0142ug produkcji PCB<\/li><li>\u00a0Kiedy korzysta\u0107 z us\u0142ugi prototypowania PCB, a kiedy przej\u015b\u0107 na standardow\u0105 us\u0142ug\u0119 PCB?<\/li><\/ul><p>Zaleca si\u0119 skorzystanie z us\u0142ugi Standard PCB, gdy projekt jest gotowy do przej\u015bcia z fazy prototypu do fazy produkcyjnej. Mo\u017cemy wyprodukowa\u0107 do 10 milion\u00f3w sztuk wysokiej jako\u015bci p\u0142ytek PCB w ci\u0105gu zaledwie 2 dni. Aby zapewni\u0107 projektowi oczekiwan\u0105 funkcjonalno\u015b\u0107 i wi\u0119cej mo\u017cliwo\u015bci, oferujemy zaawansowane funkcje dla standardowych us\u0142ug PCB. Kompleksowe mo\u017cliwo\u015bci mo\u017cna znale\u017a\u0107 w poni\u017cszej tabeli:<\/p><table><tbody><tr class=\"firstRow\"><td bgcolor=\"#2baf75\">Cecha<\/td><td bgcolor=\"#2baf75\">Zdolno\u015b\u0107<\/td><\/tr><tr><td>Klasa jako\u015bci<\/td><td>Standard IPC 2<\/td><\/tr><tr><td>Liczba warstw<\/td><td>1 - 32 warstwy<\/td><\/tr><tr><td>Ilo\u015b\u0107 zam\u00f3wienia<\/td><td>1 szt. - 10 000 000 szt.<\/td><\/tr><tr><td>Czas budowy<\/td><td>2 dni - 5 tygodni (us\u0142uga przyspieszona)<\/td><\/tr><tr><td>Materia\u0142<\/td><td>FR-4 Standard Tg 150\u00b0C, FR4-High Tg 170\u00b0C, FR4-High-Tg 180\u00b0C, FR4-Halogen-free, FR4-Halogen-free &amp; High-Tg<\/td><\/tr><tr><td>Rozmiar p\u0142yty<\/td><td>Min. 6*6 mm | Maks. 600*700 mm<\/td><\/tr><tr><td>Tolerancja rozmiaru p\u0142ytki<\/td><td>\u00b10,1 mm - \u00b10,3 mm<\/td><\/tr><tr><td>Grubo\u015b\u0107 p\u0142yty<\/td><td>0,4 mm - 3,2 mm<\/td><\/tr><tr><td>Tolerancja grubo\u015bci p\u0142yty<\/td><td>\u00b10,1 mm - \u00b110%<\/td><\/tr><tr><td>Masa miedzi<\/td><td>0,5 uncji - 6,0 uncji<\/td><\/tr><tr><td>Warstwa wewn\u0119trzna Masa miedzi<\/td><td>0,5 uncji - 2,0 uncje<\/td><\/tr><tr><td>Tolerancja grubo\u015bci miedzi<\/td><td>+0\u03bcm +20\u03bcm<\/td><\/tr><tr><td>Min. \u015bledzenie\/odst\u0119py<\/td><td>3mil\/3mil<\/td><\/tr><tr><td>Boki maski lutowniczej<\/td><td>Zgodnie z plikiem<\/td><\/tr><tr><td>Kolor maski lutowniczej<\/td><td>Zielony, bia\u0142y, niebieski, czarny, czerwony, \u017c\u00f3\u0142ty<\/td><\/tr><tr><td>Sitodruk po bokach<\/td><td>Zgodnie z plikiem<\/td><\/tr><tr><td>Kolor sitodruku<\/td><td>Bia\u0142y, niebieski, czarny, czerwony, \u017c\u00f3\u0142ty<\/td><\/tr><tr><td>Wyko\u0144czenie powierzchni<\/td><td>HASL - lutowanie gor\u0105cym powietrzem<br \/>Bezo\u0142owiowe HASL - RoHS<br \/>ENIG - nikiel bezpr\u0105dowy\/z\u0142oto emaliowane - RoHS<br \/>ENEPIG - Nikiel bezpr\u0105dowy, pallad bezpr\u0105dowy, z\u0142oto zanurzeniowe - RoHS<br \/>Immersion Silver - RoHS<br \/>Cyna zanurzeniowa - RoHS<br \/>OSP - Organiczne \u015brodki konserwuj\u0105ce lutowno\u015b\u0107 - RoHS<\/td><\/tr><tr><td>Min. pier\u015bcie\u0144 pier\u015bcieniowy<\/td><td>3 mln<\/td><\/tr><tr><td>Min. \u015brednica otworu wiertniczego<\/td><td>6mil, 4mil - wiert\u0142o laserowe<\/td><\/tr><tr><td>Minimalna szeroko\u015b\u0107 wyci\u0119cia (NPTH)<\/td><td>0,8 mm<\/td><\/tr><tr><td>Tolerancja rozmiaru otworu NPTH<\/td><td>\u00b1.002\u2033 (\u00b10.05mm)<\/td><\/tr><tr><td>Minimalna szeroko\u015b\u0107 szczeliny (PTH)<\/td><td>0,6 mm<\/td><\/tr><tr><td>Tolerancja rozmiaru otworu PTH<\/td><td>\u00b1.003\u2033 (\u00b10.08mm) - \u00b14mil<\/td><\/tr><tr><td>Grubo\u015b\u0107 poszycia powierzchni\/otwor\u00f3w<\/td><td>20\u03bcm - 30\u03bcm<\/td><\/tr><tr><td>Tolerancja SM (LPI)<\/td><td>.003\u2033 (0,075 mm)<\/td><\/tr><tr><td>Wsp\u00f3\u0142czynnik proporcji<\/td><td>1,10 (rozmiar otworu: grubo\u015b\u0107 p\u0142yty)<\/td><\/tr><tr><td>Test<\/td><td>10V - 250V, lataj\u0105ca sonda lub urz\u0105dzenie testuj\u0105ce<\/td><\/tr><tr><td>Tolerancja impedancji<\/td><td>\u00b15% - \u00b110%<\/td><\/tr><tr><td>Skok SMD<\/td><td>0,2 mm (8 mil)<\/td><\/tr><tr><td>Skok BGA<\/td><td>0,2 mm (8 mil)<\/td><\/tr><tr><td>Fazowanie z\u0142otych palc\u00f3w<\/td><td>20, 30, 45, 60<\/td><\/tr><tr><td>Inne techniki<\/td><td>Z\u0142ote palce<br \/>\u015alepe i zakopane otwory<br \/>zdzieralna maska lutownicza<br \/>Poszycie kraw\u0119dzi<br \/>Maska w\u0119glowa<br \/>Ta\u015bma kaptonowa<br \/>Pog\u0142\u0119biacz\/otw\u00f3r pog\u0142\u0119biaj\u0105cy<br \/>Otw\u00f3r wyci\u0119ty w po\u0142owie\/odlewany<br \/>Otw\u00f3r mocowany na wcisk<br \/>Przez namiot\/pokryty \u017cywic\u0105<br \/>Zatkany\/wype\u0142niony \u017cywic\u0105 otw\u00f3r<br \/>Via in pad<br \/>Test elektryczny<\/td><\/tr><\/tbody><\/table><h2>Zalety standardowej p\u0142ytki drukowanej z TXJPCBA<\/h2><p>TXJPCBA to kompleksowe rozwi\u0105zanie PCB pod klucz, kt\u00f3re mo\u017ce obs\u0142u\u017cy\u0107 wszystko, od prototypu po produkcj\u0119 i monta\u017c. Produkujemy wysokiej jako\u015bci standardowe p\u0142ytki PCB od ponad 10 lat i jeste\u015bmy w pe\u0142ni zgodni z normami jako\u015bci ISO9001:2008. Wszystkie nasze standardowe p\u0142ytki PCB s\u0105 zgodne z IPC2 i przeprowadzamy rygorystyczne wewn\u0119trzne testy jako\u015bci, aby upewni\u0107 si\u0119, \u017ce p\u0142ytka, kt\u00f3ra dociera do Twojego zak\u0142adu, jest taka, na kt\u00f3rej mo\u017cesz polega\u0107.<\/p><p>We offer <a href=\"https:\/\/txjpcba.com\/pl\">PCB solutions<\/a> that fit your budget. You can order just a few prototype boards to test your design, and then place a bulk order for your standard PCBs to save even more money. We&amp;rsquo;ll give you a free instant quote so you&amp;rsquo;ll know just want to expect and so that you can plan accordingly. We also offer complete technical support from PCB experts. Call us up, chat online or email us with any questions, whichever is the most convenient for you. We&amp;rsquo;ll handle your concerns or questions as quickly as possible. We have obtained over 99 percent customer satisfaction rate, and as soon as you start ordering printed circuit boards from TXJPCBA, you&amp;rsquo;ll find out why.<\/p>\t\t\t\t\t\t\t\t<\/div>\n\t\t\t\t<\/div>\n\t\t\t\t\t<\/div>\n\t\t\t\t<\/div>\n\t\t\t\t<\/div>","protected":false},"excerpt":{"rendered":"<p>Standard PCB Here at TXJPCBA, Standard PCB service refers to full feature printed circuit board manufacturing service. With 10+ years&#8217; [&hellip;]<\/p>","protected":false},"author":1,"featured_media":0,"parent":0,"menu_order":0,"comment_status":"closed","ping_status":"closed","template":"elementor_header_footer","meta":{"site-sidebar-layout":"default","site-content-layout":"","ast-site-content-layout":"default","site-content-style":"default","site-sidebar-style":"default","ast-global-header-display":"","ast-banner-title-visibility":"","ast-main-header-display":"","ast-hfb-above-header-display":"","ast-hfb-below-header-display":"","ast-hfb-mobile-header-display":"","site-post-title":"","ast-breadcrumbs-content":"","ast-featured-img":"","footer-sml-layout":"","theme-transparent-header-meta":"default","adv-header-id-meta":"","stick-header-meta":"","header-above-stick-meta":"","header-main-stick-meta":"","header-below-stick-meta":"","astra-migrate-meta-layouts":"set","ast-page-background-enabled":"default","ast-page-background-meta":{"desktop":{"background-color":"var(--ast-global-color-5)","background-image":"","background-repeat":"repeat","background-position":"center center","background-size":"auto","background-attachment":"scroll","background-type":"","background-media":"","overlay-type":"","overlay-color":"","overlay-opacity":"","overlay-gradient":""},"tablet":{"background-color":"","background-image":"","background-repeat":"repeat","background-position":"center center","background-size":"auto","background-attachment":"scroll","background-type":"","background-media":"","overlay-type":"","overlay-color":"","overlay-opacity":"","overlay-gradient":""},"mobile":{"background-color":"","background-image":"","background-repeat":"repeat","background-position":"center center","background-size":"auto","background-attachment":"scroll","background-type":"","background-media":"","overlay-type":"","overlay-color":"","overlay-opacity":"","overlay-gradient":""}},"ast-content-background-meta":{"desktop":{"background-color":"var(--ast-global-color-4)","background-image":"","background-repeat":"repeat","background-position":"center center","background-size":"auto","background-attachment":"scroll","background-type":"","background-media":"","overlay-type":"","overlay-color":"","overlay-opacity":"","overlay-gradient":""},"tablet":{"background-color":"var(--ast-global-color-4)","background-image":"","background-repeat":"repeat","background-position":"center center","background-size":"auto","background-attachment":"scroll","background-type":"","background-media":"","overlay-type":"","overlay-color":"","overlay-opacity":"","overlay-gradient":""},"mobile":{"background-color":"var(--ast-global-color-4)","background-image":"","background-repeat":"repeat","background-position":"center center","background-size":"auto","background-attachment":"scroll","background-type":"","background-media":"","overlay-type":"","overlay-color":"","overlay-opacity":"","overlay-gradient":""}},"footnotes":""},"class_list":["post-5371","page","type-page","status-publish","hentry"],"_links":{"self":[{"href":"https:\/\/txjpcba.com\/pl\/wp-json\/wp\/v2\/pages\/5371","targetHints":{"allow":["GET"]}}],"collection":[{"href":"https:\/\/txjpcba.com\/pl\/wp-json\/wp\/v2\/pages"}],"about":[{"href":"https:\/\/txjpcba.com\/pl\/wp-json\/wp\/v2\/types\/page"}],"author":[{"embeddable":true,"href":"https:\/\/txjpcba.com\/pl\/wp-json\/wp\/v2\/users\/1"}],"replies":[{"embeddable":true,"href":"https:\/\/txjpcba.com\/pl\/wp-json\/wp\/v2\/comments?post=5371"}],"version-history":[{"count":53,"href":"https:\/\/txjpcba.com\/pl\/wp-json\/wp\/v2\/pages\/5371\/revisions"}],"predecessor-version":[{"id":5479,"href":"https:\/\/txjpcba.com\/pl\/wp-json\/wp\/v2\/pages\/5371\/revisions\/5479"}],"wp:attachment":[{"href":"https:\/\/txjpcba.com\/pl\/wp-json\/wp\/v2\/media?parent=5371"}],"curies":[{"name":"wp","href":"https:\/\/api.w.org\/{rel}","templated":true}]}}