{"id":3349,"date":"2026-03-03T11:34:29","date_gmt":"2026-03-03T03:34:29","guid":{"rendered":"https:\/\/txjpcba.com\/?page_id=3349"},"modified":"2026-03-03T11:35:40","modified_gmt":"2026-03-03T03:35:40","slug":"mapa-strony","status":"publish","type":"page","link":"https:\/\/txjpcba.com\/pl\/mapa-strony\/","title":{"rendered":"Sitemap"},"content":{"rendered":"<div data-elementor-type=\"wp-page\" data-elementor-id=\"3349\" class=\"elementor elementor-3349\" data-elementor-post-type=\"page\">\n\t\t\t\t<div class=\"elementor-element elementor-element-41cfd56 e-flex e-con-boxed e-con e-parent\" data-id=\"41cfd56\" data-element_type=\"container\" data-e-type=\"container\">\n\t\t\t\t\t<div class=\"e-con-inner\">\n\t\t\t\t<div class=\"elementor-element elementor-element-5ec634c elementor-widget elementor-widget-sitemap\" data-id=\"5ec634c\" data-element_type=\"widget\" data-e-type=\"widget\" data-widget_type=\"sitemap.default\">\n\t\t\t\t<div class=\"elementor-widget-container\">\n\t\t\t\t\t<div class=\"elementor-sitemap-wrap\"><div class=\"elementor-sitemap-section\"><h2 class=\"elementor-sitemap-title elementor-sitemap-page-title\">Strony<\/h2><ul class=\"elementor-sitemap-list elementor-sitemap-page-list\"><li class=\"elementor-sitemap-item elementor-sitemap-item-page page_item page-item-6114 menu-item\"><a href=\"https:\/\/txjpcba.com\/pl\/gat-a-pcb-layout-quote\/\" class=\"elementor-sitemap-item elementor-sitemap-item-page menu-link\">Wycena uk\u0142adu PCB<\/a><\/li><li class=\"elementor-sitemap-item elementor-sitemap-item-page page_item page-item-5925 menu-item\"><a href=\"https:\/\/txjpcba.com\/pl\/uklad-plytki-drukowanej\/\" class=\"elementor-sitemap-item elementor-sitemap-item-page menu-link\">Uk\u0142ad PCB<\/a><\/li><li class=\"elementor-sitemap-item elementor-sitemap-item-page page_item page-item-5887 menu-item\"><a href=\"https:\/\/txjpcba.com\/pl\/bezhalogenowa-plytka-drukowana\/\" class=\"elementor-sitemap-item elementor-sitemap-item-page menu-link\">Bezhalogenowa produkcja PCB | Ekologiczne i zgodne z RoHS rozwi\u0105zania<\/a><\/li><li class=\"elementor-sitemap-item elementor-sitemap-item-page page_item page-item-5864 menu-item\"><a href=\"https:\/\/txjpcba.com\/pl\/ciezka-miedziana-plytka-drukowana\/\" class=\"elementor-sitemap-item elementor-sitemap-item-page menu-link\">Ci\u0119\u017cka miedziana p\u0142ytka drukowana<\/a><\/li><li class=\"elementor-sitemap-item elementor-sitemap-item-page page_item page-item-5845 menu-item\"><a href=\"https:\/\/txjpcba.com\/pl\/plytka-drukowana-wysokiej-czestotliwosci-2\/\" class=\"elementor-sitemap-item elementor-sitemap-item-page menu-link\">Produkcja PCB wysokiej cz\u0119stotliwo\u015bci | Wyb\u00f3r materia\u0142\u00f3w i kontrola impedancji<\/a><\/li><li class=\"elementor-sitemap-item elementor-sitemap-item-page page_item page-item-5817 menu-item\"><a href=\"https:\/\/txjpcba.com\/pl\/pozyskiwanie-komponentow\/\" class=\"elementor-sitemap-item elementor-sitemap-item-page menu-link\">Strategiczne pozyskiwanie komponent\u00f3w do monta\u017cu PCB<\/a><\/li><li class=\"elementor-sitemap-item elementor-sitemap-item-page page_item page-item-5656 menu-item\"><a href=\"https:\/\/txjpcba.com\/pl\/sztywna-plytka-drukowana-flex-2\/\" class=\"elementor-sitemap-item elementor-sitemap-item-page menu-link\">Sztywna elastyczna p\u0142ytka drukowana<\/a><\/li><li class=\"elementor-sitemap-item elementor-sitemap-item-page page_item page-item-5598 menu-item\"><a href=\"https:\/\/txjpcba.com\/pl\/led-pcb\/\" class=\"elementor-sitemap-item elementor-sitemap-item-page menu-link\">P\u0141YTKA DRUKOWANA LED<\/a><\/li><li class=\"elementor-sitemap-item elementor-sitemap-item-page page_item page-item-5545 menu-item\"><a href=\"https:\/\/txjpcba.com\/pl\/elastyczna-plytka-drukowana\/\" class=\"elementor-sitemap-item elementor-sitemap-item-page menu-link\">Elastyczna p\u0142ytka drukowana<\/a><\/li><li class=\"elementor-sitemap-item elementor-sitemap-item-page page_item page-item-5481 menu-item\"><a href=\"https:\/\/txjpcba.com\/pl\/hdi-pcb-2\/\" class=\"elementor-sitemap-item elementor-sitemap-item-page menu-link\">HDI PCB<\/a><\/li><li class=\"elementor-sitemap-item elementor-sitemap-item-page page_item page-item-5387 menu-item\"><a href=\"https:\/\/txjpcba.com\/pl\/uzyskaj-wycene-produkcji-plytek-drukowanych\/\" class=\"elementor-sitemap-item elementor-sitemap-item-page menu-link\">Uzyskaj wycen\u0119 produkcji PCB<\/a><\/li><li class=\"elementor-sitemap-item elementor-sitemap-item-page page_item page-item-5371 menu-item\"><a href=\"https:\/\/txjpcba.com\/pl\/plytka-drukowana-fr4\/\" class=\"elementor-sitemap-item elementor-sitemap-item-page menu-link\">P\u0141YTKA DRUKOWANA FR4<\/a><\/li><li class=\"elementor-sitemap-item elementor-sitemap-item-page page_item page-item-4958 menu-item\"><a href=\"https:\/\/txjpcba.com\/pl\/uslugi-produkcji-elektroniki\/\" class=\"elementor-sitemap-item elementor-sitemap-item-page menu-link\">Us\u0142ugi produkcji elektroniki<\/a><\/li><li class=\"elementor-sitemap-item elementor-sitemap-item-page page_item page-item-4014 menu-item\"><a href=\"https:\/\/txjpcba.com\/pl\/producent-pcba\/\" class=\"elementor-sitemap-item elementor-sitemap-item-page menu-link\">Producent PCBA<\/a><\/li><li class=\"elementor-sitemap-item elementor-sitemap-item-page page_item page-item-3948 menu-item\"><a href=\"https:\/\/txjpcba.com\/pl\/montaz-plytek-drukowanych-pod-klucz\/\" class=\"elementor-sitemap-item elementor-sitemap-item-page menu-link\">Monta\u017c p\u0142ytek drukowanych pod klucz<\/a><\/li><li class=\"elementor-sitemap-item elementor-sitemap-item-page page_item page-item-3631 menu-item\"><a href=\"https:\/\/txjpcba.com\/pl\/montaz-prototypu-plytki-drukowanej\/\" class=\"elementor-sitemap-item elementor-sitemap-item-page menu-link\">Monta\u017c prototyp\u00f3w PCB<\/a><\/li><li class=\"elementor-sitemap-item elementor-sitemap-item-page page_item page-item-3553 menu-item\"><a href=\"https:\/\/txjpcba.com\/pl\/chmura-tagow\/\" class=\"elementor-sitemap-item elementor-sitemap-item-page menu-link\">Tagi chmura<\/a><\/li><li class=\"elementor-sitemap-item elementor-sitemap-item-page page_item page-item-3349 menu-item\"><a href=\"https:\/\/txjpcba.com\/pl\/mapa-strony\/\" class=\"elementor-sitemap-item elementor-sitemap-item-page menu-link\">Sitemap<\/a><\/li><li class=\"elementor-sitemap-item elementor-sitemap-item-page page_item page-item-2807 menu-item\"><a href=\"https:\/\/txjpcba.com\/pl\/selektor-jezyka\/\" class=\"elementor-sitemap-item elementor-sitemap-item-page menu-link\">selektor j\u0119zyka<\/a><\/li><li class=\"elementor-sitemap-item elementor-sitemap-item-page page_item page-item-2392 menu-item\"><a href=\"https:\/\/txjpcba.com\/pl\/produkcja-plytek-drukowanych\/\" class=\"elementor-sitemap-item elementor-sitemap-item-page menu-link\">Produkcja obwod\u00f3w drukowanych<\/a><\/li><li class=\"elementor-sitemap-item elementor-sitemap-item-page page_item page-item-2276 menu-item\"><a href=\"https:\/\/txjpcba.com\/pl\/uzyskaj-wycene-montazu-plytek-drukowanych\/\" class=\"elementor-sitemap-item elementor-sitemap-item-page menu-link\">Uzyskaj wycen\u0119 monta\u017cu PCB<\/a><\/li><li class=\"elementor-sitemap-item elementor-sitemap-item-page page_item page-item-2243 menu-item\"><a href=\"https:\/\/txjpcba.com\/pl\/uzyskaj-wycene-powloki-konforemnej\/\" class=\"elementor-sitemap-item elementor-sitemap-item-page menu-link\">Uzyskaj wycen\u0119 pow\u0142oki konformalnej<\/a><\/li><li class=\"elementor-sitemap-item elementor-sitemap-item-page page_item page-item-2129 menu-item\"><a href=\"https:\/\/txjpcba.com\/pl\/uzyskaj-wycene\/\" class=\"elementor-sitemap-item elementor-sitemap-item-page menu-link\">Wycena<\/a><\/li><li class=\"elementor-sitemap-item elementor-sitemap-item-page page_item page-item-1622 menu-item\"><a href=\"https:\/\/txjpcba.com\/pl\/powloka-konforemna\/\" class=\"elementor-sitemap-item elementor-sitemap-item-page menu-link\">Pow\u0142oka konformalna<\/a><\/li><li class=\"elementor-sitemap-item elementor-sitemap-item-page page_item page-item-905 menu-item\"><a href=\"https:\/\/txjpcba.com\/pl\/pcba\/\" class=\"elementor-sitemap-item elementor-sitemap-item-page menu-link\">PCBA<\/a><\/li><li class=\"elementor-sitemap-item elementor-sitemap-item-page page_item page-item-883 menu-item\"><a href=\"https:\/\/txjpcba.com\/pl\/dziekuje\/\" class=\"elementor-sitemap-item elementor-sitemap-item-page menu-link\">Dzi\u0119kuj\u0119<\/a><\/li><li class=\"elementor-sitemap-item elementor-sitemap-item-page page_item page-item-391 menu-item\"><a href=\"https:\/\/txjpcba.com\/pl\/montaz-plytek-drukowanych\/\" class=\"elementor-sitemap-item elementor-sitemap-item-page menu-link\">Monta\u017c PCB<\/a><\/li><li class=\"elementor-sitemap-item elementor-sitemap-item-page page_item page-item-61 menu-item\"><a href=\"https:\/\/txjpcba.com\/pl\/pcba-oem-odm\/\" class=\"elementor-sitemap-item elementor-sitemap-item-page menu-link\">PCBA OEM\/ODM<\/a><\/li><li class=\"elementor-sitemap-item elementor-sitemap-item-page page_item page-item-59 menu-item\"><a href=\"https:\/\/txjpcba.com\/pl\/uslugi-montazu-smt\/\" class=\"elementor-sitemap-item elementor-sitemap-item-page menu-link\">Us\u0142ugi monta\u017cu SMT<\/a><\/li><li class=\"elementor-sitemap-item elementor-sitemap-item-page page_item page-item-52 menu-item\"><a href=\"https:\/\/txjpcba.com\/pl\/contact\/\" class=\"elementor-sitemap-item elementor-sitemap-item-page menu-link\">Kontakt<\/a><\/li><li class=\"elementor-sitemap-item elementor-sitemap-item-page page_item page-item-50 menu-item\"><a href=\"https:\/\/txjpcba.com\/pl\/mozliwosci-pcb-pcba\/\" class=\"elementor-sitemap-item elementor-sitemap-item-page menu-link\">Mo\u017cliwo\u015bci produkcyjne PCB i PCBA<\/a><\/li><li class=\"elementor-sitemap-item elementor-sitemap-item-page page_item page-item-48 menu-item\"><a href=\"https:\/\/txjpcba.com\/pl\/uslugi\/\" class=\"elementor-sitemap-item elementor-sitemap-item-page menu-link\">Us\u0142ugi<\/a><\/li><li class=\"elementor-sitemap-item elementor-sitemap-item-page page_item page-item-46 menu-item\"><a href=\"https:\/\/txjpcba.com\/pl\/o\/\" class=\"elementor-sitemap-item elementor-sitemap-item-page menu-link\">O<\/a><\/li><li class=\"elementor-sitemap-item elementor-sitemap-item-page page_item page-item-12 menu-item\"><a href=\"https:\/\/txjpcba.com\/pl\" class=\"elementor-sitemap-item elementor-sitemap-item-page menu-link\">Strona g\u0142\u00f3wna<\/a><\/li><li class=\"elementor-sitemap-item elementor-sitemap-item-page page_item page-item-3 menu-item\"><a href=\"https:\/\/txjpcba.com\/pl\/polityka-prywatnosci\/\" class=\"elementor-sitemap-item elementor-sitemap-item-page menu-link\">Polityka prywatno\u015bci<\/a><\/li><\/ul><\/div><div class=\"elementor-sitemap-section\"><h2 class=\"elementor-sitemap-title elementor-sitemap-category-title\">Kategorie<\/h2><ul class=\"elementor-sitemap-list elementor-sitemap-category-list\">\t<li class=\"elementor-sitemap-item elementor-sitemap-item-category cat-item cat-item-35\"><a href=\"https:\/\/txjpcba.com\/pl\/kategoria\/pcb-pcba-wiedza\/\">ZNAJOMO\u015a\u0106 PCB\/PCBA<\/a>\n<\/li>\n\t<li class=\"elementor-sitemap-item elementor-sitemap-item-category cat-item cat-item-445\"><a href=\"https:\/\/txjpcba.com\/pl\/kategoria\/pytania\/pcb-assembly-faqs\/\">Najcz\u0119\u015bciej zadawane pytania dotycz\u0105ce monta\u017cu PCB<\/a>\n<\/li>\n\t<li class=\"elementor-sitemap-item elementor-sitemap-item-category cat-item cat-item-71\"><a href=\"https:\/\/txjpcba.com\/pl\/kategoria\/pytania\/\">FAQ<\/a>\n<\/li>\n\t<li class=\"elementor-sitemap-item elementor-sitemap-item-category cat-item cat-item-256\"><a href=\"https:\/\/txjpcba.com\/pl\/kategoria\/pytania\/powloka-konforemna\/\">Cz\u0119sto zadawane pytania dotycz\u0105ce pow\u0142ok konforemnych<\/a>\n<\/li>\n\t<li class=\"elementor-sitemap-item elementor-sitemap-item-category cat-item cat-item-57\"><a href=\"https:\/\/txjpcba.com\/pl\/kategoria\/blogi\/\">BLOGI<\/a>\n<\/li>\n<\/ul><\/div><\/div>\t\t\t\t<\/div>\n\t\t\t\t<\/div>\n\t\t\t\t\t<\/div>\n\t\t\t\t<\/div>\n\t\t\t\t<\/div>","protected":false},"excerpt":{"rendered":"","protected":false},"author":1,"featured_media":0,"parent":0,"menu_order":0,"comment_status":"closed","ping_status":"closed","template":"","meta":{"site-sidebar-layout":"no-sidebar","site-content-layout":"","ast-site-content-layout":"full-width-container","site-content-style":"default","site-sidebar-style":"default","ast-global-header-display":"","ast-banner-title-visibility":"","ast-main-header-display":"","ast-hfb-above-header-display":"","ast-hfb-below-header-display":"","ast-hfb-mobile-header-display":"","site-post-title":"disabled","ast-breadcrumbs-content":"","ast-featured-img":"disabled","footer-sml-layout":"","ast-disable-related-posts":"","theme-transparent-header-meta":"default","adv-header-id-meta":"","stick-header-meta":"","header-above-stick-meta":"","header-main-stick-meta":"","header-below-stick-meta":"","astra-migrate-meta-layouts":"set","ast-page-background-enabled":"default","ast-page-background-meta":{"desktop":{"background-color":"var(--ast-global-color-5)","background-image":"","background-repeat":"repeat","background-position":"center center","background-size":"auto","background-attachment":"scroll","background-type":"","background-media":"","overlay-type":"","overlay-color":"","overlay-opacity":"","overlay-gradient":""},"tablet":{"background-color":"","background-image":"","background-repeat":"repeat","background-position":"center center","background-size":"auto","background-attachment":"scroll","background-type":"","background-media":"","overlay-type":"","overlay-color":"","overlay-opacity":"","overlay-gradient":""},"mobile":{"background-color":"","background-image":"","background-repeat":"repeat","background-position":"center center","background-size":"auto","background-attachment":"scroll","background-type":"","background-media":"","overlay-type":"","overlay-color":"","overlay-opacity":"","overlay-gradient":""}},"ast-content-background-meta":{"desktop":{"background-color":"var(--ast-global-color-4)","background-image":"","background-repeat":"repeat","background-position":"center center","background-size":"auto","background-attachment":"scroll","background-type":"","background-media":"","overlay-type":"","overlay-color":"","overlay-opacity":"","overlay-gradient":""},"tablet":{"background-color":"var(--ast-global-color-4)","background-image":"","background-repeat":"repeat","background-position":"center center","background-size":"auto","background-attachment":"scroll","background-type":"","background-media":"","overlay-type":"","overlay-color":"","overlay-opacity":"","overlay-gradient":""},"mobile":{"background-color":"var(--ast-global-color-4)","background-image":"","background-repeat":"repeat","background-position":"center center","background-size":"auto","background-attachment":"scroll","background-type":"","background-media":"","overlay-type":"","overlay-color":"","overlay-opacity":"","overlay-gradient":""}},"footnotes":""},"class_list":["post-3349","page","type-page","status-publish","hentry"],"_links":{"self":[{"href":"https:\/\/txjpcba.com\/pl\/wp-json\/wp\/v2\/pages\/3349","targetHints":{"allow":["GET"]}}],"collection":[{"href":"https:\/\/txjpcba.com\/pl\/wp-json\/wp\/v2\/pages"}],"about":[{"href":"https:\/\/txjpcba.com\/pl\/wp-json\/wp\/v2\/types\/page"}],"author":[{"embeddable":true,"href":"https:\/\/txjpcba.com\/pl\/wp-json\/wp\/v2\/users\/1"}],"replies":[{"embeddable":true,"href":"https:\/\/txjpcba.com\/pl\/wp-json\/wp\/v2\/comments?post=3349"}],"version-history":[{"count":4,"href":"https:\/\/txjpcba.com\/pl\/wp-json\/wp\/v2\/pages\/3349\/revisions"}],"predecessor-version":[{"id":3353,"href":"https:\/\/txjpcba.com\/pl\/wp-json\/wp\/v2\/pages\/3349\/revisions\/3353"}],"wp:attachment":[{"href":"https:\/\/txjpcba.com\/pl\/wp-json\/wp\/v2\/media?parent=3349"}],"curies":[{"name":"wp","href":"https:\/\/api.w.org\/{rel}","templated":true}]}}