{"id":5887,"date":"2026-04-22T15:58:23","date_gmt":"2026-04-22T07:58:23","guid":{"rendered":"https:\/\/txjpcba.com\/?page_id=5887"},"modified":"2026-04-22T16:32:41","modified_gmt":"2026-04-22T08:32:41","slug":"pcb-senza-alogeni","status":"publish","type":"page","link":"https:\/\/txjpcba.com\/it\/pcb-senza-alogeni\/","title":{"rendered":"Produzione di PCB senza alogeni e soluzioni ecologiche e conformi alla normativa RoHS"},"content":{"rendered":"<div data-elementor-type=\"wp-page\" data-elementor-id=\"5887\" class=\"elementor elementor-5887\" data-elementor-post-type=\"page\">\n\t\t\t\t<div class=\"elementor-element elementor-element-24d0b2e1 e-con-full e-flex e-con e-parent\" data-id=\"24d0b2e1\" data-element_type=\"container\" data-settings=\"{&quot;background_background&quot;:&quot;classic&quot;}\">\n\t\t\t\t<\/div>\n\t\t<div class=\"elementor-element elementor-element-596061a8 e-flex e-con-boxed e-con e-parent\" data-id=\"596061a8\" data-element_type=\"container\">\n\t\t\t\t\t<div class=\"e-con-inner\">\n\t\t\t\t<div class=\"elementor-element elementor-element-7a25b2bc elementor-widget elementor-widget-text-editor\" data-id=\"7a25b2bc\" data-element_type=\"widget\" data-widget_type=\"text-editor.default\">\n\t\t\t\t<div class=\"elementor-widget-container\">\n\t\t\t\t\t\t\t\t\t<h2>Produzione di PCB senza alogeni<\/h2><p class=\"ds-markdown-paragraph\">Per i produttori di elettronica che danno priorit\u00e0 alla responsabilit\u00e0 ambientale e alla conformit\u00e0 alle normative,\u00a0<strong>PCB senza alogeni<\/strong>\u00a0sono diventati una specifica fondamentale. Queste schede sono costruite senza composti alogenati (cloro, bromo, fluoro, iodio e astatina), offrendo un'alternativa pi\u00f9 sicura ai materiali PCB tradizionali senza compromettere le prestazioni.<\/p><p align=\"center\"><a href=\"\/it\/ottenere-un-preventivo-per-la-produzione-di-pcb\/\"><button style=\"background: black; color: white; padding: 10px 20px; border: none; cursor: pointer;\">Richiedi un preventivo per la produzione di PCB<\/button><\/a><\/p><h4>Perch\u00e9 l'assenza di alogeni \u00e8 importante: Oltre la conformit\u00e0<\/h4><p class=\"ds-markdown-paragraph\">Anche se i PCB tradizionali possono contenere ritardanti di fiamma alogenati, questi materiali presentano rischi per l'ambiente e la salute durante lo smaltimento a fine vita. Quando vengono inceneriti, i materiali alogenati possono rilasciare\u00a0<strong>diossine<\/strong>\u00a0e altri sottoprodotti tossici, sostanze che l'EPA classifica tra i prodotti chimici pi\u00f9 pericolosi conosciuti.<\/p><p class=\"ds-markdown-paragraph\"><strong>I principali vantaggi del passaggio a PCB privi di alogeni includono:<\/strong><\/p><ul><li><p class=\"ds-markdown-paragraph\"><strong>Riduzione dell'impatto ambientale:<\/strong>\u00a0Processi di smaltimento e riciclaggio pi\u00f9 puliti e privi di gas tossici.<\/p><\/li><li><p class=\"ds-markdown-paragraph\"><strong>Miglioramento della sicurezza dei lavoratori:<\/strong> Riduzione del rischio di esposizione a fumi nocivi durante la produzione e il riciclaggio.<\/p><\/li><li><p class=\"ds-markdown-paragraph\"><strong>Allineamento normativo:<\/strong>\u00a0Soddisfa i severi standard globali, tra cui RoHS, WEEE e le direttive UE sulle sostanze pericolose.<\/p><\/li><li><p class=\"ds-markdown-paragraph\"><strong>Supporto alla Responsabilit\u00e0 Sociale d'Impresa (RSI):<\/strong>\u00a0Azione tangibile per le aziende con impegni ambientali o linee di prodotti verdi.<\/p><\/li><\/ul><p class=\"ds-markdown-paragraph\">\u00c8 importante notare che i PCB privi di alogeni sono adatti praticamente a qualsiasi applicazione in cui si utilizzano schede FR-4 standard, dall'elettronica di consumo ai controlli industriali, con solo piccole variazioni nelle propriet\u00e0 dielettriche e termiche.<\/p><h4>Specifiche del materiale privo di alogeni<\/h4><p class=\"ds-markdown-paragraph\">Produciamo PCB privi di alogeni utilizzando materiali ecologici certificati. I nostri substrati standard includono:<\/p><div class=\"ds-scroll-area ds-scroll-area--show-on-focus-within _1210dd7 c03cafe9\"><div class=\"ds-scroll-area__gutters\"><div class=\"ds-scroll-area__horizontal-gutter\">\u00a0<\/div><div class=\"ds-scroll-area__vertical-gutter\">\u00a0<\/div><\/div><table><thead><tr><th>Materiale<\/th><th>Tg (DSC, \u00b0C)<\/th><th>Td (peso, \u00b0C)<\/th><th>CTE-z (ppm\/\u00b0C)<\/th><th>T260 (min)<\/th><th>T288 (min)<\/th><\/tr><\/thead><tbody><tr><td><strong>S1155 (FR-4)<\/strong><\/td><td>140<\/td><td>380<\/td><td>41<\/td><td>60<\/td><td>60<\/td><\/tr><tr><td><strong>S1165 (FR-4)<\/strong><\/td><td>170<\/td><td>360<\/td><td>40<\/td><td>60<\/td><td>15<\/td><\/tr><\/tbody><\/table><\/div><ul><li><p class=\"ds-markdown-paragraph\"><strong>Tg (Temperatura di transizione vetrosa):<\/strong>\u00a0Valori pi\u00f9 elevati (170\u00b0C) per le applicazioni pi\u00f9 esigenti dal punto di vista termico.<\/p><\/li><li><p class=\"ds-markdown-paragraph\"><strong>Td (temperatura di decomposizione):<\/strong>\u00a0Indica la stabilit\u00e0 del materiale in condizioni di calore estremo.<\/p><\/li><li><p class=\"ds-markdown-paragraph\"><strong>CTE-z (espansione dell'asse Z):<\/strong>\u00a0Critico per l'affidabilit\u00e0 dei fori passanti placcati.<\/p><\/li><\/ul><h4>Capacit\u00e0 di produzione di PCB senza alogeni<\/h4><div class=\"ds-scroll-area ds-scroll-area--show-on-focus-within _1210dd7 c03cafe9\"><div class=\"ds-scroll-area__gutters\"><div class=\"ds-scroll-area__horizontal-gutter\">\u00a0<\/div><div class=\"ds-scroll-area__vertical-gutter\">\u00a0<\/div><\/div><table><thead><tr><th>Caratteristica<\/th><th>Capacit\u00e0<\/th><\/tr><\/thead><tbody><tr><td><strong>Grado di qualit\u00e0<\/strong><\/td><td>Classe 2 IPC (Classe 3 disponibile per alta affidabilit\u00e0)<\/td><\/tr><tr><td><strong>Numero di strati<\/strong><\/td><td>2 - 24 strati<\/td><\/tr><tr><td><strong>Quantit\u00e0 d'ordine<\/strong><\/td><td>Da 1 pezzo (prototipo) a 10.000+ pezzi (volume)<\/td><\/tr><tr><td><strong>Tempi di consegna<\/strong><\/td><td>Da 2 giorni (tempi rapidi) a 5 settimane (costruzioni complesse)<\/td><\/tr><tr><td><strong>Opzioni di materiale<\/strong><\/td><td>S1150G, S1165 (FR-4 senza alogeni)<\/td><\/tr><tr><td><strong>Dimensioni della scheda<\/strong><\/td><td>Min 6 mm x 6 mm<\/td><td>Max 457 mm x 610 mm<\/td><\/tr><tr><td><strong>Spessore del pannello<\/strong><\/td><td>0,4 mm - 6,5 mm<\/td><\/tr><tr><td><strong>Peso del rame finito<\/strong><\/td><td>0,5 oz - 2,0 oz<\/td><\/tr><tr><td><strong>Traccia minima\/distanza<\/strong><\/td><td>3mil \/ 3mil<\/td><\/tr><tr><td><strong>Colori delle maschere di saldatura<\/strong><\/td><td>Verde, bianco, blu, nero, rosso, giallo<\/td><\/tr><tr><td><strong>Colori serigrafici<\/strong><\/td><td>Bianco, nero, giallo<\/td><\/tr><tr><td><strong>Finiture di superficie (RoHS)<\/strong><\/td><td>HASL, HASL senza piombo, ENIG, Argento per immersione, Stagno per immersione, OSP<\/td><\/tr><tr><td><strong>Anello anulare min.<\/strong><\/td><td>4mil<\/td><\/tr><tr><td><strong>Diametro minimo di foratura<\/strong><\/td><td>6mil<\/td><\/tr><tr><td><strong>Tecniche avanzate<\/strong><\/td><td>Dita d'oro, viali ciechi\/sepolti<\/td><\/tr><\/tbody><\/table><\/div><h4>Supporto ingegneristico per il vostro progetto ecologico<\/h4><p class=\"ds-markdown-paragraph\">Il passaggio a materiali privi di alogeni richiede un'attenta considerazione delle propriet\u00e0 termiche e meccaniche. Il nostro team di ingegneri fornisce:<\/p><ol start=\"1\"><li><p class=\"ds-markdown-paragraph\"><strong>Guida alla selezione dei materiali:<\/strong>\u00a0Non siete sicuri che S1155 o S1165 siano adatti al vostro ambiente operativo? Vi forniamo raccomandazioni chiare e comparative.<\/p><\/li><li><p class=\"ds-markdown-paragraph\"><strong>DFM per laminati senza alogeni:<\/strong>\u00a0Regoliamo i parametri di fabbricazione per tenere conto delle differenze di flusso, adesione e perforabilit\u00e0 rispetto agli standard. <a href=\"https:\/\/txjpcba.com\/it\/fr4-pcb\/\">FR-4<\/a>.<\/p><\/li><li><p class=\"ds-markdown-paragraph\"><strong>Documentazione di tracciabilit\u00e0 completa:<\/strong>\u00a0Certificati di conformit\u00e0 che verificano la composizione senza alogeni per i vostri documenti di conformit\u00e0.<\/p><\/li><\/ol><h4>Richiedete il vostro preventivo per i PCB senza alogeni<\/h4><p class=\"ds-markdown-paragraph\">I PCB senza alogeni possono essere quotati attraverso il nostro sistema di ordini online standard. \u00c8 sufficiente inviare i file Gerber e le specifiche: il nostro sistema calcoler\u00e0 il prezzo all'istante. Per progetti con requisiti di materiali o prestazioni particolari non elencati, contattate direttamente il nostro team di ingegneri per una rapida consultazione.<\/p><p align=\"center\"><a href=\"\/it\/ottenere-un-preventivo-per-la-produzione-di-pcb\/\"><button style=\"background: black; color: white; padding: 8px 20px; border: none; cursor: pointer;\">Richiedi un preventivo per la produzione di PCB<\/button><\/a><\/p><p style=\"text-align: center;\">Lavorate a progetti nel settore automobilistico, industriale, IoT o dell'elettronica di consumo?<br \/>Forniamo un servizio professionale <a href=\"https:\/\/txjpcba.com\/it\/assemblaggio-pcb\/\">Servizi di assemblaggio di PCB<\/a> incluso <a href=\"https:\/\/txjpcba.com\/it\/servizi-di-assemblaggio-smt\/\">SMT<\/a>, DIP e soluzioni complete chiavi in mano.<\/p><p style=\"text-align: center;\">Inviateci la vostra distinta base, i file Gerber o i requisiti del progetto e otterrete un preventivo rapido e accurato dal nostro team di ingegneri.<\/p><p style=\"text-align: center;\">\u2714 NDA disponibile \u2714 Preventivo veloce entro 24 ore \u2714 Fabbrica certificata ISO \u2714 Servizio unico per PCB e PCBA<\/p>\t\t\t\t\t\t\t\t<\/div>\n\t\t\t\t<\/div>\n\t\t\t\t\t<\/div>\n\t\t\t\t<\/div>\n\t\t\t\t<\/div>","protected":false},"excerpt":{"rendered":"<p>Halogen-Free PCB Manufacturing For electronics manufacturers prioritizing environmental responsibility and regulatory compliance,\u00a0Halogen-Free PCBs\u00a0have become a critical specification. These boards are [&hellip;]<\/p>","protected":false},"author":1,"featured_media":0,"parent":0,"menu_order":0,"comment_status":"closed","ping_status":"closed","template":"","meta":{"site-sidebar-layout":"default","site-content-layout":"","ast-site-content-layout":"default","site-content-style":"default","site-sidebar-style":"default","ast-global-header-display":"","ast-banner-title-visibility":"","ast-main-header-display":"","ast-hfb-above-header-display":"","ast-hfb-below-header-display":"","ast-hfb-mobile-header-display":"","site-post-title":"","ast-breadcrumbs-content":"","ast-featured-img":"","footer-sml-layout":"","theme-transparent-header-meta":"default","adv-header-id-meta":"","stick-header-meta":"","header-above-stick-meta":"","header-main-stick-meta":"","header-below-stick-meta":"","astra-migrate-meta-layouts":"set","ast-page-background-enabled":"default","ast-page-background-meta":{"desktop":{"background-color":"var(--ast-global-color-5)","background-image":"","background-repeat":"repeat","background-position":"center center","background-size":"auto","background-attachment":"scroll","background-type":"","background-media":"","overlay-type":"","overlay-color":"","overlay-opacity":"","overlay-gradient":""},"tablet":{"background-color":"","background-image":"","background-repeat":"repeat","background-position":"center center","background-size":"auto","background-attachment":"scroll","background-type":"","background-media":"","overlay-type":"","overlay-color":"","overlay-opacity":"","overlay-gradient":""},"mobile":{"background-color":"","background-image":"","background-repeat":"repeat","background-position":"center center","background-size":"auto","background-attachment":"scroll","background-type":"","background-media":"","overlay-type":"","overlay-color":"","overlay-opacity":"","overlay-gradient":""}},"ast-content-background-meta":{"desktop":{"background-color":"var(--ast-global-color-4)","background-image":"","background-repeat":"repeat","background-position":"center center","background-size":"auto","background-attachment":"scroll","background-type":"","background-media":"","overlay-type":"","overlay-color":"","overlay-opacity":"","overlay-gradient":""},"tablet":{"background-color":"var(--ast-global-color-4)","background-image":"","background-repeat":"repeat","background-position":"center center","background-size":"auto","background-attachment":"scroll","background-type":"","background-media":"","overlay-type":"","overlay-color":"","overlay-opacity":"","overlay-gradient":""},"mobile":{"background-color":"var(--ast-global-color-4)","background-image":"","background-repeat":"repeat","background-position":"center center","background-size":"auto","background-attachment":"scroll","background-type":"","background-media":"","overlay-type":"","overlay-color":"","overlay-opacity":"","overlay-gradient":""}},"footnotes":""},"class_list":["post-5887","page","type-page","status-publish","hentry"],"_links":{"self":[{"href":"https:\/\/txjpcba.com\/it\/wp-json\/wp\/v2\/pages\/5887","targetHints":{"allow":["GET"]}}],"collection":[{"href":"https:\/\/txjpcba.com\/it\/wp-json\/wp\/v2\/pages"}],"about":[{"href":"https:\/\/txjpcba.com\/it\/wp-json\/wp\/v2\/types\/page"}],"author":[{"embeddable":true,"href":"https:\/\/txjpcba.com\/it\/wp-json\/wp\/v2\/users\/1"}],"replies":[{"embeddable":true,"href":"https:\/\/txjpcba.com\/it\/wp-json\/wp\/v2\/comments?post=5887"}],"version-history":[{"count":10,"href":"https:\/\/txjpcba.com\/it\/wp-json\/wp\/v2\/pages\/5887\/revisions"}],"predecessor-version":[{"id":5903,"href":"https:\/\/txjpcba.com\/it\/wp-json\/wp\/v2\/pages\/5887\/revisions\/5903"}],"wp:attachment":[{"href":"https:\/\/txjpcba.com\/it\/wp-json\/wp\/v2\/media?parent=5887"}],"curies":[{"name":"wp","href":"https:\/\/api.w.org\/{rel}","templated":true}]}}