{"id":5845,"date":"2026-04-22T15:30:42","date_gmt":"2026-04-22T07:30:42","guid":{"rendered":"https:\/\/txjpcba.com\/?page_id=5845"},"modified":"2026-04-22T15:42:10","modified_gmt":"2026-04-22T07:42:10","slug":"pcb-ad-alta-frequenza-2","status":"publish","type":"page","link":"https:\/\/txjpcba.com\/it\/pcb-ad-alta-frequenza-2\/","title":{"rendered":"Produzione di PCB ad alta frequenza | Selezione del materiale e controllo dell'impedenza"},"content":{"rendered":"<div data-elementor-type=\"wp-page\" data-elementor-id=\"5845\" class=\"elementor elementor-5845\" data-elementor-post-type=\"page\">\n\t\t\t\t<div class=\"elementor-element elementor-element-583521f9 e-flex e-con-boxed e-con e-parent\" data-id=\"583521f9\" data-element_type=\"container\">\n\t\t\t\t\t<div class=\"e-con-inner\">\n\t\t\t\t<div class=\"elementor-element elementor-element-5a5b6f elementor-widget elementor-widget-text-editor\" data-id=\"5a5b6f\" data-element_type=\"widget\" data-widget_type=\"text-editor.default\">\n\t\t\t\t<div class=\"elementor-widget-container\">\n\t\t\t\t\t\t\t\t\t<h2>PCB ad alta frequenza<\/h2><p class=\"ds-markdown-paragraph\">Per le moderne applicazioni RF, a microonde e digitali ad alta velocit\u00e0, i materiali dei PCB standard spesso non sono all'altezza.\u00a0<strong>PCB ad alta frequenza<\/strong>\u00a0sono progettati per mantenere l'integrit\u00e0 del segnale a velocit\u00e0 di trasmissione pi\u00f9 elevate, in genere operando nel campo della\u00a0<strong>Gamma da 500MHz a 2GHz<\/strong> e oltre.<\/p><p class=\"ds-markdown-paragraph\">Tuttavia, per ottenere prestazioni costanti a queste frequenze non basta una fabbricazione standard. Richiede una selezione precisa dei materiali, un controllo rigoroso dell'impedenza e un partner di produzione con una profonda esperienza nel campo delle radiofrequenze.<\/p><p align=\"center\"><a href=\"\/it\/ottenere-un-preventivo-per-la-produzione-di-pcb\/\"><button style=\"background: black; color: white; padding: 10px 20px; border: none; cursor: pointer;\">Richiedi un preventivo per la produzione di PCB<\/button><\/a><\/p><h4>Selezione dei materiali critici per l'integrit\u00e0 del segnale<\/h4><p class=\"ds-markdown-paragraph\">Il cuore di qualsiasi scheda ad alta frequenza \u00e8 il materiale dielettrico. A differenza delle schede standard <a href=\"https:\/\/txjpcba.com\/it\/fr4-pcb\/\">FR-4<\/a>, il\u00a0<strong>Costante dielettrica (Dk o Er)<\/strong>\u00a0di questi materiali specializzati deve rimanere stabile per tutta la frequenza operativa. Qualsiasi variazione ha un impatto diretto sull'impedenza, con conseguente perdita o riflessione del segnale.<\/p><figure id=\"attachment_3107\" aria-describedby=\"caption-attachment-3107\" style=\"width: 500px\" class=\"wp-caption aligncenter\"><img fetchpriority=\"high\" decoding=\"async\" class=\"size-full wp-image-3107\" src=\"https:\/\/txjpcba.com\/wp-content\/uploads\/2026\/02\/high-frequency-pcb.jpg\" alt=\"PCB ad alta frequenza\" width=\"500\" height=\"372\" srcset=\"https:\/\/txjpcba.com\/wp-content\/uploads\/2026\/02\/high-frequency-pcb.jpg 500w, https:\/\/txjpcba.com\/wp-content\/uploads\/2026\/02\/high-frequency-pcb-300x223.jpg 300w, https:\/\/txjpcba.com\/wp-content\/uploads\/2026\/02\/high-frequency-pcb-16x12.jpg 16w\" sizes=\"(max-width: 500px) 100vw, 500px\" \/><figcaption id=\"caption-attachment-3107\" class=\"wp-caption-text\">PCB ad alta frequenza<\/figcaption><\/figure><p class=\"ds-markdown-paragraph\">I progettisti pi\u00f9 importanti si rivolgono a materiali collaudati come\u00a0<strong>Rogers<\/strong>\u00a0per le loro prestazioni elettriche prevedibili. I materiali pi\u00f9 comunemente richiesti sono:<\/p><div class=\"ds-scroll-area ds-scroll-area--show-on-focus-within _1210dd7 c03cafe9\"><div class=\"ds-scroll-area__gutters\"><div class=\"ds-scroll-area__horizontal-gutter\">\u00a0<\/div><div class=\"ds-scroll-area__vertical-gutter\">\u00a0<\/div><\/div><table><thead><tr><th>Materiale<\/th><th>Costante dielettrica (Dk)<\/th><th>Vantaggio chiave<\/th><\/tr><\/thead><tbody><tr><td><strong>RO4350B<\/strong><\/td><td>3,48 \u00b10,05 @ 10 GHz<\/td><td>Economico, ideale per il settore automobilistico e delle microonde<\/td><\/tr><tr><td><strong>RO4003C<\/strong><\/td><td>3,38 \u00b10,05 @ 10 GHz<\/td><td>Bassa perdita, compatibile con la lavorazione dell'FR-4<\/td><\/tr><tr><td><strong>RO3003<\/strong><\/td><td>3,00 \u00b10,04 a 10 GHz<\/td><td>Perdita molto bassa per applicazioni a onde millimetriche<\/td><\/tr><tr><td><strong>RT5880<\/strong><\/td><td>2,20 \u00b10,02 @ 10 GHz<\/td><td>A bassa perdita, a base di PTFE per le massime prestazioni<\/td><\/tr><tr><td><strong>RO3010<\/strong><\/td><td>10,2 \u00b10,30 a 10 GHz<\/td><td>Alto Dk per la riduzione delle dimensioni del circuito<\/td><\/tr><\/tbody><\/table><\/div><h4>Controllo preciso dell'impedenza e tolleranze di produzione<\/h4><p class=\"ds-markdown-paragraph\">La scelta del materiale giusto \u00e8 solo met\u00e0 della sfida. Il raggiungimento dell'impedenza desiderata (in genere \u00b110%) richiede un rigoroso controllo del processo:<\/p><ul><li><p class=\"ds-markdown-paragraph\"><strong>Larghezza e distanza dei conduttori:<\/strong>\u00a0Mantenuto con tolleranze di \u00b13mil\/3mil.<\/p><\/li><li><p class=\"ds-markdown-paragraph\"><strong>Spessore del substrato:<\/strong>\u00a0Controllato su tutto il pannello.<\/p><\/li><li><p class=\"ds-markdown-paragraph\"><strong>Peso del rame:<\/strong>\u00a0Opzioni da 0,5 oz a 2,0 oz finite.<\/p><\/li><li><p class=\"ds-markdown-paragraph\"><strong>Design di impilamento:<\/strong>\u00a0Assistenza specializzata per strutture RF multistrato.<\/p><\/li><\/ul><p class=\"ds-markdown-paragraph\">Le nostre capacit\u00e0 di PCB ad alta frequenza sono costruite per la ripetibilit\u00e0:<\/p><div class=\"ds-scroll-area ds-scroll-area--show-on-focus-within _1210dd7 c03cafe9\"><div class=\"ds-scroll-area__gutters\"><div class=\"ds-scroll-area__horizontal-gutter\">\u00a0<\/div><div class=\"ds-scroll-area__vertical-gutter\">\u00a0<\/div><\/div><table><thead><tr><th>Caratteristica<\/th><th>Capacit\u00e0<\/th><\/tr><\/thead><tbody><tr><td><strong>Grado di qualit\u00e0<\/strong><\/td><td>IPC Classe 2 (Classe 3 disponibile su richiesta)<\/td><\/tr><tr><td><strong>Strati<\/strong><\/td><td>2 - 24 strati<\/td><\/tr><tr><td><strong>Quantit\u00e0 d'ordine<\/strong><\/td><td>Da 1 pezzo prototipo a oltre 10.000 unit\u00e0 di produzione<\/td><\/tr><tr><td><strong>Tempi di consegna<\/strong><\/td><td>Da 2 giorni per i prototipi di rapida realizzazione a 5 settimane per le realizzazioni complesse<\/td><\/tr><tr><td><strong>Dimensioni della scheda<\/strong><\/td><td>Da min. 6 mm x 6 mm a max. 457 mm x 610 mm<\/td><\/tr><tr><td><strong>Spessore<\/strong><\/td><td>0,4 mm - 5,0 mm<\/td><\/tr><tr><td><strong>Traccia minima\/distanza<\/strong><\/td><td>3mil \/ 3mil<\/td><\/tr><tr><td><strong>Tolleranza di impedenza<\/strong><\/td><td>\u00b110% (disponibile pi\u00f9 stretto)<\/td><\/tr><tr><td><strong>Finiture di superficie<\/strong><\/td><td>ENIG, Argento per immersione, Stagno per immersione, OSP (tutti RoHS)<\/td><\/tr><\/tbody><\/table><\/div><h4>Oltre la fabbricazione: Un approccio di ingegneria consultiva<\/h4><p class=\"ds-markdown-paragraph\">Siamo consapevoli che la scelta della giusta soluzione per circuiti stampati ad alta frequenza pu\u00f2 essere complessa. Il nostro team di ingegneri fornisce un supporto pratico in ogni fase:<\/p><ol start=\"1\"><li><p class=\"ds-markdown-paragraph\"><strong>Guida alla selezione dei materiali:<\/strong>\u00a0Non siete sicuri di quale sia il materiale Rogers pi\u00f9 adatto alle vostre esigenze di budget e prestazioni? Vi forniamo una consulenza chiara e comparativa.<\/p><\/li><li><p class=\"ds-markdown-paragraph\"><strong>DFM per progetti RF:<\/strong>\u00a0Esaminiamo i requisiti di stack-up e di funzionalit\u00e0 per garantire la producibilit\u00e0 senza compromettere l'integrit\u00e0 del segnale.<\/p><\/li><li><p class=\"ds-markdown-paragraph\"><strong>Tecniche avanzate disponibili:<\/strong>\u00a0HDI, dita dorate, olio di carbonio e fori di svasatura per il montaggio specializzato.<\/p><\/li><\/ol><h4>Iniziate il vostro progetto di PCB ad alta frequenza<\/h4><p class=\"ds-markdown-paragraph\">Per ricevere un preventivo dettagliato, \u00e8 sufficiente inviare i file Gerber e le specifiche attraverso il nostro sistema di ordini online. Per progetti con requisiti tecnici o di materiale unici non elencati, si prega di contattare direttamente il nostro team di ingegneri per una soluzione su misura.<\/p><p align=\"center\"><a href=\"\/it\/ottenere-un-preventivo-per-la-produzione-di-pcb\/\"><button style=\"background: black; color: white; padding: 8px 20px; border: none; cursor: pointer;\">Richiedi un preventivo per la produzione di PCB<\/button><\/a><\/p><p style=\"text-align: center;\">Lavorate a progetti nel settore automobilistico, industriale, IoT o dell'elettronica di consumo?<br \/>Forniamo un servizio professionale <a href=\"https:\/\/txjpcba.com\/it\/assemblaggio-pcb\/\">Assemblaggio di PCB<\/a> servizi che includono SMT, DIP e soluzioni complete chiavi in mano.<\/p><p style=\"text-align: center;\">Inviateci la vostra distinta base, i file Gerber o i requisiti del progetto e otterrete un preventivo rapido e accurato dal nostro team di ingegneri.<\/p><p style=\"text-align: center;\">\u2714 NDA disponibile \u2714 Preventivo veloce entro 24 ore \u2714 Fabbrica certificata ISO \u2714 Servizio unico per PCB e PCBA<\/p>\t\t\t\t\t\t\t\t<\/div>\n\t\t\t\t<\/div>\n\t\t\t\t\t<\/div>\n\t\t\t\t<\/div>\n\t\t\t\t<\/div>","protected":false},"excerpt":{"rendered":"<p>High Frequency PCB For modern RF, microwave, and high-speed digital applications, standard PCB materials often fall short.\u00a0High Frequency PCBs\u00a0are engineered [&hellip;]<\/p>","protected":false},"author":1,"featured_media":0,"parent":0,"menu_order":0,"comment_status":"closed","ping_status":"closed","template":"","meta":{"site-sidebar-layout":"default","site-content-layout":"","ast-site-content-layout":"default","site-content-style":"default","site-sidebar-style":"default","ast-global-header-display":"","ast-banner-title-visibility":"","ast-main-header-display":"","ast-hfb-above-header-display":"","ast-hfb-below-header-display":"","ast-hfb-mobile-header-display":"","site-post-title":"","ast-breadcrumbs-content":"","ast-featured-img":"","footer-sml-layout":"","theme-transparent-header-meta":"default","adv-header-id-meta":"","stick-header-meta":"","header-above-stick-meta":"","header-main-stick-meta":"","header-below-stick-meta":"","astra-migrate-meta-layouts":"set","ast-page-background-enabled":"default","ast-page-background-meta":{"desktop":{"background-color":"var(--ast-global-color-5)","background-image":"","background-repeat":"repeat","background-position":"center center","background-size":"auto","background-attachment":"scroll","background-type":"","background-media":"","overlay-type":"","overlay-color":"","overlay-opacity":"","overlay-gradient":""},"tablet":{"background-color":"","background-image":"","background-repeat":"repeat","background-position":"center center","background-size":"auto","background-attachment":"scroll","background-type":"","background-media":"","overlay-type":"","overlay-color":"","overlay-opacity":"","overlay-gradient":""},"mobile":{"background-color":"","background-image":"","background-repeat":"repeat","background-position":"center center","background-size":"auto","background-attachment":"scroll","background-type":"","background-media":"","overlay-type":"","overlay-color":"","overlay-opacity":"","overlay-gradient":""}},"ast-content-background-meta":{"desktop":{"background-color":"var(--ast-global-color-4)","background-image":"","background-repeat":"repeat","background-position":"center center","background-size":"auto","background-attachment":"scroll","background-type":"","background-media":"","overlay-type":"","overlay-color":"","overlay-opacity":"","overlay-gradient":""},"tablet":{"background-color":"var(--ast-global-color-4)","background-image":"","background-repeat":"repeat","background-position":"center center","background-size":"auto","background-attachment":"scroll","background-type":"","background-media":"","overlay-type":"","overlay-color":"","overlay-opacity":"","overlay-gradient":""},"mobile":{"background-color":"var(--ast-global-color-4)","background-image":"","background-repeat":"repeat","background-position":"center center","background-size":"auto","background-attachment":"scroll","background-type":"","background-media":"","overlay-type":"","overlay-color":"","overlay-opacity":"","overlay-gradient":""}},"footnotes":""},"class_list":["post-5845","page","type-page","status-publish","hentry"],"_links":{"self":[{"href":"https:\/\/txjpcba.com\/it\/wp-json\/wp\/v2\/pages\/5845","targetHints":{"allow":["GET"]}}],"collection":[{"href":"https:\/\/txjpcba.com\/it\/wp-json\/wp\/v2\/pages"}],"about":[{"href":"https:\/\/txjpcba.com\/it\/wp-json\/wp\/v2\/types\/page"}],"author":[{"embeddable":true,"href":"https:\/\/txjpcba.com\/it\/wp-json\/wp\/v2\/users\/1"}],"replies":[{"embeddable":true,"href":"https:\/\/txjpcba.com\/it\/wp-json\/wp\/v2\/comments?post=5845"}],"version-history":[{"count":15,"href":"https:\/\/txjpcba.com\/it\/wp-json\/wp\/v2\/pages\/5845\/revisions"}],"predecessor-version":[{"id":5863,"href":"https:\/\/txjpcba.com\/it\/wp-json\/wp\/v2\/pages\/5845\/revisions\/5863"}],"wp:attachment":[{"href":"https:\/\/txjpcba.com\/it\/wp-json\/wp\/v2\/media?parent=5845"}],"curies":[{"name":"wp","href":"https:\/\/api.w.org\/{rel}","templated":true}]}}