{"id":5371,"date":"2026-04-18T16:00:40","date_gmt":"2026-04-18T08:00:40","guid":{"rendered":"https:\/\/txjpcba.com\/?page_id=5371"},"modified":"2026-04-19T00:27:51","modified_gmt":"2026-04-18T16:27:51","slug":"pcb-standard","status":"publish","type":"page","link":"https:\/\/txjpcba.com\/it\/pcb-standard\/","title":{"rendered":"PCB standard"},"content":{"rendered":"<div data-elementor-type=\"wp-page\" data-elementor-id=\"5371\" class=\"elementor elementor-5371\" data-elementor-post-type=\"page\">\n\t\t\t\t<div class=\"elementor-element elementor-element-26250b35 e-flex e-con-boxed e-con e-parent\" data-id=\"26250b35\" data-element_type=\"container\">\n\t\t\t\t\t<div class=\"e-con-inner\">\n\t\t\t\t<div class=\"elementor-element elementor-element-1f28d18 elementor-widget elementor-widget-heading\" data-id=\"1f28d18\" data-element_type=\"widget\" data-widget_type=\"heading.default\">\n\t\t\t\t<div class=\"elementor-widget-container\">\n\t\t\t\t\t<h1 class=\"elementor-heading-title elementor-size-default\">PCB standard<\/h1>\t\t\t\t<\/div>\n\t\t\t\t<\/div>\n\t\t\t\t<div class=\"elementor-element elementor-element-4a543fca elementor-widget elementor-widget-text-editor\" data-id=\"4a543fca\" data-element_type=\"widget\" data-widget_type=\"text-editor.default\">\n\t\t\t\t<div class=\"elementor-widget-container\">\n\t\t\t\t\t\t\t\t\t<p>Here at TXJPCBA, Standard PCB service refers to full feature printed circuit board manufacturing service. With 10+ years&#8217; experience in PCB fabrication, we have handled hundreds of thousands of PCB projects, and covered almost all kinds of substrate materials including FR4 Standard, Aluminum, Rogers, etc. This page only touches standard FR4 based PCB. For PCBs with special technical substrate, please refer to corresponding webpages for information.<\/p><p style=\"text-align: center;\"><a class=\"btn-quote\" href=\"https:\/\/txjpcba.com\/it\/ottenere-un-preventivo-per-la-produzione-di-pcb\/\" target=\"_blank\" rel=\"noopener noreferrer\">Richiedi un preventivo per la produzione di PCB<br \/><span class=\"arrow\">\u203a<\/span><br \/><\/a><\/p><p>A differenza del servizio Prototype PCB, il nostro servizio Standard PCB ha tolleranze di produzione pi\u00f9 strette. I due articoli seguenti vi forniranno informazioni sufficienti su questi due servizi, sulla loro introduzione e sulle loro differenze:<\/p><ul><li>\u00a0Confronto tra i servizi di produzione di prototipi di PCB e di PCB standard<\/li><li>\u00a0Quando utilizzare il servizio di prototipazione PCB e quando passare al servizio PCB standard<\/li><\/ul><p>Si consiglia di utilizzare il servizio Standard PCB quando il vostro progetto \u00e8 pronto per passare dalla fase di prototipo a quella di produzione. Possiamo produrre fino a 10 milioni di pezzi di PCB di alta qualit\u00e0 in soli 2 giorni. Per dotare il vostro progetto delle funzioni previste e di maggiori possibilit\u00e0, offriamo caratteristiche avanzate per i servizi Standard PCB. Le capacit\u00e0 complete sono riportate nella tabella seguente:<\/p><table><tbody><tr class=\"firstRow\"><td bgcolor=\"#2baf75\">Caratteristica<\/td><td bgcolor=\"#2baf75\">Capacit\u00e0<\/td><\/tr><tr><td>Grado di qualit\u00e0<\/td><td>Standard IPC 2<\/td><\/tr><tr><td>Numero di strati<\/td><td>1 - 32 lettori<\/td><\/tr><tr><td>Quantit\u00e0 d'ordine<\/td><td>1pc - 10.000.000 di pezzi<\/td><\/tr><tr><td>Tempo di costruzione<\/td><td>2 giorni - 5 settimane (servizio rapido)<\/td><\/tr><tr><td>Materiale<\/td><td>FR-4 Standard Tg 150\u00b0C, FR4-High Tg 170\u00b0C, FR4-High-Tg 180\u00b0C, FR4-Halogen-free, FR4-Halogen-free &amp; High-Tg<\/td><\/tr><tr><td>Dimensioni della scheda<\/td><td>Min 6*6mm | Max 600*700mm<\/td><\/tr><tr><td>Tolleranza sulle dimensioni della scheda<\/td><td>\u00b10,1 mm - \u00b10,3 mm<\/td><\/tr><tr><td>Spessore del pannello<\/td><td>0,4 mm - 3,2 mm<\/td><\/tr><tr><td>Tolleranza sullo spessore del pannello<\/td><td>\u00b10,1 mm - \u00b110%<\/td><\/tr><tr><td>Peso del rame<\/td><td>0,5 oz - 6,0 oz<\/td><\/tr><tr><td>Strato interno in rame Peso<\/td><td>0,5 oz - 2,0 oz<\/td><\/tr><tr><td>Tolleranza sullo spessore del rame<\/td><td>+0\u03bcm +20\u03bcm<\/td><\/tr><tr><td>Tracciamento\/spaziatura minima<\/td><td>3mil\/3mil<\/td><\/tr><tr><td>Lati della maschera di saldatura<\/td><td>Come da file<\/td><\/tr><tr><td>Colore della maschera di saldatura<\/td><td>Verde, bianco, blu, nero, rosso, giallo<\/td><\/tr><tr><td>Lati serigrafati<\/td><td>Come da file<\/td><\/tr><tr><td>Colore serigrafico<\/td><td>Bianco, blu, nero, rosso, giallo<\/td><\/tr><tr><td>Finitura superficiale<\/td><td>HASL - Livellamento a saldare ad aria calda<br \/>HASL senza piombo - RoHS<br \/>ENIG - Nichelatura elettrolitica\/Immersione oro - RoHS<br \/>ENEPIG- Nichel elettrolitico Palladio Immersione oro - RoHS<br \/>Argento per immersione - RoHS<br \/>Stagno per immersione - RoHS<br \/>OSP - Conservanti organici della saldabilit\u00e0 - RoHS<\/td><\/tr><tr><td>Anello anulare min.<\/td><td>3 milioni di euro<\/td><\/tr><tr><td>Diametro minimo del foro<\/td><td>6mil, 4mil trapano laser<\/td><\/tr><tr><td>Larghezza minima del taglio (NPTH)<\/td><td>0,8 mm<\/td><\/tr><tr><td>Tolleranza di dimensione del foro NPTH<\/td><td>\u00b1.002\u2033 (\u00b10,05 mm)<\/td><\/tr><tr><td>Larghezza minima del foro (PTH)<\/td><td>0,6 mm<\/td><\/tr><tr><td>Tolleranza di dimensione del foro PTH<\/td><td>\u00b1.003\u2033 (\u00b10.08mm) - \u00b14mil<\/td><\/tr><tr><td>Spessore di placcatura superficie\/foro<\/td><td>20\u03bcm - 30\u03bcm<\/td><\/tr><tr><td>Tolleranza SM (LPI)<\/td><td>.003\u2033 (0,075 mm)<\/td><\/tr><tr><td>Rapporto d'aspetto<\/td><td>1,10 (dimensione del foro: spessore del pannello)<\/td><\/tr><tr><td>Test<\/td><td>10V - 250V, sonda volante o dispositivo di prova<\/td><\/tr><tr><td>Tolleranza di impedenza<\/td><td>\u00b15% - \u00b110%<\/td><\/tr><tr><td>Passo SMD<\/td><td>0,2 mm (8mil)<\/td><\/tr><tr><td>Passo BGA<\/td><td>0,2 mm (8mil)<\/td><\/tr><tr><td>Smusso delle dita d'oro<\/td><td>20, 30, 45, 60<\/td><\/tr><tr><td>Altre tecniche<\/td><td>Dita d'oro<br \/>Fori ciechi e interrati<br \/>maschera di saldatura pelabile<br \/>Placcatura dei bordi<br \/>Maschera al carbonio<br \/>Nastro Kapton<br \/>Svasatura\/foro di svasatura<br \/>Mezzo taglio\/foro castellato<br \/>Foro a pressione<br \/>Via tesa\/coperta di resina<br \/>Via tappata\/riempita di resina<br \/>Via in pad<br \/>Test elettrico<\/td><\/tr><\/tbody><\/table><h2>Vantaggi rispetto al PCB standard con TXJPCBA<\/h2><p>TXJPCBA \u00e8 una soluzione di PCB chiavi in mano a servizio completo che pu\u00f2 gestire tutto, dal prototipo alla fabbricazione all'assemblaggio. Produciamo PCB standard di alta qualit\u00e0 da oltre 10 anni e siamo pienamente conformi agli standard di qualit\u00e0 ISO9001:2008. Tutti i nostri PCB standard sono conformi allo standard IPC2 e svolgiamo rigorosi test interni di garanzia della qualit\u00e0 per assicurare che la scheda che arriva alla vostra struttura sia quella su cui potete fare affidamento.<\/p><p>We offer <a href=\"https:\/\/txjpcba.com\/it\">PCB solutions<\/a> that fit your budget. You can order just a few prototype boards to test your design, and then place a bulk order for your standard PCBs to save even more money. We&amp;rsquo;ll give you a free instant quote so you&amp;rsquo;ll know just want to expect and so that you can plan accordingly. We also offer complete technical support from PCB experts. Call us up, chat online or email us with any questions, whichever is the most convenient for you. We&amp;rsquo;ll handle your concerns or questions as quickly as possible. We have obtained over 99 percent customer satisfaction rate, and as soon as you start ordering printed circuit boards from TXJPCBA, you&amp;rsquo;ll find out why.<\/p>\t\t\t\t\t\t\t\t<\/div>\n\t\t\t\t<\/div>\n\t\t\t\t\t<\/div>\n\t\t\t\t<\/div>\n\t\t\t\t<\/div>","protected":false},"excerpt":{"rendered":"<p>Standard PCB Here at TXJPCBA, Standard PCB service refers to full feature printed circuit board manufacturing service. With 10+ years&#8217; [&hellip;]<\/p>","protected":false},"author":1,"featured_media":0,"parent":0,"menu_order":0,"comment_status":"closed","ping_status":"closed","template":"elementor_header_footer","meta":{"site-sidebar-layout":"default","site-content-layout":"","ast-site-content-layout":"default","site-content-style":"default","site-sidebar-style":"default","ast-global-header-display":"","ast-banner-title-visibility":"","ast-main-header-display":"","ast-hfb-above-header-display":"","ast-hfb-below-header-display":"","ast-hfb-mobile-header-display":"","site-post-title":"","ast-breadcrumbs-content":"","ast-featured-img":"","footer-sml-layout":"","theme-transparent-header-meta":"default","adv-header-id-meta":"","stick-header-meta":"","header-above-stick-meta":"","header-main-stick-meta":"","header-below-stick-meta":"","astra-migrate-meta-layouts":"set","ast-page-background-enabled":"default","ast-page-background-meta":{"desktop":{"background-color":"var(--ast-global-color-5)","background-image":"","background-repeat":"repeat","background-position":"center center","background-size":"auto","background-attachment":"scroll","background-type":"","background-media":"","overlay-type":"","overlay-color":"","overlay-opacity":"","overlay-gradient":""},"tablet":{"background-color":"","background-image":"","background-repeat":"repeat","background-position":"center center","background-size":"auto","background-attachment":"scroll","background-type":"","background-media":"","overlay-type":"","overlay-color":"","overlay-opacity":"","overlay-gradient":""},"mobile":{"background-color":"","background-image":"","background-repeat":"repeat","background-position":"center center","background-size":"auto","background-attachment":"scroll","background-type":"","background-media":"","overlay-type":"","overlay-color":"","overlay-opacity":"","overlay-gradient":""}},"ast-content-background-meta":{"desktop":{"background-color":"var(--ast-global-color-4)","background-image":"","background-repeat":"repeat","background-position":"center center","background-size":"auto","background-attachment":"scroll","background-type":"","background-media":"","overlay-type":"","overlay-color":"","overlay-opacity":"","overlay-gradient":""},"tablet":{"background-color":"var(--ast-global-color-4)","background-image":"","background-repeat":"repeat","background-position":"center center","background-size":"auto","background-attachment":"scroll","background-type":"","background-media":"","overlay-type":"","overlay-color":"","overlay-opacity":"","overlay-gradient":""},"mobile":{"background-color":"var(--ast-global-color-4)","background-image":"","background-repeat":"repeat","background-position":"center center","background-size":"auto","background-attachment":"scroll","background-type":"","background-media":"","overlay-type":"","overlay-color":"","overlay-opacity":"","overlay-gradient":""}},"footnotes":""},"class_list":["post-5371","page","type-page","status-publish","hentry"],"_links":{"self":[{"href":"https:\/\/txjpcba.com\/it\/wp-json\/wp\/v2\/pages\/5371","targetHints":{"allow":["GET"]}}],"collection":[{"href":"https:\/\/txjpcba.com\/it\/wp-json\/wp\/v2\/pages"}],"about":[{"href":"https:\/\/txjpcba.com\/it\/wp-json\/wp\/v2\/types\/page"}],"author":[{"embeddable":true,"href":"https:\/\/txjpcba.com\/it\/wp-json\/wp\/v2\/users\/1"}],"replies":[{"embeddable":true,"href":"https:\/\/txjpcba.com\/it\/wp-json\/wp\/v2\/comments?post=5371"}],"version-history":[{"count":53,"href":"https:\/\/txjpcba.com\/it\/wp-json\/wp\/v2\/pages\/5371\/revisions"}],"predecessor-version":[{"id":5479,"href":"https:\/\/txjpcba.com\/it\/wp-json\/wp\/v2\/pages\/5371\/revisions\/5479"}],"wp:attachment":[{"href":"https:\/\/txjpcba.com\/it\/wp-json\/wp\/v2\/media?parent=5371"}],"curies":[{"name":"wp","href":"https:\/\/api.w.org\/{rel}","templated":true}]}}