{"id":5887,"date":"2026-04-22T15:58:23","date_gmt":"2026-04-22T07:58:23","guid":{"rendered":"https:\/\/txjpcba.com\/?page_id=5887"},"modified":"2026-04-22T16:32:41","modified_gmt":"2026-04-22T08:32:41","slug":"circuit-imprime-sans-halogene","status":"publish","type":"page","link":"https:\/\/txjpcba.com\/fr\/circuit-imprime-sans-halogene\/","title":{"rendered":"Fabrication de circuits imprim\u00e9s sans halog\u00e8ne - Solutions \u00e9cologiques et conformes \u00e0 la directive RoHS"},"content":{"rendered":"<div data-elementor-type=\"wp-page\" data-elementor-id=\"5887\" class=\"elementor elementor-5887\" data-elementor-post-type=\"page\">\n\t\t\t\t<div class=\"elementor-element elementor-element-24d0b2e1 e-con-full e-flex e-con e-parent\" data-id=\"24d0b2e1\" data-element_type=\"container\" data-settings=\"{&quot;background_background&quot;:&quot;classic&quot;}\">\n\t\t\t\t<\/div>\n\t\t<div class=\"elementor-element elementor-element-596061a8 e-flex e-con-boxed e-con e-parent\" data-id=\"596061a8\" data-element_type=\"container\">\n\t\t\t\t\t<div class=\"e-con-inner\">\n\t\t\t\t<div class=\"elementor-element elementor-element-7a25b2bc elementor-widget elementor-widget-text-editor\" data-id=\"7a25b2bc\" data-element_type=\"widget\" data-widget_type=\"text-editor.default\">\n\t\t\t\t<div class=\"elementor-widget-container\">\n\t\t\t\t\t\t\t\t\t<h2>Fabrication de circuits imprim\u00e9s sans halog\u00e8ne<\/h2><p class=\"ds-markdown-paragraph\">Pour les fabricants d'\u00e9lectronique qui accordent la priorit\u00e9 \u00e0 la responsabilit\u00e9 environnementale et \u00e0 la conformit\u00e9 r\u00e9glementaire,\u00a0<strong>PCB sans halog\u00e8ne<\/strong>\u00a0sont devenus une sp\u00e9cification essentielle. Ces cartes sont fabriqu\u00e9es sans compos\u00e9s halog\u00e9n\u00e9s (chlore, brome, fluor, iode et astate), offrant ainsi une alternative plus s\u00fbre aux mat\u00e9riaux traditionnels des PCB sans compromettre les performances.<\/p><p align=\"center\"><a href=\"\/fr\/obtenir-un-devis-pour-la-fabrication-de-circuits-imprimes\/\"><button style=\"background: black; color: white; padding: 10px 20px; border: none; cursor: pointer;\">Obtenir un devis pour la fabrication de PCB<\/button><\/a><\/p><h4>L'importance de l'absence d'halog\u00e8ne Au-del\u00e0 de la conformit\u00e9<\/h4><p class=\"ds-markdown-paragraph\">Si les PCB traditionnels peuvent contenir des retardateurs de flamme halog\u00e9n\u00e9s, ces mat\u00e9riaux pr\u00e9sentent des risques pour l'environnement et la sant\u00e9 lors de leur \u00e9limination en fin de vie. Lorsqu'ils sont incin\u00e9r\u00e9s, les mat\u00e9riaux halog\u00e9n\u00e9s peuvent lib\u00e9rer des\u00a0<strong>dioxines<\/strong>\u00a0et d'autres sous-produits toxiques - des substances que l'EPA classe parmi les produits chimiques les plus dangereux connus.<\/p><p class=\"ds-markdown-paragraph\"><strong>Les principaux avantages du passage \u00e0 des PCB sans halog\u00e8ne sont les suivants :<\/strong><\/p><ul><li><p class=\"ds-markdown-paragraph\"><strong>R\u00e9duction de l'impact sur l'environnement :<\/strong>\u00a0Des processus d'\u00e9limination et de recyclage plus propres, sans d\u00e9gagement de gaz toxiques.<\/p><\/li><li><p class=\"ds-markdown-paragraph\"><strong>Am\u00e9lioration de la s\u00e9curit\u00e9 des travailleurs :<\/strong> Diminution du risque d'exposition aux fum\u00e9es nocives pendant la fabrication et le recyclage.<\/p><\/li><li><p class=\"ds-markdown-paragraph\"><strong>Alignement r\u00e9glementaire :<\/strong>\u00a0Conforme aux normes internationales strictes, y compris RoHS, WEEE et les directives de l'UE sur les substances dangereuses.<\/p><\/li><li><p class=\"ds-markdown-paragraph\"><strong>Soutien \u00e0 la responsabilit\u00e9 sociale des entreprises (RSE) :<\/strong>\u00a0Action concr\u00e8te pour les entreprises ayant des engagements environnementaux ou des gammes de produits verts.<\/p><\/li><\/ul><p class=\"ds-markdown-paragraph\">Il est important de noter que les circuits imprim\u00e9s sans halog\u00e8ne conviennent \u00e0 pratiquement toutes les applications pour lesquelles des circuits FR-4 standard sont utilis\u00e9s - de l'\u00e9lectronique grand public aux commandes industrielles - avec seulement des variations mineures dans les propri\u00e9t\u00e9s di\u00e9lectriques et thermiques.<\/p><h4>Sp\u00e9cifications des mat\u00e9riaux sans halog\u00e8ne<\/h4><p class=\"ds-markdown-paragraph\">Nous fabriquons des circuits imprim\u00e9s sans halog\u00e8ne \u00e0 l'aide de mat\u00e9riaux certifi\u00e9s respectueux de l'environnement. Nos substrats standard comprennent :<\/p><div class=\"ds-scroll-area ds-scroll-area--show-on-focus-within _1210dd7 c03cafe9\"><div class=\"ds-scroll-area__gutters\"><div class=\"ds-scroll-area__horizontal-gutter\">\u00a0<\/div><div class=\"ds-scroll-area__vertical-gutter\">\u00a0<\/div><\/div><table><thead><tr><th>Mat\u00e9riau<\/th><th>Tg (DSC, \u00b0C)<\/th><th>Td (Wt, \u00b0C)<\/th><th>CTE-z (ppm\/\u00b0C)<\/th><th>T260 (min)<\/th><th>T288 (min)<\/th><\/tr><\/thead><tbody><tr><td><strong>S1155 (FR-4)<\/strong><\/td><td>140<\/td><td>380<\/td><td>41<\/td><td>60<\/td><td>60<\/td><\/tr><tr><td><strong>S1165 (FR-4)<\/strong><\/td><td>170<\/td><td>360<\/td><td>40<\/td><td>60<\/td><td>15<\/td><\/tr><\/tbody><\/table><\/div><ul><li><p class=\"ds-markdown-paragraph\"><strong>Tg (temp\u00e9rature de transition du verre) :<\/strong>\u00a0Valeurs plus \u00e9lev\u00e9es (170\u00b0C) pour les applications exigeantes sur le plan thermique.<\/p><\/li><li><p class=\"ds-markdown-paragraph\"><strong>Td (temp\u00e9rature de d\u00e9composition) :<\/strong>\u00a0Indique la stabilit\u00e9 du mat\u00e9riau sous une chaleur extr\u00eame.<\/p><\/li><li><p class=\"ds-markdown-paragraph\"><strong>CTE-z (expansion de l'axe Z) :<\/strong>\u00a0Critique pour la fiabilit\u00e9 des trous traversants plaqu\u00e9s.<\/p><\/li><\/ul><h4>Capacit\u00e9s de fabrication de circuits imprim\u00e9s sans halog\u00e8ne<\/h4><div class=\"ds-scroll-area ds-scroll-area--show-on-focus-within _1210dd7 c03cafe9\"><div class=\"ds-scroll-area__gutters\"><div class=\"ds-scroll-area__horizontal-gutter\">\u00a0<\/div><div class=\"ds-scroll-area__vertical-gutter\">\u00a0<\/div><\/div><table><thead><tr><th>Fonctionnalit\u00e9<\/th><th>Capacit\u00e9<\/th><\/tr><\/thead><tbody><tr><td><strong>Niveau de qualit\u00e9<\/strong><\/td><td>IPC Classe 2 (Classe 3 disponible pour haute fiabilit\u00e9)<\/td><\/tr><tr><td><strong>Nombre de couches<\/strong><\/td><td>2 - 24 couches<\/td><\/tr><tr><td><strong>Quantit\u00e9 command\u00e9e<\/strong><\/td><td>De 1 pi\u00e8ce (prototype) \u00e0 plus de 10 000 pi\u00e8ces (volume)<\/td><\/tr><tr><td><strong>D\u00e9lai d'ex\u00e9cution<\/strong><\/td><td>2 jours (quick-turn) \u00e0 5 semaines (constructions complexes)<\/td><\/tr><tr><td><strong>Options de mat\u00e9riaux<\/strong><\/td><td>S1150G, S1165 (FR-4 sans halog\u00e8ne)<\/td><\/tr><tr><td><strong>Taille du conseil d'administration<\/strong><\/td><td>Min 6mm x 6mm<\/td><td>Max 457mm x 610mm<\/td><\/tr><tr><td><strong>\u00c9paisseur du panneau<\/strong><\/td><td>0,4 mm - 6,5 mm<\/td><\/tr><tr><td><strong>Poids de cuivre fini<\/strong><\/td><td>0,5oz - 2,0oz<\/td><\/tr><tr><td><strong>Trace minimale\/espacement<\/strong><\/td><td>3mil \/ 3mil<\/td><\/tr><tr><td><strong>Couleurs des masques de soudure<\/strong><\/td><td>Vert, blanc, bleu, noir, rouge, jaune<\/td><\/tr><tr><td><strong>S\u00e9rigraphie Couleurs<\/strong><\/td><td>Blanc, noir, jaune<\/td><\/tr><tr><td><strong>Finitions de surface (RoHS)<\/strong><\/td><td>HASL, HASL sans plomb, ENIG, argent d'immersion, \u00e9tain d'immersion, OSP<\/td><\/tr><tr><td><strong>Anneau annulaire min.<\/strong><\/td><td>4 millions<\/td><\/tr><tr><td><strong>Diam\u00e8tre de per\u00e7age minimum<\/strong><\/td><td>6 millions<\/td><\/tr><tr><td><strong>Techniques avanc\u00e9es<\/strong><\/td><td>Doigts d'or, Vias aveugles\/enterr\u00e9es<\/td><\/tr><\/tbody><\/table><\/div><h4>Soutien technique pour votre conception \u00e9cologique<\/h4><p class=\"ds-markdown-paragraph\">La transition vers des mat\u00e9riaux sans halog\u00e8ne n\u00e9cessite un examen minutieux des propri\u00e9t\u00e9s thermiques et m\u00e9caniques. Notre \u00e9quipe d'ing\u00e9nieurs fournit :<\/p><ol start=\"1\"><li><p class=\"ds-markdown-paragraph\"><strong>Guide de s\u00e9lection des mat\u00e9riaux :<\/strong>\u00a0Vous ne savez pas si le S1155 ou le S1165 convient \u00e0 votre environnement d'exploitation ? Nous vous proposons des recommandations claires et comparatives.<\/p><\/li><li><p class=\"ds-markdown-paragraph\"><strong>DFM pour les stratifi\u00e9s sans halog\u00e8ne :<\/strong>\u00a0Nous ajustons les param\u00e8tres de fabrication pour tenir compte des diff\u00e9rences de fluidit\u00e9, d'adh\u00e9rence et d'aptitude au per\u00e7age par rapport \u00e0 la m\u00e9thode standard. <a href=\"https:\/\/txjpcba.com\/fr\/fr4-pcb\/\">FR-4<\/a>.<\/p><\/li><li><p class=\"ds-markdown-paragraph\"><strong>Documentation compl\u00e8te sur la tra\u00e7abilit\u00e9 :<\/strong>\u00a0Certificats de conformit\u00e9 v\u00e9rifiant la composition sans halog\u00e8ne pour vos dossiers de conformit\u00e9.<\/p><\/li><\/ol><h4>Obtenir un devis pour des PCB sans halog\u00e8ne<\/h4><p class=\"ds-markdown-paragraph\">Les PCB sans halog\u00e8ne peuvent faire l'objet d'un devis par le biais de notre syst\u00e8me de commande en ligne standard. Il suffit de soumettre vos fichiers Gerber et vos sp\u00e9cifications pour que notre syst\u00e8me calcule instantan\u00e9ment le prix. Pour les projets dont les exigences en mati\u00e8re de mat\u00e9riaux ou de performances ne figurent pas dans la liste, contactez directement notre \u00e9quipe d'ing\u00e9nieurs pour une consultation rapide.<\/p><p align=\"center\"><a href=\"\/fr\/obtenir-un-devis-pour-la-fabrication-de-circuits-imprimes\/\"><button style=\"background: black; color: white; padding: 8px 20px; border: none; cursor: pointer;\">Obtenir un devis pour la fabrication de PCB<\/button><\/a><\/p><p style=\"text-align: center;\">Vous travaillez sur des projets automobiles, industriels, IoT ou d'\u00e9lectronique grand public ?<br \/>Nous fournissons des services professionnels <a href=\"https:\/\/txjpcba.com\/fr\/assemblage-de-circuits-imprimes\/\">Services d'assemblage de circuits imprim\u00e9s<\/a> y compris <a href=\"https:\/\/txjpcba.com\/fr\/services-dassemblage-smt\/\">SMT<\/a>, Les solutions de gestion de l'information et de la communication, les solutions DIP et les solutions cl\u00e9s en main compl\u00e8tes.<\/p><p style=\"text-align: center;\">Envoyez-nous votre nomenclature, vos fichiers Gerber ou les exigences de votre projet et vous obtiendrez un devis rapide et pr\u00e9cis de la part de notre \u00e9quipe d'ing\u00e9nieurs.<\/p><p style=\"text-align: center;\">\u2714 NDA disponible \u2714 Devis rapide sous 24 heures \u2714 Usine certifi\u00e9e ISO \u2714 Service unique de PCB et PCBA<\/p>\t\t\t\t\t\t\t\t<\/div>\n\t\t\t\t<\/div>\n\t\t\t\t\t<\/div>\n\t\t\t\t<\/div>\n\t\t\t\t<\/div>","protected":false},"excerpt":{"rendered":"<p>Halogen-Free PCB Manufacturing For electronics manufacturers prioritizing environmental responsibility and regulatory compliance,\u00a0Halogen-Free PCBs\u00a0have become a critical specification. These boards are [&hellip;]<\/p>","protected":false},"author":1,"featured_media":0,"parent":0,"menu_order":0,"comment_status":"closed","ping_status":"closed","template":"","meta":{"site-sidebar-layout":"default","site-content-layout":"","ast-site-content-layout":"default","site-content-style":"default","site-sidebar-style":"default","ast-global-header-display":"","ast-banner-title-visibility":"","ast-main-header-display":"","ast-hfb-above-header-display":"","ast-hfb-below-header-display":"","ast-hfb-mobile-header-display":"","site-post-title":"","ast-breadcrumbs-content":"","ast-featured-img":"","footer-sml-layout":"","theme-transparent-header-meta":"default","adv-header-id-meta":"","stick-header-meta":"","header-above-stick-meta":"","header-main-stick-meta":"","header-below-stick-meta":"","astra-migrate-meta-layouts":"set","ast-page-background-enabled":"default","ast-page-background-meta":{"desktop":{"background-color":"var(--ast-global-color-5)","background-image":"","background-repeat":"repeat","background-position":"center center","background-size":"auto","background-attachment":"scroll","background-type":"","background-media":"","overlay-type":"","overlay-color":"","overlay-opacity":"","overlay-gradient":""},"tablet":{"background-color":"","background-image":"","background-repeat":"repeat","background-position":"center center","background-size":"auto","background-attachment":"scroll","background-type":"","background-media":"","overlay-type":"","overlay-color":"","overlay-opacity":"","overlay-gradient":""},"mobile":{"background-color":"","background-image":"","background-repeat":"repeat","background-position":"center center","background-size":"auto","background-attachment":"scroll","background-type":"","background-media":"","overlay-type":"","overlay-color":"","overlay-opacity":"","overlay-gradient":""}},"ast-content-background-meta":{"desktop":{"background-color":"var(--ast-global-color-4)","background-image":"","background-repeat":"repeat","background-position":"center center","background-size":"auto","background-attachment":"scroll","background-type":"","background-media":"","overlay-type":"","overlay-color":"","overlay-opacity":"","overlay-gradient":""},"tablet":{"background-color":"var(--ast-global-color-4)","background-image":"","background-repeat":"repeat","background-position":"center center","background-size":"auto","background-attachment":"scroll","background-type":"","background-media":"","overlay-type":"","overlay-color":"","overlay-opacity":"","overlay-gradient":""},"mobile":{"background-color":"var(--ast-global-color-4)","background-image":"","background-repeat":"repeat","background-position":"center center","background-size":"auto","background-attachment":"scroll","background-type":"","background-media":"","overlay-type":"","overlay-color":"","overlay-opacity":"","overlay-gradient":""}},"footnotes":""},"class_list":["post-5887","page","type-page","status-publish","hentry"],"_links":{"self":[{"href":"https:\/\/txjpcba.com\/fr\/wp-json\/wp\/v2\/pages\/5887","targetHints":{"allow":["GET"]}}],"collection":[{"href":"https:\/\/txjpcba.com\/fr\/wp-json\/wp\/v2\/pages"}],"about":[{"href":"https:\/\/txjpcba.com\/fr\/wp-json\/wp\/v2\/types\/page"}],"author":[{"embeddable":true,"href":"https:\/\/txjpcba.com\/fr\/wp-json\/wp\/v2\/users\/1"}],"replies":[{"embeddable":true,"href":"https:\/\/txjpcba.com\/fr\/wp-json\/wp\/v2\/comments?post=5887"}],"version-history":[{"count":10,"href":"https:\/\/txjpcba.com\/fr\/wp-json\/wp\/v2\/pages\/5887\/revisions"}],"predecessor-version":[{"id":5903,"href":"https:\/\/txjpcba.com\/fr\/wp-json\/wp\/v2\/pages\/5887\/revisions\/5903"}],"wp:attachment":[{"href":"https:\/\/txjpcba.com\/fr\/wp-json\/wp\/v2\/media?parent=5887"}],"curies":[{"name":"wp","href":"https:\/\/api.w.org\/{rel}","templated":true}]}}