{"id":5864,"date":"2026-04-22T15:45:48","date_gmt":"2026-04-22T07:45:48","guid":{"rendered":"https:\/\/txjpcba.com\/?page_id=5864"},"modified":"2026-04-22T15:51:56","modified_gmt":"2026-04-22T07:51:56","slug":"circuit-imprime-en-cuivre-lourd","status":"publish","type":"page","link":"https:\/\/txjpcba.com\/fr\/circuit-imprime-en-cuivre-lourd\/","title":{"rendered":"PCB en cuivre lourd"},"content":{"rendered":"<div data-elementor-type=\"wp-page\" data-elementor-id=\"5864\" class=\"elementor elementor-5864\" data-elementor-post-type=\"page\">\n\t\t\t\t<div class=\"elementor-element elementor-element-61ef4834 e-con-full e-flex e-con e-parent\" data-id=\"61ef4834\" data-element_type=\"container\" data-settings=\"{&quot;background_background&quot;:&quot;classic&quot;}\">\n\t\t\t\t<\/div>\n\t\t<div class=\"elementor-element elementor-element-2b5ec2ee e-flex e-con-boxed e-con e-parent\" data-id=\"2b5ec2ee\" data-element_type=\"container\">\n\t\t\t\t\t<div class=\"e-con-inner\">\n\t\t\t\t<div class=\"elementor-element elementor-element-3ec3b021 elementor-widget elementor-widget-text-editor\" data-id=\"3ec3b021\" data-element_type=\"widget\" data-widget_type=\"text-editor.default\">\n\t\t\t\t<div class=\"elementor-widget-container\">\n\t\t\t\t\t\t\t\t\t<h2>Fabrication de circuits imprim\u00e9s en cuivre lourd - Solutions de gestion thermique et de courant \u00e9lev\u00e9<\/h2>\n<p class=\"ds-markdown-paragraph\">Pour l'\u00e9lectronique de puissance, la distribution de courant \u00e9lev\u00e9 et les applications \u00e0 forte intensit\u00e9 thermique, les circuits imprim\u00e9s en cuivre standard de 1 oz ou 2 oz sont souvent insuffisants.\u00a0<strong>PCB en cuivre lourd<\/strong>\u00a0(\u00e9galement connus sous le nom de PCB \u00e0 cuivre \u00e9pais), g\u00e9n\u00e9ralement d\u00e9finis comme ayant\u00a0<strong>poids de cuivre fini de 4oz (140\u00b5m) ou plus<\/strong>, provide the robust solution required for demanding environments.<\/p>\n<p align=\"center\"><a href=\"\/fr\/obtenir-un-devis-pour-la-fabrication-de-circuits-imprimes\/\"><button style=\"background: black; color: white; padding: 10px 20px; border: none; cursor: pointer;\">Obtenir un devis pour la fabrication de PCB<\/button><\/a><\/p>\n\n<h4>Pourquoi choisir le cuivre lourd pour votre conception d'alimentation ?<\/h4>\n<p class=\"ds-markdown-paragraph\">Le passage \u00e0 une carte de circuit imprim\u00e9 en cuivre lourd est une d\u00e9cision d'ing\u00e9nierie motiv\u00e9e par des besoins de performance sp\u00e9cifiques. L'augmentation de la section de cuivre se traduit directement par plusieurs avantages cl\u00e9s :<\/p>\n\n<ul>\n \t<li>\n<p class=\"ds-markdown-paragraph\"><strong>Capacit\u00e9 de charge actuelle plus \u00e9lev\u00e9e :<\/strong>\u00a0Le principal avantage. Un trac\u00e9 en cuivre plus \u00e9pais peut conduire en toute s\u00e9curit\u00e9 un courant beaucoup plus important sans surchauffe, ce qui le rend essentiel pour les blocs d'alimentation, les onduleurs et les commandes industrielles.<\/p>\n<\/li>\n \t<li>\n<p class=\"ds-markdown-paragraph\"><strong>Gestion thermique sup\u00e9rieure :<\/strong>\u00a0Le cuivre lourd agit comme un diffuseur de chaleur int\u00e9gr\u00e9, dissipant efficacement la chaleur loin des composants critiques. Cela r\u00e9duit le besoin de dissipateurs de chaleur s\u00e9par\u00e9s et encombrants et am\u00e9liore la fiabilit\u00e9 \u00e0 long terme.<\/p>\n<\/li>\n \t<li>\n<p class=\"ds-markdown-paragraph\"><strong>R\u00e9sistance m\u00e9canique accrue :<\/strong>\u00a0Les points de connexion et les zones soumises \u00e0 de fortes contraintes b\u00e9n\u00e9ficient de l'ajout de cuivre, ce qui leur conf\u00e8re une plus grande r\u00e9sistance \u00e0 la fissuration ou \u00e0 l'endommagement lors de l'assemblage et de l'utilisation sur le terrain.<\/p>\n<\/li>\n \t<li>\n<p class=\"ds-markdown-paragraph\"><strong>Des conceptions compactes et l\u00e9g\u00e8res :<\/strong>\u00a0La fabrication avanc\u00e9e permet d'obtenir plusieurs poids de cuivre sur une seule couche. Cela permet aux concepteurs de placer des traces de courant \u00e9lev\u00e9 \u00e0 c\u00f4t\u00e9 de traces de signaux de faible puissance dans une empreinte globale plus petite, r\u00e9duisant ainsi la taille du produit.<\/p>\n<\/li>\n<\/ul>\n<h4>Capacit\u00e9s de fabrication de circuits imprim\u00e9s en cuivre lourd<\/h4>\n<p class=\"ds-markdown-paragraph\">La fabrication de cartes en cuivre \u00e9pais n\u00e9cessite des processus de gravure et de laminage sp\u00e9cialis\u00e9s. Les fabricants de circuits imprim\u00e9s standard ne sont souvent pas en mesure de respecter les tol\u00e9rances de trac\u00e9 et d'espace requises pour les cuivres \u00e9pais. Nos capacit\u00e9s \u00e9prouv\u00e9es pour le cuivre lourd sont d\u00e9taill\u00e9es ci-dessous :<\/p>\n\n<div class=\"ds-scroll-area ds-scroll-area--show-on-focus-within _1210dd7 c03cafe9\">\n<div class=\"ds-scroll-area__gutters\">\n<div class=\"ds-scroll-area__horizontal-gutter\"><\/div>\n<div class=\"ds-scroll-area__vertical-gutter\"><\/div>\n<\/div>\n<table>\n<thead>\n<tr>\n<th>Fonctionnalit\u00e9<\/th>\n<th>Capacit\u00e9<\/th>\n<\/tr>\n<\/thead>\n<tbody>\n<tr>\n<td><strong>Niveau de qualit\u00e9<\/strong><\/td>\n<td>IPC Classe 2 (Classe 3 disponible pour les applications \u00e0 haute fiabilit\u00e9)<\/td>\n<\/tr>\n<tr>\n<td><strong>Nombre de couches<\/strong><\/td>\n<td>2 - 24 couches<\/td>\n<\/tr>\n<tr>\n<td><strong>Quantit\u00e9 command\u00e9e<\/strong><\/td>\n<td>De 1 pi\u00e8ce prototype \u00e0 plus de 10 000 unit\u00e9s de production<\/td>\n<\/tr>\n<tr>\n<td><strong>D\u00e9lai d'ex\u00e9cution<\/strong><\/td>\n<td>2 jours (quick-turn) \u00e0 5 semaines (constructions complexes)<\/td>\n<\/tr>\n<tr>\n<td><strong>Mat\u00e9riau<\/strong><\/td>\n<td>FR-4 Standard (Tg 140\u00b0C) &amp; FR-4 High Tg (170\u00b0C)<\/td>\n<\/tr>\n<tr>\n<td><strong>Taille du conseil d'administration<\/strong><\/td>\n<td>Min 6mm x 6mm<\/td>\n<td>Max 457mm x 610mm<\/td>\n<\/tr>\n<tr>\n<td><strong>\u00c9paisseur du panneau<\/strong><\/td>\n<td>0,6 mm - 6,5 mm<\/td>\n<\/tr>\n<tr>\n<td><strong>Couche ext\u00e9rieure maximale Cuivre<\/strong><\/td>\n<td><strong>15oz (525\u00b5m)<\/strong>\u00a0termin\u00e9<\/td>\n<\/tr>\n<tr>\n<td><strong>Couche int\u00e9rieure maximale Cuivre<\/strong><\/td>\n<td><strong>12oz (420\u00b5m)<\/strong><\/td>\n<\/tr>\n<tr>\n<td><strong>Finitions de surface<\/strong><\/td>\n<td>HASL, HASL sans plomb, ENIG (tous RoHS)<\/td>\n<\/tr>\n<\/tbody>\n<\/table>\n<\/div>\n<p class=\"ds-markdown-paragraph\"><strong>Largeur et espacement critiques des traces pour le cuivre lourd :<\/strong><\/p>\n<p class=\"ds-markdown-paragraph\">Pour garantir la fabricabilit\u00e9, la g\u00e9om\u00e9trie du trac\u00e9 doit s'adapter au poids du cuivre. Vous trouverez ci-dessous nos r\u00e8gles de conception standard :<\/p>\n\n<div class=\"ds-scroll-area ds-scroll-area--show-on-focus-within _1210dd7 c03cafe9\">\n<div class=\"ds-scroll-area__gutters\">\n<div class=\"ds-scroll-area__horizontal-gutter\"><\/div>\n<div class=\"ds-scroll-area__vertical-gutter\"><\/div>\n<\/div>\n<table>\n<thead>\n<tr>\n<th>Poids du cuivre<\/th>\n<th><strong>Couches externes<\/strong>\u00a0(Trace\/Espace)<\/th>\n<th><strong>Couches internes<\/strong>\u00a0(Trace\/Espace)<\/th>\n<\/tr>\n<\/thead>\n<tbody>\n<tr>\n<td>4 oz<\/td>\n<td>9 mil \/ 9 mil<\/td>\n<td>8 mil \/ 12 mil<\/td>\n<\/tr>\n<tr>\n<td>5 oz<\/td>\n<td>11 mil \/ 11 mil<\/td>\n<td>10 mil \/ 14 mil<\/td>\n<\/tr>\n<tr>\n<td>6 oz<\/td>\n<td>13 mil \/ 13 mil<\/td>\n<td>12 mil \/ 16 mil<\/td>\n<\/tr>\n<tr>\n<td>12 oz<\/td>\n<td>20 mil \/ 32 mil<\/td>\n<td>20 mil \/ 32 mil<\/td>\n<\/tr>\n<tr>\n<td>15 oz<\/td>\n<td>32 mil \/ 40 mil<\/td>\n<td>(Ing\u00e9nieur de contact)<\/td>\n<\/tr>\n<\/tbody>\n<\/table>\n<\/div>\n<h4>Soutien technique pour votre projet de cuivre lourd<\/h4>\n<p class=\"ds-markdown-paragraph\">Le passage d'une conception au cuivre lourd n\u00e9cessite une certaine expertise. Nous fournissons une assistance technique directe pour vous aider \u00e0 \u00e9viter les reconceptions co\u00fbteuses :<\/p>\n\n<ol start=\"1\">\n \t<li>\n<p class=\"ds-markdown-paragraph\"><strong>Examen de la conception pour la fabrication (DFM) :<\/strong>\u00a0Nos ing\u00e9nieurs effectueront un contr\u00f4le DFM complet de vos fichiers, en se concentrant sp\u00e9cifiquement sur les r\u00e8gles de conception du cuivre lourd (trace\/espace, anneaux annulaires, rapports de forage).<\/p>\n<\/li>\n \t<li>\n<p class=\"ds-markdown-paragraph\"><strong>Guide de s\u00e9lection des mat\u00e9riaux :<\/strong>\u00a0Vous ne savez pas si le FR-4 standard ou le mat\u00e9riau High Tg est adapt\u00e9 \u00e0 vos besoins thermiques ? Nous vous proposons des conseils clairs, \u00e9tay\u00e9s par des donn\u00e9es.<\/p>\n<\/li>\n \t<li>\n<p class=\"ds-markdown-paragraph\"><strong>Support technique avanc\u00e9 :<\/strong>\u00a0Pour les exigences complexes, nous pouvons mettre en \u0153uvre des vias aveugles\/enfouis et des doigts d'or sur vos cartes en cuivre lourd.<\/p>\n<\/li>\n<\/ol>\n<h4>Obtenez un devis pour vos circuits imprim\u00e9s en cuivre lourd<\/h4>\n<p class=\"ds-markdown-paragraph\">Pour recevoir un devis d\u00e9taill\u00e9 pour votre projet de circuit imprim\u00e9 en cuivre lourd, veuillez soumettre vos fichiers Gerber et vos sp\u00e9cifications \u00e0 l'aide de notre syst\u00e8me de commande en ligne. Pour les conceptions pr\u00e9sentant des exigences uniques (par exemple, poids de cuivre &gt;15oz, mat\u00e9riaux sp\u00e9cialis\u00e9s), contactez directement notre \u00e9quipe d'ing\u00e9nieurs pour une consultation rapide.<\/p>\n<p align=\"center\"><a href=\"\/fr\/obtenir-un-devis-pour-la-fabrication-de-circuits-imprimes\/\"><button style=\"background: black; color: white; padding: 8px 20px; border: none; cursor: pointer;\">Obtenir un devis pour la fabrication de PCB<\/button><\/a><\/p>\n<p style=\"text-align: center;\">Vous travaillez sur des projets automobiles, industriels, IoT ou d'\u00e9lectronique grand public ?\nNous fournissons des services professionnels d'assemblage de circuits imprim\u00e9s, notamment des solutions SMT, DIP et des solutions compl\u00e8tes cl\u00e9 en main.<\/p>\n<p style=\"text-align: center;\">Envoyez-nous votre nomenclature, vos fichiers Gerber ou les exigences de votre projet et vous obtiendrez un devis rapide et pr\u00e9cis de la part de notre \u00e9quipe d'ing\u00e9nieurs.<\/p>\n<p style=\"text-align: center;\">\u2714 NDA disponible \u2714 Devis rapide sous 24 heures \u2714 Usine certifi\u00e9e ISO \u2714 Service unique de PCB et PCBA<\/p>\n\t\t\t\t\t\t\t\t<\/div>\n\t\t\t\t<\/div>\n\t\t\t\t\t<\/div>\n\t\t\t\t<\/div>\n\t\t\t\t<\/div>","protected":false},"excerpt":{"rendered":"<p>Heavy Copper PCB Manufacturing | High-Current &amp; Thermal Management Solutions For power electronics, high-current distribution, and thermal-intensive applications, standard 1oz [&hellip;]<\/p>","protected":false},"author":1,"featured_media":0,"parent":0,"menu_order":0,"comment_status":"closed","ping_status":"closed","template":"","meta":{"site-sidebar-layout":"default","site-content-layout":"","ast-site-content-layout":"default","site-content-style":"default","site-sidebar-style":"default","ast-global-header-display":"","ast-banner-title-visibility":"","ast-main-header-display":"","ast-hfb-above-header-display":"","ast-hfb-below-header-display":"","ast-hfb-mobile-header-display":"","site-post-title":"","ast-breadcrumbs-content":"","ast-featured-img":"","footer-sml-layout":"","theme-transparent-header-meta":"default","adv-header-id-meta":"","stick-header-meta":"","header-above-stick-meta":"","header-main-stick-meta":"","header-below-stick-meta":"","astra-migrate-meta-layouts":"set","ast-page-background-enabled":"default","ast-page-background-meta":{"desktop":{"background-color":"var(--ast-global-color-5)","background-image":"","background-repeat":"repeat","background-position":"center center","background-size":"auto","background-attachment":"scroll","background-type":"","background-media":"","overlay-type":"","overlay-color":"","overlay-opacity":"","overlay-gradient":""},"tablet":{"background-color":"","background-image":"","background-repeat":"repeat","background-position":"center center","background-size":"auto","background-attachment":"scroll","background-type":"","background-media":"","overlay-type":"","overlay-color":"","overlay-opacity":"","overlay-gradient":""},"mobile":{"background-color":"","background-image":"","background-repeat":"repeat","background-position":"center center","background-size":"auto","background-attachment":"scroll","background-type":"","background-media":"","overlay-type":"","overlay-color":"","overlay-opacity":"","overlay-gradient":""}},"ast-content-background-meta":{"desktop":{"background-color":"var(--ast-global-color-4)","background-image":"","background-repeat":"repeat","background-position":"center center","background-size":"auto","background-attachment":"scroll","background-type":"","background-media":"","overlay-type":"","overlay-color":"","overlay-opacity":"","overlay-gradient":""},"tablet":{"background-color":"var(--ast-global-color-4)","background-image":"","background-repeat":"repeat","background-position":"center center","background-size":"auto","background-attachment":"scroll","background-type":"","background-media":"","overlay-type":"","overlay-color":"","overlay-opacity":"","overlay-gradient":""},"mobile":{"background-color":"var(--ast-global-color-4)","background-image":"","background-repeat":"repeat","background-position":"center center","background-size":"auto","background-attachment":"scroll","background-type":"","background-media":"","overlay-type":"","overlay-color":"","overlay-opacity":"","overlay-gradient":""}},"footnotes":""},"class_list":["post-5864","page","type-page","status-publish","hentry"],"_links":{"self":[{"href":"https:\/\/txjpcba.com\/fr\/wp-json\/wp\/v2\/pages\/5864","targetHints":{"allow":["GET"]}}],"collection":[{"href":"https:\/\/txjpcba.com\/fr\/wp-json\/wp\/v2\/pages"}],"about":[{"href":"https:\/\/txjpcba.com\/fr\/wp-json\/wp\/v2\/types\/page"}],"author":[{"embeddable":true,"href":"https:\/\/txjpcba.com\/fr\/wp-json\/wp\/v2\/users\/1"}],"replies":[{"embeddable":true,"href":"https:\/\/txjpcba.com\/fr\/wp-json\/wp\/v2\/comments?post=5864"}],"version-history":[{"count":11,"href":"https:\/\/txjpcba.com\/fr\/wp-json\/wp\/v2\/pages\/5864\/revisions"}],"predecessor-version":[{"id":5878,"href":"https:\/\/txjpcba.com\/fr\/wp-json\/wp\/v2\/pages\/5864\/revisions\/5878"}],"wp:attachment":[{"href":"https:\/\/txjpcba.com\/fr\/wp-json\/wp\/v2\/media?parent=5864"}],"curies":[{"name":"wp","href":"https:\/\/api.w.org\/{rel}","templated":true}]}}