{"id":5817,"date":"2026-04-22T15:04:25","date_gmt":"2026-04-22T07:04:25","guid":{"rendered":"https:\/\/txjpcba.com\/?page_id=5817"},"modified":"2026-04-22T15:27:22","modified_gmt":"2026-04-22T07:27:22","slug":"approvisionnement-en-composants","status":"publish","type":"page","link":"https:\/\/txjpcba.com\/fr\/approvisionnement-en-composants\/","title":{"rendered":"Approvisionnement strat\u00e9gique en composants pour l'assemblage de circuits imprim\u00e9s"},"content":{"rendered":"<div data-elementor-type=\"wp-page\" data-elementor-id=\"5817\" class=\"elementor elementor-5817\" data-elementor-post-type=\"page\">\n\t\t\t\t<div class=\"elementor-element elementor-element-5f74448d e-con-full e-flex e-con e-parent\" data-id=\"5f74448d\" data-element_type=\"container\" data-settings=\"{&quot;background_background&quot;:&quot;classic&quot;}\">\n\t\t\t\t<\/div>\n\t\t<div class=\"elementor-element elementor-element-6817ac6d e-flex e-con-boxed e-con e-parent\" data-id=\"6817ac6d\" data-element_type=\"container\">\n\t\t\t\t\t<div class=\"e-con-inner\">\n\t\t\t\t<div class=\"elementor-element elementor-element-3efc5fa0 elementor-widget elementor-widget-text-editor\" data-id=\"3efc5fa0\" data-element_type=\"widget\" data-widget_type=\"text-editor.default\">\n\t\t\t\t<div class=\"elementor-widget-container\">\n\t\t\t\t\t\t\t\t\t<h2>Approvisionnement strat\u00e9gique en composants pour l'assemblage de circuits imprim\u00e9s - R\u00e9duire les risques et les p\u00e9nuries<\/h2><p class=\"ds-markdown-paragraph\">Dans le march\u00e9 volatile de l'\u00e9lectronique d'aujourd'hui, <strong>l'approvisionnement strat\u00e9gique en composants<\/strong>\u00a0est aussi critique que l'assemblage du circuit imprim\u00e9 lui-m\u00eame. Pour les \u00e9quipementiers, les startups et les \u00e9quipes d'ing\u00e9nieurs, l'obtention de composants authentiques et fiables, en particulier en cas de p\u00e9nurie mondiale, peut d\u00e9terminer le calendrier de lancement de votre produit.<\/p><p class=\"ds-markdown-paragraph\">Alors que de nombreux fabricants se concentrent uniquement sur la fabrication de cartes, un v\u00e9ritable fabricant de cartes \u00e0 puce est en mesure d'offrir un service de qualit\u00e9 \u00e0 ses clients.\u00a0<strong>partenaire cl\u00e9 en main<\/strong>\u00a0se diff\u00e9rencie par une solide gestion de l'approvisionnement en composants et de la cha\u00eene d'approvisionnement. Voici ce qu'un service professionnel d'approvisionnement en composants devrait apporter \u00e0 vos projets.<\/p><figure id=\"attachment_3666\" aria-describedby=\"caption-attachment-3666\" style=\"width: 365px\" class=\"wp-caption aligncenter\"><img fetchpriority=\"high\" decoding=\"async\" class=\"size-full wp-image-3666\" src=\"https:\/\/txjpcba.com\/wp-content\/uploads\/2026\/03\/pcb-components.jpg\" alt=\"Approvisionnement en composants \u00e9lectroniques\" width=\"365\" height=\"234\" srcset=\"https:\/\/txjpcba.com\/wp-content\/uploads\/2026\/03\/pcb-components.jpg 365w, https:\/\/txjpcba.com\/wp-content\/uploads\/2026\/03\/pcb-components-300x192.jpg 300w, https:\/\/txjpcba.com\/wp-content\/uploads\/2026\/03\/pcb-components-18x12.jpg 18w\" sizes=\"(max-width: 365px) 100vw, 365px\" \/><figcaption id=\"caption-attachment-3666\" class=\"wp-caption-text\">Approvisionnement en composants \u00e9lectroniques<\/figcaption><\/figure><h4>1.\u00a0<strong>Gestion proactive de la cha\u00eene d'approvisionnement<\/strong><\/h4><p class=\"ds-markdown-paragraph\">Une approche r\u00e9active de l'achat de pi\u00e8ces entra\u00eene des retards. Les fournisseurs de premier plan tirent parti\u00a0<strong>bases de donn\u00e9es d'inventaire en temps r\u00e9el<\/strong>\u00a0et des relations de longue date avec des distributeurs franchis\u00e9s (comme DigiKey, Mouser et Arrow) pour s'approvisionner en composants avant qu'ils n'arrivent sur le march\u00e9 libre. Il s'agit notamment d'identifier\u00a0<strong>difficile \u00e0 trouver (HTF)<\/strong>\u00a0et\u00a0<strong>fin de vie (EOL)<\/strong>\u00a0d\u00e8s le d\u00e9but de la phase de conception.<\/p><h4>2.\u00a0<strong>100% Authenticit\u00e9 et tra\u00e7abilit\u00e9<\/strong><\/h4><p class=\"ds-markdown-paragraph\">Les composants contrefaits constituent une menace croissante. Votre partenaire d'approvisionnement doit garantir\u00a0<strong>l'authenticit\u00e9<\/strong>\u00a0\u00e0 travers :<\/p><ul><li><p class=\"ds-markdown-paragraph\"><strong>Distributeurs agr\u00e9\u00e9s uniquement :<\/strong>\u00a0Pas de march\u00e9 gris ni de sources non fiables.<\/p><\/li><li><p class=\"ds-markdown-paragraph\"><strong>Tra\u00e7abilit\u00e9 compl\u00e8te :<\/strong>\u00a0Num\u00e9ros de lot, codes de date et certificats du fabricant pour chaque bobine.<\/p><\/li><li><p class=\"ds-markdown-paragraph\"><strong>Inspection visuelle et \u00e9lectrique :<\/strong>\u00a0D\u00e8s r\u00e9ception, les composants sont v\u00e9rifi\u00e9s par rapport aux sp\u00e9cifications.<\/p><\/li><\/ul><h4>3.\u00a0<strong>Assistance \u00e0 la conception pour la passation de march\u00e9s (DFP)<\/strong><\/h4><p class=\"ds-markdown-paragraph\">La meilleure fa\u00e7on d'\u00e9viter une p\u00e9nurie est de la concevoir. Votre CM devrait offrir\u00a0<strong>Examens du DFP<\/strong>, En outre, vous pouvez, avant de finaliser votre nomenclature, proposer d'autres pi\u00e8ces compatibles avec les broches ou des options d'approvisionnement multiple pour les composants critiques. Ce travail en amont permet d'\u00e9viter les modifications co\u00fbteuses de derni\u00e8re minute.<\/p><h4>4.\u00a0<strong>Mod\u00e8les d'approvisionnement flexibles<\/strong><\/h4><p class=\"ds-markdown-paragraph\">Un service professionnel soutient votre mod\u00e8le d'entreprise :<\/p><ul><li><p class=\"ds-markdown-paragraph\"><strong>Consigne :<\/strong>\u00a0Vous fournissez les pi\u00e8ces, nous les assemblons.<\/p><\/li><li><p class=\"ds-markdown-paragraph\"><strong>Partiellement cl\u00e9 en main :<\/strong>\u00a0Nous nous procurons les composants difficiles \u00e0 trouver, vous fournissez le reste.<\/p><\/li><li><p class=\"ds-markdown-paragraph\"><strong>Cl\u00e9 en main :<\/strong>\u00a0Nous g\u00e9rons 100% d'approvisionnement, des produits passifs aux circuits int\u00e9gr\u00e9s.<\/p><\/li><\/ul><h4>5.\u00a0<strong>Kitting et gestion des stocks<\/strong><\/h4><p class=\"ds-markdown-paragraph\">Au-del\u00e0 de l'achat, l'efficacit\u00e9\u00a0<strong>kitting<\/strong>-o\u00f9 les composants sont v\u00e9rifi\u00e9s, stock\u00e9s et pr\u00e9par\u00e9s en fonction de votre construction - r\u00e9duit les erreurs sur la cha\u00eene de montage. Certains partenaires proposent \u00e9galement\u00a0<strong>inventaire sous douane<\/strong>, Nous vous proposons de stocker vos pi\u00e8ces approuv\u00e9es pour plusieurs s\u00e9ries de production afin de bloquer les prix et les d\u00e9lais de livraison.<\/p><h4>Comment \u00e9valuer un partenaire d'approvisionnement en composants ?<\/h4><p class=\"ds-markdown-paragraph\">Avant de partager votre nomenclature, posez ces trois questions \u00e0 vos partenaires potentiels :<\/p><ol start=\"1\"><li><p class=\"ds-markdown-paragraph\">Quel est votre processus d'approvisionnement en composants EOL ou obsol\u00e8tes ?<\/p><\/li><li><p class=\"ds-markdown-paragraph\">Pouvez-vous fournir un certificat de conformit\u00e9 (CoC) du fabricant d'origine ?<\/p><\/li><li><p class=\"ds-markdown-paragraph\">Offrez-vous un d\u00e9lai de livraison garanti pour les composants enti\u00e8rement sourc\u00e9s ?<\/p><\/li><\/ol><p class=\"ds-markdown-paragraph\">Une strat\u00e9gie d'approvisionnement en composants ne consiste pas seulement \u00e0 acheter des pi\u00e8ces, mais aussi \u00e0\u00a0<strong>r\u00e9duire les risques tout au long du cycle de vie de votre production<\/strong>. Un partenariat avec un CM qui traite l'approvisionnement comme une discipline d'ing\u00e9nierie, et non comme une r\u00e9flexion logistique apr\u00e8s coup, garantit que votre prototype deviendra un produit fiable et \u00e9volutif.<\/p>\t\t\t\t\t\t\t\t<\/div>\n\t\t\t\t<\/div>\n\t\t\t\t\t<\/div>\n\t\t\t\t<\/div>\n\t\t\t\t<\/div>","protected":false},"excerpt":{"rendered":"<p>Strategic Component Sourcing for PCB Assembly | Mitigate Risk &amp; Shortages In today\u2019s volatile electronics market, strategic component sourcing\u00a0is as [&hellip;]<\/p>","protected":false},"author":1,"featured_media":0,"parent":0,"menu_order":0,"comment_status":"closed","ping_status":"closed","template":"","meta":{"site-sidebar-layout":"default","site-content-layout":"","ast-site-content-layout":"default","site-content-style":"default","site-sidebar-style":"default","ast-global-header-display":"","ast-banner-title-visibility":"","ast-main-header-display":"","ast-hfb-above-header-display":"","ast-hfb-below-header-display":"","ast-hfb-mobile-header-display":"","site-post-title":"","ast-breadcrumbs-content":"","ast-featured-img":"","footer-sml-layout":"","theme-transparent-header-meta":"default","adv-header-id-meta":"","stick-header-meta":"","header-above-stick-meta":"","header-main-stick-meta":"","header-below-stick-meta":"","astra-migrate-meta-layouts":"set","ast-page-background-enabled":"default","ast-page-background-meta":{"desktop":{"background-color":"var(--ast-global-color-5)","background-image":"","background-repeat":"repeat","background-position":"center center","background-size":"auto","background-attachment":"scroll","background-type":"","background-media":"","overlay-type":"","overlay-color":"","overlay-opacity":"","overlay-gradient":""},"tablet":{"background-color":"","background-image":"","background-repeat":"repeat","background-position":"center center","background-size":"auto","background-attachment":"scroll","background-type":"","background-media":"","overlay-type":"","overlay-color":"","overlay-opacity":"","overlay-gradient":""},"mobile":{"background-color":"","background-image":"","background-repeat":"repeat","background-position":"center center","background-size":"auto","background-attachment":"scroll","background-type":"","background-media":"","overlay-type":"","overlay-color":"","overlay-opacity":"","overlay-gradient":""}},"ast-content-background-meta":{"desktop":{"background-color":"var(--ast-global-color-4)","background-image":"","background-repeat":"repeat","background-position":"center center","background-size":"auto","background-attachment":"scroll","background-type":"","background-media":"","overlay-type":"","overlay-color":"","overlay-opacity":"","overlay-gradient":""},"tablet":{"background-color":"var(--ast-global-color-4)","background-image":"","background-repeat":"repeat","background-position":"center center","background-size":"auto","background-attachment":"scroll","background-type":"","background-media":"","overlay-type":"","overlay-color":"","overlay-opacity":"","overlay-gradient":""},"mobile":{"background-color":"var(--ast-global-color-4)","background-image":"","background-repeat":"repeat","background-position":"center center","background-size":"auto","background-attachment":"scroll","background-type":"","background-media":"","overlay-type":"","overlay-color":"","overlay-opacity":"","overlay-gradient":""}},"footnotes":""},"class_list":["post-5817","page","type-page","status-publish","hentry"],"_links":{"self":[{"href":"https:\/\/txjpcba.com\/fr\/wp-json\/wp\/v2\/pages\/5817","targetHints":{"allow":["GET"]}}],"collection":[{"href":"https:\/\/txjpcba.com\/fr\/wp-json\/wp\/v2\/pages"}],"about":[{"href":"https:\/\/txjpcba.com\/fr\/wp-json\/wp\/v2\/types\/page"}],"author":[{"embeddable":true,"href":"https:\/\/txjpcba.com\/fr\/wp-json\/wp\/v2\/users\/1"}],"replies":[{"embeddable":true,"href":"https:\/\/txjpcba.com\/fr\/wp-json\/wp\/v2\/comments?post=5817"}],"version-history":[{"count":21,"href":"https:\/\/txjpcba.com\/fr\/wp-json\/wp\/v2\/pages\/5817\/revisions"}],"predecessor-version":[{"id":5844,"href":"https:\/\/txjpcba.com\/fr\/wp-json\/wp\/v2\/pages\/5817\/revisions\/5844"}],"wp:attachment":[{"href":"https:\/\/txjpcba.com\/fr\/wp-json\/wp\/v2\/media?parent=5817"}],"curies":[{"name":"wp","href":"https:\/\/api.w.org\/{rel}","templated":true}]}}