{"id":5371,"date":"2026-04-18T16:00:40","date_gmt":"2026-04-18T08:00:40","guid":{"rendered":"https:\/\/txjpcba.com\/?page_id=5371"},"modified":"2026-04-19T00:27:51","modified_gmt":"2026-04-18T16:27:51","slug":"circuit-imprime-standard","status":"publish","type":"page","link":"https:\/\/txjpcba.com\/fr\/circuit-imprime-standard\/","title":{"rendered":"PCB standard"},"content":{"rendered":"<div data-elementor-type=\"wp-page\" data-elementor-id=\"5371\" class=\"elementor elementor-5371\" data-elementor-post-type=\"page\">\n\t\t\t\t<div class=\"elementor-element elementor-element-26250b35 e-flex e-con-boxed e-con e-parent\" data-id=\"26250b35\" data-element_type=\"container\">\n\t\t\t\t\t<div class=\"e-con-inner\">\n\t\t\t\t<div class=\"elementor-element elementor-element-1f28d18 elementor-widget elementor-widget-heading\" data-id=\"1f28d18\" data-element_type=\"widget\" data-widget_type=\"heading.default\">\n\t\t\t\t<div class=\"elementor-widget-container\">\n\t\t\t\t\t<h1 class=\"elementor-heading-title elementor-size-default\">PCB standard<\/h1>\t\t\t\t<\/div>\n\t\t\t\t<\/div>\n\t\t\t\t<div class=\"elementor-element elementor-element-4a543fca elementor-widget elementor-widget-text-editor\" data-id=\"4a543fca\" data-element_type=\"widget\" data-widget_type=\"text-editor.default\">\n\t\t\t\t<div class=\"elementor-widget-container\">\n\t\t\t\t\t\t\t\t\t<p>Here at TXJPCBA, Standard PCB service refers to full feature printed circuit board manufacturing service. With 10+ years&#8217; experience in PCB fabrication, we have handled hundreds of thousands of PCB projects, and covered almost all kinds of substrate materials including FR4 Standard, Aluminum, Rogers, etc. This page only touches standard FR4 based PCB. For PCBs with special technical substrate, please refer to corresponding webpages for information.<\/p><p style=\"text-align: center;\"><a class=\"btn-quote\" href=\"https:\/\/txjpcba.com\/fr\/obtenir-un-devis-pour-la-fabrication-de-circuits-imprimes\/\" target=\"_blank\" rel=\"noopener noreferrer\">Obtenir un devis pour la fabrication de PCB<br \/><span class=\"arrow\">\u203a<\/span><br \/><\/a><\/p><p>Contrairement au service Prototype PCB, notre service Standard PCB a des tol\u00e9rances de production plus strictes. Les deux articles suivants vous donneront suffisamment d'informations sur ces deux services, leur introduction et leurs diff\u00e9rences :<\/p><ul><li>\u00a0Comparaison des services de fabrication de prototypes de circuits imprim\u00e9s et de circuits imprim\u00e9s standard<\/li><li>\u00a0Quand utiliser le service de prototypage de circuits imprim\u00e9s et quand passer au service de circuits imprim\u00e9s standard ?<\/li><\/ul><p>Il est recommand\u00e9 d'utiliser le service PCB standard lorsque votre conception est pr\u00eate \u00e0 passer de la phase de prototype \u00e0 la phase de production. Nous pouvons fabriquer jusqu'\u00e0 10 millions de pi\u00e8ces de circuits imprim\u00e9s de haute qualit\u00e9 en seulement 2 jours. Afin de doter votre projet des fonctions attendues et de plus de possibilit\u00e9s, nous offrons des caract\u00e9ristiques avanc\u00e9es pour les services de PCB standard. Le tableau suivant pr\u00e9sente l'ensemble de nos capacit\u00e9s :<\/p><table><tbody><tr class=\"firstRow\"><td bgcolor=\"#2baf75\">Fonctionnalit\u00e9<\/td><td bgcolor=\"#2baf75\">Capacit\u00e9<\/td><\/tr><tr><td>Niveau de qualit\u00e9<\/td><td>Standard IPC 2<\/td><\/tr><tr><td>Nombre de couches<\/td><td>1 - 32 couches<\/td><\/tr><tr><td>Quantit\u00e9 command\u00e9e<\/td><td>1 pi\u00e8ce - 10 000 000 pi\u00e8ces<\/td><\/tr><tr><td>Temps de construction<\/td><td>2jours - 5semaines (Service acc\u00e9l\u00e9r\u00e9)<\/td><\/tr><tr><td>Mat\u00e9riau<\/td><td>FR-4 Standard Tg 150\u00b0C, FR4-High Tg 170\u00b0C, FR4-High-Tg 180\u00b0C, FR4-Halogen-free, FR4-Halogen-free &amp; High-Tg<\/td><\/tr><tr><td>Taille du conseil d'administration<\/td><td>Min 6*6mm | Max 600*700mm<\/td><\/tr><tr><td>Tol\u00e9rance sur la taille de la carte<\/td><td>\u00b10,1mm - \u00b10,3mm<\/td><\/tr><tr><td>\u00c9paisseur du panneau<\/td><td>0,4 mm - 3,2 mm<\/td><\/tr><tr><td>Tol\u00e9rance sur l'\u00e9paisseur du panneau<\/td><td>\u00b10,1mm - \u00b110%<\/td><\/tr><tr><td>Poids du cuivre<\/td><td>0,5oz - 6,0oz<\/td><\/tr><tr><td>Couche int\u00e9rieure Poids du cuivre<\/td><td>0,5oz - 2,0oz<\/td><\/tr><tr><td>Tol\u00e9rance sur l'\u00e9paisseur du cuivre<\/td><td>+0\u03bcm +20\u03bcm<\/td><\/tr><tr><td>Tra\u00e7age\/espacement minimal<\/td><td>3mil\/3mil<\/td><\/tr><tr><td>C\u00f4t\u00e9s du masque de soudure<\/td><td>Selon le dossier<\/td><\/tr><tr><td>Couleur du masque de soudure<\/td><td>Vert, blanc, bleu, noir, rouge, jaune<\/td><\/tr><tr><td>S\u00e9rigraphie C\u00f4t\u00e9s<\/td><td>Selon le dossier<\/td><\/tr><tr><td>S\u00e9rigraphie Couleur<\/td><td>Blanc, bleu, noir, rouge, jaune<\/td><\/tr><tr><td>Finition de la surface<\/td><td>HASL - Mise \u00e0 niveau de la soudure \u00e0 l'air chaud<br \/>HASL sans plomb - RoHS<br \/>ENIG - Nickle chimique\/Immersion Or - RoHS<br \/>ENEPIG- Nickel chimique Palladium chimique Immersion Or - RoHS<br \/>Argent par immersion - RoHS<br \/>Etain d'immersion - RoHS<br \/>OSP -Organic Solderability Preservatives (conservateurs de soudabilit\u00e9 organiques) - RoHS<\/td><\/tr><tr><td>Anneau annulaire min.<\/td><td>3 millions<\/td><\/tr><tr><td>Diam\u00e8tre minimal du trou de forage<\/td><td>6mil, 4mil-per\u00e7age au laser<\/td><\/tr><tr><td>Largeur minimale de la d\u00e9coupe (NPTH)<\/td><td>0,8 mm<\/td><\/tr><tr><td>Tol\u00e9rance sur la taille des trous NPTH<\/td><td>\u00b1.002\u2033 (\u00b10,05mm)<\/td><\/tr><tr><td>Largeur minimale du trou de la fente (PTH)<\/td><td>0,6 mm<\/td><\/tr><tr><td>PTH Tol\u00e9rance sur la taille des trous<\/td><td>\u00b1.003\u2033 (\u00b10.08mm) - \u00b14mil<\/td><\/tr><tr><td>\u00c9paisseur du placage de surface\/de trou<\/td><td>20\u03bcm - 30\u03bcm<\/td><\/tr><tr><td>Tol\u00e9rance SM (LPI)<\/td><td>.003\u2033 (0.075mm)<\/td><\/tr><tr><td>Rapport d'aspect<\/td><td>1,10 (taille du trou : \u00e9paisseur du panneau)<\/td><\/tr><tr><td>Test<\/td><td>10V - 250V, sonde volante ou dispositif d'essai<\/td><\/tr><tr><td>Tol\u00e9rance d'imp\u00e9dance<\/td><td>\u00b15% - \u00b110%<\/td><\/tr><tr><td>Pas SMD<\/td><td>0,2mm(8mil)<\/td><\/tr><tr><td>Pas du BGA<\/td><td>0,2mm(8mil)<\/td><\/tr><tr><td>Chanfrein des doigts d'or<\/td><td>20, 30, 45, 60<\/td><\/tr><tr><td>Autres techniques<\/td><td>Doigts d'or<br \/>Trous aveugles et enterr\u00e9s<br \/>masque de soudure pelable<br \/>Placage des bords<br \/>Masque de carbone<br \/>Ruban de Kapton<br \/>Fraise\/al\u00e9sage<br \/>Trou semi-d\u00e9coup\u00e9\/castell\u00e9<br \/>Trou d'ajustement \u00e0 la presse<br \/>Via sous tente\/couvert de r\u00e9sine<br \/>Via bouch\u00e9\/rempli de r\u00e9sine<br \/>Via in pad<br \/>Test \u00e9lectrique<\/td><\/tr><\/tbody><\/table><h2>Avantages du circuit imprim\u00e9 standard avec TXJPCBA<\/h2><p>TXJPCBA est un service complet de circuits imprim\u00e9s cl\u00e9s en main qui peut tout prendre en charge, du prototype \u00e0 la fabrication et \u00e0 l'assemblage. Nous fabriquons des circuits imprim\u00e9s standard de haute qualit\u00e9 depuis plus de 10 ans et sommes enti\u00e8rement conformes aux normes de qualit\u00e9 ISO9001:2008. Tous nos circuits imprim\u00e9s standard sont conformes \u00e0 la norme IPC2 et nous effectuons des tests d'assurance qualit\u00e9 internes stricts afin de garantir que le circuit imprim\u00e9 qui arrive sur votre site est un circuit sur lequel vous pouvez compter.<\/p><p>We offer <a href=\"https:\/\/txjpcba.com\/fr\">PCB solutions<\/a> that fit your budget. You can order just a few prototype boards to test your design, and then place a bulk order for your standard PCBs to save even more money. We&amp;rsquo;ll give you a free instant quote so you&amp;rsquo;ll know just want to expect and so that you can plan accordingly. We also offer complete technical support from PCB experts. Call us up, chat online or email us with any questions, whichever is the most convenient for you. We&amp;rsquo;ll handle your concerns or questions as quickly as possible. We have obtained over 99 percent customer satisfaction rate, and as soon as you start ordering printed circuit boards from TXJPCBA, you&amp;rsquo;ll find out why.<\/p>\t\t\t\t\t\t\t\t<\/div>\n\t\t\t\t<\/div>\n\t\t\t\t\t<\/div>\n\t\t\t\t<\/div>\n\t\t\t\t<\/div>","protected":false},"excerpt":{"rendered":"<p>Standard PCB Here at TXJPCBA, Standard PCB service refers to full feature printed circuit board manufacturing service. With 10+ years&#8217; [&hellip;]<\/p>","protected":false},"author":1,"featured_media":0,"parent":0,"menu_order":0,"comment_status":"closed","ping_status":"closed","template":"elementor_header_footer","meta":{"site-sidebar-layout":"default","site-content-layout":"","ast-site-content-layout":"default","site-content-style":"default","site-sidebar-style":"default","ast-global-header-display":"","ast-banner-title-visibility":"","ast-main-header-display":"","ast-hfb-above-header-display":"","ast-hfb-below-header-display":"","ast-hfb-mobile-header-display":"","site-post-title":"","ast-breadcrumbs-content":"","ast-featured-img":"","footer-sml-layout":"","theme-transparent-header-meta":"default","adv-header-id-meta":"","stick-header-meta":"","header-above-stick-meta":"","header-main-stick-meta":"","header-below-stick-meta":"","astra-migrate-meta-layouts":"set","ast-page-background-enabled":"default","ast-page-background-meta":{"desktop":{"background-color":"var(--ast-global-color-5)","background-image":"","background-repeat":"repeat","background-position":"center center","background-size":"auto","background-attachment":"scroll","background-type":"","background-media":"","overlay-type":"","overlay-color":"","overlay-opacity":"","overlay-gradient":""},"tablet":{"background-color":"","background-image":"","background-repeat":"repeat","background-position":"center center","background-size":"auto","background-attachment":"scroll","background-type":"","background-media":"","overlay-type":"","overlay-color":"","overlay-opacity":"","overlay-gradient":""},"mobile":{"background-color":"","background-image":"","background-repeat":"repeat","background-position":"center center","background-size":"auto","background-attachment":"scroll","background-type":"","background-media":"","overlay-type":"","overlay-color":"","overlay-opacity":"","overlay-gradient":""}},"ast-content-background-meta":{"desktop":{"background-color":"var(--ast-global-color-4)","background-image":"","background-repeat":"repeat","background-position":"center center","background-size":"auto","background-attachment":"scroll","background-type":"","background-media":"","overlay-type":"","overlay-color":"","overlay-opacity":"","overlay-gradient":""},"tablet":{"background-color":"var(--ast-global-color-4)","background-image":"","background-repeat":"repeat","background-position":"center center","background-size":"auto","background-attachment":"scroll","background-type":"","background-media":"","overlay-type":"","overlay-color":"","overlay-opacity":"","overlay-gradient":""},"mobile":{"background-color":"var(--ast-global-color-4)","background-image":"","background-repeat":"repeat","background-position":"center center","background-size":"auto","background-attachment":"scroll","background-type":"","background-media":"","overlay-type":"","overlay-color":"","overlay-opacity":"","overlay-gradient":""}},"footnotes":""},"class_list":["post-5371","page","type-page","status-publish","hentry"],"_links":{"self":[{"href":"https:\/\/txjpcba.com\/fr\/wp-json\/wp\/v2\/pages\/5371","targetHints":{"allow":["GET"]}}],"collection":[{"href":"https:\/\/txjpcba.com\/fr\/wp-json\/wp\/v2\/pages"}],"about":[{"href":"https:\/\/txjpcba.com\/fr\/wp-json\/wp\/v2\/types\/page"}],"author":[{"embeddable":true,"href":"https:\/\/txjpcba.com\/fr\/wp-json\/wp\/v2\/users\/1"}],"replies":[{"embeddable":true,"href":"https:\/\/txjpcba.com\/fr\/wp-json\/wp\/v2\/comments?post=5371"}],"version-history":[{"count":53,"href":"https:\/\/txjpcba.com\/fr\/wp-json\/wp\/v2\/pages\/5371\/revisions"}],"predecessor-version":[{"id":5479,"href":"https:\/\/txjpcba.com\/fr\/wp-json\/wp\/v2\/pages\/5371\/revisions\/5479"}],"wp:attachment":[{"href":"https:\/\/txjpcba.com\/fr\/wp-json\/wp\/v2\/media?parent=5371"}],"curies":[{"name":"wp","href":"https:\/\/api.w.org\/{rel}","templated":true}]}}