{"id":3349,"date":"2026-03-03T11:34:29","date_gmt":"2026-03-03T03:34:29","guid":{"rendered":"https:\/\/txjpcba.com\/?page_id=3349"},"modified":"2026-03-03T11:35:40","modified_gmt":"2026-03-03T03:35:40","slug":"plan-du-site","status":"publish","type":"page","link":"https:\/\/txjpcba.com\/fr\/plan-du-site\/","title":{"rendered":"Plan du site"},"content":{"rendered":"<div data-elementor-type=\"wp-page\" data-elementor-id=\"3349\" class=\"elementor elementor-3349\" data-elementor-post-type=\"page\">\n\t\t\t\t<div class=\"elementor-element elementor-element-41cfd56 e-flex e-con-boxed e-con e-parent\" data-id=\"41cfd56\" data-element_type=\"container\" data-e-type=\"container\">\n\t\t\t\t\t<div class=\"e-con-inner\">\n\t\t\t\t<div class=\"elementor-element elementor-element-5ec634c elementor-widget elementor-widget-sitemap\" data-id=\"5ec634c\" data-element_type=\"widget\" data-e-type=\"widget\" data-widget_type=\"sitemap.default\">\n\t\t\t\t<div class=\"elementor-widget-container\">\n\t\t\t\t\t<div class=\"elementor-sitemap-wrap\"><div class=\"elementor-sitemap-section\"><h2 class=\"elementor-sitemap-title elementor-sitemap-page-title\">Pages<\/h2><ul class=\"elementor-sitemap-list elementor-sitemap-page-list\"><li class=\"elementor-sitemap-item elementor-sitemap-item-page page_item page-item-6114 menu-item\"><a href=\"https:\/\/txjpcba.com\/fr\/gat-a-pcb-layout-quote\/\" class=\"elementor-sitemap-item elementor-sitemap-item-page menu-link\">Obtenir un devis pour la r\u00e9alisation d'un circuit imprim\u00e9<\/a><\/li><li class=\"elementor-sitemap-item elementor-sitemap-item-page page_item page-item-5925 menu-item\"><a href=\"https:\/\/txjpcba.com\/fr\/schema-de-circuit-imprime\/\" class=\"elementor-sitemap-item elementor-sitemap-item-page menu-link\">Disposition du circuit imprim\u00e9<\/a><\/li><li class=\"elementor-sitemap-item elementor-sitemap-item-page page_item page-item-5887 menu-item\"><a href=\"https:\/\/txjpcba.com\/fr\/circuit-imprime-sans-halogene\/\" class=\"elementor-sitemap-item elementor-sitemap-item-page menu-link\">Fabrication de circuits imprim\u00e9s sans halog\u00e8ne - Solutions \u00e9cologiques et conformes \u00e0 la directive RoHS<\/a><\/li><li class=\"elementor-sitemap-item elementor-sitemap-item-page page_item page-item-5864 menu-item\"><a href=\"https:\/\/txjpcba.com\/fr\/circuit-imprime-en-cuivre-lourd\/\" class=\"elementor-sitemap-item elementor-sitemap-item-page menu-link\">PCB en cuivre lourd<\/a><\/li><li class=\"elementor-sitemap-item elementor-sitemap-item-page page_item page-item-5845 menu-item\"><a href=\"https:\/\/txjpcba.com\/fr\/carte-a-haute-frequence-2\/\" class=\"elementor-sitemap-item elementor-sitemap-item-page menu-link\">Fabrication de circuits imprim\u00e9s \u00e0 haute fr\u00e9quence - S\u00e9lection des mat\u00e9riaux et contr\u00f4le de l'imp\u00e9dance<\/a><\/li><li class=\"elementor-sitemap-item elementor-sitemap-item-page page_item page-item-5817 menu-item\"><a href=\"https:\/\/txjpcba.com\/fr\/approvisionnement-en-composants\/\" class=\"elementor-sitemap-item elementor-sitemap-item-page menu-link\">Approvisionnement strat\u00e9gique en composants pour l'assemblage de circuits imprim\u00e9s<\/a><\/li><li class=\"elementor-sitemap-item elementor-sitemap-item-page page_item page-item-5656 menu-item\"><a href=\"https:\/\/txjpcba.com\/fr\/circuit-imprime-flexible-rigide-2\/\" class=\"elementor-sitemap-item elementor-sitemap-item-page menu-link\">Circuit imprim\u00e9 rigide et flexible<\/a><\/li><li class=\"elementor-sitemap-item elementor-sitemap-item-page page_item page-item-5598 menu-item\"><a href=\"https:\/\/txjpcba.com\/fr\/circuit-imprime-a-diodes-electroluminescentes\/\" class=\"elementor-sitemap-item elementor-sitemap-item-page menu-link\">PCB LED<\/a><\/li><li class=\"elementor-sitemap-item elementor-sitemap-item-page page_item page-item-5545 menu-item\"><a href=\"https:\/\/txjpcba.com\/fr\/circuit-imprime-flexible\/\" class=\"elementor-sitemap-item elementor-sitemap-item-page menu-link\">Circuit imprim\u00e9 flexible<\/a><\/li><li class=\"elementor-sitemap-item elementor-sitemap-item-page page_item page-item-5481 menu-item\"><a href=\"https:\/\/txjpcba.com\/fr\/hdi-pcb-2\/\" class=\"elementor-sitemap-item elementor-sitemap-item-page menu-link\">PCB HDI<\/a><\/li><li class=\"elementor-sitemap-item elementor-sitemap-item-page page_item page-item-5387 menu-item\"><a href=\"https:\/\/txjpcba.com\/fr\/obtenir-un-devis-pour-la-fabrication-de-circuits-imprimes\/\" class=\"elementor-sitemap-item elementor-sitemap-item-page menu-link\">Obtenir un devis pour la fabrication de PCB<\/a><\/li><li class=\"elementor-sitemap-item elementor-sitemap-item-page page_item page-item-5371 menu-item\"><a href=\"https:\/\/txjpcba.com\/fr\/fr4-pcb\/\" class=\"elementor-sitemap-item elementor-sitemap-item-page menu-link\">PCB FR4<\/a><\/li><li class=\"elementor-sitemap-item elementor-sitemap-item-page page_item page-item-4958 menu-item\"><a href=\"https:\/\/txjpcba.com\/fr\/services-de-fabrication-de-produits-electroniques\/\" class=\"elementor-sitemap-item elementor-sitemap-item-page menu-link\">Services de fabrication de produits \u00e9lectroniques<\/a><\/li><li class=\"elementor-sitemap-item elementor-sitemap-item-page page_item page-item-4014 menu-item\"><a href=\"https:\/\/txjpcba.com\/fr\/fabricant-de-pcba\/\" class=\"elementor-sitemap-item elementor-sitemap-item-page menu-link\">Fabricant de PCBA<\/a><\/li><li class=\"elementor-sitemap-item elementor-sitemap-item-page page_item page-item-3948 menu-item\"><a href=\"https:\/\/txjpcba.com\/fr\/assemblage-de-circuits-imprimes-cle-en-main\/\" class=\"elementor-sitemap-item elementor-sitemap-item-page menu-link\">Assemblage de circuits imprim\u00e9s cl\u00e9s en main<\/a><\/li><li class=\"elementor-sitemap-item elementor-sitemap-item-page page_item page-item-3631 menu-item\"><a href=\"https:\/\/txjpcba.com\/fr\/assemblage-de-prototypes-de-circuits-imprimes\/\" class=\"elementor-sitemap-item elementor-sitemap-item-page menu-link\">Prototype d'assemblage de circuits imprim\u00e9s<\/a><\/li><li class=\"elementor-sitemap-item elementor-sitemap-item-page page_item page-item-3553 menu-item\"><a href=\"https:\/\/txjpcba.com\/fr\/nuage-de-tags\/\" class=\"elementor-sitemap-item elementor-sitemap-item-page menu-link\">Nuage de Tags<\/a><\/li><li class=\"elementor-sitemap-item elementor-sitemap-item-page page_item page-item-3349 menu-item\"><a href=\"https:\/\/txjpcba.com\/fr\/plan-du-site\/\" class=\"elementor-sitemap-item elementor-sitemap-item-page menu-link\">Plan du site<\/a><\/li><li class=\"elementor-sitemap-item elementor-sitemap-item-page page_item page-item-2807 menu-item\"><a href=\"https:\/\/txjpcba.com\/fr\/selecteur-de-langue\/\" class=\"elementor-sitemap-item elementor-sitemap-item-page menu-link\">S\u00e9lecteur de langue<\/a><\/li><li class=\"elementor-sitemap-item elementor-sitemap-item-page page_item page-item-2392 menu-item\"><a href=\"https:\/\/txjpcba.com\/fr\/fabrication-de-circuits-imprimes\/\" class=\"elementor-sitemap-item elementor-sitemap-item-page menu-link\">Fabrication de circuits imprim\u00e9s<\/a><\/li><li class=\"elementor-sitemap-item elementor-sitemap-item-page page_item page-item-2276 menu-item\"><a href=\"https:\/\/txjpcba.com\/fr\/obtenir-un-devis-pour-lassemblage-de-circuits-imprimes\/\" class=\"elementor-sitemap-item elementor-sitemap-item-page menu-link\">Obtenir un devis pour l'assemblage de circuits imprim\u00e9s<\/a><\/li><li class=\"elementor-sitemap-item elementor-sitemap-item-page page_item page-item-2243 menu-item\"><a href=\"https:\/\/txjpcba.com\/fr\/obtenir-un-devis-pour-un-revetement-conforme\/\" class=\"elementor-sitemap-item elementor-sitemap-item-page menu-link\">Obtenir un devis pour un rev\u00eatement conforme<\/a><\/li><li class=\"elementor-sitemap-item elementor-sitemap-item-page page_item page-item-2129 menu-item\"><a href=\"https:\/\/txjpcba.com\/fr\/obtenir-un-devis\/\" class=\"elementor-sitemap-item elementor-sitemap-item-page menu-link\">Obtenir un devis<\/a><\/li><li class=\"elementor-sitemap-item elementor-sitemap-item-page page_item page-item-1622 menu-item\"><a href=\"https:\/\/txjpcba.com\/fr\/revetement-conforme\/\" class=\"elementor-sitemap-item elementor-sitemap-item-page menu-link\">Rev\u00eatement conforme<\/a><\/li><li class=\"elementor-sitemap-item elementor-sitemap-item-page page_item page-item-905 menu-item\"><a href=\"https:\/\/txjpcba.com\/fr\/pcba\/\" class=\"elementor-sitemap-item elementor-sitemap-item-page menu-link\">PCBA<\/a><\/li><li class=\"elementor-sitemap-item elementor-sitemap-item-page page_item page-item-883 menu-item\"><a href=\"https:\/\/txjpcba.com\/fr\/merci\/\" class=\"elementor-sitemap-item elementor-sitemap-item-page menu-link\">Merci de votre attention<\/a><\/li><li class=\"elementor-sitemap-item elementor-sitemap-item-page page_item page-item-391 menu-item\"><a href=\"https:\/\/txjpcba.com\/fr\/assemblage-de-circuits-imprimes\/\" class=\"elementor-sitemap-item elementor-sitemap-item-page menu-link\">Assemblage du circuit imprim\u00e9<\/a><\/li><li class=\"elementor-sitemap-item elementor-sitemap-item-page page_item page-item-61 menu-item\"><a href=\"https:\/\/txjpcba.com\/fr\/pcba-oem-odm\/\" class=\"elementor-sitemap-item elementor-sitemap-item-page menu-link\">PCBA OEM\/ODM<\/a><\/li><li class=\"elementor-sitemap-item elementor-sitemap-item-page page_item page-item-59 menu-item\"><a href=\"https:\/\/txjpcba.com\/fr\/services-dassemblage-smt\/\" class=\"elementor-sitemap-item elementor-sitemap-item-page menu-link\">Services d'assemblage SMT<\/a><\/li><li class=\"elementor-sitemap-item elementor-sitemap-item-page page_item page-item-52 menu-item\"><a href=\"https:\/\/txjpcba.com\/fr\/contact\/\" class=\"elementor-sitemap-item elementor-sitemap-item-page menu-link\">Contact<\/a><\/li><li class=\"elementor-sitemap-item elementor-sitemap-item-page page_item page-item-50 menu-item\"><a href=\"https:\/\/txjpcba.com\/fr\/pcb-pcba-capacites\/\" class=\"elementor-sitemap-item elementor-sitemap-item-page menu-link\">Capacit\u00e9s de fabrication de PCB et PCBA<\/a><\/li><li class=\"elementor-sitemap-item elementor-sitemap-item-page page_item page-item-48 menu-item\"><a href=\"https:\/\/txjpcba.com\/fr\/services\/\" class=\"elementor-sitemap-item elementor-sitemap-item-page menu-link\">Services<\/a><\/li><li class=\"elementor-sitemap-item elementor-sitemap-item-page page_item page-item-46 menu-item\"><a href=\"https:\/\/txjpcba.com\/fr\/a-propos-de\/\" class=\"elementor-sitemap-item elementor-sitemap-item-page menu-link\">A propos de<\/a><\/li><li class=\"elementor-sitemap-item elementor-sitemap-item-page page_item page-item-12 menu-item\"><a href=\"https:\/\/txjpcba.com\/fr\" class=\"elementor-sitemap-item elementor-sitemap-item-page menu-link\">Accueil<\/a><\/li><li class=\"elementor-sitemap-item elementor-sitemap-item-page page_item page-item-3 menu-item\"><a href=\"https:\/\/txjpcba.com\/fr\/politique-de-confidentialite\/\" class=\"elementor-sitemap-item elementor-sitemap-item-page menu-link\">Politique de confidentialit\u00e9<\/a><\/li><\/ul><\/div><div class=\"elementor-sitemap-section\"><h2 class=\"elementor-sitemap-title elementor-sitemap-category-title\">Cat\u00e9gories<\/h2><ul class=\"elementor-sitemap-list elementor-sitemap-category-list\">\t<li class=\"elementor-sitemap-item elementor-sitemap-item-category cat-item cat-item-35\"><a href=\"https:\/\/txjpcba.com\/fr\/categorie\/pcb-pcba-connaissance\/\">CONNAISSANCE DES PCB\/PCBA<\/a>\n<\/li>\n\t<li class=\"elementor-sitemap-item elementor-sitemap-item-category cat-item cat-item-445\"><a href=\"https:\/\/txjpcba.com\/fr\/categorie\/faqs\/pcb-assembly-faqs\/\">FAQ sur l'assemblage des circuits imprim\u00e9s<\/a>\n<\/li>\n\t<li class=\"elementor-sitemap-item elementor-sitemap-item-category cat-item cat-item-71\"><a href=\"https:\/\/txjpcba.com\/fr\/categorie\/faqs\/\">FAQS<\/a>\n<\/li>\n\t<li class=\"elementor-sitemap-item elementor-sitemap-item-category cat-item cat-item-256\"><a href=\"https:\/\/txjpcba.com\/fr\/categorie\/faqs\/revetement-conforme\/\">FAQ sur le rev\u00eatement conforme<\/a>\n<\/li>\n\t<li class=\"elementor-sitemap-item elementor-sitemap-item-category cat-item cat-item-57\"><a href=\"https:\/\/txjpcba.com\/fr\/categorie\/blogs\/\">BLOGS<\/a>\n<\/li>\n<\/ul><\/div><\/div>\t\t\t\t<\/div>\n\t\t\t\t<\/div>\n\t\t\t\t\t<\/div>\n\t\t\t\t<\/div>\n\t\t\t\t<\/div>","protected":false},"excerpt":{"rendered":"","protected":false},"author":1,"featured_media":0,"parent":0,"menu_order":0,"comment_status":"closed","ping_status":"closed","template":"","meta":{"site-sidebar-layout":"no-sidebar","site-content-layout":"","ast-site-content-layout":"full-width-container","site-content-style":"default","site-sidebar-style":"default","ast-global-header-display":"","ast-banner-title-visibility":"","ast-main-header-display":"","ast-hfb-above-header-display":"","ast-hfb-below-header-display":"","ast-hfb-mobile-header-display":"","site-post-title":"disabled","ast-breadcrumbs-content":"","ast-featured-img":"disabled","footer-sml-layout":"","ast-disable-related-posts":"","theme-transparent-header-meta":"default","adv-header-id-meta":"","stick-header-meta":"","header-above-stick-meta":"","header-main-stick-meta":"","header-below-stick-meta":"","astra-migrate-meta-layouts":"set","ast-page-background-enabled":"default","ast-page-background-meta":{"desktop":{"background-color":"var(--ast-global-color-5)","background-image":"","background-repeat":"repeat","background-position":"center center","background-size":"auto","background-attachment":"scroll","background-type":"","background-media":"","overlay-type":"","overlay-color":"","overlay-opacity":"","overlay-gradient":""},"tablet":{"background-color":"","background-image":"","background-repeat":"repeat","background-position":"center center","background-size":"auto","background-attachment":"scroll","background-type":"","background-media":"","overlay-type":"","overlay-color":"","overlay-opacity":"","overlay-gradient":""},"mobile":{"background-color":"","background-image":"","background-repeat":"repeat","background-position":"center center","background-size":"auto","background-attachment":"scroll","background-type":"","background-media":"","overlay-type":"","overlay-color":"","overlay-opacity":"","overlay-gradient":""}},"ast-content-background-meta":{"desktop":{"background-color":"var(--ast-global-color-4)","background-image":"","background-repeat":"repeat","background-position":"center center","background-size":"auto","background-attachment":"scroll","background-type":"","background-media":"","overlay-type":"","overlay-color":"","overlay-opacity":"","overlay-gradient":""},"tablet":{"background-color":"var(--ast-global-color-4)","background-image":"","background-repeat":"repeat","background-position":"center center","background-size":"auto","background-attachment":"scroll","background-type":"","background-media":"","overlay-type":"","overlay-color":"","overlay-opacity":"","overlay-gradient":""},"mobile":{"background-color":"var(--ast-global-color-4)","background-image":"","background-repeat":"repeat","background-position":"center center","background-size":"auto","background-attachment":"scroll","background-type":"","background-media":"","overlay-type":"","overlay-color":"","overlay-opacity":"","overlay-gradient":""}},"footnotes":""},"class_list":["post-3349","page","type-page","status-publish","hentry"],"_links":{"self":[{"href":"https:\/\/txjpcba.com\/fr\/wp-json\/wp\/v2\/pages\/3349","targetHints":{"allow":["GET"]}}],"collection":[{"href":"https:\/\/txjpcba.com\/fr\/wp-json\/wp\/v2\/pages"}],"about":[{"href":"https:\/\/txjpcba.com\/fr\/wp-json\/wp\/v2\/types\/page"}],"author":[{"embeddable":true,"href":"https:\/\/txjpcba.com\/fr\/wp-json\/wp\/v2\/users\/1"}],"replies":[{"embeddable":true,"href":"https:\/\/txjpcba.com\/fr\/wp-json\/wp\/v2\/comments?post=3349"}],"version-history":[{"count":4,"href":"https:\/\/txjpcba.com\/fr\/wp-json\/wp\/v2\/pages\/3349\/revisions"}],"predecessor-version":[{"id":3353,"href":"https:\/\/txjpcba.com\/fr\/wp-json\/wp\/v2\/pages\/3349\/revisions\/3353"}],"wp:attachment":[{"href":"https:\/\/txjpcba.com\/fr\/wp-json\/wp\/v2\/media?parent=3349"}],"curies":[{"name":"wp","href":"https:\/\/api.w.org\/{rel}","templated":true}]}}