{"id":5887,"date":"2026-04-22T15:58:23","date_gmt":"2026-04-22T07:58:23","guid":{"rendered":"https:\/\/txjpcba.com\/?page_id=5887"},"modified":"2026-04-22T16:32:41","modified_gmt":"2026-04-22T08:32:41","slug":"pcb-libre-de-halogenos","status":"publish","type":"page","link":"https:\/\/txjpcba.com\/es\/pcb-libre-de-halogenos\/","title":{"rendered":"Fabricaci\u00f3n de placas de circuito impreso sin hal\u00f3genos | Soluciones ecol\u00f3gicas y conformes con RoHS"},"content":{"rendered":"<div data-elementor-type=\"wp-page\" data-elementor-id=\"5887\" class=\"elementor elementor-5887\" data-elementor-post-type=\"page\">\n\t\t\t\t<div class=\"elementor-element elementor-element-24d0b2e1 e-con-full e-flex e-con e-parent\" data-id=\"24d0b2e1\" data-element_type=\"container\" data-settings=\"{&quot;background_background&quot;:&quot;classic&quot;}\">\n\t\t\t\t<\/div>\n\t\t<div class=\"elementor-element elementor-element-596061a8 e-flex e-con-boxed e-con e-parent\" data-id=\"596061a8\" data-element_type=\"container\">\n\t\t\t\t\t<div class=\"e-con-inner\">\n\t\t\t\t<div class=\"elementor-element elementor-element-7a25b2bc elementor-widget elementor-widget-text-editor\" data-id=\"7a25b2bc\" data-element_type=\"widget\" data-widget_type=\"text-editor.default\">\n\t\t\t\t<div class=\"elementor-widget-container\">\n\t\t\t\t\t\t\t\t\t<h2>Fabricaci\u00f3n de placas de circuito impreso sin hal\u00f3genos<\/h2><p class=\"ds-markdown-paragraph\">Para los fabricantes de productos electr\u00f3nicos que dan prioridad a la responsabilidad medioambiental y el cumplimiento de la normativa,\u00a0<strong>PCB sin hal\u00f3genos<\/strong>\u00a0se han convertido en una especificaci\u00f3n cr\u00edtica. Estas placas se fabrican sin compuestos halogenados (cloro, bromo, fl\u00faor, yodo y astato), lo que ofrece una alternativa m\u00e1s segura a los materiales tradicionales de PCB sin comprometer el rendimiento.<\/p><p align=\"center\"><a href=\"\/es\/obtener-presupuesto-de-fabricacion-de-pcb\/\"><button style=\"background: black; color: white; padding: 10px 20px; border: none; cursor: pointer;\">Obtener presupuesto de fabricaci\u00f3n de PCB<\/button><\/a><\/p><h4>Por qu\u00e9 es importante la ausencia de hal\u00f3genos: M\u00e1s all\u00e1 de la conformidad<\/h4><p class=\"ds-markdown-paragraph\">Aunque los PCB tradicionales pueden contener retardantes de llama halogenados, estos materiales plantean riesgos para el medio ambiente y la salud durante su eliminaci\u00f3n al final de su vida \u00fatil. Cuando se incineran, los materiales halogenados pueden liberar\u00a0<strong>dioxinas<\/strong>\u00a0y otros subproductos t\u00f3xicos, sustancias que la EPA clasifica entre los productos qu\u00edmicos m\u00e1s peligrosos conocidos.<\/p><p class=\"ds-markdown-paragraph\"><strong>Las principales ventajas de cambiar a placas de circuito impreso sin hal\u00f3genos son:<\/strong><\/p><ul><li><p class=\"ds-markdown-paragraph\"><strong>Reducci\u00f3n del impacto ambiental:<\/strong>\u00a0Procesos de eliminaci\u00f3n y reciclado m\u00e1s limpios sin desprendimiento de gases t\u00f3xicos.<\/p><\/li><li><p class=\"ds-markdown-paragraph\"><strong>Mejora de la seguridad de los trabajadores:<\/strong> Menor riesgo de exposici\u00f3n a humos nocivos durante la fabricaci\u00f3n y el reciclado.<\/p><\/li><li><p class=\"ds-markdown-paragraph\"><strong>Alineaci\u00f3n normativa:<\/strong>\u00a0Cumple las estrictas normas mundiales, incluidas las directivas RoHS, WEEE y de la UE sobre sustancias peligrosas.<\/p><\/li><li><p class=\"ds-markdown-paragraph\"><strong>Apoyo a la responsabilidad social de las empresas (RSE):<\/strong>\u00a0Acci\u00f3n tangible para empresas con compromisos medioambientales o l\u00edneas de productos ecol\u00f3gicos.<\/p><\/li><\/ul><p class=\"ds-markdown-paragraph\">Es importante se\u00f1alar que las placas de circuito impreso sin hal\u00f3genos son adecuadas para pr\u00e1cticamente cualquier aplicaci\u00f3n en la que se utilicen placas FR-4 est\u00e1ndar -desde electr\u00f3nica de consumo hasta controles industriales-, con s\u00f3lo peque\u00f1as variaciones en las propiedades diel\u00e9ctricas y t\u00e9rmicas.<\/p><h4>Especificaciones del material sin hal\u00f3genos<\/h4><p class=\"ds-markdown-paragraph\">Fabricamos placas de circuito impreso sin hal\u00f3genos utilizando materiales ecol\u00f3gicos certificados. Nuestros sustratos est\u00e1ndar incluyen:<\/p><div class=\"ds-scroll-area ds-scroll-area--show-on-focus-within _1210dd7 c03cafe9\"><div class=\"ds-scroll-area__gutters\"><div class=\"ds-scroll-area__horizontal-gutter\">\u00a0<\/div><div class=\"ds-scroll-area__vertical-gutter\">\u00a0<\/div><\/div><table><thead><tr><th>Material<\/th><th>Tg (DSC, \u00b0C)<\/th><th>Td (peso, \u00b0C)<\/th><th>CTE-z (ppm\/\u00b0C)<\/th><th>T260 (min)<\/th><th>T288 (min)<\/th><\/tr><\/thead><tbody><tr><td><strong>S1155 (FR-4)<\/strong><\/td><td>140<\/td><td>380<\/td><td>41<\/td><td>60<\/td><td>60<\/td><\/tr><tr><td><strong>S1165 (FR-4)<\/strong><\/td><td>170<\/td><td>360<\/td><td>40<\/td><td>60<\/td><td>15<\/td><\/tr><\/tbody><\/table><\/div><ul><li><p class=\"ds-markdown-paragraph\"><strong>Tg (temperatura de transici\u00f3n v\u00edtrea):<\/strong>\u00a0Valores m\u00e1s altos (170\u00b0C) para aplicaciones t\u00e9rmicas exigentes.<\/p><\/li><li><p class=\"ds-markdown-paragraph\"><strong>Td (Temperatura de descomposici\u00f3n):<\/strong>\u00a0Indica la estabilidad del material en condiciones de calor extremo.<\/p><\/li><li><p class=\"ds-markdown-paragraph\"><strong>CTE-z (Expansi\u00f3n del eje Z):<\/strong>\u00a0Cr\u00edtico para la fiabilidad de los agujeros pasantes chapados.<\/p><\/li><\/ul><h4>Capacidad de fabricaci\u00f3n de placas de circuito impreso sin hal\u00f3genos<\/h4><div class=\"ds-scroll-area ds-scroll-area--show-on-focus-within _1210dd7 c03cafe9\"><div class=\"ds-scroll-area__gutters\"><div class=\"ds-scroll-area__horizontal-gutter\">\u00a0<\/div><div class=\"ds-scroll-area__vertical-gutter\">\u00a0<\/div><\/div><table><thead><tr><th>Caracter\u00edstica<\/th><th>Capacidad<\/th><\/tr><\/thead><tbody><tr><td><strong>Grado de calidad<\/strong><\/td><td>IPC Clase 2 (Clase 3 disponible para alta fiabilidad)<\/td><\/tr><tr><td><strong>N\u00famero de capas<\/strong><\/td><td>2 - 24 capas<\/td><\/tr><tr><td><strong>Cantidad del pedido<\/strong><\/td><td>De 1 pieza (prototipo) a m\u00e1s de 10.000 piezas (volumen)<\/td><\/tr><tr><td><strong>Plazos de entrega<\/strong><\/td><td>De 2 d\u00edas (entrega r\u00e1pida) a 5 semanas (construcciones complejas)<\/td><\/tr><tr><td><strong>Opciones de material<\/strong><\/td><td>S1150G, S1165 (FR-4 sin hal\u00f3genos)<\/td><\/tr><tr><td><strong>Tama\u00f1o del tablero<\/strong><\/td><td>M\u00ednimo 6mm x 6mm<\/td><td>M\u00e1x. 457 mm x 610 mm<\/td><\/tr><tr><td><strong>Grosor del tablero<\/strong><\/td><td>0,4 mm - 6,5 mm<\/td><\/tr><tr><td><strong>Peso de cobre acabado<\/strong><\/td><td>0,5 oz - 2,0 oz<\/td><\/tr><tr><td><strong>Trazo\/espacio m\u00ednimo<\/strong><\/td><td>3mil \/ 3mil<\/td><\/tr><tr><td><strong>Colores de la m\u00e1scara de soldadura<\/strong><\/td><td>Verde, Blanco, Azul, Negro, Rojo, Amarillo<\/td><\/tr><tr><td><strong>Colores de serigraf\u00eda<\/strong><\/td><td>Blanco, Negro, Amarillo<\/td><\/tr><tr><td><strong>Acabados superficiales (RoHS)<\/strong><\/td><td>HASL, HASL sin plomo, ENIG, Plata de inmersi\u00f3n, Esta\u00f1o de inmersi\u00f3n, OSP<\/td><\/tr><tr><td><strong>Anillo anular m\u00edn.<\/strong><\/td><td>4 millones<\/td><\/tr><tr><td><strong>Di\u00e1metro m\u00ednimo de perforaci\u00f3n<\/strong><\/td><td>6 millones<\/td><\/tr><tr><td><strong>T\u00e9cnicas avanzadas<\/strong><\/td><td>Dedos de oro, V\u00edas ciegas\/enterradas<\/td><\/tr><\/tbody><\/table><\/div><h4>Asistencia t\u00e9cnica para su dise\u00f1o ecol\u00f3gico<\/h4><p class=\"ds-markdown-paragraph\">La transici\u00f3n a materiales sin hal\u00f3genos requiere una cuidadosa consideraci\u00f3n de las propiedades t\u00e9rmicas y mec\u00e1nicas. Nuestro equipo de ingenier\u00eda ofrece:<\/p><ol start=\"1\"><li><p class=\"ds-markdown-paragraph\"><strong>Gu\u00eda para la selecci\u00f3n de materiales:<\/strong>\u00a0\u00bfNo est\u00e1 seguro de si S1155 o S1165 es lo m\u00e1s adecuado para su entorno operativo? Le ofrecemos recomendaciones claras y comparativas.<\/p><\/li><li><p class=\"ds-markdown-paragraph\"><strong>DFM para laminados sin hal\u00f3genos:<\/strong>\u00a0Ajustamos los par\u00e1metros de fabricaci\u00f3n para tener en cuenta las diferencias de fluidez, adherencia y perforabilidad en comparaci\u00f3n con los productos est\u00e1ndar. <a href=\"https:\/\/txjpcba.com\/es\/fr4-pcb\/\">FR-4<\/a>.<\/p><\/li><li><p class=\"ds-markdown-paragraph\"><strong>Documentaci\u00f3n completa de trazabilidad:<\/strong>\u00a0Certificados de conformidad que verifican la composici\u00f3n sin hal\u00f3genos para sus registros de conformidad.<\/p><\/li><\/ol><h4>Obtenga su presupuesto de PCB sin hal\u00f3genos<\/h4><p class=\"ds-markdown-paragraph\">Las placas de circuito impreso sin hal\u00f3genos pueden presupuestarse a trav\u00e9s de nuestro sistema est\u00e1ndar de pedidos en l\u00ednea. S\u00f3lo tiene que enviar los archivos Gerber y las especificaciones y nuestro sistema calcular\u00e1 el precio al instante. Para proyectos con materiales \u00fanicos o requisitos de rendimiento no incluidos en la lista, p\u00f3ngase en contacto directamente con nuestro equipo de ingenier\u00eda para una consulta r\u00e1pida.<\/p><p align=\"center\"><a href=\"\/es\/obtener-presupuesto-de-fabricacion-de-pcb\/\"><button style=\"background: black; color: white; padding: 8px 20px; border: none; cursor: pointer;\">Obtener presupuesto de fabricaci\u00f3n de PCB<\/button><\/a><\/p><p style=\"text-align: center;\">\u00bfTrabaja en proyectos de automoci\u00f3n, industria, IoT o electr\u00f3nica de consumo?<br \/>Ofrecemos servicios profesionales <a href=\"https:\/\/txjpcba.com\/es\/montaje-de-pcb\/\">Servicios de montaje de PCB<\/a> incluyendo <a href=\"https:\/\/txjpcba.com\/es\/servicios-de-montaje-de-smt\/\">SMT<\/a>, DIP y soluciones completas llave en mano.<\/p><p style=\"text-align: center;\">Env\u00edenos su lista de materiales, archivos Gerber o requisitos del proyecto y obtenga un presupuesto r\u00e1pido y preciso de nuestro equipo de ingenier\u00eda.<\/p><p style=\"text-align: center;\">\u2714 NDA disponible \u2714 Presupuesto r\u00e1pido en 24 horas \u2714 F\u00e1brica certificada ISO \u2714 Servicio integral de PCB y PCBA.<\/p>\t\t\t\t\t\t\t\t<\/div>\n\t\t\t\t<\/div>\n\t\t\t\t\t<\/div>\n\t\t\t\t<\/div>\n\t\t\t\t<\/div>","protected":false},"excerpt":{"rendered":"<p>Halogen-Free PCB Manufacturing For electronics manufacturers prioritizing environmental responsibility and regulatory compliance,\u00a0Halogen-Free PCBs\u00a0have become a critical specification. These boards are [&hellip;]<\/p>","protected":false},"author":1,"featured_media":0,"parent":0,"menu_order":0,"comment_status":"closed","ping_status":"closed","template":"","meta":{"site-sidebar-layout":"default","site-content-layout":"","ast-site-content-layout":"default","site-content-style":"default","site-sidebar-style":"default","ast-global-header-display":"","ast-banner-title-visibility":"","ast-main-header-display":"","ast-hfb-above-header-display":"","ast-hfb-below-header-display":"","ast-hfb-mobile-header-display":"","site-post-title":"","ast-breadcrumbs-content":"","ast-featured-img":"","footer-sml-layout":"","theme-transparent-header-meta":"default","adv-header-id-meta":"","stick-header-meta":"","header-above-stick-meta":"","header-main-stick-meta":"","header-below-stick-meta":"","astra-migrate-meta-layouts":"set","ast-page-background-enabled":"default","ast-page-background-meta":{"desktop":{"background-color":"var(--ast-global-color-5)","background-image":"","background-repeat":"repeat","background-position":"center center","background-size":"auto","background-attachment":"scroll","background-type":"","background-media":"","overlay-type":"","overlay-color":"","overlay-opacity":"","overlay-gradient":""},"tablet":{"background-color":"","background-image":"","background-repeat":"repeat","background-position":"center center","background-size":"auto","background-attachment":"scroll","background-type":"","background-media":"","overlay-type":"","overlay-color":"","overlay-opacity":"","overlay-gradient":""},"mobile":{"background-color":"","background-image":"","background-repeat":"repeat","background-position":"center center","background-size":"auto","background-attachment":"scroll","background-type":"","background-media":"","overlay-type":"","overlay-color":"","overlay-opacity":"","overlay-gradient":""}},"ast-content-background-meta":{"desktop":{"background-color":"var(--ast-global-color-4)","background-image":"","background-repeat":"repeat","background-position":"center center","background-size":"auto","background-attachment":"scroll","background-type":"","background-media":"","overlay-type":"","overlay-color":"","overlay-opacity":"","overlay-gradient":""},"tablet":{"background-color":"var(--ast-global-color-4)","background-image":"","background-repeat":"repeat","background-position":"center center","background-size":"auto","background-attachment":"scroll","background-type":"","background-media":"","overlay-type":"","overlay-color":"","overlay-opacity":"","overlay-gradient":""},"mobile":{"background-color":"var(--ast-global-color-4)","background-image":"","background-repeat":"repeat","background-position":"center center","background-size":"auto","background-attachment":"scroll","background-type":"","background-media":"","overlay-type":"","overlay-color":"","overlay-opacity":"","overlay-gradient":""}},"footnotes":""},"class_list":["post-5887","page","type-page","status-publish","hentry"],"_links":{"self":[{"href":"https:\/\/txjpcba.com\/es\/wp-json\/wp\/v2\/pages\/5887","targetHints":{"allow":["GET"]}}],"collection":[{"href":"https:\/\/txjpcba.com\/es\/wp-json\/wp\/v2\/pages"}],"about":[{"href":"https:\/\/txjpcba.com\/es\/wp-json\/wp\/v2\/types\/page"}],"author":[{"embeddable":true,"href":"https:\/\/txjpcba.com\/es\/wp-json\/wp\/v2\/users\/1"}],"replies":[{"embeddable":true,"href":"https:\/\/txjpcba.com\/es\/wp-json\/wp\/v2\/comments?post=5887"}],"version-history":[{"count":10,"href":"https:\/\/txjpcba.com\/es\/wp-json\/wp\/v2\/pages\/5887\/revisions"}],"predecessor-version":[{"id":5903,"href":"https:\/\/txjpcba.com\/es\/wp-json\/wp\/v2\/pages\/5887\/revisions\/5903"}],"wp:attachment":[{"href":"https:\/\/txjpcba.com\/es\/wp-json\/wp\/v2\/media?parent=5887"}],"curies":[{"name":"wp","href":"https:\/\/api.w.org\/{rel}","templated":true}]}}