{"id":5864,"date":"2026-04-22T15:45:48","date_gmt":"2026-04-22T07:45:48","guid":{"rendered":"https:\/\/txjpcba.com\/?page_id=5864"},"modified":"2026-04-22T15:51:56","modified_gmt":"2026-04-22T07:51:56","slug":"pcb-de-cobre-pesado","status":"publish","type":"page","link":"https:\/\/txjpcba.com\/es\/pcb-de-cobre-pesado\/","title":{"rendered":"PCB de cobre pesado"},"content":{"rendered":"<div data-elementor-type=\"wp-page\" data-elementor-id=\"5864\" class=\"elementor elementor-5864\" data-elementor-post-type=\"page\">\n\t\t\t\t<div class=\"elementor-element elementor-element-61ef4834 e-con-full e-flex e-con e-parent\" data-id=\"61ef4834\" data-element_type=\"container\" data-settings=\"{&quot;background_background&quot;:&quot;classic&quot;}\">\n\t\t\t\t<\/div>\n\t\t<div class=\"elementor-element elementor-element-2b5ec2ee e-flex e-con-boxed e-con e-parent\" data-id=\"2b5ec2ee\" data-element_type=\"container\">\n\t\t\t\t\t<div class=\"e-con-inner\">\n\t\t\t\t<div class=\"elementor-element elementor-element-3ec3b021 elementor-widget elementor-widget-text-editor\" data-id=\"3ec3b021\" data-element_type=\"widget\" data-widget_type=\"text-editor.default\">\n\t\t\t\t<div class=\"elementor-widget-container\">\n\t\t\t\t\t\t\t\t\t<h2>Fabricaci\u00f3n de PCB de cobre pesado | Soluciones de alta corriente y gesti\u00f3n t\u00e9rmica<\/h2>\n<p class=\"ds-markdown-paragraph\">Para la electr\u00f3nica de potencia, la distribuci\u00f3n de alta corriente y las aplicaciones t\u00e9rmicas intensivas, las placas de circuito impreso de cobre est\u00e1ndar de 1 \u00f3 2 onzas suelen ser insuficientes.\u00a0<strong>PCB de cobre pesado<\/strong>\u00a0(tambi\u00e9n conocidos como PCB de cobre grueso), que suelen definirse por tener\u00a0<strong>pesos de cobre acabado de 4oz (140\u00b5m) o m\u00e1s<\/strong>, proporcionan la soluci\u00f3n robusta necesaria para entornos exigentes.<\/p>\n<p align=\"center\"><a href=\"\/es\/obtener-presupuesto-de-fabricacion-de-pcb\/\"><button style=\"background: black; color: white; padding: 10px 20px; border: none; cursor: pointer;\">Obtener presupuesto de fabricaci\u00f3n de PCB<\/button><\/a><\/p>\n\n<h4>\u00bfPor qu\u00e9 elegir cobre pesado para su dise\u00f1o energ\u00e9tico?<\/h4>\n<p class=\"ds-markdown-paragraph\">La actualizaci\u00f3n a una placa de circuito impreso de cobre pesado es una decisi\u00f3n de ingenier\u00eda impulsada por necesidades espec\u00edficas de rendimiento. El aumento de la secci\u00f3n transversal de cobre se traduce directamente en varias ventajas clave:<\/p>\n\n<ul>\n \t<li>\n<p class=\"ds-markdown-paragraph\"><strong>Mayor capacidad de carga actual:<\/strong>\u00a0La principal ventaja. Una traza de cobre m\u00e1s gruesa puede conducir con seguridad una corriente significativamente mayor sin sobrecalentarse, lo que la hace esencial para fuentes de alimentaci\u00f3n, inversores y controles industriales.<\/p>\n<\/li>\n \t<li>\n<p class=\"ds-markdown-paragraph\"><strong>Gesti\u00f3n t\u00e9rmica superior:<\/strong>\u00a0El cobre pesado act\u00faa como disipador t\u00e9rmico integrado, disipando eficazmente el calor de los componentes cr\u00edticos. Esto reduce la necesidad de disipadores t\u00e9rmicos voluminosos por separado y mejora la fiabilidad a largo plazo.<\/p>\n<\/li>\n \t<li>\n<p class=\"ds-markdown-paragraph\"><strong>Mayor resistencia mec\u00e1nica:<\/strong>\u00a0Los puntos de conexi\u00f3n y las zonas sometidas a grandes esfuerzos se benefician del cobre a\u00f1adido, que proporciona una mayor resistencia al agrietamiento o a los da\u00f1os durante el montaje y el uso sobre el terreno.<\/p>\n<\/li>\n \t<li>\n<p class=\"ds-markdown-paragraph\"><strong>Dise\u00f1os compactos y multipeso:<\/strong>\u00a0La fabricaci\u00f3n avanzada permite m\u00faltiples pesos de cobre en una sola capa. Esto permite a los dise\u00f1adores colocar trazas de alta corriente junto a trazas de se\u00f1al de baja potencia en una huella total m\u00e1s peque\u00f1a, lo que reduce el tama\u00f1o del producto.<\/p>\n<\/li>\n<\/ul>\n<h4>Capacidades de fabricaci\u00f3n de PCB de cobre pesado<\/h4>\n<p class=\"ds-markdown-paragraph\">La fabricaci\u00f3n de placas de cobre gruesas requiere procesos especializados de grabado y laminaci\u00f3n. Los fabricantes de placas de circuito impreso est\u00e1ndar a menudo no pueden lograr las tolerancias de trazado\/espacio necesarias para el cobre m\u00e1s grueso. A continuaci\u00f3n se detallan nuestras capacidades demostradas para el cobre pesado:<\/p>\n\n<div class=\"ds-scroll-area ds-scroll-area--show-on-focus-within _1210dd7 c03cafe9\">\n<div class=\"ds-scroll-area__gutters\">\n<div class=\"ds-scroll-area__horizontal-gutter\"><\/div>\n<div class=\"ds-scroll-area__vertical-gutter\"><\/div>\n<\/div>\n<table>\n<thead>\n<tr>\n<th>Caracter\u00edstica<\/th>\n<th>Capacidad<\/th>\n<\/tr>\n<\/thead>\n<tbody>\n<tr>\n<td><strong>Grado de calidad<\/strong><\/td>\n<td>IPC Clase 2 (Clase 3 disponible para aplicaciones de alta fiabilidad)<\/td>\n<\/tr>\n<tr>\n<td><strong>N\u00famero de capas<\/strong><\/td>\n<td>2 - 24 capas<\/td>\n<\/tr>\n<tr>\n<td><strong>Cantidad del pedido<\/strong><\/td>\n<td>De 1 prototipo a m\u00e1s de 10.000 unidades de producci\u00f3n<\/td>\n<\/tr>\n<tr>\n<td><strong>Plazos de entrega<\/strong><\/td>\n<td>De 2 d\u00edas (entrega r\u00e1pida) a 5 semanas (construcciones complejas)<\/td>\n<\/tr>\n<tr>\n<td><strong>Material<\/strong><\/td>\n<td>FR-4 Est\u00e1ndar (Tg 140\u00b0C) y FR-4 Alta Tg (170\u00b0C)<\/td>\n<\/tr>\n<tr>\n<td><strong>Tama\u00f1o del tablero<\/strong><\/td>\n<td>M\u00ednimo 6mm x 6mm<\/td>\n<td>M\u00e1x. 457 mm x 610 mm<\/td>\n<\/tr>\n<tr>\n<td><strong>Grosor del tablero<\/strong><\/td>\n<td>0,6 mm - 6,5 mm<\/td>\n<\/tr>\n<tr>\n<td><strong>Capa exterior m\u00e1xima Cobre<\/strong><\/td>\n<td><strong>15oz (525\u00b5m)<\/strong>\u00a0terminado<\/td>\n<\/tr>\n<tr>\n<td><strong>Capa interior m\u00e1xima Cobre<\/strong><\/td>\n<td><strong>12oz (420\u00b5m)<\/strong><\/td>\n<\/tr>\n<tr>\n<td><strong>Acabados superficiales<\/strong><\/td>\n<td>HASL, HASL sin plomo, ENIG (todos RoHS)<\/td>\n<\/tr>\n<\/tbody>\n<\/table>\n<\/div>\n<p class=\"ds-markdown-paragraph\"><strong>Anchura y espaciado cr\u00edticos de las trazas para cobre pesado:<\/strong><\/p>\n<p class=\"ds-markdown-paragraph\">Para garantizar su fabricaci\u00f3n, la geometr\u00eda de las trazas debe adaptarse al peso del cobre. A continuaci\u00f3n se indican nuestras reglas de dise\u00f1o est\u00e1ndar:<\/p>\n\n<div class=\"ds-scroll-area ds-scroll-area--show-on-focus-within _1210dd7 c03cafe9\">\n<div class=\"ds-scroll-area__gutters\">\n<div class=\"ds-scroll-area__horizontal-gutter\"><\/div>\n<div class=\"ds-scroll-area__vertical-gutter\"><\/div>\n<\/div>\n<table>\n<thead>\n<tr>\n<th>Peso del cobre<\/th>\n<th><strong>Capas externas<\/strong>\u00a0(Rastro\/Espacio)<\/th>\n<th><strong>Capas internas<\/strong>\u00a0(Rastro\/Espacio)<\/th>\n<\/tr>\n<\/thead>\n<tbody>\n<tr>\n<td>4 oz<\/td>\n<td>9 mil \/ 9 mil<\/td>\n<td>8 mil \/ 12 mil<\/td>\n<\/tr>\n<tr>\n<td>5 onzas<\/td>\n<td>11 mil \/ 11 mil<\/td>\n<td>10 mil \/ 14 mil<\/td>\n<\/tr>\n<tr>\n<td>6 oz<\/td>\n<td>13 mil \/ 13 mil<\/td>\n<td>12 mil \/ 16 mil<\/td>\n<\/tr>\n<tr>\n<td>12 onzas<\/td>\n<td>20 mil \/ 32 mil<\/td>\n<td>20 mil \/ 32 mil<\/td>\n<\/tr>\n<tr>\n<td>15 oz<\/td>\n<td>32 mil \/ 40 mil<\/td>\n<td>(Contacto ingenier\u00eda)<\/td>\n<\/tr>\n<\/tbody>\n<\/table>\n<\/div>\n<h4>Asistencia t\u00e9cnica para su proyecto de cobre pesado<\/h4>\n<p class=\"ds-markdown-paragraph\">Pasar con \u00e9xito un dise\u00f1o a cobre pesado requiere experiencia. Ofrecemos asistencia directa de ingenier\u00eda para ayudarle a evitar costosos redise\u00f1os:<\/p>\n\n<ol start=\"1\">\n \t<li>\n<p class=\"ds-markdown-paragraph\"><strong>Revisi\u00f3n del dise\u00f1o para la fabricaci\u00f3n (DFM):<\/strong>\u00a0Nuestros ingenieros realizar\u00e1n una comprobaci\u00f3n DFM exhaustiva de sus archivos, centr\u00e1ndose espec\u00edficamente en las reglas de dise\u00f1o de cobre pesado (traza\/espacio, anillos anulares, relaciones de perforaci\u00f3n).<\/p>\n<\/li>\n \t<li>\n<p class=\"ds-markdown-paragraph\"><strong>Gu\u00eda para la selecci\u00f3n de materiales:<\/strong>\u00a0\u00bfNo est\u00e1 seguro de si el material FR-4 est\u00e1ndar o de alta Tg es el adecuado para sus requisitos t\u00e9rmicos? Le ofrecemos un asesoramiento claro y respaldado por datos.<\/p>\n<\/li>\n \t<li>\n<p class=\"ds-markdown-paragraph\"><strong>Soporte t\u00e9cnico avanzado:<\/strong>\u00a0Para requisitos complejos, podemos implementar v\u00edas ciegas\/enterradas y dedos de oro en sus placas de cobre pesado.<\/p>\n<\/li>\n<\/ol>\n<h4>Obtenga su cotizaci\u00f3n de PCB de cobre pesado<\/h4>\n<p class=\"ds-markdown-paragraph\">Para recibir un presupuesto detallado y pormenorizado de su proyecto de PCB de cobre pesado, env\u00ede sus archivos Gerber y especificaciones mediante nuestro sistema de pedidos en l\u00ednea. Para dise\u00f1os con requisitos exclusivos (por ejemplo, pesos de cobre &gt;15 oz, materiales especializados), p\u00f3ngase en contacto directamente con nuestro equipo de ingenier\u00eda para una consulta r\u00e1pida.<\/p>\n<p align=\"center\"><a href=\"\/es\/obtener-presupuesto-de-fabricacion-de-pcb\/\"><button style=\"background: black; color: white; padding: 8px 20px; border: none; cursor: pointer;\">Obtener presupuesto de fabricaci\u00f3n de PCB<\/button><\/a><\/p>\n<p style=\"text-align: center;\">Trabaja en proyectos de automoci\u00f3n, industria, IoT o electr\u00f3nica de consumo?\nOfrecemos servicios profesionales de montaje de placas de circuito impreso (SMT, DIP y soluciones llave en mano).<\/p>\n<p style=\"text-align: center;\">Env\u00edenos su lista de materiales, archivos Gerber o requisitos del proyecto y obtenga un presupuesto r\u00e1pido y preciso de nuestro equipo de ingenier\u00eda.<\/p>\n<p style=\"text-align: center;\">\u2714 NDA disponible \u2714 Presupuesto r\u00e1pido en 24 horas \u2714 F\u00e1brica certificada ISO \u2714 Servicio integral de PCB y PCBA.<\/p>\n\t\t\t\t\t\t\t\t<\/div>\n\t\t\t\t<\/div>\n\t\t\t\t\t<\/div>\n\t\t\t\t<\/div>\n\t\t\t\t<\/div>","protected":false},"excerpt":{"rendered":"<p>Heavy Copper PCB Manufacturing | High-Current &amp; Thermal Management Solutions For power electronics, high-current distribution, and thermal-intensive applications, standard 1oz [&hellip;]<\/p>","protected":false},"author":1,"featured_media":0,"parent":0,"menu_order":0,"comment_status":"closed","ping_status":"closed","template":"","meta":{"site-sidebar-layout":"default","site-content-layout":"","ast-site-content-layout":"default","site-content-style":"default","site-sidebar-style":"default","ast-global-header-display":"","ast-banner-title-visibility":"","ast-main-header-display":"","ast-hfb-above-header-display":"","ast-hfb-below-header-display":"","ast-hfb-mobile-header-display":"","site-post-title":"","ast-breadcrumbs-content":"","ast-featured-img":"","footer-sml-layout":"","theme-transparent-header-meta":"default","adv-header-id-meta":"","stick-header-meta":"","header-above-stick-meta":"","header-main-stick-meta":"","header-below-stick-meta":"","astra-migrate-meta-layouts":"set","ast-page-background-enabled":"default","ast-page-background-meta":{"desktop":{"background-color":"var(--ast-global-color-5)","background-image":"","background-repeat":"repeat","background-position":"center center","background-size":"auto","background-attachment":"scroll","background-type":"","background-media":"","overlay-type":"","overlay-color":"","overlay-opacity":"","overlay-gradient":""},"tablet":{"background-color":"","background-image":"","background-repeat":"repeat","background-position":"center center","background-size":"auto","background-attachment":"scroll","background-type":"","background-media":"","overlay-type":"","overlay-color":"","overlay-opacity":"","overlay-gradient":""},"mobile":{"background-color":"","background-image":"","background-repeat":"repeat","background-position":"center center","background-size":"auto","background-attachment":"scroll","background-type":"","background-media":"","overlay-type":"","overlay-color":"","overlay-opacity":"","overlay-gradient":""}},"ast-content-background-meta":{"desktop":{"background-color":"var(--ast-global-color-4)","background-image":"","background-repeat":"repeat","background-position":"center center","background-size":"auto","background-attachment":"scroll","background-type":"","background-media":"","overlay-type":"","overlay-color":"","overlay-opacity":"","overlay-gradient":""},"tablet":{"background-color":"var(--ast-global-color-4)","background-image":"","background-repeat":"repeat","background-position":"center center","background-size":"auto","background-attachment":"scroll","background-type":"","background-media":"","overlay-type":"","overlay-color":"","overlay-opacity":"","overlay-gradient":""},"mobile":{"background-color":"var(--ast-global-color-4)","background-image":"","background-repeat":"repeat","background-position":"center center","background-size":"auto","background-attachment":"scroll","background-type":"","background-media":"","overlay-type":"","overlay-color":"","overlay-opacity":"","overlay-gradient":""}},"footnotes":""},"class_list":["post-5864","page","type-page","status-publish","hentry"],"_links":{"self":[{"href":"https:\/\/txjpcba.com\/es\/wp-json\/wp\/v2\/pages\/5864","targetHints":{"allow":["GET"]}}],"collection":[{"href":"https:\/\/txjpcba.com\/es\/wp-json\/wp\/v2\/pages"}],"about":[{"href":"https:\/\/txjpcba.com\/es\/wp-json\/wp\/v2\/types\/page"}],"author":[{"embeddable":true,"href":"https:\/\/txjpcba.com\/es\/wp-json\/wp\/v2\/users\/1"}],"replies":[{"embeddable":true,"href":"https:\/\/txjpcba.com\/es\/wp-json\/wp\/v2\/comments?post=5864"}],"version-history":[{"count":11,"href":"https:\/\/txjpcba.com\/es\/wp-json\/wp\/v2\/pages\/5864\/revisions"}],"predecessor-version":[{"id":5878,"href":"https:\/\/txjpcba.com\/es\/wp-json\/wp\/v2\/pages\/5864\/revisions\/5878"}],"wp:attachment":[{"href":"https:\/\/txjpcba.com\/es\/wp-json\/wp\/v2\/media?parent=5864"}],"curies":[{"name":"wp","href":"https:\/\/api.w.org\/{rel}","templated":true}]}}