{"id":5845,"date":"2026-04-22T15:30:42","date_gmt":"2026-04-22T07:30:42","guid":{"rendered":"https:\/\/txjpcba.com\/?page_id=5845"},"modified":"2026-04-22T15:42:10","modified_gmt":"2026-04-22T07:42:10","slug":"pcb-de-alta-frecuencia-2","status":"publish","type":"page","link":"https:\/\/txjpcba.com\/es\/pcb-de-alta-frecuencia-2\/","title":{"rendered":"Fabricaci\u00f3n de placas de circuito impreso de alta frecuencia | Selecci\u00f3n de materiales y control de la impedancia"},"content":{"rendered":"<div data-elementor-type=\"wp-page\" data-elementor-id=\"5845\" class=\"elementor elementor-5845\" data-elementor-post-type=\"page\">\n\t\t\t\t<div class=\"elementor-element elementor-element-583521f9 e-flex e-con-boxed e-con e-parent\" data-id=\"583521f9\" data-element_type=\"container\">\n\t\t\t\t\t<div class=\"e-con-inner\">\n\t\t\t\t<div class=\"elementor-element elementor-element-5a5b6f elementor-widget elementor-widget-text-editor\" data-id=\"5a5b6f\" data-element_type=\"widget\" data-widget_type=\"text-editor.default\">\n\t\t\t\t<div class=\"elementor-widget-container\">\n\t\t\t\t\t\t\t\t\t<h2>Placa de circuito impreso de alta frecuencia<\/h2><p class=\"ds-markdown-paragraph\">Para las modernas aplicaciones de RF, microondas y digitales de alta velocidad, los materiales est\u00e1ndar de las placas de circuito impreso suelen quedarse cortos.\u00a0<strong>Circuitos impresos de alta frecuencia<\/strong>\u00a0est\u00e1n dise\u00f1ados para mantener la integridad de la se\u00f1al a velocidades de transmisi\u00f3n m\u00e1s elevadas, normalmente en el rango de\u00a0<strong>Gama de 500 MHz a 2 GHz<\/strong> y m\u00e1s all\u00e1.<\/p><p class=\"ds-markdown-paragraph\">Sin embargo, lograr un rendimiento constante a estas frecuencias requiere algo m\u00e1s que una fabricaci\u00f3n est\u00e1ndar. Requiere una selecci\u00f3n precisa del material, un control estricto de la impedancia y un socio de fabricaci\u00f3n con amplios conocimientos de RF.<\/p><p align=\"center\"><a href=\"\/es\/obtener-presupuesto-de-fabricacion-de-pcb\/\"><button style=\"background: black; color: white; padding: 10px 20px; border: none; cursor: pointer;\">Obtener presupuesto de fabricaci\u00f3n de PCB<\/button><\/a><\/p><h4>Selecci\u00f3n de materiales cr\u00edticos para la integridad de la se\u00f1al<\/h4><p class=\"ds-markdown-paragraph\">El n\u00facleo de cualquier placa de alta frecuencia es su material diel\u00e9ctrico. A diferencia de las <a href=\"https:\/\/txjpcba.com\/es\/fr4-pcb\/\">FR-4<\/a>, El\u00a0<strong>Constante diel\u00e9ctrica (Dk o Er)<\/strong>\u00a0de estos materiales especializados debe permanecer estable en toda la frecuencia de funcionamiento. Cualquier variaci\u00f3n afecta directamente a la impedancia, lo que provoca p\u00e9rdidas de se\u00f1al o reflexiones.<\/p><figure id=\"attachment_3107\" aria-describedby=\"caption-attachment-3107\" style=\"width: 500px\" class=\"wp-caption aligncenter\"><img fetchpriority=\"high\" decoding=\"async\" class=\"size-full wp-image-3107\" src=\"https:\/\/txjpcba.com\/wp-content\/uploads\/2026\/02\/high-frequency-pcb.jpg\" alt=\"Placa de circuito impreso de alta frecuencia\" width=\"500\" height=\"372\" srcset=\"https:\/\/txjpcba.com\/wp-content\/uploads\/2026\/02\/high-frequency-pcb.jpg 500w, https:\/\/txjpcba.com\/wp-content\/uploads\/2026\/02\/high-frequency-pcb-300x223.jpg 300w, https:\/\/txjpcba.com\/wp-content\/uploads\/2026\/02\/high-frequency-pcb-16x12.jpg 16w\" sizes=\"(max-width: 500px) 100vw, 500px\" \/><figcaption id=\"caption-attachment-3107\" class=\"wp-caption-text\">Placa de circuito impreso de alta frecuencia<\/figcaption><\/figure><p class=\"ds-markdown-paragraph\">Los mejores dise\u00f1adores recurren a materiales probados como\u00a0<strong>Rogers<\/strong>\u00a0laminados por su predecible rendimiento el\u00e9ctrico. Nuestros materiales m\u00e1s com\u00fanmente especificados incluyen:<\/p><div class=\"ds-scroll-area ds-scroll-area--show-on-focus-within _1210dd7 c03cafe9\"><div class=\"ds-scroll-area__gutters\"><div class=\"ds-scroll-area__horizontal-gutter\">\u00a0<\/div><div class=\"ds-scroll-area__vertical-gutter\">\u00a0<\/div><\/div><table><thead><tr><th>Material<\/th><th>Constante diel\u00e9ctrica (Dk)<\/th><th>Ventajas clave<\/th><\/tr><\/thead><tbody><tr><td><strong>RO4350B<\/strong><\/td><td>3,48 \u00b10,05 a 10 GHz<\/td><td>Rentable, ideal para automoci\u00f3n y microondas<\/td><\/tr><tr><td><strong>RO4003C<\/strong><\/td><td>3,38 \u00b10,05 a 10 GHz<\/td><td>Baja p\u00e9rdida, compatible con el procesado FR-4<\/td><\/tr><tr><td><strong>RO3003<\/strong><\/td><td>3,00 \u00b10,04 a 10 GHz<\/td><td>P\u00e9rdidas muy bajas para aplicaciones de ondas milim\u00e9tricas<\/td><\/tr><tr><td><strong>RT5880<\/strong><\/td><td>2,20 \u00b10,02 a 10 GHz<\/td><td>P\u00e9rdidas m\u00ednimas, con base de PTFE para un rendimiento m\u00e1ximo<\/td><\/tr><tr><td><strong>RO3010<\/strong><\/td><td>10,2 \u00b10,30 a 10 GHz<\/td><td>Alto Dk para reducir el tama\u00f1o del circuito<\/td><\/tr><\/tbody><\/table><\/div><h4>Control preciso de la impedancia y tolerancias de fabricaci\u00f3n<\/h4><p class=\"ds-markdown-paragraph\">Especificar el material adecuado es s\u00f3lo la mitad del reto. Conseguir la impedancia deseada (normalmente \u00b110%) exige un riguroso control del proceso:<\/p><ul><li><p class=\"ds-markdown-paragraph\"><strong>Anchura y separaci\u00f3n de los conductores:<\/strong>\u00a0Mantenidas con tolerancias de \u00b13mil\/3mil.<\/p><\/li><li><p class=\"ds-markdown-paragraph\"><strong>Espesor del sustrato:<\/strong>\u00a0Controlado en todo el panel.<\/p><\/li><li><p class=\"ds-markdown-paragraph\"><strong>Peso de cobre:<\/strong>\u00a0Opciones de 0,5 oz a 2,0 oz de acabado.<\/p><\/li><li><p class=\"ds-markdown-paragraph\"><strong>Dise\u00f1o apilado:<\/strong>\u00a0Asistencia experta para estructuras de radiofrecuencia multicapa.<\/p><\/li><\/ul><p class=\"ds-markdown-paragraph\">Nuestras capacidades de PCB de alta frecuencia se basan en la repetibilidad:<\/p><div class=\"ds-scroll-area ds-scroll-area--show-on-focus-within _1210dd7 c03cafe9\"><div class=\"ds-scroll-area__gutters\"><div class=\"ds-scroll-area__horizontal-gutter\">\u00a0<\/div><div class=\"ds-scroll-area__vertical-gutter\">\u00a0<\/div><\/div><table><thead><tr><th>Caracter\u00edstica<\/th><th>Capacidad<\/th><\/tr><\/thead><tbody><tr><td><strong>Grado de calidad<\/strong><\/td><td>IPC Clase 2 (Clase 3 disponible bajo pedido)<\/td><\/tr><tr><td><strong>Capas<\/strong><\/td><td>2 - 24 capas<\/td><\/tr><tr><td><strong>Cantidad del pedido<\/strong><\/td><td>De 1 prototipo a m\u00e1s de 10.000 unidades de producci\u00f3n<\/td><\/tr><tr><td><strong>Plazos de entrega<\/strong><\/td><td>De 2 d\u00edas para prototipos r\u00e1pidos a 5 semanas para construcciones complejas<\/td><\/tr><tr><td><strong>Tama\u00f1o del tablero<\/strong><\/td><td>M\u00edn 6mm x 6mm a M\u00e1x 457mm x 610mm<\/td><\/tr><tr><td><strong>Espesor<\/strong><\/td><td>0,4 mm - 5,0 mm<\/td><\/tr><tr><td><strong>Trazo\/espacio m\u00ednimo<\/strong><\/td><td>3mil \/ 3mil<\/td><\/tr><tr><td><strong>Tolerancia de impedancia<\/strong><\/td><td>\u00b110% (disponible m\u00e1s ajustado)<\/td><\/tr><tr><td><strong>Acabados superficiales<\/strong><\/td><td>ENIG, plata de inmersi\u00f3n, esta\u00f1o de inmersi\u00f3n, OSP (todos RoHS)<\/td><\/tr><\/tbody><\/table><\/div><h4>M\u00e1s all\u00e1 de la fabricaci\u00f3n: Un enfoque de ingenier\u00eda consultiva<\/h4><p class=\"ds-markdown-paragraph\">Entendemos que elegir la soluci\u00f3n de PCB de alta frecuencia adecuada puede ser complejo. Nuestro equipo de ingenieros ofrece asistencia pr\u00e1ctica en cada fase:<\/p><ol start=\"1\"><li><p class=\"ds-markdown-paragraph\"><strong>Gu\u00eda para la selecci\u00f3n de materiales:<\/strong>\u00a0\u00bfNo est\u00e1 seguro de qu\u00e9 material Rogers se adapta mejor a su presupuesto y a sus necesidades de rendimiento? Le ofrecemos un asesoramiento claro y comparativo.<\/p><\/li><li><p class=\"ds-markdown-paragraph\"><strong>DFM para dise\u00f1os de RF:<\/strong>\u00a0Revisamos sus requisitos de apilamiento y caracter\u00edsticas para garantizar la fabricabilidad sin comprometer la integridad de la se\u00f1al.<\/p><\/li><li><p class=\"ds-markdown-paragraph\"><strong>T\u00e9cnicas avanzadas disponibles:<\/strong>\u00a0HDI, dedos de oro, aceite de carbono y orificios avellanados para montaje especializado.<\/p><\/li><\/ol><h4>Comience su proyecto de PCB de alta frecuencia<\/h4><p class=\"ds-markdown-paragraph\">Para recibir un presupuesto detallado, s\u00f3lo tiene que enviar sus archivos Gerber y especificaciones a trav\u00e9s de nuestro sistema de pedidos en l\u00ednea. Para proyectos con materiales \u00fanicos o requisitos t\u00e9cnicos no incluidos en la lista, p\u00f3ngase en contacto directamente con nuestro equipo de ingenier\u00eda para obtener una soluci\u00f3n a medida.<\/p><p align=\"center\"><a href=\"\/es\/obtener-presupuesto-de-fabricacion-de-pcb\/\"><button style=\"background: black; color: white; padding: 8px 20px; border: none; cursor: pointer;\">Obtener presupuesto de fabricaci\u00f3n de PCB<\/button><\/a><\/p><p style=\"text-align: center;\">\u00bfTrabaja en proyectos de automoci\u00f3n, industria, IoT o electr\u00f3nica de consumo?<br \/>Ofrecemos servicios profesionales <a href=\"https:\/\/txjpcba.com\/es\/montaje-de-pcb\/\">Montaje de PCB<\/a> servicios que incluyen SMT, DIP y soluciones completas llave en mano.<\/p><p style=\"text-align: center;\">Env\u00edenos su lista de materiales, archivos Gerber o requisitos del proyecto y obtenga un presupuesto r\u00e1pido y preciso de nuestro equipo de ingenier\u00eda.<\/p><p style=\"text-align: center;\">\u2714 NDA disponible \u2714 Presupuesto r\u00e1pido en 24 horas \u2714 F\u00e1brica certificada ISO \u2714 Servicio integral de PCB y PCBA.<\/p>\t\t\t\t\t\t\t\t<\/div>\n\t\t\t\t<\/div>\n\t\t\t\t\t<\/div>\n\t\t\t\t<\/div>\n\t\t\t\t<\/div>","protected":false},"excerpt":{"rendered":"<p>High Frequency PCB For modern RF, microwave, and high-speed digital applications, standard PCB materials often fall short.\u00a0High Frequency PCBs\u00a0are engineered [&hellip;]<\/p>","protected":false},"author":1,"featured_media":0,"parent":0,"menu_order":0,"comment_status":"closed","ping_status":"closed","template":"","meta":{"site-sidebar-layout":"default","site-content-layout":"","ast-site-content-layout":"default","site-content-style":"default","site-sidebar-style":"default","ast-global-header-display":"","ast-banner-title-visibility":"","ast-main-header-display":"","ast-hfb-above-header-display":"","ast-hfb-below-header-display":"","ast-hfb-mobile-header-display":"","site-post-title":"","ast-breadcrumbs-content":"","ast-featured-img":"","footer-sml-layout":"","theme-transparent-header-meta":"default","adv-header-id-meta":"","stick-header-meta":"","header-above-stick-meta":"","header-main-stick-meta":"","header-below-stick-meta":"","astra-migrate-meta-layouts":"set","ast-page-background-enabled":"default","ast-page-background-meta":{"desktop":{"background-color":"var(--ast-global-color-5)","background-image":"","background-repeat":"repeat","background-position":"center center","background-size":"auto","background-attachment":"scroll","background-type":"","background-media":"","overlay-type":"","overlay-color":"","overlay-opacity":"","overlay-gradient":""},"tablet":{"background-color":"","background-image":"","background-repeat":"repeat","background-position":"center center","background-size":"auto","background-attachment":"scroll","background-type":"","background-media":"","overlay-type":"","overlay-color":"","overlay-opacity":"","overlay-gradient":""},"mobile":{"background-color":"","background-image":"","background-repeat":"repeat","background-position":"center center","background-size":"auto","background-attachment":"scroll","background-type":"","background-media":"","overlay-type":"","overlay-color":"","overlay-opacity":"","overlay-gradient":""}},"ast-content-background-meta":{"desktop":{"background-color":"var(--ast-global-color-4)","background-image":"","background-repeat":"repeat","background-position":"center center","background-size":"auto","background-attachment":"scroll","background-type":"","background-media":"","overlay-type":"","overlay-color":"","overlay-opacity":"","overlay-gradient":""},"tablet":{"background-color":"var(--ast-global-color-4)","background-image":"","background-repeat":"repeat","background-position":"center center","background-size":"auto","background-attachment":"scroll","background-type":"","background-media":"","overlay-type":"","overlay-color":"","overlay-opacity":"","overlay-gradient":""},"mobile":{"background-color":"var(--ast-global-color-4)","background-image":"","background-repeat":"repeat","background-position":"center center","background-size":"auto","background-attachment":"scroll","background-type":"","background-media":"","overlay-type":"","overlay-color":"","overlay-opacity":"","overlay-gradient":""}},"footnotes":""},"class_list":["post-5845","page","type-page","status-publish","hentry"],"_links":{"self":[{"href":"https:\/\/txjpcba.com\/es\/wp-json\/wp\/v2\/pages\/5845","targetHints":{"allow":["GET"]}}],"collection":[{"href":"https:\/\/txjpcba.com\/es\/wp-json\/wp\/v2\/pages"}],"about":[{"href":"https:\/\/txjpcba.com\/es\/wp-json\/wp\/v2\/types\/page"}],"author":[{"embeddable":true,"href":"https:\/\/txjpcba.com\/es\/wp-json\/wp\/v2\/users\/1"}],"replies":[{"embeddable":true,"href":"https:\/\/txjpcba.com\/es\/wp-json\/wp\/v2\/comments?post=5845"}],"version-history":[{"count":15,"href":"https:\/\/txjpcba.com\/es\/wp-json\/wp\/v2\/pages\/5845\/revisions"}],"predecessor-version":[{"id":5863,"href":"https:\/\/txjpcba.com\/es\/wp-json\/wp\/v2\/pages\/5845\/revisions\/5863"}],"wp:attachment":[{"href":"https:\/\/txjpcba.com\/es\/wp-json\/wp\/v2\/media?parent=5845"}],"curies":[{"name":"wp","href":"https:\/\/api.w.org\/{rel}","templated":true}]}}