{"id":5371,"date":"2026-04-18T16:00:40","date_gmt":"2026-04-18T08:00:40","guid":{"rendered":"https:\/\/txjpcba.com\/?page_id=5371"},"modified":"2026-04-20T11:19:19","modified_gmt":"2026-04-20T03:19:19","slug":"pcb-estandar","status":"publish","type":"page","link":"https:\/\/txjpcba.com\/es\/pcb-estandar\/","title":{"rendered":"PCB est\u00e1ndar"},"content":{"rendered":"<div data-elementor-type=\"wp-page\" data-elementor-id=\"5371\" class=\"elementor elementor-5371\" data-elementor-post-type=\"page\">\n\t\t\t\t<div class=\"elementor-element elementor-element-26250b35 e-flex e-con-boxed e-con e-parent\" data-id=\"26250b35\" data-element_type=\"container\">\n\t\t\t\t\t<div class=\"e-con-inner\">\n\t\t\t\t<div class=\"elementor-element elementor-element-1f28d18 elementor-widget elementor-widget-heading\" data-id=\"1f28d18\" data-element_type=\"widget\" data-widget_type=\"heading.default\">\n\t\t\t\t<div class=\"elementor-widget-container\">\n\t\t\t\t\t<h1 class=\"elementor-heading-title elementor-size-default\">PCB est\u00e1ndar<\/h1>\t\t\t\t<\/div>\n\t\t\t\t<\/div>\n\t\t\t\t<div class=\"elementor-element elementor-element-4a543fca elementor-widget elementor-widget-text-editor\" data-id=\"4a543fca\" data-element_type=\"widget\" data-widget_type=\"text-editor.default\">\n\t\t\t\t<div class=\"elementor-widget-container\">\n\t\t\t\t\t\t\t\t\tHere at TXJPCBA, Standard PCB service refers to full feature printed circuit board manufacturing service. With 10+ years&#8217; experience in PCB fabrication, we have handled hundreds of thousands of PCB projects, and covered almost all kinds of substrate materials including FR4 Standard, Aluminum, Rogers, etc. This page only touches standard FR4 based PCB. For PCBs with special technical substrate, please refer to corresponding webpages for information.\n<p><div style=\"text-align:center; margin: 30px 0;\">\n  <a href=\"\/es\/obtener-presupuesto-de-fabricacion-de-pcb\/\" target=\"_blank\" \n     style=\"       display: inline-block;       background-color: #000000;       color: #ffffff;       padding: 9px 28px;       border-radius: 30px;       text-decoration: none;       font-size: 16px;       font-weight: 600;       transition: all 0.3s ease;     \"\n     onmouseover=\"this.style.backgroundColor='#333333';\"\n     onmouseout=\"this.style.backgroundColor='#000000';\"\n  >\n    Obtener presupuesto de fabricaci\u00f3n de PCB\n  <\/a>\n<\/div><\/p>\nA diferencia del servicio PCB Prototipo, nuestro servicio PCB Est\u00e1ndar tiene tolerancias de producci\u00f3n m\u00e1s estrictas. Los dos art\u00edculos siguientes le proporcionar\u00e1n informaci\u00f3n suficiente sobre estos dos servicios, su presentaci\u00f3n y sus diferencias:\n<ul>\n \t<li>\u00a0Comparaci\u00f3n de servicios de fabricaci\u00f3n de prototipos de PCB y PCB est\u00e1ndar<\/li>\n \t<li>\u00a0Cu\u00e1ndo utilizar el servicio de prototipos PCB y cu\u00e1ndo cambiar al servicio PCB est\u00e1ndar<\/li>\n<\/ul>\nSe recomienda utilizar el servicio PCB est\u00e1ndar cuando su dise\u00f1o est\u00e9 listo para pasar de la fase de prototipo a la de producci\u00f3n. Podemos fabricar hasta 10 millones de PCB de alta calidad en tan solo 2 d\u00edas. Para dotar a su proyecto del funcionamiento esperado y de m\u00e1s posibilidades, ofrecemos funciones avanzadas para los servicios de PCB est\u00e1ndar. En la siguiente tabla puede consultar nuestras amplias capacidades:\n<table>\n<tbody>\n<tr class=\"firstRow\">\n<td bgcolor=\"#2baf75\">Caracter\u00edstica<\/td>\n<td bgcolor=\"#2baf75\">Capacidad<\/td>\n<\/tr>\n<tr>\n<td>Grado de calidad<\/td>\n<td>Est\u00e1ndar IPC 2<\/td>\n<\/tr>\n<tr>\n<td>N\u00famero de capas<\/td>\n<td>1 - 32 capas<\/td>\n<\/tr>\n<tr>\n<td>Cantidad del pedido<\/td>\n<td>1 unidad - 10.000.000 unidades<\/td>\n<\/tr>\n<tr>\n<td>Tiempo de construcci\u00f3n<\/td>\n<td>2d\u00edas - 5semanas (Servicio urgente)<\/td>\n<\/tr>\n<tr>\n<td>Material<\/td>\n<td>FR-4 Tg est\u00e1ndar 150\u00b0C, FR4-Alta Tg 170\u00b0C, FR4-Alta Tg 180\u00b0C, FR4-Libre de hal\u00f3genos, FR4-Libre de hal\u00f3genos y Alta Tg<\/td>\n<\/tr>\n<tr>\n<td>Tama\u00f1o del tablero<\/td>\n<td>M\u00edn 6*6mm | M\u00e1x 600*700mm<\/td>\n<\/tr>\n<tr>\n<td>Tolerancia del tama\u00f1o de la placa<\/td>\n<td>\u00b10,1 mm - \u00b10,3 mm<\/td>\n<\/tr>\n<tr>\n<td>Grosor del tablero<\/td>\n<td>0,4 mm - 3,2 mm<\/td>\n<\/tr>\n<tr>\n<td>Tolerancia del grosor de la placa<\/td>\n<td>\u00b10,1 mm - \u00b110%<\/td>\n<\/tr>\n<tr>\n<td>Peso del cobre<\/td>\n<td>0,5 oz - 6,0 oz<\/td>\n<\/tr>\n<tr>\n<td>Peso de la capa interior de cobre<\/td>\n<td>0,5 oz - 2,0 oz<\/td>\n<\/tr>\n<tr>\n<td>Tolerancia del espesor del cobre<\/td>\n<td>+0\u03bcm +20\u03bcm<\/td>\n<\/tr>\n<tr>\n<td>Rastreo\/espaciado m\u00ednimo<\/td>\n<td>3mil\/3mil<\/td>\n<\/tr>\n<tr>\n<td>Lados de la m\u00e1scara de soldadura<\/td>\n<td>Seg\u00fan el expediente<\/td>\n<\/tr>\n<tr>\n<td>Color de la m\u00e1scara de soldadura<\/td>\n<td>Verde, Blanco, Azul, Negro, Rojo, Amarillo<\/td>\n<\/tr>\n<tr>\n<td>Lados serigrafiados<\/td>\n<td>Seg\u00fan el expediente<\/td>\n<\/tr>\n<tr>\n<td>Serigraf\u00eda Color<\/td>\n<td>Blanco, Azul, Negro, Rojo, Amarillo<\/td>\n<\/tr>\n<tr>\n<td>Acabado superficial<\/td>\n<td>HASL &#8211; Hot Air Solder Leveling\nLead Free HASL &#8211; RoHS\nENIG &#8211; Electroless Nickle\/Immersion Gold &#8211; RoHS\nENEPIG- Electroless Nickel Electroless Palladium Immersion Gold &#8211; RoHS\nImmersion Silver &#8211; RoHS\nImmersion Tin &#8211; RoHS\nOSP -Organic Solderability Preservatives &#8211; RoHS<\/td>\n<\/tr>\n<tr>\n<td>Anillo anular m\u00edn.<\/td>\n<td>3 millones<\/td>\n<\/tr>\n<tr>\n<td>Di\u00e1metro m\u00ednimo del orificio de perforaci\u00f3n<\/td>\n<td>6mil, 4mil-taladro l\u00e1ser<\/td>\n<\/tr>\n<tr>\n<td>Anchura m\u00ednima del corte (NPTH)<\/td>\n<td>0,8 mm<\/td>\n<\/tr>\n<tr>\n<td>Tolerancia del tama\u00f1o del orificio NPTH<\/td>\n<td>\u00b1.002\u2033 (\u00b10.05mm)<\/td>\n<\/tr>\n<tr>\n<td>Anchura m\u00ednima de la ranura (PTH)<\/td>\n<td>0,6 mm<\/td>\n<\/tr>\n<tr>\n<td>Tolerancia del tama\u00f1o del orificio PTH<\/td>\n<td>\u00b1.003\u2033 (\u00b10.08mm) - \u00b14mil<\/td>\n<\/tr>\n<tr>\n<td>Superficie\/agujero Espesor de revestimiento<\/td>\n<td>20\u03bcm - 30\u03bcm<\/td>\n<\/tr>\n<tr>\n<td>Tolerancia SM (LPI)<\/td>\n<td>.0,003\u2033 (0,075 mm)<\/td>\n<\/tr>\n<tr>\n<td>Relaci\u00f3n de aspecto<\/td>\n<td>1,10 (tama\u00f1o del orificio: grosor del tablero)<\/td>\n<\/tr>\n<tr>\n<td>Prueba<\/td>\n<td>10V - 250V, sonda volante o banco de pruebas<\/td>\n<\/tr>\n<tr>\n<td>Tolerancia de impedancia<\/td>\n<td>\u00b15% - \u00b110%<\/td>\n<\/tr>\n<tr>\n<td>Paso SMD<\/td>\n<td>0,2 mm (8 mil\u00edmetros)<\/td>\n<\/tr>\n<tr>\n<td>Paso BGA<\/td>\n<td>0,2 mm (8 mil\u00edmetros)<\/td>\n<\/tr>\n<tr>\n<td>Chafl\u00e1n de los dedos de oro<\/td>\n<td>20, 30, 45, 60<\/td>\n<\/tr>\n<tr>\n<td>Otras t\u00e9cnicas<\/td>\n<td>Gold fingers\nBlind and Buried Holes\npeelable solder mask\nEdge plating\nCarbon Mask\nKapton tape\nCountersink\/counterbore hole\nHalf-cut\/Castellated hole\nPress fit hole\nVia tented\/covered with resin\nVia plugged\/filled with resin\nVia in pad\nElectrical Test<\/td>\n<\/tr>\n<\/tbody>\n<\/table>\n<h2>Ventajas de la placa de circuito impreso est\u00e1ndar con TXJPCBA<\/h2>\nTXJPCBA is a full-service turnkey PCB solution that can handle everything from prototype to fabrication to assembly. We have been fabricating high quality standard PCB for over 10+ years and are fully compliant with ISO9001:2008 quality standards. All of our standard PCBs are IPC2 compliant, and we do strict internal quality assurance testing to ensure the board that arrives at your facility is one you know you can rely on.\n\nWe offer <a href=\"https:\/\/txjpcba.com\/es\">PCB solutions<\/a> that fit your budget. You can order just a few prototype boards to test your design, and then place a bulk order for your standard PCBs to save even more money. We&amp;rsquo;ll give you a free instant quote so you&amp;rsquo;ll know just want to expect and so that you can plan accordingly. We also offer complete technical support from PCB experts. Call us up, chat online or email us with any questions, whichever is the most convenient for you. We&amp;rsquo;ll handle your concerns or questions as quickly as possible. We have obtained over 99 percent customer satisfaction rate, and as soon as you start ordering printed circuit boards from TXJPCBA, you&amp;rsquo;ll find out why.\n<p><div style=\"text-align:center; margin: 30px 0;\">\n  <a href=\"\/es\/obtener-presupuesto-de-fabricacion-de-pcb\/\" target=\"_blank\" \n     style=\"       display: inline-block;       background-color: #000000;       color: #ffffff;       padding: 9px 28px;       border-radius: 30px;       text-decoration: none;       font-size: 16px;       font-weight: 600;       transition: all 0.3s ease;     \"\n     onmouseover=\"this.style.backgroundColor='#333333';\"\n     onmouseout=\"this.style.backgroundColor='#000000';\"\n  >\n    Obtener presupuesto de fabricaci\u00f3n de PCB\n  <\/a>\n<\/div><\/p>\t\t\t\t\t\t\t\t<\/div>\n\t\t\t\t<\/div>\n\t\t\t\t\t<\/div>\n\t\t\t\t<\/div>\n\t\t\t\t<\/div>","protected":false},"excerpt":{"rendered":"<p>Standard PCB Here at TXJPCBA, Standard PCB service refers to full feature printed circuit board manufacturing service. With 10+ years&#8217; [&hellip;]<\/p>","protected":false},"author":1,"featured_media":0,"parent":0,"menu_order":0,"comment_status":"closed","ping_status":"closed","template":"elementor_header_footer","meta":{"site-sidebar-layout":"default","site-content-layout":"","ast-site-content-layout":"default","site-content-style":"default","site-sidebar-style":"default","ast-global-header-display":"","ast-banner-title-visibility":"","ast-main-header-display":"","ast-hfb-above-header-display":"","ast-hfb-below-header-display":"","ast-hfb-mobile-header-display":"","site-post-title":"","ast-breadcrumbs-content":"","ast-featured-img":"","footer-sml-layout":"","theme-transparent-header-meta":"default","adv-header-id-meta":"","stick-header-meta":"","header-above-stick-meta":"","header-main-stick-meta":"","header-below-stick-meta":"","astra-migrate-meta-layouts":"set","ast-page-background-enabled":"default","ast-page-background-meta":{"desktop":{"background-color":"var(--ast-global-color-5)","background-image":"","background-repeat":"repeat","background-position":"center center","background-size":"auto","background-attachment":"scroll","background-type":"","background-media":"","overlay-type":"","overlay-color":"","overlay-opacity":"","overlay-gradient":""},"tablet":{"background-color":"","background-image":"","background-repeat":"repeat","background-position":"center center","background-size":"auto","background-attachment":"scroll","background-type":"","background-media":"","overlay-type":"","overlay-color":"","overlay-opacity":"","overlay-gradient":""},"mobile":{"background-color":"","background-image":"","background-repeat":"repeat","background-position":"center center","background-size":"auto","background-attachment":"scroll","background-type":"","background-media":"","overlay-type":"","overlay-color":"","overlay-opacity":"","overlay-gradient":""}},"ast-content-background-meta":{"desktop":{"background-color":"var(--ast-global-color-4)","background-image":"","background-repeat":"repeat","background-position":"center center","background-size":"auto","background-attachment":"scroll","background-type":"","background-media":"","overlay-type":"","overlay-color":"","overlay-opacity":"","overlay-gradient":""},"tablet":{"background-color":"var(--ast-global-color-4)","background-image":"","background-repeat":"repeat","background-position":"center center","background-size":"auto","background-attachment":"scroll","background-type":"","background-media":"","overlay-type":"","overlay-color":"","overlay-opacity":"","overlay-gradient":""},"mobile":{"background-color":"var(--ast-global-color-4)","background-image":"","background-repeat":"repeat","background-position":"center center","background-size":"auto","background-attachment":"scroll","background-type":"","background-media":"","overlay-type":"","overlay-color":"","overlay-opacity":"","overlay-gradient":""}},"footnotes":""},"class_list":["post-5371","page","type-page","status-publish","hentry"],"_links":{"self":[{"href":"https:\/\/txjpcba.com\/es\/wp-json\/wp\/v2\/pages\/5371","targetHints":{"allow":["GET"]}}],"collection":[{"href":"https:\/\/txjpcba.com\/es\/wp-json\/wp\/v2\/pages"}],"about":[{"href":"https:\/\/txjpcba.com\/es\/wp-json\/wp\/v2\/types\/page"}],"author":[{"embeddable":true,"href":"https:\/\/txjpcba.com\/es\/wp-json\/wp\/v2\/users\/1"}],"replies":[{"embeddable":true,"href":"https:\/\/txjpcba.com\/es\/wp-json\/wp\/v2\/comments?post=5371"}],"version-history":[{"count":59,"href":"https:\/\/txjpcba.com\/es\/wp-json\/wp\/v2\/pages\/5371\/revisions"}],"predecessor-version":[{"id":5544,"href":"https:\/\/txjpcba.com\/es\/wp-json\/wp\/v2\/pages\/5371\/revisions\/5544"}],"wp:attachment":[{"href":"https:\/\/txjpcba.com\/es\/wp-json\/wp\/v2\/media?parent=5371"}],"curies":[{"name":"wp","href":"https:\/\/api.w.org\/{rel}","templated":true}]}}