{"id":3349,"date":"2026-03-03T11:34:29","date_gmt":"2026-03-03T03:34:29","guid":{"rendered":"https:\/\/txjpcba.com\/?page_id=3349"},"modified":"2026-03-03T11:35:40","modified_gmt":"2026-03-03T03:35:40","slug":"mapa-del-sitio","status":"publish","type":"page","link":"https:\/\/txjpcba.com\/es\/mapa-del-sitio\/","title":{"rendered":"Mapa del sitio"},"content":{"rendered":"<div data-elementor-type=\"wp-page\" data-elementor-id=\"3349\" class=\"elementor elementor-3349\" data-elementor-post-type=\"page\">\n\t\t\t\t<div class=\"elementor-element elementor-element-41cfd56 e-flex e-con-boxed e-con e-parent\" data-id=\"41cfd56\" data-element_type=\"container\" data-e-type=\"container\">\n\t\t\t\t\t<div class=\"e-con-inner\">\n\t\t\t\t<div class=\"elementor-element elementor-element-5ec634c elementor-widget elementor-widget-sitemap\" data-id=\"5ec634c\" data-element_type=\"widget\" data-e-type=\"widget\" data-widget_type=\"sitemap.default\">\n\t\t\t\t<div class=\"elementor-widget-container\">\n\t\t\t\t\t<div class=\"elementor-sitemap-wrap\"><div class=\"elementor-sitemap-section\"><h2 class=\"elementor-sitemap-title elementor-sitemap-page-title\">P\u00e1ginas<\/h2><ul class=\"elementor-sitemap-list elementor-sitemap-page-list\"><li class=\"elementor-sitemap-item elementor-sitemap-item-page page_item page-item-6114 menu-item\"><a href=\"https:\/\/txjpcba.com\/es\/gat-a-pcb-layout-quote\/\" class=\"elementor-sitemap-item elementor-sitemap-item-page menu-link\">Obtenga un presupuesto de dise\u00f1o de PCB<\/a><\/li><li class=\"elementor-sitemap-item elementor-sitemap-item-page page_item page-item-5925 menu-item\"><a href=\"https:\/\/txjpcba.com\/es\/diseno-de-pcb\/\" class=\"elementor-sitemap-item elementor-sitemap-item-page menu-link\">Dise\u00f1o de PCB<\/a><\/li><li class=\"elementor-sitemap-item elementor-sitemap-item-page page_item page-item-5887 menu-item\"><a href=\"https:\/\/txjpcba.com\/es\/pcb-libre-de-halogenos\/\" class=\"elementor-sitemap-item elementor-sitemap-item-page menu-link\">Fabricaci\u00f3n de placas de circuito impreso sin hal\u00f3genos | Soluciones ecol\u00f3gicas y conformes con RoHS<\/a><\/li><li class=\"elementor-sitemap-item elementor-sitemap-item-page page_item page-item-5864 menu-item\"><a href=\"https:\/\/txjpcba.com\/es\/pcb-de-cobre-pesado\/\" class=\"elementor-sitemap-item elementor-sitemap-item-page menu-link\">PCB de cobre pesado<\/a><\/li><li class=\"elementor-sitemap-item elementor-sitemap-item-page page_item page-item-5845 menu-item\"><a href=\"https:\/\/txjpcba.com\/es\/pcb-de-alta-frecuencia-2\/\" class=\"elementor-sitemap-item elementor-sitemap-item-page menu-link\">Fabricaci\u00f3n de placas de circuito impreso de alta frecuencia | Selecci\u00f3n de materiales y control de la impedancia<\/a><\/li><li class=\"elementor-sitemap-item elementor-sitemap-item-page page_item page-item-5817 menu-item\"><a href=\"https:\/\/txjpcba.com\/es\/abastecimiento-de-componentes\/\" class=\"elementor-sitemap-item elementor-sitemap-item-page menu-link\">Aprovisionamiento estrat\u00e9gico de componentes para el montaje de placas de circuito impreso<\/a><\/li><li class=\"elementor-sitemap-item elementor-sitemap-item-page page_item page-item-5656 menu-item\"><a href=\"https:\/\/txjpcba.com\/es\/placa-flex-rigida-2\/\" class=\"elementor-sitemap-item elementor-sitemap-item-page menu-link\">Flex PCB r\u00edgido<\/a><\/li><li class=\"elementor-sitemap-item elementor-sitemap-item-page page_item page-item-5598 menu-item\"><a href=\"https:\/\/txjpcba.com\/es\/pcb-led\/\" class=\"elementor-sitemap-item elementor-sitemap-item-page menu-link\">LED PCB<\/a><\/li><li class=\"elementor-sitemap-item elementor-sitemap-item-page page_item page-item-5545 menu-item\"><a href=\"https:\/\/txjpcba.com\/es\/pcb-flexible\/\" class=\"elementor-sitemap-item elementor-sitemap-item-page menu-link\">Placa de circuito impreso flexible<\/a><\/li><li class=\"elementor-sitemap-item elementor-sitemap-item-page page_item page-item-5481 menu-item\"><a href=\"https:\/\/txjpcba.com\/es\/hdi-pcb-2\/\" class=\"elementor-sitemap-item elementor-sitemap-item-page menu-link\">IDH PCB<\/a><\/li><li class=\"elementor-sitemap-item elementor-sitemap-item-page page_item page-item-5387 menu-item\"><a href=\"https:\/\/txjpcba.com\/es\/obtener-presupuesto-de-fabricacion-de-pcb\/\" class=\"elementor-sitemap-item elementor-sitemap-item-page menu-link\">Obtener presupuesto de fabricaci\u00f3n de PCB<\/a><\/li><li class=\"elementor-sitemap-item elementor-sitemap-item-page page_item page-item-5371 menu-item\"><a href=\"https:\/\/txjpcba.com\/es\/fr4-pcb\/\" class=\"elementor-sitemap-item elementor-sitemap-item-page menu-link\">FR4 PCB<\/a><\/li><li class=\"elementor-sitemap-item elementor-sitemap-item-page page_item page-item-4958 menu-item\"><a href=\"https:\/\/txjpcba.com\/es\/servicios-de-fabricacion-electronica\/\" class=\"elementor-sitemap-item elementor-sitemap-item-page menu-link\">Servicios de fabricaci\u00f3n electr\u00f3nica<\/a><\/li><li class=\"elementor-sitemap-item elementor-sitemap-item-page page_item page-item-4014 menu-item\"><a href=\"https:\/\/txjpcba.com\/es\/fabricante-de-pcba\/\" class=\"elementor-sitemap-item elementor-sitemap-item-page menu-link\">Fabricante de PCBA<\/a><\/li><li class=\"elementor-sitemap-item elementor-sitemap-item-page page_item page-item-3948 menu-item\"><a href=\"https:\/\/txjpcba.com\/es\/montaje-de-pcb-llave-en-mano-2\/\" class=\"elementor-sitemap-item elementor-sitemap-item-page menu-link\">Montaje de PCB llave en mano<\/a><\/li><li class=\"elementor-sitemap-item elementor-sitemap-item-page page_item page-item-3631 menu-item\"><a href=\"https:\/\/txjpcba.com\/es\/montaje-de-prototipos-de-pcb\/\" class=\"elementor-sitemap-item elementor-sitemap-item-page menu-link\">Montaje de prototipos de PCB<\/a><\/li><li class=\"elementor-sitemap-item elementor-sitemap-item-page page_item page-item-3553 menu-item\"><a href=\"https:\/\/txjpcba.com\/es\/nube-de-etiquetas\/\" class=\"elementor-sitemap-item elementor-sitemap-item-page menu-link\">Etiquetas nube<\/a><\/li><li class=\"elementor-sitemap-item elementor-sitemap-item-page page_item page-item-3349 menu-item\"><a href=\"https:\/\/txjpcba.com\/es\/mapa-del-sitio\/\" class=\"elementor-sitemap-item elementor-sitemap-item-page menu-link\">Mapa del sitio<\/a><\/li><li class=\"elementor-sitemap-item elementor-sitemap-item-page page_item page-item-2807 menu-item\"><a href=\"https:\/\/txjpcba.com\/es\/selector-de-idioma\/\" class=\"elementor-sitemap-item elementor-sitemap-item-page menu-link\">selector de idioma<\/a><\/li><li class=\"elementor-sitemap-item elementor-sitemap-item-page page_item page-item-2392 menu-item\"><a href=\"https:\/\/txjpcba.com\/es\/fabricacion-de-pcb-2\/\" class=\"elementor-sitemap-item elementor-sitemap-item-page menu-link\">Fabricaci\u00f3n de PCB<\/a><\/li><li class=\"elementor-sitemap-item elementor-sitemap-item-page page_item page-item-2276 menu-item\"><a href=\"https:\/\/txjpcba.com\/es\/obtenga-un-presupuesto-de-montaje-de-pcb\/\" class=\"elementor-sitemap-item elementor-sitemap-item-page menu-link\">Presupuesto de montaje de PCB<\/a><\/li><li class=\"elementor-sitemap-item elementor-sitemap-item-page page_item page-item-2243 menu-item\"><a href=\"https:\/\/txjpcba.com\/es\/obtenga-un-presupuesto-de-revestimiento-de-conformal\/\" class=\"elementor-sitemap-item elementor-sitemap-item-page menu-link\">Obtenga un presupuesto de revestimiento de conformaci\u00f3n<\/a><\/li><li class=\"elementor-sitemap-item elementor-sitemap-item-page page_item page-item-2129 menu-item\"><a href=\"https:\/\/txjpcba.com\/es\/solicitar-presupuesto\/\" class=\"elementor-sitemap-item elementor-sitemap-item-page menu-link\">Solicitar presupuesto<\/a><\/li><li class=\"elementor-sitemap-item elementor-sitemap-item-page page_item page-item-1622 menu-item\"><a href=\"https:\/\/txjpcba.com\/es\/revestimiento-de-conformacion\/\" class=\"elementor-sitemap-item elementor-sitemap-item-page menu-link\">Revestimiento conforme<\/a><\/li><li class=\"elementor-sitemap-item elementor-sitemap-item-page page_item page-item-905 menu-item\"><a href=\"https:\/\/txjpcba.com\/es\/pcba\/\" class=\"elementor-sitemap-item elementor-sitemap-item-page menu-link\">PCBA<\/a><\/li><li class=\"elementor-sitemap-item elementor-sitemap-item-page page_item page-item-883 menu-item\"><a href=\"https:\/\/txjpcba.com\/es\/gracias\/\" class=\"elementor-sitemap-item elementor-sitemap-item-page menu-link\">Gracias<\/a><\/li><li class=\"elementor-sitemap-item elementor-sitemap-item-page page_item page-item-391 menu-item\"><a href=\"https:\/\/txjpcba.com\/es\/montaje-de-pcb\/\" class=\"elementor-sitemap-item elementor-sitemap-item-page menu-link\">Montaje de PCB<\/a><\/li><li class=\"elementor-sitemap-item elementor-sitemap-item-page page_item page-item-61 menu-item\"><a href=\"https:\/\/txjpcba.com\/es\/pcba-oem-odm\/\" class=\"elementor-sitemap-item elementor-sitemap-item-page menu-link\">PCBA OEM\/ODM<\/a><\/li><li class=\"elementor-sitemap-item elementor-sitemap-item-page page_item page-item-59 menu-item\"><a href=\"https:\/\/txjpcba.com\/es\/servicios-de-montaje-de-smt\/\" class=\"elementor-sitemap-item elementor-sitemap-item-page menu-link\">Servicios de montaje SMT<\/a><\/li><li class=\"elementor-sitemap-item elementor-sitemap-item-page page_item page-item-52 menu-item\"><a href=\"https:\/\/txjpcba.com\/es\/contact\/\" class=\"elementor-sitemap-item elementor-sitemap-item-page menu-link\">P\u00f3ngase en contacto con<\/a><\/li><li class=\"elementor-sitemap-item elementor-sitemap-item-page page_item page-item-50 menu-item\"><a href=\"https:\/\/txjpcba.com\/es\/pcb-pcba-capacidades\/\" class=\"elementor-sitemap-item elementor-sitemap-item-page menu-link\">Capacidad de fabricaci\u00f3n de PCB y PCBA<\/a><\/li><li class=\"elementor-sitemap-item elementor-sitemap-item-page page_item page-item-48 menu-item\"><a href=\"https:\/\/txjpcba.com\/es\/servicios\/\" class=\"elementor-sitemap-item elementor-sitemap-item-page menu-link\">Servicios<\/a><\/li><li class=\"elementor-sitemap-item elementor-sitemap-item-page page_item page-item-46 menu-item\"><a href=\"https:\/\/txjpcba.com\/es\/acerca-de\/\" class=\"elementor-sitemap-item elementor-sitemap-item-page menu-link\">Acerca de<\/a><\/li><li class=\"elementor-sitemap-item elementor-sitemap-item-page page_item page-item-12 menu-item\"><a href=\"https:\/\/txjpcba.com\/es\" class=\"elementor-sitemap-item elementor-sitemap-item-page menu-link\">Inicio<\/a><\/li><li class=\"elementor-sitemap-item elementor-sitemap-item-page page_item page-item-3 menu-item\"><a href=\"https:\/\/txjpcba.com\/es\/politica-de-privacidad\/\" class=\"elementor-sitemap-item elementor-sitemap-item-page menu-link\">Pol\u00edtica de privacidad<\/a><\/li><\/ul><\/div><div class=\"elementor-sitemap-section\"><h2 class=\"elementor-sitemap-title elementor-sitemap-category-title\">Categor\u00edas<\/h2><ul class=\"elementor-sitemap-list elementor-sitemap-category-list\">\t<li class=\"elementor-sitemap-item elementor-sitemap-item-category cat-item cat-item-35\"><a href=\"https:\/\/txjpcba.com\/es\/categoria\/pcb-pcba-conocimiento\/\">CONOCIMIENTOS PCB\/PCBA<\/a>\n<\/li>\n\t<li class=\"elementor-sitemap-item elementor-sitemap-item-category cat-item cat-item-445\"><a href=\"https:\/\/txjpcba.com\/es\/categoria\/preguntas-frecuentes\/pcb-assembly-faqs\/\">Preguntas frecuentes sobre el montaje de PCB<\/a>\n<\/li>\n\t<li class=\"elementor-sitemap-item elementor-sitemap-item-category cat-item cat-item-71\"><a href=\"https:\/\/txjpcba.com\/es\/categoria\/preguntas-frecuentes\/\">FAQS<\/a>\n<\/li>\n\t<li class=\"elementor-sitemap-item elementor-sitemap-item-category cat-item cat-item-256\"><a href=\"https:\/\/txjpcba.com\/es\/categoria\/preguntas-frecuentes\/revestimiento-de-conformacion\/\">Preguntas frecuentes sobre el revestimiento de conformaci\u00f3n<\/a>\n<\/li>\n\t<li class=\"elementor-sitemap-item elementor-sitemap-item-category cat-item cat-item-57\"><a href=\"https:\/\/txjpcba.com\/es\/categoria\/blogs\/\">BLOGS<\/a>\n<\/li>\n<\/ul><\/div><\/div>\t\t\t\t<\/div>\n\t\t\t\t<\/div>\n\t\t\t\t\t<\/div>\n\t\t\t\t<\/div>\n\t\t\t\t<\/div>","protected":false},"excerpt":{"rendered":"","protected":false},"author":1,"featured_media":0,"parent":0,"menu_order":0,"comment_status":"closed","ping_status":"closed","template":"","meta":{"site-sidebar-layout":"no-sidebar","site-content-layout":"","ast-site-content-layout":"full-width-container","site-content-style":"default","site-sidebar-style":"default","ast-global-header-display":"","ast-banner-title-visibility":"","ast-main-header-display":"","ast-hfb-above-header-display":"","ast-hfb-below-header-display":"","ast-hfb-mobile-header-display":"","site-post-title":"disabled","ast-breadcrumbs-content":"","ast-featured-img":"disabled","footer-sml-layout":"","ast-disable-related-posts":"","theme-transparent-header-meta":"default","adv-header-id-meta":"","stick-header-meta":"","header-above-stick-meta":"","header-main-stick-meta":"","header-below-stick-meta":"","astra-migrate-meta-layouts":"set","ast-page-background-enabled":"default","ast-page-background-meta":{"desktop":{"background-color":"var(--ast-global-color-5)","background-image":"","background-repeat":"repeat","background-position":"center center","background-size":"auto","background-attachment":"scroll","background-type":"","background-media":"","overlay-type":"","overlay-color":"","overlay-opacity":"","overlay-gradient":""},"tablet":{"background-color":"","background-image":"","background-repeat":"repeat","background-position":"center center","background-size":"auto","background-attachment":"scroll","background-type":"","background-media":"","overlay-type":"","overlay-color":"","overlay-opacity":"","overlay-gradient":""},"mobile":{"background-color":"","background-image":"","background-repeat":"repeat","background-position":"center center","background-size":"auto","background-attachment":"scroll","background-type":"","background-media":"","overlay-type":"","overlay-color":"","overlay-opacity":"","overlay-gradient":""}},"ast-content-background-meta":{"desktop":{"background-color":"var(--ast-global-color-4)","background-image":"","background-repeat":"repeat","background-position":"center center","background-size":"auto","background-attachment":"scroll","background-type":"","background-media":"","overlay-type":"","overlay-color":"","overlay-opacity":"","overlay-gradient":""},"tablet":{"background-color":"var(--ast-global-color-4)","background-image":"","background-repeat":"repeat","background-position":"center center","background-size":"auto","background-attachment":"scroll","background-type":"","background-media":"","overlay-type":"","overlay-color":"","overlay-opacity":"","overlay-gradient":""},"mobile":{"background-color":"var(--ast-global-color-4)","background-image":"","background-repeat":"repeat","background-position":"center center","background-size":"auto","background-attachment":"scroll","background-type":"","background-media":"","overlay-type":"","overlay-color":"","overlay-opacity":"","overlay-gradient":""}},"footnotes":""},"class_list":["post-3349","page","type-page","status-publish","hentry"],"_links":{"self":[{"href":"https:\/\/txjpcba.com\/es\/wp-json\/wp\/v2\/pages\/3349","targetHints":{"allow":["GET"]}}],"collection":[{"href":"https:\/\/txjpcba.com\/es\/wp-json\/wp\/v2\/pages"}],"about":[{"href":"https:\/\/txjpcba.com\/es\/wp-json\/wp\/v2\/types\/page"}],"author":[{"embeddable":true,"href":"https:\/\/txjpcba.com\/es\/wp-json\/wp\/v2\/users\/1"}],"replies":[{"embeddable":true,"href":"https:\/\/txjpcba.com\/es\/wp-json\/wp\/v2\/comments?post=3349"}],"version-history":[{"count":4,"href":"https:\/\/txjpcba.com\/es\/wp-json\/wp\/v2\/pages\/3349\/revisions"}],"predecessor-version":[{"id":3353,"href":"https:\/\/txjpcba.com\/es\/wp-json\/wp\/v2\/pages\/3349\/revisions\/3353"}],"wp:attachment":[{"href":"https:\/\/txjpcba.com\/es\/wp-json\/wp\/v2\/media?parent=3349"}],"curies":[{"name":"wp","href":"https:\/\/api.w.org\/{rel}","templated":true}]}}