{"id":2129,"date":"2026-02-06T18:55:56","date_gmt":"2026-02-06T10:55:56","guid":{"rendered":"https:\/\/txjpcba.com\/?page_id=2129"},"modified":"2026-04-13T18:10:30","modified_gmt":"2026-04-13T10:10:30","slug":"solicitar-presupuesto","status":"publish","type":"page","link":"https:\/\/txjpcba.com\/es\/solicitar-presupuesto\/","title":{"rendered":"Solicitar presupuesto"},"content":{"rendered":"<div data-elementor-type=\"wp-page\" data-elementor-id=\"2129\" class=\"elementor elementor-2129\" data-elementor-post-type=\"page\">\n\t\t\t\t\t\t<section class=\"elementor-section elementor-top-section elementor-element elementor-element-ksd3hoo elementor-section-boxed elementor-section-height-default elementor-section-height-default\" data-id=\"ksd3hoo\" data-element_type=\"section\" data-e-type=\"section\" data-settings=\"{&quot;background_background&quot;:&quot;classic&quot;}\">\n\t\t\t\t\t\t<div class=\"elementor-container elementor-column-gap-no\">\n\t\t\t\t\t<div class=\"elementor-column elementor-col-50 elementor-top-column elementor-element elementor-element-eefe1b0\" data-id=\"eefe1b0\" data-element_type=\"column\" data-e-type=\"column\" data-settings=\"{&quot;background_background&quot;:&quot;classic&quot;}\">\n\t\t\t<div class=\"elementor-widget-wrap elementor-element-populated\">\n\t\t\t\t\t\t<section class=\"elementor-section elementor-inner-section elementor-element elementor-element-9466a38 elementor-section-boxed elementor-section-height-default elementor-section-height-default\" data-id=\"9466a38\" data-element_type=\"section\" data-e-type=\"section\">\n\t\t\t\t\t\t<div class=\"elementor-container elementor-column-gap-no\">\n\t\t\t\t\t<div class=\"elementor-column elementor-col-100 elementor-inner-column elementor-element elementor-element-92ec6eb\" data-id=\"92ec6eb\" data-element_type=\"column\" data-e-type=\"column\">\n\t\t\t<div class=\"elementor-widget-wrap elementor-element-populated\">\n\t\t\t\t\t\t<div class=\"elementor-element elementor-element-addf565 elementor-widget__width-initial elementor-widget elementor-widget-heading\" data-id=\"addf565\" data-element_type=\"widget\" data-e-type=\"widget\" data-widget_type=\"heading.default\">\n\t\t\t\t<div class=\"elementor-widget-container\">\n\t\t\t\t\t<h2 class=\"elementor-heading-title elementor-size-default\">Solicitar presupuesto<\/h2>\t\t\t\t<\/div>\n\t\t\t\t<\/div>\n\t\t\t\t<div class=\"elementor-element elementor-element-b919e10 elementor-widget__width-initial elementor-widget-mobile__width-initial elementor-widget elementor-widget-text-editor\" data-id=\"b919e10\" data-element_type=\"widget\" data-e-type=\"widget\" data-widget_type=\"text-editor.default\">\n\t\t\t\t<div class=\"elementor-widget-container\">\n\t\t\t\t\t\t\t\t\t<p>Una vez enviados el expediente y la informaci\u00f3n, nuestro personal t\u00e9cnico los revisar\u00e1 y le responder\u00e1 con prontitud.\uff08Los campos marcados con un asterisco* son obligatorios)<\/p>\t\t\t\t\t\t\t\t<\/div>\n\t\t\t\t<\/div>\n\t\t\t\t<div class=\"elementor-element elementor-element-fcef918 elementor-widget__width-initial elementor-widget elementor-widget-shortcode\" data-id=\"fcef918\" data-element_type=\"widget\" data-e-type=\"widget\" data-widget_type=\"shortcode.default\">\n\t\t\t\t<div class=\"elementor-widget-container\">\n\t\t\t\t\t\t\t<div class=\"elementor-shortcode\"><style id=\"wpforms-css-vars-2124\">\n\t\t\t\t#wpforms-2124 {\n\t\t\t\t--wpforms-field-size-input-height: 43px;\n--wpforms-field-size-input-spacing: 15px;\n--wpforms-field-size-font-size: 16px;\n--wpforms-field-size-line-height: 19px;\n--wpforms-field-size-padding-h: 14px;\n--wpforms-field-size-checkbox-size: 16px;\n--wpforms-field-size-sublabel-spacing: 5px;\n--wpforms-field-size-icon-size: 1;\n--wpforms-label-size-font-size: 16px;\n--wpforms-label-size-line-height: 19px;\n--wpforms-label-size-sublabel-font-size: 14px;\n--wpforms-label-size-sublabel-line-height: 17px;\n--wpforms-button-size-font-size: 17px;\n--wpforms-button-size-height: 41px;\n--wpforms-button-size-padding-h: 15px;\n--wpforms-button-size-margin-top: 10px;\n--wpforms-container-shadow-size-box-shadow: none;\n\t\t\t}\n\t\t\t<\/style><div class=\"wpforms-container wpforms-container-full wpforms-render-modern\" id=\"wpforms-2124\"><form id=\"wpforms-form-2124\" class=\"wpforms-validate wpforms-form wpforms-ajax-form\" data-formid=\"2124\" method=\"post\" enctype=\"multipart\/form-data\" action=\"\/es\/wp-json\/wp\/v2\/pages\/2129?wpforms_form_id=2124\" data-token=\"8536d7d5ca797e829b5bef00ea96deb4\" data-token-time=\"1777068775\" data-trp-original-action=\"\/es\/wp-json\/wp\/v2\/pages\/2129?wpforms_form_id=2124\"><noscript class=\"wpforms-error-noscript\">Por favor, activa JavaScript en tu navegador para completar este formulario.<\/noscript><div id=\"wpforms-error-noscript\" style=\"display: none;\">Por favor, activa JavaScript en tu navegador para completar este formulario.<\/div><div class=\"wpforms-field-container\">\t\t<div id=\"wpforms-2124-field_3-container\"\n\t\t\tclass=\"wpforms-field wpforms-field-text\"\n\t\t\tdata-field-type=\"text\"\n\t\t\tdata-field-id=\"3\"\n\t\t\t>\n\t\t\t<label class=\"wpforms-field-label\" for=\"wpforms-2124-field_3\" >Email Required Message<\/label>\n\t\t\t<input type=\"text\" id=\"wpforms-2124-field_3\" class=\"wpforms-field-medium\" name=\"wpforms[fields][3]\" >\n\t\t<\/div>\n\t\t<div id=\"wpforms-2124-field_1-container\" class=\"wpforms-field wpforms-field-email\" data-field-type=\"email\" data-field-id=\"1\"><label class=\"wpforms-field-label\" for=\"wpforms-2124-field_1\">Correo electr\u00f3nico <span class=\"wpforms-required-label\" aria-hidden=\"true\">*<\/span><\/label><input type=\"email\" id=\"wpforms-2124-field_1\" class=\"wpforms-field-medium wpforms-field-required\" name=\"wpforms[fields][1]\" spellcheck=\"false\" aria-errormessage=\"wpforms-2124-field_1-error\" required><\/div><div id=\"wpforms-2124-field_0-container\" class=\"wpforms-field wpforms-field-name\" data-field-type=\"name\" data-field-id=\"0\"><label class=\"wpforms-field-label\" for=\"wpforms-2124-field_0\">Nombre <span class=\"wpforms-required-label\" aria-hidden=\"true\">*<\/span><\/label><input type=\"text\" id=\"wpforms-2124-field_0\" class=\"wpforms-field-medium wpforms-field-required\" name=\"wpforms[fields][0]\" aria-errormessage=\"wpforms-2124-field_0-error\" required><\/div><div id=\"wpforms-2124-field_14-container\" class=\"wpforms-field wpforms-field-text\" data-field-type=\"text\" data-field-id=\"14\"><label class=\"wpforms-field-label\" for=\"wpforms-2124-field_14\">WhatsAPP<\/label><input type=\"text\" id=\"wpforms-2124-field_14\" class=\"wpforms-field-medium\" name=\"wpforms[fields][14]\" aria-errormessage=\"wpforms-2124-field_14-error\" ><\/div><div id=\"wpforms-2124-field_13-container\" class=\"wpforms-field wpforms-field-radio wpforms-list-2-columns\" data-field-type=\"radio\" data-field-id=\"13\"><fieldset><legend class=\"wpforms-field-label\">Servicio requerido<\/legend><ul id=\"wpforms-2124-field_13\"><li class=\"choice-1 depth-1\"><input type=\"radio\" id=\"wpforms-2124-field_13_1\" name=\"wpforms[fields][13]\" value=\"PCB Fabrication (Bare Boards)\" aria-errormessage=\"wpforms-2124-field_13_1-error\" aria-describedby=\"wpforms-2124-field_13-description\"  ><label class=\"wpforms-field-label-inline\" for=\"wpforms-2124-field_13_1\">Fabricaci\u00f3n de placas de circuito impreso (placas desnudas)<\/label><\/li><li class=\"choice-2 depth-1\"><input type=\"radio\" id=\"wpforms-2124-field_13_2\" name=\"wpforms[fields][13]\" value=\"Turnkey PCB Assembly (Components + Assembly)\" aria-errormessage=\"wpforms-2124-field_13_2-error\" aria-describedby=\"wpforms-2124-field_13-description\"  ><label class=\"wpforms-field-label-inline\" for=\"wpforms-2124-field_13_2\">Montaje de PCB llave en mano (componentes + montaje)<\/label><\/li><li class=\"choice-3 depth-1\"><input type=\"radio\" id=\"wpforms-2124-field_13_3\" name=\"wpforms[fields][13]\" value=\"Conformal Coating Service (High-Reliability Protection)\" aria-errormessage=\"wpforms-2124-field_13_3-error\" aria-describedby=\"wpforms-2124-field_13-description\"  ><label class=\"wpforms-field-label-inline\" for=\"wpforms-2124-field_13_3\">Servicio de revestimiento conforme (protecci\u00f3n de alta fiabilidad)<\/label><\/li><li class=\"choice-4 depth-1\"><input type=\"radio\" id=\"wpforms-2124-field_13_4\" name=\"wpforms[fields][13]\" value=\"PCB Design &amp; PCB Layout  &amp; Engineering Support\" aria-errormessage=\"wpforms-2124-field_13_4-error\" aria-describedby=\"wpforms-2124-field_13-description\"  ><label class=\"wpforms-field-label-inline\" for=\"wpforms-2124-field_13_4\">PCB Design &amp; PCB Layout  &amp; Engineering Support<\/label><\/li><li class=\"choice-5 depth-1\"><input type=\"radio\" id=\"wpforms-2124-field_13_5\" name=\"wpforms[fields][13]\" value=\"Components Sourcing Only\" aria-errormessage=\"wpforms-2124-field_13_5-error\" aria-describedby=\"wpforms-2124-field_13-description\"  ><label class=\"wpforms-field-label-inline\" for=\"wpforms-2124-field_13_5\">S\u00f3lo abastecimiento de componentes<\/label><\/li><li class=\"choice-6 depth-1\"><input type=\"radio\" id=\"wpforms-2124-field_13_6\" name=\"wpforms[fields][13]\" value=\"Full Turnkey Service (Fabrication + Assembly + Coating\" aria-errormessage=\"wpforms-2124-field_13_6-error\" aria-describedby=\"wpforms-2124-field_13-description\"  ><label class=\"wpforms-field-label-inline\" for=\"wpforms-2124-field_13_6\">Servicio completo llave en mano (fabricaci\u00f3n + montaje + revestimiento)<\/label><\/li><\/ul><div id=\"wpforms-2124-field_13-description\" class=\"wpforms-field-description\">Seleccione todo lo que corresponda. Si tiene requisitos espec\u00edficos de material de revestimiento (por ejemplo, HumiSeal), menci\u00f3nelo en el cuadro de mensaje que aparece a continuaci\u00f3n.<\/div><\/fieldset><\/div><div id=\"wpforms-2124-field_5-container\" class=\"wpforms-field wpforms-field-file-upload\" data-field-type=\"file-upload\" data-field-id=\"5\"><label class=\"wpforms-field-label\" for=\"wpforms-2124-field_5\">Carga de archivos<\/label><div\n\t\tclass=\"wpforms-uploader\"\n\t\tdata-field-id=\"5\"\n\t\tdata-form-id=\"2124\"\n\t\tdata-input-name=\"wpforms_2124_5\"\n\t\tdata-extensions=\"zip,rar,7z,pdf,xls,xlsx,csv,jpg,gif,png,txt,docx,tar\"\n\t\tdata-max-size=\"20971520\"\n\t\tdata-max-file-number=\"8\"\n\t\tdata-post-max-size=\"268435456\"\n\t\tdata-max-parallel-uploads=\"4\"\n\t\tdata-parallel-uploads=\"true\"\n\t\tdata-file-chunk-size=\"2097152\">\n\t<div class=\"dz-message\">\n\t\t<svg  viewbox=\"0 0 640 640\" focusable=\"false\" data-icon=\"inbox\" width=\"50px\" height=\"50px\" fill=\"currentColor\" aria-hidden=\"true\">\n\t\t\t<path d=\"M352 173.3L352 384C352 401.7 337.7 416 320 416C302.3 416 288 401.7 288 384L288 173.3L246.6 214.7C234.1 227.2 213.8 227.2 201.3 214.7C188.8 202.2 188.8 181.9 201.3 169.4L297.3 73.4C309.8 60.9 330.1 60.9 342.6 73.4L438.6 169.4C451.1 181.9 451.1 202.2 438.6 214.7C426.1 227.2 405.8 227.2 393.3 214.7L352 173.3zM320 464C364.2 464 400 428.2 400 384L480 384C515.3 384 544 412.7 544 448L544 480C544 515.3 515.3 544 480 544L160 544C124.7 544 96 515.3 96 480L96 448C96 412.7 124.7 384 160 384L240 384C240 428.2 275.8 464 320 464zM464 488C477.3 488 488 477.3 488 464C488 450.7 477.3 440 464 440C450.7 440 440 450.7 440 464C440 477.3 450.7 488 464 488z\"\/>\n\t\t<\/svg>\n\n\t\t<span class=\"modern-title\">\n\t\t\t\t\t\t\tDrag &amp; Drop Files, \t\t\t\t<span>Choose Files to Upload<\/span>\n\t\t\t\t\t<\/span>\n\n\t\t\t\t\t<span class=\"modern-hint\">Puedes subir hasta 8 archivos.<\/span>\n\t\t\t<\/div>\n<\/div>\n\n<input\n\t\ttype=\"text\"\n\t\tautocomplete=\"off\"\n\t\treadonly\n\t\tclass=\"dropzone-input\"\n\t\tstyle=\"position:absolute!important;clip:rect(0,0,0,0)!important;height:1px!important;width:1px!important;border:0!important;overflow:hidden!important;padding:0!important;margin:0!important;\"\n\t\tid=\"wpforms-2124-field_5\"\n\t\tname=\"wpforms_2124_5\" \t\tvalue=\"\">\n<div id=\"wpforms-2124-field_5-description\" class=\"wpforms-field-description\">Env\u00edenos sus archivos Gerber y su lista de materiales para obtener un presupuesto r\u00e1pido y preciso.<\/div><\/div><div id=\"wpforms-2124-field_2-container\" class=\"wpforms-field wpforms-field-textarea\" data-field-type=\"textarea\" data-field-id=\"2\"><label class=\"wpforms-field-label\" for=\"wpforms-2124-field_2\">Mensaje<\/label><textarea id=\"wpforms-2124-field_2\" class=\"wpforms-field-medium\" name=\"wpforms[fields][2]\" aria-errormessage=\"wpforms-2124-field_2-error\" ><\/textarea><\/div><script>\n\t\t\t\t( function() {\n\t\t\t\t\tconst style = document.createElement( 'style' );\n\t\t\t\t\tstyle.appendChild( document.createTextNode( '#wpforms-2124-field_3-container { position: absolute !important; overflow: hidden !important; display: inline !important; height: 1px !important; width: 1px !important; z-index: -1000 !important; padding: 0 !important; } #wpforms-2124-field_3-container input { visibility: hidden; } #wpforms-conversational-form-page #wpforms-2124-field_3-container label { counter-increment: none; }' ) );\n\t\t\t\t\tdocument.head.appendChild( style );\n\t\t\t\t\tdocument.currentScript?.remove();\n\t\t\t\t} )();\n\t\t\t<\/script><\/div><!-- .wpforms-field-container --><div class=\"wpforms-submit-container\" ><input type=\"hidden\" name=\"wpforms[id]\" value=\"2124\"><input type=\"hidden\" name=\"page_title\" value=\"\"><input type=\"hidden\" name=\"page_url\" value=\"https:\/\/txjpcba.com\/es\/wp-json\/wp\/v2\/pages\/2129\"><input type=\"hidden\" name=\"url_referer\" value=\"\"><button type=\"submit\" name=\"wpforms[submit]\" id=\"wpforms-submit-2124\" class=\"wpforms-submit\" aria-live=\"assertive\" value=\"wpforms-submit\">Enviar<\/button><img decoding=\"async\" src=\"https:\/\/txjpcba.com\/wp-content\/plugins\/wpforms\/assets\/images\/submit-spin.svg\" class=\"wpforms-submit-spinner\" style=\"display: none;\" width=\"26\" height=\"26\" alt=\"Cargando\"><\/div><input type=\"hidden\" name=\"trp-form-language\" value=\"es\"\/><\/form><\/div>  <!-- .wpforms-container --><\/div>\n\t\t\t\t\t\t<\/div>\n\t\t\t\t<\/div>\n\t\t\t\t\t<\/div>\n\t\t<\/div>\n\t\t\t\t\t<\/div>\n\t\t<\/section>\n\t\t\t\t\t<\/div>\n\t\t<\/div>\n\t\t\t\t<div class=\"elementor-column elementor-col-50 elementor-top-column elementor-element elementor-element-72e7191\" data-id=\"72e7191\" data-element_type=\"column\" data-e-type=\"column\">\n\t\t\t<div class=\"elementor-widget-wrap\">\n\t\t\t\t\t\t\t<\/div>\n\t\t<\/div>\n\t\t\t\t\t<\/div>\n\t\t<\/section>\n\t\t\t\t<\/div>","protected":false},"excerpt":{"rendered":"<p>Get A Quote After the file and information are submitted, our technical staff will review them and respond to you [&hellip;]<\/p>","protected":false},"author":1,"featured_media":0,"parent":0,"menu_order":0,"comment_status":"closed","ping_status":"closed","template":"elementor_header_footer","meta":{"site-sidebar-layout":"no-sidebar","site-content-layout":"","ast-site-content-layout":"full-width-container","site-content-style":"default","site-sidebar-style":"default","ast-global-header-display":"","ast-banner-title-visibility":"","ast-main-header-display":"","ast-hfb-above-header-display":"","ast-hfb-below-header-display":"","ast-hfb-mobile-header-display":"","site-post-title":"disabled","ast-breadcrumbs-content":"","ast-featured-img":"disabled","footer-sml-layout":"","ast-disable-related-posts":"","theme-transparent-header-meta":"default","adv-header-id-meta":"","stick-header-meta":"","header-above-stick-meta":"","header-main-stick-meta":"","header-below-stick-meta":"","astra-migrate-meta-layouts":"set","ast-page-background-enabled":"default","ast-page-background-meta":{"desktop":{"background-color":"var(--ast-global-color-5)","background-image":"","background-repeat":"repeat","background-position":"center center","background-size":"auto","background-attachment":"scroll","background-type":"","background-media":"","overlay-type":"","overlay-color":"","overlay-opacity":"","overlay-gradient":""},"tablet":{"background-color":"","background-image":"","background-repeat":"repeat","background-position":"center center","background-size":"auto","background-attachment":"scroll","background-type":"","background-media":"","overlay-type":"","overlay-color":"","overlay-opacity":"","overlay-gradient":""},"mobile":{"background-color":"","background-image":"","background-repeat":"repeat","background-position":"center center","background-size":"auto","background-attachment":"scroll","background-type":"","background-media":"","overlay-type":"","overlay-color":"","overlay-opacity":"","overlay-gradient":""}},"ast-content-background-meta":{"desktop":{"background-color":"var(--ast-global-color-4)","background-image":"","background-repeat":"repeat","background-position":"center center","background-size":"auto","background-attachment":"scroll","background-type":"","background-media":"","overlay-type":"","overlay-color":"","overlay-opacity":"","overlay-gradient":""},"tablet":{"background-color":"var(--ast-global-color-4)","background-image":"","background-repeat":"repeat","background-position":"center center","background-size":"auto","background-attachment":"scroll","background-type":"","background-media":"","overlay-type":"","overlay-color":"","overlay-opacity":"","overlay-gradient":""},"mobile":{"background-color":"var(--ast-global-color-4)","background-image":"","background-repeat":"repeat","background-position":"center center","background-size":"auto","background-attachment":"scroll","background-type":"","background-media":"","overlay-type":"","overlay-color":"","overlay-opacity":"","overlay-gradient":""}},"footnotes":""},"class_list":["post-2129","page","type-page","status-publish","hentry"],"_links":{"self":[{"href":"https:\/\/txjpcba.com\/es\/wp-json\/wp\/v2\/pages\/2129","targetHints":{"allow":["GET"]}}],"collection":[{"href":"https:\/\/txjpcba.com\/es\/wp-json\/wp\/v2\/pages"}],"about":[{"href":"https:\/\/txjpcba.com\/es\/wp-json\/wp\/v2\/types\/page"}],"author":[{"embeddable":true,"href":"https:\/\/txjpcba.com\/es\/wp-json\/wp\/v2\/users\/1"}],"replies":[{"embeddable":true,"href":"https:\/\/txjpcba.com\/es\/wp-json\/wp\/v2\/comments?post=2129"}],"version-history":[{"count":84,"href":"https:\/\/txjpcba.com\/es\/wp-json\/wp\/v2\/pages\/2129\/revisions"}],"predecessor-version":[{"id":5209,"href":"https:\/\/txjpcba.com\/es\/wp-json\/wp\/v2\/pages\/2129\/revisions\/5209"}],"wp:attachment":[{"href":"https:\/\/txjpcba.com\/es\/wp-json\/wp\/v2\/media?parent=2129"}],"curies":[{"name":"wp","href":"https:\/\/api.w.org\/{rel}","templated":true}]}}