{"id":5887,"date":"2026-04-22T15:58:23","date_gmt":"2026-04-22T07:58:23","guid":{"rendered":"https:\/\/txjpcba.com\/?page_id=5887"},"modified":"2026-04-22T16:32:41","modified_gmt":"2026-04-22T08:32:41","slug":"halogenfreie-leiterplatte","status":"publish","type":"page","link":"https:\/\/txjpcba.com\/de\/halogenfreie-leiterplatte\/","title":{"rendered":"Halogenfreie PCB-Herstellung | Umweltfreundliche &amp; RoHS-konforme L\u00f6sungen"},"content":{"rendered":"<div data-elementor-type=\"wp-page\" data-elementor-id=\"5887\" class=\"elementor elementor-5887\" data-elementor-post-type=\"page\">\n\t\t\t\t<div class=\"elementor-element elementor-element-24d0b2e1 e-con-full e-flex e-con e-parent\" data-id=\"24d0b2e1\" data-element_type=\"container\" data-settings=\"{&quot;background_background&quot;:&quot;classic&quot;}\">\n\t\t\t\t<\/div>\n\t\t<div class=\"elementor-element elementor-element-596061a8 e-flex e-con-boxed e-con e-parent\" data-id=\"596061a8\" data-element_type=\"container\">\n\t\t\t\t\t<div class=\"e-con-inner\">\n\t\t\t\t<div class=\"elementor-element elementor-element-7a25b2bc elementor-widget elementor-widget-text-editor\" data-id=\"7a25b2bc\" data-element_type=\"widget\" data-widget_type=\"text-editor.default\">\n\t\t\t\t<div class=\"elementor-widget-container\">\n\t\t\t\t\t\t\t\t\t<h2>Halogenfreie PCB-Herstellung<\/h2><p class=\"ds-markdown-paragraph\">F\u00fcr Elektronikhersteller, die der Umweltverantwortung und der Einhaltung von Vorschriften Priorit\u00e4t einr\u00e4umen,\u00a0<strong>Halogenfreie PCBs<\/strong>\u00a0sind zu einer wichtigen Spezifikation geworden. Diese Platten werden ohne halogenierte Verbindungen (Chlor, Brom, Fluor, Jod und Astatin) hergestellt und bieten eine sicherere Alternative zu herk\u00f6mmlichen PCB-Materialien, ohne die Leistung zu beeintr\u00e4chtigen.<\/p><p align=\"center\"><a href=\"\/de\/angebot-fur-leiterplattenherstellung-einholen\/\"><button style=\"background: black; color: white; padding: 10px 20px; border: none; cursor: pointer;\">PCB-Herstellungsangebot anfordern<\/button><\/a><\/p><h4>Warum Halogen-Freiheit wichtig ist: Mehr als Konformit\u00e4t<\/h4><p class=\"ds-markdown-paragraph\">Herk\u00f6mmliche PCBs k\u00f6nnen halogenierte Flammschutzmittel enthalten, die bei der Entsorgung Umwelt- und Gesundheitsrisiken bergen. Bei der Verbrennung k\u00f6nnen halogenierte Materialien Folgendes freisetzen\u00a0<strong>Dioxine<\/strong>\u00a0und andere giftige Nebenprodukte - Stoffe, die von der EPA als die gef\u00e4hrlichsten bekannten Chemikalien eingestuft werden.<\/p><p class=\"ds-markdown-paragraph\"><strong>Zu den wichtigsten Vorteilen der Umstellung auf halogenfreie Leiterplatten geh\u00f6ren:<\/strong><\/p><ul><li><p class=\"ds-markdown-paragraph\"><strong>Geringere Umweltbelastung:<\/strong>\u00a0Sauberere Entsorgungs- und Recyclingprozesse ohne giftige Ausgasungen.<\/p><\/li><li><p class=\"ds-markdown-paragraph\"><strong>Verbesserte Sicherheit der Arbeiter:<\/strong> Geringeres Risiko der Exposition gegen\u00fcber sch\u00e4dlichen D\u00e4mpfen bei der Herstellung und beim Recycling.<\/p><\/li><li><p class=\"ds-markdown-paragraph\"><strong>Angleichung der Rechtsvorschriften:<\/strong>\u00a0Erf\u00fcllt strenge globale Normen, einschlie\u00dflich RoHS, WEEE und EU-Richtlinien \u00fcber gef\u00e4hrliche Stoffe.<\/p><\/li><li><p class=\"ds-markdown-paragraph\"><strong>Unterst\u00fctzung der sozialen Verantwortung der Unternehmen (CSR):<\/strong>\u00a0Konkrete Ma\u00dfnahmen f\u00fcr Unternehmen mit Umweltverpflichtungen oder gr\u00fcnen Produktlinien.<\/p><\/li><\/ul><p class=\"ds-markdown-paragraph\">Es ist wichtig zu wissen, dass halogenfreie Leiterplatten f\u00fcr praktisch alle Anwendungen geeignet sind, bei denen Standard-FR-4-Leiterplatten verwendet werden - von der Unterhaltungselektronik bis zu industriellen Steuerungen - mit nur geringen Abweichungen bei den dielektrischen und thermischen Eigenschaften.<\/p><h4>Spezifikationen f\u00fcr halogenfreies Material<\/h4><p class=\"ds-markdown-paragraph\">Wir stellen halogenfreie Leiterplatten aus zertifizierten umweltfreundlichen Materialien her. Unsere Standardsubstrate umfassen:<\/p><div class=\"ds-scroll-area ds-scroll-area--show-on-focus-within _1210dd7 c03cafe9\"><div class=\"ds-scroll-area__gutters\"><div class=\"ds-scroll-area__horizontal-gutter\">\u00a0<\/div><div class=\"ds-scroll-area__vertical-gutter\">\u00a0<\/div><\/div><table><thead><tr><th>Material<\/th><th>Tg (DSC, \u00b0C)<\/th><th>Td (Gewicht, \u00b0C)<\/th><th>CTE-z (ppm\/\u00b0C)<\/th><th>T260 (min)<\/th><th>T288 (min)<\/th><\/tr><\/thead><tbody><tr><td><strong>S1155 (FR-4)<\/strong><\/td><td>140<\/td><td>380<\/td><td>41<\/td><td>60<\/td><td>60<\/td><\/tr><tr><td><strong>S1165 (FR-4)<\/strong><\/td><td>170<\/td><td>360<\/td><td>40<\/td><td>60<\/td><td>15<\/td><\/tr><\/tbody><\/table><\/div><ul><li><p class=\"ds-markdown-paragraph\"><strong>Tg (Glas\u00fcbergangstemperatur):<\/strong>\u00a0H\u00f6here Werte (170\u00b0C) f\u00fcr Anwendungen mit hohen thermischen Anforderungen.<\/p><\/li><li><p class=\"ds-markdown-paragraph\"><strong>Td (Zersetzungstemperatur):<\/strong>\u00a0Zeigt die Stabilit\u00e4t des Materials bei extremer Hitze an.<\/p><\/li><li><p class=\"ds-markdown-paragraph\"><strong>CTE-z (Z-Achse Expansion):<\/strong>\u00a0Entscheidend f\u00fcr die Zuverl\u00e4ssigkeit von durchkontaktierten L\u00f6chern.<\/p><\/li><\/ul><h4>Halogenfreie PCB-Fertigungskapazit\u00e4ten<\/h4><div class=\"ds-scroll-area ds-scroll-area--show-on-focus-within _1210dd7 c03cafe9\"><div class=\"ds-scroll-area__gutters\"><div class=\"ds-scroll-area__horizontal-gutter\">\u00a0<\/div><div class=\"ds-scroll-area__vertical-gutter\">\u00a0<\/div><\/div><table><thead><tr><th>Merkmal<\/th><th>F\u00e4higkeit<\/th><\/tr><\/thead><tbody><tr><td><strong>Qualit\u00e4tsstufe<\/strong><\/td><td>IPC Klasse 2 (Klasse 3 f\u00fcr hohe Zuverl\u00e4ssigkeit erh\u00e4ltlich)<\/td><\/tr><tr><td><strong>Anzahl der Schichten<\/strong><\/td><td>2 - 24 Schichten<\/td><\/tr><tr><td><strong>Menge bestellen<\/strong><\/td><td>1 St\u00fcck (Prototyp) bis 10.000+ St\u00fcck (Volumen)<\/td><\/tr><tr><td><strong>Vorlaufzeit<\/strong><\/td><td>2 Tage (Quick-Turn) bis 5 Wochen (komplexe Konstruktionen)<\/td><\/tr><tr><td><strong>Material-Optionen<\/strong><\/td><td>S1150G, S1165 (Halogenfreies FR-4)<\/td><\/tr><tr><td><strong>Gr\u00f6\u00dfe der Karte<\/strong><\/td><td>Mindestens 6 mm x 6 mm<\/td><td>Maximal 457mm x 610mm<\/td><\/tr><tr><td><strong>Dicke der Platte<\/strong><\/td><td>0,4 mm - 6,5 mm<\/td><\/tr><tr><td><strong>Gewicht des fertigen Kupfers<\/strong><\/td><td>0,5oz - 2,0oz<\/td><\/tr><tr><td><strong>Min. Spur\/Abstand<\/strong><\/td><td>3mil \/ 3mil<\/td><\/tr><tr><td><strong>Farben der L\u00f6tmaske<\/strong><\/td><td>Gr\u00fcn, Wei\u00df, Blau, Schwarz, Rot, Gelb<\/td><\/tr><tr><td><strong>Siebdruck Farben<\/strong><\/td><td>Wei\u00df, Schwarz, Gelb<\/td><\/tr><tr><td><strong>Oberfl\u00e4chenbehandlungen (RoHS)<\/strong><\/td><td>HASL, Bleifreies HASL, ENIG, Chemisch Silber, Chemisch Zinn, OSP<\/td><\/tr><tr><td><strong>Min. Ringf\u00f6rmiger Ring<\/strong><\/td><td>4 Millionen<\/td><\/tr><tr><td><strong>Min. Bohrdurchmesser<\/strong><\/td><td>6 Millionen<\/td><\/tr><tr><td><strong>Fortgeschrittene Techniken<\/strong><\/td><td>Goldfinger, Blinde\/vergrabene Vias<\/td><\/tr><\/tbody><\/table><\/div><h4>Technische Unterst\u00fctzung f\u00fcr Ihr gr\u00fcnes Design<\/h4><p class=\"ds-markdown-paragraph\">Die Umstellung auf halogenfreie Materialien erfordert eine sorgf\u00e4ltige Pr\u00fcfung der thermischen und mechanischen Eigenschaften. Unser Ingenieurteam bietet:<\/p><ol start=\"1\"><li><p class=\"ds-markdown-paragraph\"><strong>Leitfaden f\u00fcr die Materialauswahl:<\/strong>\u00a0Sie sind sich nicht sicher, ob S1155 oder S1165 das Richtige f\u00fcr Ihre Betriebsumgebung ist? Wir geben klare, vergleichende Empfehlungen.<\/p><\/li><li><p class=\"ds-markdown-paragraph\"><strong>DFM f\u00fcr halogenfreie Laminate:<\/strong>\u00a0Wir passen die Herstellungsparameter an, um die Unterschiede in Bezug auf Flie\u00dff\u00e4higkeit, Haftung und Bohrbarkeit im Vergleich zu Standardprodukten zu ber\u00fccksichtigen. <a href=\"https:\/\/txjpcba.com\/de\/fr4-leiterplatte\/\">FR-4<\/a>.<\/p><\/li><li><p class=\"ds-markdown-paragraph\"><strong>Vollst\u00e4ndige Dokumentation der R\u00fcckverfolgbarkeit:<\/strong>\u00a0Konformit\u00e4tszertifikate zum Nachweis der halogenfreien Zusammensetzung f\u00fcr Ihre Konformit\u00e4tsunterlagen.<\/p><\/li><\/ol><h4>Holen Sie sich Ihr Angebot f\u00fcr halogenfreie PCB<\/h4><p class=\"ds-markdown-paragraph\">Halogenfreie Leiterplatten k\u00f6nnen \u00fcber unser Standard-Online-Bestellsystem angeboten werden. \u00dcbermitteln Sie einfach Ihre Gerberdateien und Spezifikationen - unser System berechnet sofort den Preis. F\u00fcr Projekte mit speziellen Material- oder Leistungsanforderungen, die nicht aufgef\u00fchrt sind, wenden Sie sich bitte direkt an unser Ingenieurteam, um eine schnelle Beratung zu erhalten.<\/p><p align=\"center\"><a href=\"\/de\/angebot-fur-leiterplattenherstellung-einholen\/\"><button style=\"background: black; color: white; padding: 8px 20px; border: none; cursor: pointer;\">PCB-Herstellungsangebot anfordern<\/button><\/a><\/p><p style=\"text-align: center;\">Arbeiten Sie an Projekten in den Bereichen Automobil, Industrie, IoT oder Unterhaltungselektronik?<br \/>Wir bieten professionelle <a href=\"https:\/\/txjpcba.com\/de\/leiterplattenbestuckung\/\">PCB-Best\u00fcckungsdienstleistungen<\/a> einschlie\u00dflich <a href=\"https:\/\/txjpcba.com\/de\/smt-montage-dienstleistungen\/\">SMT<\/a>, DIP und schl\u00fcsselfertige Komplettl\u00f6sungen.<\/p><p style=\"text-align: center;\">Senden Sie uns Ihre St\u00fccklisten, Gerberdateien oder Projektanforderungen und erhalten Sie ein schnelles, genaues Angebot von unserem Ingenieurteam.<\/p><p style=\"text-align: center;\">\u2714 NDA verf\u00fcgbar \u2714 Schnelles Angebot innerhalb von 24 Stunden \u2714 ISO-zertifizierte Fabrik \u2714 PCB &amp; PCBA Service aus einer Hand<\/p>\t\t\t\t\t\t\t\t<\/div>\n\t\t\t\t<\/div>\n\t\t\t\t\t<\/div>\n\t\t\t\t<\/div>\n\t\t\t\t<\/div>","protected":false},"excerpt":{"rendered":"<p>Halogen-Free PCB Manufacturing For electronics manufacturers prioritizing environmental responsibility and regulatory compliance,\u00a0Halogen-Free PCBs\u00a0have become a critical specification. These boards are [&hellip;]<\/p>","protected":false},"author":1,"featured_media":0,"parent":0,"menu_order":0,"comment_status":"closed","ping_status":"closed","template":"","meta":{"site-sidebar-layout":"default","site-content-layout":"","ast-site-content-layout":"default","site-content-style":"default","site-sidebar-style":"default","ast-global-header-display":"","ast-banner-title-visibility":"","ast-main-header-display":"","ast-hfb-above-header-display":"","ast-hfb-below-header-display":"","ast-hfb-mobile-header-display":"","site-post-title":"","ast-breadcrumbs-content":"","ast-featured-img":"","footer-sml-layout":"","theme-transparent-header-meta":"default","adv-header-id-meta":"","stick-header-meta":"","header-above-stick-meta":"","header-main-stick-meta":"","header-below-stick-meta":"","astra-migrate-meta-layouts":"set","ast-page-background-enabled":"default","ast-page-background-meta":{"desktop":{"background-color":"var(--ast-global-color-5)","background-image":"","background-repeat":"repeat","background-position":"center center","background-size":"auto","background-attachment":"scroll","background-type":"","background-media":"","overlay-type":"","overlay-color":"","overlay-opacity":"","overlay-gradient":""},"tablet":{"background-color":"","background-image":"","background-repeat":"repeat","background-position":"center center","background-size":"auto","background-attachment":"scroll","background-type":"","background-media":"","overlay-type":"","overlay-color":"","overlay-opacity":"","overlay-gradient":""},"mobile":{"background-color":"","background-image":"","background-repeat":"repeat","background-position":"center center","background-size":"auto","background-attachment":"scroll","background-type":"","background-media":"","overlay-type":"","overlay-color":"","overlay-opacity":"","overlay-gradient":""}},"ast-content-background-meta":{"desktop":{"background-color":"var(--ast-global-color-4)","background-image":"","background-repeat":"repeat","background-position":"center center","background-size":"auto","background-attachment":"scroll","background-type":"","background-media":"","overlay-type":"","overlay-color":"","overlay-opacity":"","overlay-gradient":""},"tablet":{"background-color":"var(--ast-global-color-4)","background-image":"","background-repeat":"repeat","background-position":"center center","background-size":"auto","background-attachment":"scroll","background-type":"","background-media":"","overlay-type":"","overlay-color":"","overlay-opacity":"","overlay-gradient":""},"mobile":{"background-color":"var(--ast-global-color-4)","background-image":"","background-repeat":"repeat","background-position":"center center","background-size":"auto","background-attachment":"scroll","background-type":"","background-media":"","overlay-type":"","overlay-color":"","overlay-opacity":"","overlay-gradient":""}},"footnotes":""},"class_list":["post-5887","page","type-page","status-publish","hentry"],"_links":{"self":[{"href":"https:\/\/txjpcba.com\/de\/wp-json\/wp\/v2\/pages\/5887","targetHints":{"allow":["GET"]}}],"collection":[{"href":"https:\/\/txjpcba.com\/de\/wp-json\/wp\/v2\/pages"}],"about":[{"href":"https:\/\/txjpcba.com\/de\/wp-json\/wp\/v2\/types\/page"}],"author":[{"embeddable":true,"href":"https:\/\/txjpcba.com\/de\/wp-json\/wp\/v2\/users\/1"}],"replies":[{"embeddable":true,"href":"https:\/\/txjpcba.com\/de\/wp-json\/wp\/v2\/comments?post=5887"}],"version-history":[{"count":10,"href":"https:\/\/txjpcba.com\/de\/wp-json\/wp\/v2\/pages\/5887\/revisions"}],"predecessor-version":[{"id":5903,"href":"https:\/\/txjpcba.com\/de\/wp-json\/wp\/v2\/pages\/5887\/revisions\/5903"}],"wp:attachment":[{"href":"https:\/\/txjpcba.com\/de\/wp-json\/wp\/v2\/media?parent=5887"}],"curies":[{"name":"wp","href":"https:\/\/api.w.org\/{rel}","templated":true}]}}