{"id":5371,"date":"2026-04-18T16:00:40","date_gmt":"2026-04-18T08:00:40","guid":{"rendered":"https:\/\/txjpcba.com\/?page_id=5371"},"modified":"2026-04-20T11:19:19","modified_gmt":"2026-04-20T03:19:19","slug":"standard-leiterplatte","status":"publish","type":"page","link":"https:\/\/txjpcba.com\/de\/standard-leiterplatte\/","title":{"rendered":"Standard PCB"},"content":{"rendered":"<div data-elementor-type=\"wp-page\" data-elementor-id=\"5371\" class=\"elementor elementor-5371\" data-elementor-post-type=\"page\">\n\t\t\t\t<div class=\"elementor-element elementor-element-26250b35 e-flex e-con-boxed e-con e-parent\" data-id=\"26250b35\" data-element_type=\"container\">\n\t\t\t\t\t<div class=\"e-con-inner\">\n\t\t\t\t<div class=\"elementor-element elementor-element-1f28d18 elementor-widget elementor-widget-heading\" data-id=\"1f28d18\" data-element_type=\"widget\" data-widget_type=\"heading.default\">\n\t\t\t\t<div class=\"elementor-widget-container\">\n\t\t\t\t\t<h1 class=\"elementor-heading-title elementor-size-default\">Standard PCB<\/h1>\t\t\t\t<\/div>\n\t\t\t\t<\/div>\n\t\t\t\t<div class=\"elementor-element elementor-element-4a543fca elementor-widget elementor-widget-text-editor\" data-id=\"4a543fca\" data-element_type=\"widget\" data-widget_type=\"text-editor.default\">\n\t\t\t\t<div class=\"elementor-widget-container\">\n\t\t\t\t\t\t\t\t\tHere at TXJPCBA, Standard PCB service refers to full feature printed circuit board manufacturing service. With 10+ years&#8217; experience in PCB fabrication, we have handled hundreds of thousands of PCB projects, and covered almost all kinds of substrate materials including FR4 Standard, Aluminum, Rogers, etc. This page only touches standard FR4 based PCB. For PCBs with special technical substrate, please refer to corresponding webpages for information.\n<p><div style=\"text-align:center; margin: 30px 0;\">\n  <a href=\"\/de\/angebot-fur-leiterplattenherstellung-einholen\/\" target=\"_blank\" \n     style=\"       display: inline-block;       background-color: #000000;       color: #ffffff;       padding: 9px 28px;       border-radius: 30px;       text-decoration: none;       font-size: 16px;       font-weight: 600;       transition: all 0.3s ease;     \"\n     onmouseover=\"this.style.backgroundColor='#333333';\"\n     onmouseout=\"this.style.backgroundColor='#000000';\"\n  >\n    PCB-Herstellungsangebot anfordern\n  <\/a>\n<\/div><\/p>\nIm Gegensatz zum Prototypen-Leiterplattenservice hat unser Standard-Leiterplattenservice engere Produktionstoleranzen. Die folgenden zwei Artikel geben Ihnen ausreichend Informationen \u00fcber diese beiden Dienstleistungen, ihre Einf\u00fchrung und Unterschiede:\n<ul>\n \t<li>\u00a0Vergleich von PCB-Prototypen und Standard-PCB-Herstellungsdienstleistungen<\/li>\n \t<li>\u00a0Wann sollte man den PCB-Prototypenservice nutzen und wann sollte man zum Standard-PCB-Service wechseln?<\/li>\n<\/ul>\nEs wird empfohlen, den Standard-PCB-Service in Anspruch zu nehmen, wenn Ihr Design bereit ist, von der Prototypenphase in die Produktionsphase \u00fcberzugehen. Wir k\u00f6nnen bis zu 10 Millionen St\u00fcck hochwertige PCBs in nur 2 Tagen herstellen. Um Ihr Projekt mit den erwarteten Funktionen und mehr M\u00f6glichkeiten auszustatten, bieten wir erweiterte Funktionen f\u00fcr den Standard-PCB-Service. In der folgenden Tabelle finden Sie unsere umfassenden M\u00f6glichkeiten:\n<table>\n<tbody>\n<tr class=\"firstRow\">\n<td bgcolor=\"#2baf75\">Merkmal<\/td>\n<td bgcolor=\"#2baf75\">F\u00e4higkeit<\/td>\n<\/tr>\n<tr>\n<td>Qualit\u00e4tsstufe<\/td>\n<td>Standard IPC 2<\/td>\n<\/tr>\n<tr>\n<td>Anzahl der Schichten<\/td>\n<td>1 - 32Schichten<\/td>\n<\/tr>\n<tr>\n<td>Menge bestellen<\/td>\n<td>1St\u00fcck - 10.000.000 St\u00fcck<\/td>\n<\/tr>\n<tr>\n<td>Bauzeit<\/td>\n<td>2Tage - 5Wochen (Eilzustellung)<\/td>\n<\/tr>\n<tr>\n<td>Material<\/td>\n<td>FR-4 Standard Tg 150\u00b0C, FR4-High Tg 170\u00b0C, FR4-High-Tg 180\u00b0C, FR4-Halogenfrei, FR4-Halogenfrei &amp; High-Tg<\/td>\n<\/tr>\n<tr>\n<td>Gr\u00f6\u00dfe der Karte<\/td>\n<td>Min. 6*6mm | Max. 600*700mm<\/td>\n<\/tr>\n<tr>\n<td>Toleranz der Plattengr\u00f6\u00dfe<\/td>\n<td>\u00b10,1mm - \u00b10,3mm<\/td>\n<\/tr>\n<tr>\n<td>Dicke der Platte<\/td>\n<td>0,4 mm - 3,2 mm<\/td>\n<\/tr>\n<tr>\n<td>Toleranz bei der Plattendicke<\/td>\n<td>\u00b10,1mm - \u00b110%<\/td>\n<\/tr>\n<tr>\n<td>Kupfer Gewicht<\/td>\n<td>0,5oz - 6,0oz<\/td>\n<\/tr>\n<tr>\n<td>Innenschicht Kupfer Gewicht<\/td>\n<td>0,5oz - 2,0oz<\/td>\n<\/tr>\n<tr>\n<td>Kupferdickentoleranz<\/td>\n<td>+0\u03bcm +20\u03bcm<\/td>\n<\/tr>\n<tr>\n<td>Min Tracing\/Abstand<\/td>\n<td>3mil\/3mil<\/td>\n<\/tr>\n<tr>\n<td>L\u00f6tmasken-Seiten<\/td>\n<td>Gem\u00e4\u00df der Akte<\/td>\n<\/tr>\n<tr>\n<td>Farbe der L\u00f6tmaske<\/td>\n<td>Gr\u00fcn, Wei\u00df, Blau, Schwarz, Rot, Gelb<\/td>\n<\/tr>\n<tr>\n<td>Siebdruck-Seiten<\/td>\n<td>Gem\u00e4\u00df der Akte<\/td>\n<\/tr>\n<tr>\n<td>Siebdruck Farbe<\/td>\n<td>Wei\u00df, Blau, Schwarz, Rot, Gelb<\/td>\n<\/tr>\n<tr>\n<td>Oberfl\u00e4che<\/td>\n<td>HASL &#8211; Hot Air Solder Leveling\nLead Free HASL &#8211; RoHS\nENIG &#8211; Electroless Nickle\/Immersion Gold &#8211; RoHS\nENEPIG- Electroless Nickel Electroless Palladium Immersion Gold &#8211; RoHS\nImmersion Silver &#8211; RoHS\nImmersion Tin &#8211; RoHS\nOSP -Organic Solderability Preservatives &#8211; RoHS<\/td>\n<\/tr>\n<tr>\n<td>Min. Ringf\u00f6rmiger Ring<\/td>\n<td>3 Millionen<\/td>\n<\/tr>\n<tr>\n<td>Min. Durchmesser des Bohrlochs<\/td>\n<td>6mil, 4mil-Laserbohrer<\/td>\n<\/tr>\n<tr>\n<td>Minimale Breite des Ausschnitts (NPTH)<\/td>\n<td>0,8 mm<\/td>\n<\/tr>\n<tr>\n<td>NPTH-Lochgr\u00f6\u00dfentoleranz<\/td>\n<td>\u00b1.002\u2033 (\u00b10.05mm)<\/td>\n<\/tr>\n<tr>\n<td>Mindestbreite des Schlitzlochs (PTH)<\/td>\n<td>0,6 mm<\/td>\n<\/tr>\n<tr>\n<td>PTH-Lochgr\u00f6\u00dfentoleranz<\/td>\n<td>\u00b1.003\u2033 (\u00b10.08mm) - \u00b14mil<\/td>\n<\/tr>\n<tr>\n<td>Oberfl\u00e4che\/Loch \u00dcberzugsdicke<\/td>\n<td>20\u03bcm - 30\u03bcm<\/td>\n<\/tr>\n<tr>\n<td>SM-Toleranz (LPI)<\/td>\n<td>.003\u2033 (0.075mm)<\/td>\n<\/tr>\n<tr>\n<td>Bildseitenverh\u00e4ltnis<\/td>\n<td>1.10 (Lochgr\u00f6\u00dfe: Plattendicke)<\/td>\n<\/tr>\n<tr>\n<td>Test<\/td>\n<td>10V - 250V, fliegende Sonde oder Pr\u00fcfvorrichtung<\/td>\n<\/tr>\n<tr>\n<td>Impedanztoleranz<\/td>\n<td>\u00b15% - \u00b110%<\/td>\n<\/tr>\n<tr>\n<td>SMD-Teilung<\/td>\n<td>0,2mm(8mil)<\/td>\n<\/tr>\n<tr>\n<td>BGA-Teilung<\/td>\n<td>0,2mm(8mil)<\/td>\n<\/tr>\n<tr>\n<td>Fase von Gold Fingers<\/td>\n<td>20, 30, 45, 60<\/td>\n<\/tr>\n<tr>\n<td>Andere Techniken<\/td>\n<td>Gold fingers\nBlind and Buried Holes\npeelable solder mask\nEdge plating\nCarbon Mask\nKapton tape\nCountersink\/counterbore hole\nHalf-cut\/Castellated hole\nPress fit hole\nVia tented\/covered with resin\nVia plugged\/filled with resin\nVia in pad\nElectrical Test<\/td>\n<\/tr>\n<\/tbody>\n<\/table>\n<h2>Vorteile gegen\u00fcber Standard-PCB mit TXJPCBA<\/h2>\nTXJPCBA is a full-service turnkey PCB solution that can handle everything from prototype to fabrication to assembly. We have been fabricating high quality standard PCB for over 10+ years and are fully compliant with ISO9001:2008 quality standards. All of our standard PCBs are IPC2 compliant, and we do strict internal quality assurance testing to ensure the board that arrives at your facility is one you know you can rely on.\n\nWe offer <a href=\"https:\/\/txjpcba.com\/de\">PCB solutions<\/a> that fit your budget. You can order just a few prototype boards to test your design, and then place a bulk order for your standard PCBs to save even more money. We&amp;rsquo;ll give you a free instant quote so you&amp;rsquo;ll know just want to expect and so that you can plan accordingly. We also offer complete technical support from PCB experts. Call us up, chat online or email us with any questions, whichever is the most convenient for you. We&amp;rsquo;ll handle your concerns or questions as quickly as possible. We have obtained over 99 percent customer satisfaction rate, and as soon as you start ordering printed circuit boards from TXJPCBA, you&amp;rsquo;ll find out why.\n<p><div style=\"text-align:center; margin: 30px 0;\">\n  <a href=\"\/de\/angebot-fur-leiterplattenherstellung-einholen\/\" target=\"_blank\" \n     style=\"       display: inline-block;       background-color: #000000;       color: #ffffff;       padding: 9px 28px;       border-radius: 30px;       text-decoration: none;       font-size: 16px;       font-weight: 600;       transition: all 0.3s ease;     \"\n     onmouseover=\"this.style.backgroundColor='#333333';\"\n     onmouseout=\"this.style.backgroundColor='#000000';\"\n  >\n    PCB-Herstellungsangebot anfordern\n  <\/a>\n<\/div><\/p>\t\t\t\t\t\t\t\t<\/div>\n\t\t\t\t<\/div>\n\t\t\t\t\t<\/div>\n\t\t\t\t<\/div>\n\t\t\t\t<\/div>","protected":false},"excerpt":{"rendered":"<p>Standard PCB Here at TXJPCBA, Standard PCB service refers to full feature printed circuit board manufacturing service. With 10+ years&#8217; [&hellip;]<\/p>","protected":false},"author":1,"featured_media":0,"parent":0,"menu_order":0,"comment_status":"closed","ping_status":"closed","template":"elementor_header_footer","meta":{"site-sidebar-layout":"default","site-content-layout":"","ast-site-content-layout":"default","site-content-style":"default","site-sidebar-style":"default","ast-global-header-display":"","ast-banner-title-visibility":"","ast-main-header-display":"","ast-hfb-above-header-display":"","ast-hfb-below-header-display":"","ast-hfb-mobile-header-display":"","site-post-title":"","ast-breadcrumbs-content":"","ast-featured-img":"","footer-sml-layout":"","theme-transparent-header-meta":"default","adv-header-id-meta":"","stick-header-meta":"","header-above-stick-meta":"","header-main-stick-meta":"","header-below-stick-meta":"","astra-migrate-meta-layouts":"set","ast-page-background-enabled":"default","ast-page-background-meta":{"desktop":{"background-color":"var(--ast-global-color-5)","background-image":"","background-repeat":"repeat","background-position":"center center","background-size":"auto","background-attachment":"scroll","background-type":"","background-media":"","overlay-type":"","overlay-color":"","overlay-opacity":"","overlay-gradient":""},"tablet":{"background-color":"","background-image":"","background-repeat":"repeat","background-position":"center center","background-size":"auto","background-attachment":"scroll","background-type":"","background-media":"","overlay-type":"","overlay-color":"","overlay-opacity":"","overlay-gradient":""},"mobile":{"background-color":"","background-image":"","background-repeat":"repeat","background-position":"center center","background-size":"auto","background-attachment":"scroll","background-type":"","background-media":"","overlay-type":"","overlay-color":"","overlay-opacity":"","overlay-gradient":""}},"ast-content-background-meta":{"desktop":{"background-color":"var(--ast-global-color-4)","background-image":"","background-repeat":"repeat","background-position":"center center","background-size":"auto","background-attachment":"scroll","background-type":"","background-media":"","overlay-type":"","overlay-color":"","overlay-opacity":"","overlay-gradient":""},"tablet":{"background-color":"var(--ast-global-color-4)","background-image":"","background-repeat":"repeat","background-position":"center center","background-size":"auto","background-attachment":"scroll","background-type":"","background-media":"","overlay-type":"","overlay-color":"","overlay-opacity":"","overlay-gradient":""},"mobile":{"background-color":"var(--ast-global-color-4)","background-image":"","background-repeat":"repeat","background-position":"center center","background-size":"auto","background-attachment":"scroll","background-type":"","background-media":"","overlay-type":"","overlay-color":"","overlay-opacity":"","overlay-gradient":""}},"footnotes":""},"class_list":["post-5371","page","type-page","status-publish","hentry"],"_links":{"self":[{"href":"https:\/\/txjpcba.com\/de\/wp-json\/wp\/v2\/pages\/5371","targetHints":{"allow":["GET"]}}],"collection":[{"href":"https:\/\/txjpcba.com\/de\/wp-json\/wp\/v2\/pages"}],"about":[{"href":"https:\/\/txjpcba.com\/de\/wp-json\/wp\/v2\/types\/page"}],"author":[{"embeddable":true,"href":"https:\/\/txjpcba.com\/de\/wp-json\/wp\/v2\/users\/1"}],"replies":[{"embeddable":true,"href":"https:\/\/txjpcba.com\/de\/wp-json\/wp\/v2\/comments?post=5371"}],"version-history":[{"count":59,"href":"https:\/\/txjpcba.com\/de\/wp-json\/wp\/v2\/pages\/5371\/revisions"}],"predecessor-version":[{"id":5544,"href":"https:\/\/txjpcba.com\/de\/wp-json\/wp\/v2\/pages\/5371\/revisions\/5544"}],"wp:attachment":[{"href":"https:\/\/txjpcba.com\/de\/wp-json\/wp\/v2\/media?parent=5371"}],"curies":[{"name":"wp","href":"https:\/\/api.w.org\/{rel}","templated":true}]}}